{"id":85700,"date":"2025-10-28T14:12:26","date_gmt":"2025-10-28T14:12:26","guid":{"rendered":"https:\/\/mueble4you.com\/productos\/mesa-comedor-220cm\/"},"modified":"2025-10-29T15:26:21","modified_gmt":"2025-10-29T15:26:21","slug":"mesa-comedor-220cm","status":"publish","type":"product","link":"https:\/\/mueble4you.com\/de\/productos\/mesa-comedor-220cm\/","title":{"rendered":"ESSTISCH 220CM."},"content":{"rendered":"<p>Mit anspruchsvollem Design und hochwertigen Materialien. Seine rechteckige Tischplatte mit sanft abgerundeten Ecken besteht aus Naturholz mit Parkettmuster im Chevron-Muster und bietet ein elegantes und unverwechselbares Finish, das die Holzmaserung hervorhebt. Der Umriss ist mit einem dunklen Rand eingerahmt, der f\u00fcr einen optischen Kontrast sorgt und das Ganze verfeinert. Die Tragstruktur besteht aus schwarzem Eisen mit einem stilisierten \u201eX\u201c-Design, das f\u00fcr gro\u00dfe Stabilit\u00e4t und einen modernen und industriellen Touch im Raum sorgt.<\/p>\n<p>\u25cf H\u00f6he: 78 cm.<\/p>\n<p>\u25cf L\u00e4nge: 220 cm.<\/p>\n<p>\u25cf Breite: 100 cm.<\/p>\n<p>\u25cf Material: Holz und Eisen.<\/p>\n<p>\u25cf Farbe: Naturschwarz.<\/p>\n","protected":false},"excerpt":{"rendered":"<p>Mit anspruchsvollem Design und hochwertigen Materialien. Seine rechteckige Tischplatte mit sanft abgerundeten Ecken besteht aus Naturholz mit Parkettmuster im Chevron-Muster und bietet ein elegantes und unverwechselbares Finish, das die Holzmaserung hervorhebt. Der Umriss ist mit einem dunklen Rand eingerahmt, der f\u00fcr einen optischen Kontrast sorgt und das Ganze verfeinert. Die Tragstruktur besteht aus schwarzem Eisen [&#8230;]\n","protected":false},"featured_media":85681,"template":"","meta":[],"product_brand":[],"product_cat":[349,268],"product_tag":[],"class_list":{"0":"post-85700","1":"product","2":"type-product","3":"status-publish","4":"has-post-thumbnail","6":"product_cat-esstische","7":"product_cat-esszimmer","9":"first","10":"instock","11":"shipping-taxable","12":"product-type-simple"},"yoast_head":"<!-- This site is optimized with the Yoast SEO plugin v27.3 - https:\/\/yoast.com\/product\/yoast-seo-wordpress\/ -->\n<title>ESSTISCH 220CM. | mueble4you<\/title>\n<meta name=\"robots\" content=\"index, follow, max-snippet:-1, max-image-preview:large, max-video-preview:-1\" \/>\n<link rel=\"canonical\" href=\"https:\/\/mueble4you.com\/de\/productos\/mesa-comedor-220cm\/\" \/>\n<meta property=\"og:locale\" content=\"de_DE\" \/>\n<meta property=\"og:type\" content=\"article\" \/>\n<meta property=\"og:title\" content=\"ESSTISCH 220CM. | mueble4you\" \/>\n<meta property=\"og:description\" content=\"Mit anspruchsvollem Design und hochwertigen Materialien. Seine rechteckige Tischplatte mit sanft abgerundeten Ecken besteht aus Naturholz mit Parkettmuster im Chevron-Muster und bietet ein elegantes und unverwechselbares Finish, das die Holzmaserung hervorhebt. Der Umriss ist mit einem dunklen Rand eingerahmt, der f\u00fcr einen optischen Kontrast sorgt und das Ganze verfeinert. Die Tragstruktur besteht aus schwarzem Eisen [...]\" \/>\n<meta property=\"og:url\" content=\"https:\/\/mueble4you.com\/de\/productos\/mesa-comedor-220cm\/\" \/>\n<meta property=\"og:site_name\" content=\"mueble4you\" \/>\n<meta property=\"article:modified_time\" content=\"2025-10-29T15:26:21+00:00\" \/>\n<meta property=\"og:image\" content=\"https:\/\/mueble4you.com\/wp-content\/uploads\/2025\/10\/2121_3-Copy.jpg\" \/>\n\t<meta property=\"og:image:width\" content=\"1024\" \/>\n\t<meta property=\"og:image:height\" content=\"639\" \/>\n\t<meta property=\"og:image:type\" content=\"image\/jpeg\" \/>\n<meta name=\"twitter:card\" content=\"summary_large_image\" \/>\n<script type=\"application\/ld+json\" class=\"yoast-schema-graph\">{\"@context\":\"https:\\\/\\\/schema.org\",\"@graph\":[{\"@type\":\"WebPage\",\"@id\":\"https:\\\/\\\/mueble4you.com\\\/de\\\/productos\\\/mesa-comedor-220cm\\\/\",\"url\":\"https:\\\/\\\/mueble4you.com\\\/de\\\/productos\\\/mesa-comedor-220cm\\\/\",\"name\":\"ESSTISCH 220CM. | mueble4you\",\"isPartOf\":{\"@id\":\"https:\\\/\\\/mueble4you.com\\\/#website\"},\"primaryImageOfPage\":{\"@id\":\"https:\\\/\\\/mueble4you.com\\\/de\\\/productos\\\/mesa-comedor-220cm\\\/#primaryimage\"},\"image\":{\"@id\":\"https:\\\/\\\/mueble4you.com\\\/de\\\/productos\\\/mesa-comedor-220cm\\\/#primaryimage\"},\"thumbnailUrl\":\"https:\\\/\\\/mueble4you.com\\\/wp-content\\\/uploads\\\/2025\\\/10\\\/2121_3-Copy.jpg\",\"datePublished\":\"2025-10-28T14:12:26+00:00\",\"dateModified\":\"2025-10-29T15:26:21+00:00\",\"breadcrumb\":{\"@id\":\"https:\\\/\\\/mueble4you.com\\\/de\\\/productos\\\/mesa-comedor-220cm\\\/#breadcrumb\"},\"inLanguage\":\"de\",\"potentialAction\":[{\"@type\":\"ReadAction\",\"target\":[\"https:\\\/\\\/mueble4you.com\\\/de\\\/productos\\\/mesa-comedor-220cm\\\/\"]}]},{\"@type\":\"ImageObject\",\"inLanguage\":\"de\",\"@id\":\"https:\\\/\\\/mueble4you.com\\\/de\\\/productos\\\/mesa-comedor-220cm\\\/#primaryimage\",\"url\":\"https:\\\/\\\/mueble4you.com\\\/wp-content\\\/uploads\\\/2025\\\/10\\\/2121_3-Copy.jpg\",\"contentUrl\":\"https:\\\/\\\/mueble4you.com\\\/wp-content\\\/uploads\\\/2025\\\/10\\\/2121_3-Copy.jpg\",\"width\":1024,\"height\":639},{\"@type\":\"BreadcrumbList\",\"@id\":\"https:\\\/\\\/mueble4you.com\\\/de\\\/productos\\\/mesa-comedor-220cm\\\/#breadcrumb\",\"itemListElement\":[{\"@type\":\"ListItem\",\"position\":1,\"name\":\"Portada\",\"item\":\"https:\\\/\\\/mueble4you.com\\\/de\\\/\"},{\"@type\":\"ListItem\",\"position\":2,\"name\":\"Productos\",\"item\":\"https:\\\/\\\/mueble4you.com\\\/productos\\\/\"},{\"@type\":\"ListItem\",\"position\":3,\"name\":\"ESSTISCH 220CM.\"}]},{\"@type\":\"WebSite\",\"@id\":\"https:\\\/\\\/mueble4you.com\\\/#website\",\"url\":\"https:\\\/\\\/mueble4you.com\\\/\",\"name\":\"mueble4you\",\"description\":\"M\u00f6bel in Teneriffa\",\"potentialAction\":[{\"@type\":\"SearchAction\",\"target\":{\"@type\":\"EntryPoint\",\"urlTemplate\":\"https:\\\/\\\/mueble4you.com\\\/?s={search_term_string}\"},\"query-input\":{\"@type\":\"PropertyValueSpecification\",\"valueRequired\":true,\"valueName\":\"search_term_string\"}}],\"inLanguage\":\"de\"}]}<\/script>\n<!-- \/ Yoast SEO plugin. -->","yoast_head_json":{"title":"ESSTISCH 220CM. | mueble4you","robots":{"index":"index","follow":"follow","max-snippet":"max-snippet:-1","max-image-preview":"max-image-preview:large","max-video-preview":"max-video-preview:-1"},"canonical":"https:\/\/mueble4you.com\/de\/productos\/mesa-comedor-220cm\/","og_locale":"de_DE","og_type":"article","og_title":"ESSTISCH 220CM. | mueble4you","og_description":"Mit anspruchsvollem Design und hochwertigen Materialien. Seine rechteckige Tischplatte mit sanft abgerundeten Ecken besteht aus Naturholz mit Parkettmuster im Chevron-Muster und bietet ein elegantes und unverwechselbares Finish, das die Holzmaserung hervorhebt. Der Umriss ist mit einem dunklen Rand eingerahmt, der f\u00fcr einen optischen Kontrast sorgt und das Ganze verfeinert. Die Tragstruktur besteht aus schwarzem Eisen [...]","og_url":"https:\/\/mueble4you.com\/de\/productos\/mesa-comedor-220cm\/","og_site_name":"mueble4you","article_modified_time":"2025-10-29T15:26:21+00:00","og_image":[{"width":1024,"height":639,"url":"https:\/\/mueble4you.com\/wp-content\/uploads\/2025\/10\/2121_3-Copy.jpg","type":"image\/jpeg"}],"twitter_card":"summary_large_image","schema":{"@context":"https:\/\/schema.org","@graph":[{"@type":"WebPage","@id":"https:\/\/mueble4you.com\/de\/productos\/mesa-comedor-220cm\/","url":"https:\/\/mueble4you.com\/de\/productos\/mesa-comedor-220cm\/","name":"ESSTISCH 220CM. | mueble4you","isPartOf":{"@id":"https:\/\/mueble4you.com\/#website"},"primaryImageOfPage":{"@id":"https:\/\/mueble4you.com\/de\/productos\/mesa-comedor-220cm\/#primaryimage"},"image":{"@id":"https:\/\/mueble4you.com\/de\/productos\/mesa-comedor-220cm\/#primaryimage"},"thumbnailUrl":"https:\/\/mueble4you.com\/wp-content\/uploads\/2025\/10\/2121_3-Copy.jpg","datePublished":"2025-10-28T14:12:26+00:00","dateModified":"2025-10-29T15:26:21+00:00","breadcrumb":{"@id":"https:\/\/mueble4you.com\/de\/productos\/mesa-comedor-220cm\/#breadcrumb"},"inLanguage":"de","potentialAction":[{"@type":"ReadAction","target":["https:\/\/mueble4you.com\/de\/productos\/mesa-comedor-220cm\/"]}]},{"@type":"ImageObject","inLanguage":"de","@id":"https:\/\/mueble4you.com\/de\/productos\/mesa-comedor-220cm\/#primaryimage","url":"https:\/\/mueble4you.com\/wp-content\/uploads\/2025\/10\/2121_3-Copy.jpg","contentUrl":"https:\/\/mueble4you.com\/wp-content\/uploads\/2025\/10\/2121_3-Copy.jpg","width":1024,"height":639},{"@type":"BreadcrumbList","@id":"https:\/\/mueble4you.com\/de\/productos\/mesa-comedor-220cm\/#breadcrumb","itemListElement":[{"@type":"ListItem","position":1,"name":"Portada","item":"https:\/\/mueble4you.com\/de\/"},{"@type":"ListItem","position":2,"name":"Productos","item":"https:\/\/mueble4you.com\/productos\/"},{"@type":"ListItem","position":3,"name":"ESSTISCH 220CM."}]},{"@type":"WebSite","@id":"https:\/\/mueble4you.com\/#website","url":"https:\/\/mueble4you.com\/","name":"mueble4you","description":"M\u00f6bel in Teneriffa","potentialAction":[{"@type":"SearchAction","target":{"@type":"EntryPoint","urlTemplate":"https:\/\/mueble4you.com\/?s={search_term_string}"},"query-input":{"@type":"PropertyValueSpecification","valueRequired":true,"valueName":"search_term_string"}}],"inLanguage":"de"}]}},"_links":{"self":[{"href":"https:\/\/mueble4you.com\/de\/wp-json\/wp\/v2\/product\/85700","targetHints":{"allow":["GET"]}}],"collection":[{"href":"https:\/\/mueble4you.com\/de\/wp-json\/wp\/v2\/product"}],"about":[{"href":"https:\/\/mueble4you.com\/de\/wp-json\/wp\/v2\/types\/product"}],"wp:featuredmedia":[{"embeddable":true,"href":"https:\/\/mueble4you.com\/de\/wp-json\/wp\/v2\/media\/85681"}],"wp:attachment":[{"href":"https:\/\/mueble4you.com\/de\/wp-json\/wp\/v2\/media?parent=85700"}],"wp:term":[{"taxonomy":"product_brand","embeddable":true,"href":"https:\/\/mueble4you.com\/de\/wp-json\/wp\/v2\/product_brand?post=85700"},{"taxonomy":"product_cat","embeddable":true,"href":"https:\/\/mueble4you.com\/de\/wp-json\/wp\/v2\/product_cat?post=85700"},{"taxonomy":"product_tag","embeddable":true,"href":"https:\/\/mueble4you.com\/de\/wp-json\/wp\/v2\/product_tag?post=85700"}],"curies":[{"name":"wp","href":"https:\/\/api.w.org\/{rel}","templated":true}]}}