{"id":85674,"date":"2025-10-28T13:58:57","date_gmt":"2025-10-28T13:58:57","guid":{"rendered":"https:\/\/mueble4you.com\/productos\/set-de-3-mesas-nidos\/"},"modified":"2025-10-29T15:32:10","modified_gmt":"2025-10-29T15:32:10","slug":"set-de-3-mesas-nidos","status":"publish","type":"product","link":"https:\/\/mueble4you.com\/de\/productos\/set-de-3-mesas-nidos\/","title":{"rendered":"Satz mit 3 Satztischen."},"content":{"rendered":"<p>Dieses elegante Set besteht aus drei unterschiedlich gro\u00dfen Tischen aus recyceltem Teakholz. Jedes St\u00fcck verf\u00fcgt \u00fcber ein Wenge-Finish. Das Design der Tische zeichnet sich durch eine solide Struktur aus, bei der die Seiten mithilfe eines Ingwergelenk-Verbindungssystems mit der Tischplatte verbunden sind. Die Oberfl\u00e4che jedes Tisches weist die nat\u00fcrlichen Maserungen und Unvollkommenheiten auf, die f\u00fcr wiedergewonnenes Teakholz charakteristisch sind. Perfekt f\u00fcr moderne, rustikale oder industrielle Umgebungen.<\/p>\n<p>\u25cf Gro\u00dfe Ma\u00dfe: 50 x 41 x 33 cm<\/p>\n<p>\u25cf Mittlere Gr\u00f6\u00dfe: 45 x 31 x 33 cm<\/p>\n<p>\u25cf Kleine Gr\u00f6\u00dfe: 40 x 23 x 33 cm<\/p>\n<p>\u25cf Material: Recyceltes Teakholz.<\/p>\n<p>\u25cf Farbe: Wenge.<\/p>\n","protected":false},"excerpt":{"rendered":"<p>Dieses elegante Set besteht aus drei unterschiedlich gro\u00dfen Tischen aus recyceltem Teakholz. Jedes St\u00fcck verf\u00fcgt \u00fcber ein Wenge-Finish. Das Design der Tische zeichnet sich durch eine solide Struktur aus, bei der die Seiten mithilfe eines Ingwergelenk-Verbindungssystems mit der Tischplatte verbunden sind. Die Oberfl\u00e4che jedes Tisches weist die nat\u00fcrlichen Maserungen und Unvollkommenheiten auf, die f\u00fcr wiedergewonnenes [&#8230;]\n","protected":false},"featured_media":85660,"template":"","meta":[],"product_brand":[],"product_cat":[460,272],"product_tag":[],"class_list":{"0":"post-85674","1":"product","2":"type-product","3":"status-publish","4":"has-post-thumbnail","6":"product_cat-eck-oder-hilfstisch","7":"product_cat-wohnzimmer","9":"first","10":"instock","11":"shipping-taxable","12":"product-type-simple"},"yoast_head":"<!-- This site is optimized with the Yoast SEO plugin v27.2 - https:\/\/yoast.com\/product\/yoast-seo-wordpress\/ -->\n<title>Satz mit 3 Satztischen. | mueble4you<\/title>\n<meta name=\"robots\" content=\"index, follow, max-snippet:-1, max-image-preview:large, max-video-preview:-1\" \/>\n<link rel=\"canonical\" href=\"https:\/\/mueble4you.com\/de\/productos\/set-de-3-mesas-nidos\/\" \/>\n<meta property=\"og:locale\" content=\"de_DE\" \/>\n<meta property=\"og:type\" content=\"article\" \/>\n<meta property=\"og:title\" content=\"Satz mit 3 Satztischen. | mueble4you\" \/>\n<meta property=\"og:description\" content=\"Dieses elegante Set besteht aus drei unterschiedlich gro\u00dfen Tischen aus recyceltem Teakholz. Jedes St\u00fcck verf\u00fcgt \u00fcber ein Wenge-Finish. Das Design der Tische zeichnet sich durch eine solide Struktur aus, bei der die Seiten mithilfe eines Ingwergelenk-Verbindungssystems mit der Tischplatte verbunden sind. Die Oberfl\u00e4che jedes Tisches weist die nat\u00fcrlichen Maserungen und Unvollkommenheiten auf, die f\u00fcr wiedergewonnenes [...]\" \/>\n<meta property=\"og:url\" content=\"https:\/\/mueble4you.com\/de\/productos\/set-de-3-mesas-nidos\/\" \/>\n<meta property=\"og:site_name\" content=\"mueble4you\" \/>\n<meta property=\"article:modified_time\" content=\"2025-10-29T15:32:10+00:00\" \/>\n<meta property=\"og:image\" content=\"https:\/\/mueble4you.com\/wp-content\/uploads\/2025\/10\/2110_2-scaled.jpg\" \/>\n\t<meta property=\"og:image:width\" content=\"2560\" \/>\n\t<meta property=\"og:image:height\" content=\"1703\" \/>\n\t<meta property=\"og:image:type\" content=\"image\/jpeg\" \/>\n<meta name=\"twitter:card\" content=\"summary_large_image\" \/>\n<script type=\"application\/ld+json\" class=\"yoast-schema-graph\">{\"@context\":\"https:\/\/schema.org\",\"@graph\":[{\"@type\":\"WebPage\",\"@id\":\"https:\/\/mueble4you.com\/de\/productos\/set-de-3-mesas-nidos\/\",\"url\":\"https:\/\/mueble4you.com\/de\/productos\/set-de-3-mesas-nidos\/\",\"name\":\"Satz mit 3 Satztischen. | mueble4you\",\"isPartOf\":{\"@id\":\"https:\/\/mueble4you.com\/#website\"},\"primaryImageOfPage\":{\"@id\":\"https:\/\/mueble4you.com\/de\/productos\/set-de-3-mesas-nidos\/#primaryimage\"},\"image\":{\"@id\":\"https:\/\/mueble4you.com\/de\/productos\/set-de-3-mesas-nidos\/#primaryimage\"},\"thumbnailUrl\":\"https:\/\/mueble4you.com\/wp-content\/uploads\/2025\/10\/2110_2-scaled.jpg\",\"datePublished\":\"2025-10-28T13:58:57+00:00\",\"dateModified\":\"2025-10-29T15:32:10+00:00\",\"breadcrumb\":{\"@id\":\"https:\/\/mueble4you.com\/de\/productos\/set-de-3-mesas-nidos\/#breadcrumb\"},\"inLanguage\":\"de\",\"potentialAction\":[{\"@type\":\"ReadAction\",\"target\":[\"https:\/\/mueble4you.com\/de\/productos\/set-de-3-mesas-nidos\/\"]}]},{\"@type\":\"ImageObject\",\"inLanguage\":\"de\",\"@id\":\"https:\/\/mueble4you.com\/de\/productos\/set-de-3-mesas-nidos\/#primaryimage\",\"url\":\"https:\/\/mueble4you.com\/wp-content\/uploads\/2025\/10\/2110_2-scaled.jpg\",\"contentUrl\":\"https:\/\/mueble4you.com\/wp-content\/uploads\/2025\/10\/2110_2-scaled.jpg\",\"width\":2560,\"height\":1703},{\"@type\":\"BreadcrumbList\",\"@id\":\"https:\/\/mueble4you.com\/de\/productos\/set-de-3-mesas-nidos\/#breadcrumb\",\"itemListElement\":[{\"@type\":\"ListItem\",\"position\":1,\"name\":\"Portada\",\"item\":\"https:\/\/mueble4you.com\/de\/\"},{\"@type\":\"ListItem\",\"position\":2,\"name\":\"Productos\",\"item\":\"https:\/\/mueble4you.com\/productos\/\"},{\"@type\":\"ListItem\",\"position\":3,\"name\":\"Satz mit 3 Satztischen.\"}]},{\"@type\":\"WebSite\",\"@id\":\"https:\/\/mueble4you.com\/#website\",\"url\":\"https:\/\/mueble4you.com\/\",\"name\":\"mueble4you\",\"description\":\"M\u00f6bel in Teneriffa\",\"potentialAction\":[{\"@type\":\"SearchAction\",\"target\":{\"@type\":\"EntryPoint\",\"urlTemplate\":\"https:\/\/mueble4you.com\/?s={search_term_string}\"},\"query-input\":{\"@type\":\"PropertyValueSpecification\",\"valueRequired\":true,\"valueName\":\"search_term_string\"}}],\"inLanguage\":\"de\"}]}<\/script>\n<!-- \/ Yoast SEO plugin. -->","yoast_head_json":{"title":"Satz mit 3 Satztischen. | mueble4you","robots":{"index":"index","follow":"follow","max-snippet":"max-snippet:-1","max-image-preview":"max-image-preview:large","max-video-preview":"max-video-preview:-1"},"canonical":"https:\/\/mueble4you.com\/de\/productos\/set-de-3-mesas-nidos\/","og_locale":"de_DE","og_type":"article","og_title":"Satz mit 3 Satztischen. | mueble4you","og_description":"Dieses elegante Set besteht aus drei unterschiedlich gro\u00dfen Tischen aus recyceltem Teakholz. Jedes St\u00fcck verf\u00fcgt \u00fcber ein Wenge-Finish. Das Design der Tische zeichnet sich durch eine solide Struktur aus, bei der die Seiten mithilfe eines Ingwergelenk-Verbindungssystems mit der Tischplatte verbunden sind. Die Oberfl\u00e4che jedes Tisches weist die nat\u00fcrlichen Maserungen und Unvollkommenheiten auf, die f\u00fcr wiedergewonnenes [...]","og_url":"https:\/\/mueble4you.com\/de\/productos\/set-de-3-mesas-nidos\/","og_site_name":"mueble4you","article_modified_time":"2025-10-29T15:32:10+00:00","og_image":[{"width":2560,"height":1703,"url":"https:\/\/mueble4you.com\/wp-content\/uploads\/2025\/10\/2110_2-scaled.jpg","type":"image\/jpeg"}],"twitter_card":"summary_large_image","schema":{"@context":"https:\/\/schema.org","@graph":[{"@type":"WebPage","@id":"https:\/\/mueble4you.com\/de\/productos\/set-de-3-mesas-nidos\/","url":"https:\/\/mueble4you.com\/de\/productos\/set-de-3-mesas-nidos\/","name":"Satz mit 3 Satztischen. | mueble4you","isPartOf":{"@id":"https:\/\/mueble4you.com\/#website"},"primaryImageOfPage":{"@id":"https:\/\/mueble4you.com\/de\/productos\/set-de-3-mesas-nidos\/#primaryimage"},"image":{"@id":"https:\/\/mueble4you.com\/de\/productos\/set-de-3-mesas-nidos\/#primaryimage"},"thumbnailUrl":"https:\/\/mueble4you.com\/wp-content\/uploads\/2025\/10\/2110_2-scaled.jpg","datePublished":"2025-10-28T13:58:57+00:00","dateModified":"2025-10-29T15:32:10+00:00","breadcrumb":{"@id":"https:\/\/mueble4you.com\/de\/productos\/set-de-3-mesas-nidos\/#breadcrumb"},"inLanguage":"de","potentialAction":[{"@type":"ReadAction","target":["https:\/\/mueble4you.com\/de\/productos\/set-de-3-mesas-nidos\/"]}]},{"@type":"ImageObject","inLanguage":"de","@id":"https:\/\/mueble4you.com\/de\/productos\/set-de-3-mesas-nidos\/#primaryimage","url":"https:\/\/mueble4you.com\/wp-content\/uploads\/2025\/10\/2110_2-scaled.jpg","contentUrl":"https:\/\/mueble4you.com\/wp-content\/uploads\/2025\/10\/2110_2-scaled.jpg","width":2560,"height":1703},{"@type":"BreadcrumbList","@id":"https:\/\/mueble4you.com\/de\/productos\/set-de-3-mesas-nidos\/#breadcrumb","itemListElement":[{"@type":"ListItem","position":1,"name":"Portada","item":"https:\/\/mueble4you.com\/de\/"},{"@type":"ListItem","position":2,"name":"Productos","item":"https:\/\/mueble4you.com\/productos\/"},{"@type":"ListItem","position":3,"name":"Satz mit 3 Satztischen."}]},{"@type":"WebSite","@id":"https:\/\/mueble4you.com\/#website","url":"https:\/\/mueble4you.com\/","name":"mueble4you","description":"M\u00f6bel in Teneriffa","potentialAction":[{"@type":"SearchAction","target":{"@type":"EntryPoint","urlTemplate":"https:\/\/mueble4you.com\/?s={search_term_string}"},"query-input":{"@type":"PropertyValueSpecification","valueRequired":true,"valueName":"search_term_string"}}],"inLanguage":"de"}]}},"_links":{"self":[{"href":"https:\/\/mueble4you.com\/de\/wp-json\/wp\/v2\/product\/85674","targetHints":{"allow":["GET"]}}],"collection":[{"href":"https:\/\/mueble4you.com\/de\/wp-json\/wp\/v2\/product"}],"about":[{"href":"https:\/\/mueble4you.com\/de\/wp-json\/wp\/v2\/types\/product"}],"wp:featuredmedia":[{"embeddable":true,"href":"https:\/\/mueble4you.com\/de\/wp-json\/wp\/v2\/media\/85660"}],"wp:attachment":[{"href":"https:\/\/mueble4you.com\/de\/wp-json\/wp\/v2\/media?parent=85674"}],"wp:term":[{"taxonomy":"product_brand","embeddable":true,"href":"https:\/\/mueble4you.com\/de\/wp-json\/wp\/v2\/product_brand?post=85674"},{"taxonomy":"product_cat","embeddable":true,"href":"https:\/\/mueble4you.com\/de\/wp-json\/wp\/v2\/product_cat?post=85674"},{"taxonomy":"product_tag","embeddable":true,"href":"https:\/\/mueble4you.com\/de\/wp-json\/wp\/v2\/product_tag?post=85674"}],"curies":[{"name":"wp","href":"https:\/\/api.w.org\/{rel}","templated":true}]}}