{"id":85654,"date":"2025-10-28T13:51:42","date_gmt":"2025-10-28T13:51:42","guid":{"rendered":"https:\/\/mueble4you.com\/productos\/mesa-de-comedor-240cmx110\/"},"modified":"2025-10-29T15:38:21","modified_gmt":"2025-10-29T15:38:21","slug":"mesa-de-comedor-240cmx110","status":"publish","type":"product","link":"https:\/\/mueble4you.com\/de\/productos\/mesa-de-comedor-240cmx110\/","title":{"rendered":"ESSTISCH 240CMX110."},"content":{"rendered":"<p>Esstisch aus widerstandsf\u00e4higem Mangoholz, der rustikale Eleganz mit Funktionalit\u00e4t verbindet. Die rechteckige Tischplatte hat eine haselnussfarbene Oberfl\u00e4che, die die nat\u00fcrliche Maserung des Holzes hervorhebt und f\u00fcr W\u00e4rme in der Umgebung sorgt. Die gedrechselten, in Distressed-Wei\u00df lackierten Beine sorgen f\u00fcr einen Vintage- und handwerklichen Touch. Auf einer Seite des Gestells verf\u00fcgt der Tisch \u00fcber vier praktische integrierte Schubladen, die sich ideal zur Aufbewahrung von Utensilien eignen und einen funktionalen Mehrwert bieten, ohne auf Stil zu verzichten.<\/p>\n<p>\u25cf H\u00f6he: 76 cm.<\/p>\n<p>\u25cf L\u00e4nge: 240 cm.<\/p>\n<p>\u25cf Breite: 110 cm.<\/p>\n<p>\u25cf Material: Mangoholz.<\/p>\n<p>\u25cf Farbe: Haselnusswei\u00df.<\/p>\n","protected":false},"excerpt":{"rendered":"<p>Esstisch aus widerstandsf\u00e4higem Mangoholz, der rustikale Eleganz mit Funktionalit\u00e4t verbindet. Die rechteckige Tischplatte hat eine haselnussfarbene Oberfl\u00e4che, die die nat\u00fcrliche Maserung des Holzes hervorhebt und f\u00fcr W\u00e4rme in der Umgebung sorgt. Die gedrechselten, in Distressed-Wei\u00df lackierten Beine sorgen f\u00fcr einen Vintage- und handwerklichen Touch. Auf einer Seite des Gestells verf\u00fcgt der Tisch \u00fcber vier praktische [&#8230;]\n","protected":false},"featured_media":85635,"template":"","meta":[],"product_brand":[],"product_cat":[349,268],"product_tag":[],"class_list":{"0":"post-85654","1":"product","2":"type-product","3":"status-publish","4":"has-post-thumbnail","6":"product_cat-esstische","7":"product_cat-esszimmer","9":"first","10":"instock","11":"shipping-taxable","12":"product-type-simple"},"yoast_head":"<!-- This site is optimized with the Yoast SEO plugin v27.3 - https:\/\/yoast.com\/product\/yoast-seo-wordpress\/ -->\n<title>ESSTISCH 240CMX110. | mueble4you<\/title>\n<meta name=\"robots\" content=\"index, follow, max-snippet:-1, max-image-preview:large, max-video-preview:-1\" \/>\n<link rel=\"canonical\" href=\"https:\/\/mueble4you.com\/de\/productos\/mesa-de-comedor-240cmx110\/\" \/>\n<meta property=\"og:locale\" content=\"de_DE\" \/>\n<meta property=\"og:type\" content=\"article\" \/>\n<meta property=\"og:title\" content=\"ESSTISCH 240CMX110. | mueble4you\" \/>\n<meta property=\"og:description\" content=\"Esstisch aus widerstandsf\u00e4higem Mangoholz, der rustikale Eleganz mit Funktionalit\u00e4t verbindet. Die rechteckige Tischplatte hat eine haselnussfarbene Oberfl\u00e4che, die die nat\u00fcrliche Maserung des Holzes hervorhebt und f\u00fcr W\u00e4rme in der Umgebung sorgt. Die gedrechselten, in Distressed-Wei\u00df lackierten Beine sorgen f\u00fcr einen Vintage- und handwerklichen Touch. Auf einer Seite des Gestells verf\u00fcgt der Tisch \u00fcber vier praktische [...]\" \/>\n<meta property=\"og:url\" content=\"https:\/\/mueble4you.com\/de\/productos\/mesa-de-comedor-240cmx110\/\" \/>\n<meta property=\"og:site_name\" content=\"mueble4you\" \/>\n<meta property=\"article:modified_time\" content=\"2025-10-29T15:38:21+00:00\" \/>\n<meta property=\"og:image\" content=\"https:\/\/mueble4you.com\/wp-content\/uploads\/2025\/10\/1989_3-Copy.jpg\" \/>\n\t<meta property=\"og:image:width\" content=\"1024\" \/>\n\t<meta property=\"og:image:height\" content=\"596\" \/>\n\t<meta property=\"og:image:type\" content=\"image\/jpeg\" \/>\n<meta name=\"twitter:card\" content=\"summary_large_image\" \/>\n<script type=\"application\/ld+json\" class=\"yoast-schema-graph\">{\"@context\":\"https:\\\/\\\/schema.org\",\"@graph\":[{\"@type\":\"WebPage\",\"@id\":\"https:\\\/\\\/mueble4you.com\\\/de\\\/productos\\\/mesa-de-comedor-240cmx110\\\/\",\"url\":\"https:\\\/\\\/mueble4you.com\\\/de\\\/productos\\\/mesa-de-comedor-240cmx110\\\/\",\"name\":\"ESSTISCH 240CMX110. | mueble4you\",\"isPartOf\":{\"@id\":\"https:\\\/\\\/mueble4you.com\\\/#website\"},\"primaryImageOfPage\":{\"@id\":\"https:\\\/\\\/mueble4you.com\\\/de\\\/productos\\\/mesa-de-comedor-240cmx110\\\/#primaryimage\"},\"image\":{\"@id\":\"https:\\\/\\\/mueble4you.com\\\/de\\\/productos\\\/mesa-de-comedor-240cmx110\\\/#primaryimage\"},\"thumbnailUrl\":\"https:\\\/\\\/mueble4you.com\\\/wp-content\\\/uploads\\\/2025\\\/10\\\/1989_3-Copy.jpg\",\"datePublished\":\"2025-10-28T13:51:42+00:00\",\"dateModified\":\"2025-10-29T15:38:21+00:00\",\"breadcrumb\":{\"@id\":\"https:\\\/\\\/mueble4you.com\\\/de\\\/productos\\\/mesa-de-comedor-240cmx110\\\/#breadcrumb\"},\"inLanguage\":\"de\",\"potentialAction\":[{\"@type\":\"ReadAction\",\"target\":[\"https:\\\/\\\/mueble4you.com\\\/de\\\/productos\\\/mesa-de-comedor-240cmx110\\\/\"]}]},{\"@type\":\"ImageObject\",\"inLanguage\":\"de\",\"@id\":\"https:\\\/\\\/mueble4you.com\\\/de\\\/productos\\\/mesa-de-comedor-240cmx110\\\/#primaryimage\",\"url\":\"https:\\\/\\\/mueble4you.com\\\/wp-content\\\/uploads\\\/2025\\\/10\\\/1989_3-Copy.jpg\",\"contentUrl\":\"https:\\\/\\\/mueble4you.com\\\/wp-content\\\/uploads\\\/2025\\\/10\\\/1989_3-Copy.jpg\",\"width\":1024,\"height\":596},{\"@type\":\"BreadcrumbList\",\"@id\":\"https:\\\/\\\/mueble4you.com\\\/de\\\/productos\\\/mesa-de-comedor-240cmx110\\\/#breadcrumb\",\"itemListElement\":[{\"@type\":\"ListItem\",\"position\":1,\"name\":\"Portada\",\"item\":\"https:\\\/\\\/mueble4you.com\\\/de\\\/\"},{\"@type\":\"ListItem\",\"position\":2,\"name\":\"Productos\",\"item\":\"https:\\\/\\\/mueble4you.com\\\/productos\\\/\"},{\"@type\":\"ListItem\",\"position\":3,\"name\":\"ESSTISCH 240CMX110.\"}]},{\"@type\":\"WebSite\",\"@id\":\"https:\\\/\\\/mueble4you.com\\\/#website\",\"url\":\"https:\\\/\\\/mueble4you.com\\\/\",\"name\":\"mueble4you\",\"description\":\"M\u00f6bel in Teneriffa\",\"potentialAction\":[{\"@type\":\"SearchAction\",\"target\":{\"@type\":\"EntryPoint\",\"urlTemplate\":\"https:\\\/\\\/mueble4you.com\\\/?s={search_term_string}\"},\"query-input\":{\"@type\":\"PropertyValueSpecification\",\"valueRequired\":true,\"valueName\":\"search_term_string\"}}],\"inLanguage\":\"de\"}]}<\/script>\n<!-- \/ Yoast SEO plugin. -->","yoast_head_json":{"title":"ESSTISCH 240CMX110. | mueble4you","robots":{"index":"index","follow":"follow","max-snippet":"max-snippet:-1","max-image-preview":"max-image-preview:large","max-video-preview":"max-video-preview:-1"},"canonical":"https:\/\/mueble4you.com\/de\/productos\/mesa-de-comedor-240cmx110\/","og_locale":"de_DE","og_type":"article","og_title":"ESSTISCH 240CMX110. | mueble4you","og_description":"Esstisch aus widerstandsf\u00e4higem Mangoholz, der rustikale Eleganz mit Funktionalit\u00e4t verbindet. Die rechteckige Tischplatte hat eine haselnussfarbene Oberfl\u00e4che, die die nat\u00fcrliche Maserung des Holzes hervorhebt und f\u00fcr W\u00e4rme in der Umgebung sorgt. Die gedrechselten, in Distressed-Wei\u00df lackierten Beine sorgen f\u00fcr einen Vintage- und handwerklichen Touch. Auf einer Seite des Gestells verf\u00fcgt der Tisch \u00fcber vier praktische [...]","og_url":"https:\/\/mueble4you.com\/de\/productos\/mesa-de-comedor-240cmx110\/","og_site_name":"mueble4you","article_modified_time":"2025-10-29T15:38:21+00:00","og_image":[{"width":1024,"height":596,"url":"https:\/\/mueble4you.com\/wp-content\/uploads\/2025\/10\/1989_3-Copy.jpg","type":"image\/jpeg"}],"twitter_card":"summary_large_image","schema":{"@context":"https:\/\/schema.org","@graph":[{"@type":"WebPage","@id":"https:\/\/mueble4you.com\/de\/productos\/mesa-de-comedor-240cmx110\/","url":"https:\/\/mueble4you.com\/de\/productos\/mesa-de-comedor-240cmx110\/","name":"ESSTISCH 240CMX110. | mueble4you","isPartOf":{"@id":"https:\/\/mueble4you.com\/#website"},"primaryImageOfPage":{"@id":"https:\/\/mueble4you.com\/de\/productos\/mesa-de-comedor-240cmx110\/#primaryimage"},"image":{"@id":"https:\/\/mueble4you.com\/de\/productos\/mesa-de-comedor-240cmx110\/#primaryimage"},"thumbnailUrl":"https:\/\/mueble4you.com\/wp-content\/uploads\/2025\/10\/1989_3-Copy.jpg","datePublished":"2025-10-28T13:51:42+00:00","dateModified":"2025-10-29T15:38:21+00:00","breadcrumb":{"@id":"https:\/\/mueble4you.com\/de\/productos\/mesa-de-comedor-240cmx110\/#breadcrumb"},"inLanguage":"de","potentialAction":[{"@type":"ReadAction","target":["https:\/\/mueble4you.com\/de\/productos\/mesa-de-comedor-240cmx110\/"]}]},{"@type":"ImageObject","inLanguage":"de","@id":"https:\/\/mueble4you.com\/de\/productos\/mesa-de-comedor-240cmx110\/#primaryimage","url":"https:\/\/mueble4you.com\/wp-content\/uploads\/2025\/10\/1989_3-Copy.jpg","contentUrl":"https:\/\/mueble4you.com\/wp-content\/uploads\/2025\/10\/1989_3-Copy.jpg","width":1024,"height":596},{"@type":"BreadcrumbList","@id":"https:\/\/mueble4you.com\/de\/productos\/mesa-de-comedor-240cmx110\/#breadcrumb","itemListElement":[{"@type":"ListItem","position":1,"name":"Portada","item":"https:\/\/mueble4you.com\/de\/"},{"@type":"ListItem","position":2,"name":"Productos","item":"https:\/\/mueble4you.com\/productos\/"},{"@type":"ListItem","position":3,"name":"ESSTISCH 240CMX110."}]},{"@type":"WebSite","@id":"https:\/\/mueble4you.com\/#website","url":"https:\/\/mueble4you.com\/","name":"mueble4you","description":"M\u00f6bel in Teneriffa","potentialAction":[{"@type":"SearchAction","target":{"@type":"EntryPoint","urlTemplate":"https:\/\/mueble4you.com\/?s={search_term_string}"},"query-input":{"@type":"PropertyValueSpecification","valueRequired":true,"valueName":"search_term_string"}}],"inLanguage":"de"}]}},"_links":{"self":[{"href":"https:\/\/mueble4you.com\/de\/wp-json\/wp\/v2\/product\/85654","targetHints":{"allow":["GET"]}}],"collection":[{"href":"https:\/\/mueble4you.com\/de\/wp-json\/wp\/v2\/product"}],"about":[{"href":"https:\/\/mueble4you.com\/de\/wp-json\/wp\/v2\/types\/product"}],"wp:featuredmedia":[{"embeddable":true,"href":"https:\/\/mueble4you.com\/de\/wp-json\/wp\/v2\/media\/85635"}],"wp:attachment":[{"href":"https:\/\/mueble4you.com\/de\/wp-json\/wp\/v2\/media?parent=85654"}],"wp:term":[{"taxonomy":"product_brand","embeddable":true,"href":"https:\/\/mueble4you.com\/de\/wp-json\/wp\/v2\/product_brand?post=85654"},{"taxonomy":"product_cat","embeddable":true,"href":"https:\/\/mueble4you.com\/de\/wp-json\/wp\/v2\/product_cat?post=85654"},{"taxonomy":"product_tag","embeddable":true,"href":"https:\/\/mueble4you.com\/de\/wp-json\/wp\/v2\/product_tag?post=85654"}],"curies":[{"name":"wp","href":"https:\/\/api.w.org\/{rel}","templated":true}]}}