{"id":85629,"date":"2025-10-28T13:41:09","date_gmt":"2025-10-28T13:41:09","guid":{"rendered":"https:\/\/mueble4you.com\/productos\/sillon-giratorio\/"},"modified":"2025-10-29T15:46:33","modified_gmt":"2025-10-29T15:46:33","slug":"sillon-giratorio","status":"publish","type":"product","link":"https:\/\/mueble4you.com\/de\/productos\/sillon-giratorio\/","title":{"rendered":"Drehsessel."},"content":{"rendered":"<p>Dieser Drehsessel vereint Eleganz, Komfort und Funktionalit\u00e4t in einem modernen und anspruchsvollen Design. Seine Struktur ist auf ergonomischen Halt ausgelegt und die gro\u00dfz\u00fcgige Polsterung sorgt f\u00fcr ein komfortables und entspannendes Sitzgef\u00fchl. Er ist mit PU gepolstert, einem hochwertigen Material, das das Aussehen und die Textur von Leder imitiert. Die Kamelfarbe verleiht ein Gef\u00fchl von Raffinesse und harmoniert perfekt mit verschiedenen Dekorationsstilen. Seine drehbare Basis erm\u00f6glicht eine flie\u00dfende 360\u00b0-Bewegung und bietet so Praktikabilit\u00e4t und Bewegungsfreiheit, perfekt f\u00fcr Arbeitsr\u00e4ume, Wohnzimmer oder Ruhebereiche.<\/p>\n<p>\u25cf H\u00f6he: 95 cm.<\/p>\n<p>\u25cf L\u00e4nge: 63 cm.<\/p>\n<p>\u25cf Breite: 90 cm.<\/p>\n<p>\u25cf Material: P.U. und Edelstahl.<\/p>\n<p>\u25cf Farbe: Kamel.<\/p>\n","protected":false},"excerpt":{"rendered":"<p>Dieser Drehsessel vereint Eleganz, Komfort und Funktionalit\u00e4t in einem modernen und anspruchsvollen Design. Seine Struktur ist auf ergonomischen Halt ausgelegt und die gro\u00dfz\u00fcgige Polsterung sorgt f\u00fcr ein komfortables und entspannendes Sitzgef\u00fchl. Er ist mit PU gepolstert, einem hochwertigen Material, das das Aussehen und die Textur von Leder imitiert. Die Kamelfarbe verleiht ein Gef\u00fchl von Raffinesse [&#8230;]\n","protected":false},"featured_media":85605,"template":"","meta":[],"product_brand":[],"product_cat":[365,272],"product_tag":[],"class_list":{"0":"post-85629","1":"product","2":"type-product","3":"status-publish","4":"has-post-thumbnail","6":"product_cat-sessel","7":"product_cat-wohnzimmer","9":"first","10":"instock","11":"shipping-taxable","12":"product-type-simple"},"yoast_head":"<!-- This site is optimized with the Yoast SEO plugin v27.2 - https:\/\/yoast.com\/product\/yoast-seo-wordpress\/ -->\n<title>Drehsessel. | mueble4you<\/title>\n<meta name=\"robots\" content=\"index, follow, max-snippet:-1, max-image-preview:large, max-video-preview:-1\" \/>\n<link rel=\"canonical\" href=\"https:\/\/mueble4you.com\/de\/productos\/sillon-giratorio\/\" \/>\n<meta property=\"og:locale\" content=\"de_DE\" \/>\n<meta property=\"og:type\" content=\"article\" \/>\n<meta property=\"og:title\" content=\"Drehsessel. | mueble4you\" \/>\n<meta property=\"og:description\" content=\"Dieser Drehsessel vereint Eleganz, Komfort und Funktionalit\u00e4t in einem modernen und anspruchsvollen Design. Seine Struktur ist auf ergonomischen Halt ausgelegt und die gro\u00dfz\u00fcgige Polsterung sorgt f\u00fcr ein komfortables und entspannendes Sitzgef\u00fchl. Er ist mit PU gepolstert, einem hochwertigen Material, das das Aussehen und die Textur von Leder imitiert. Die Kamelfarbe verleiht ein Gef\u00fchl von Raffinesse [...]\" \/>\n<meta property=\"og:url\" content=\"https:\/\/mueble4you.com\/de\/productos\/sillon-giratorio\/\" \/>\n<meta property=\"og:site_name\" content=\"mueble4you\" \/>\n<meta property=\"article:modified_time\" content=\"2025-10-29T15:46:33+00:00\" \/>\n<meta property=\"og:image\" content=\"https:\/\/mueble4you.com\/wp-content\/uploads\/2025\/10\/1982_1-Copy.jpg\" \/>\n\t<meta property=\"og:image:width\" content=\"508\" \/>\n\t<meta property=\"og:image:height\" content=\"768\" \/>\n\t<meta property=\"og:image:type\" content=\"image\/jpeg\" \/>\n<meta name=\"twitter:card\" content=\"summary_large_image\" \/>\n<meta name=\"twitter:label1\" content=\"Gesch\u00e4tzte Lesezeit\" \/>\n\t<meta name=\"twitter:data1\" content=\"1\u00a0Minute\" \/>\n<script type=\"application\/ld+json\" class=\"yoast-schema-graph\">{\"@context\":\"https:\/\/schema.org\",\"@graph\":[{\"@type\":\"WebPage\",\"@id\":\"https:\/\/mueble4you.com\/de\/productos\/sillon-giratorio\/\",\"url\":\"https:\/\/mueble4you.com\/de\/productos\/sillon-giratorio\/\",\"name\":\"Drehsessel. | mueble4you\",\"isPartOf\":{\"@id\":\"https:\/\/mueble4you.com\/#website\"},\"primaryImageOfPage\":{\"@id\":\"https:\/\/mueble4you.com\/de\/productos\/sillon-giratorio\/#primaryimage\"},\"image\":{\"@id\":\"https:\/\/mueble4you.com\/de\/productos\/sillon-giratorio\/#primaryimage\"},\"thumbnailUrl\":\"https:\/\/mueble4you.com\/wp-content\/uploads\/2025\/10\/1982_1-Copy.jpg\",\"datePublished\":\"2025-10-28T13:41:09+00:00\",\"dateModified\":\"2025-10-29T15:46:33+00:00\",\"breadcrumb\":{\"@id\":\"https:\/\/mueble4you.com\/de\/productos\/sillon-giratorio\/#breadcrumb\"},\"inLanguage\":\"de\",\"potentialAction\":[{\"@type\":\"ReadAction\",\"target\":[\"https:\/\/mueble4you.com\/de\/productos\/sillon-giratorio\/\"]}]},{\"@type\":\"ImageObject\",\"inLanguage\":\"de\",\"@id\":\"https:\/\/mueble4you.com\/de\/productos\/sillon-giratorio\/#primaryimage\",\"url\":\"https:\/\/mueble4you.com\/wp-content\/uploads\/2025\/10\/1982_1-Copy.jpg\",\"contentUrl\":\"https:\/\/mueble4you.com\/wp-content\/uploads\/2025\/10\/1982_1-Copy.jpg\",\"width\":508,\"height\":768},{\"@type\":\"BreadcrumbList\",\"@id\":\"https:\/\/mueble4you.com\/de\/productos\/sillon-giratorio\/#breadcrumb\",\"itemListElement\":[{\"@type\":\"ListItem\",\"position\":1,\"name\":\"Portada\",\"item\":\"https:\/\/mueble4you.com\/de\/\"},{\"@type\":\"ListItem\",\"position\":2,\"name\":\"Productos\",\"item\":\"https:\/\/mueble4you.com\/productos\/\"},{\"@type\":\"ListItem\",\"position\":3,\"name\":\"Drehsessel.\"}]},{\"@type\":\"WebSite\",\"@id\":\"https:\/\/mueble4you.com\/#website\",\"url\":\"https:\/\/mueble4you.com\/\",\"name\":\"mueble4you\",\"description\":\"M\u00f6bel in Teneriffa\",\"potentialAction\":[{\"@type\":\"SearchAction\",\"target\":{\"@type\":\"EntryPoint\",\"urlTemplate\":\"https:\/\/mueble4you.com\/?s={search_term_string}\"},\"query-input\":{\"@type\":\"PropertyValueSpecification\",\"valueRequired\":true,\"valueName\":\"search_term_string\"}}],\"inLanguage\":\"de\"}]}<\/script>\n<!-- \/ Yoast SEO plugin. -->","yoast_head_json":{"title":"Drehsessel. | mueble4you","robots":{"index":"index","follow":"follow","max-snippet":"max-snippet:-1","max-image-preview":"max-image-preview:large","max-video-preview":"max-video-preview:-1"},"canonical":"https:\/\/mueble4you.com\/de\/productos\/sillon-giratorio\/","og_locale":"de_DE","og_type":"article","og_title":"Drehsessel. | mueble4you","og_description":"Dieser Drehsessel vereint Eleganz, Komfort und Funktionalit\u00e4t in einem modernen und anspruchsvollen Design. Seine Struktur ist auf ergonomischen Halt ausgelegt und die gro\u00dfz\u00fcgige Polsterung sorgt f\u00fcr ein komfortables und entspannendes Sitzgef\u00fchl. Er ist mit PU gepolstert, einem hochwertigen Material, das das Aussehen und die Textur von Leder imitiert. Die Kamelfarbe verleiht ein Gef\u00fchl von Raffinesse [...]","og_url":"https:\/\/mueble4you.com\/de\/productos\/sillon-giratorio\/","og_site_name":"mueble4you","article_modified_time":"2025-10-29T15:46:33+00:00","og_image":[{"width":508,"height":768,"url":"https:\/\/mueble4you.com\/wp-content\/uploads\/2025\/10\/1982_1-Copy.jpg","type":"image\/jpeg"}],"twitter_card":"summary_large_image","twitter_misc":{"Gesch\u00e4tzte Lesezeit":"1\u00a0Minute"},"schema":{"@context":"https:\/\/schema.org","@graph":[{"@type":"WebPage","@id":"https:\/\/mueble4you.com\/de\/productos\/sillon-giratorio\/","url":"https:\/\/mueble4you.com\/de\/productos\/sillon-giratorio\/","name":"Drehsessel. | mueble4you","isPartOf":{"@id":"https:\/\/mueble4you.com\/#website"},"primaryImageOfPage":{"@id":"https:\/\/mueble4you.com\/de\/productos\/sillon-giratorio\/#primaryimage"},"image":{"@id":"https:\/\/mueble4you.com\/de\/productos\/sillon-giratorio\/#primaryimage"},"thumbnailUrl":"https:\/\/mueble4you.com\/wp-content\/uploads\/2025\/10\/1982_1-Copy.jpg","datePublished":"2025-10-28T13:41:09+00:00","dateModified":"2025-10-29T15:46:33+00:00","breadcrumb":{"@id":"https:\/\/mueble4you.com\/de\/productos\/sillon-giratorio\/#breadcrumb"},"inLanguage":"de","potentialAction":[{"@type":"ReadAction","target":["https:\/\/mueble4you.com\/de\/productos\/sillon-giratorio\/"]}]},{"@type":"ImageObject","inLanguage":"de","@id":"https:\/\/mueble4you.com\/de\/productos\/sillon-giratorio\/#primaryimage","url":"https:\/\/mueble4you.com\/wp-content\/uploads\/2025\/10\/1982_1-Copy.jpg","contentUrl":"https:\/\/mueble4you.com\/wp-content\/uploads\/2025\/10\/1982_1-Copy.jpg","width":508,"height":768},{"@type":"BreadcrumbList","@id":"https:\/\/mueble4you.com\/de\/productos\/sillon-giratorio\/#breadcrumb","itemListElement":[{"@type":"ListItem","position":1,"name":"Portada","item":"https:\/\/mueble4you.com\/de\/"},{"@type":"ListItem","position":2,"name":"Productos","item":"https:\/\/mueble4you.com\/productos\/"},{"@type":"ListItem","position":3,"name":"Drehsessel."}]},{"@type":"WebSite","@id":"https:\/\/mueble4you.com\/#website","url":"https:\/\/mueble4you.com\/","name":"mueble4you","description":"M\u00f6bel in Teneriffa","potentialAction":[{"@type":"SearchAction","target":{"@type":"EntryPoint","urlTemplate":"https:\/\/mueble4you.com\/?s={search_term_string}"},"query-input":{"@type":"PropertyValueSpecification","valueRequired":true,"valueName":"search_term_string"}}],"inLanguage":"de"}]}},"_links":{"self":[{"href":"https:\/\/mueble4you.com\/de\/wp-json\/wp\/v2\/product\/85629","targetHints":{"allow":["GET"]}}],"collection":[{"href":"https:\/\/mueble4you.com\/de\/wp-json\/wp\/v2\/product"}],"about":[{"href":"https:\/\/mueble4you.com\/de\/wp-json\/wp\/v2\/types\/product"}],"wp:featuredmedia":[{"embeddable":true,"href":"https:\/\/mueble4you.com\/de\/wp-json\/wp\/v2\/media\/85605"}],"wp:attachment":[{"href":"https:\/\/mueble4you.com\/de\/wp-json\/wp\/v2\/media?parent=85629"}],"wp:term":[{"taxonomy":"product_brand","embeddable":true,"href":"https:\/\/mueble4you.com\/de\/wp-json\/wp\/v2\/product_brand?post=85629"},{"taxonomy":"product_cat","embeddable":true,"href":"https:\/\/mueble4you.com\/de\/wp-json\/wp\/v2\/product_cat?post=85629"},{"taxonomy":"product_tag","embeddable":true,"href":"https:\/\/mueble4you.com\/de\/wp-json\/wp\/v2\/product_tag?post=85629"}],"curies":[{"name":"wp","href":"https:\/\/api.w.org\/{rel}","templated":true}]}}