{"id":85598,"date":"2025-10-28T13:22:33","date_gmt":"2025-10-28T13:22:33","guid":{"rendered":"https:\/\/mueble4you.com\/productos\/aparador-181cm-puertas-punta-diamante\/"},"modified":"2025-10-29T15:54:22","modified_gmt":"2025-10-29T15:54:22","slug":"aparador-181cm-puertas-punta-diamante","status":"publish","type":"product","link":"https:\/\/mueble4you.com\/de\/productos\/aparador-181cm-puertas-punta-diamante\/","title":{"rendered":"SIDEBOARD 181 CM T\u00dcREN MIT DIAMANTENSPITZEN."},"content":{"rendered":"<p>Dieses Sideboard zeichnet sich durch sein elegantes und modernes Design aus. Es ist aus Mangoholz gefertigt und hat eine \u00e4u\u00dfere Struktur, die in einem warmen Haselnusston lackiert ist, der die Maserung hervorhebt. Die Vorderseite des Sideboards besteht aus vier T\u00fcren, die sofort die Aufmerksamkeit auf sich ziehen. Jedes ist in einer raffinierten mattschwarzen Farbe lackiert und verf\u00fcgt \u00fcber Reliefs mit geometrischen Formen, die einen dreidimensionalen Effekt erzeugen. Dieses St\u00fcck wird von einem minimalistischen Sockel getragen, der aus Eisenrohren mit quadratischem Querschnitt besteht und in einem angenehmen Goldton lackiert ist. Dieses metallische Detail sorgt nicht nur f\u00fcr Stabilit\u00e4t und Widerstandsf\u00e4higkeit, sondern sorgt auch f\u00fcr einen Hauch von dezentem Luxus, der einen harmonischen Kontrast zum Holz bildet.<\/p>\n<p>\u25cf H\u00f6he: 80 cm.<\/p>\n<p>\u25cf L\u00e4nge: 180 cm.<\/p>\n<p>\u25cf Breite: 46 cm.<\/p>\n<p>\u25cf Material: Mangoholz und Eisen.<\/p>\n<p>\u25cf Farbe: Haselnuss und Schwarz.<br \/>\nSugerencias<\/p>\n","protected":false},"excerpt":{"rendered":"<p>Dieses Sideboard zeichnet sich durch sein elegantes und modernes Design aus. Es ist aus Mangoholz gefertigt und hat eine \u00e4u\u00dfere Struktur, die in einem warmen Haselnusston lackiert ist, der die Maserung hervorhebt. Die Vorderseite des Sideboards besteht aus vier T\u00fcren, die sofort die Aufmerksamkeit auf sich ziehen. Jedes ist in einer raffinierten mattschwarzen Farbe lackiert [&#8230;]\n","protected":false},"featured_media":85579,"template":"","meta":[],"product_brand":[],"product_cat":[500,272],"product_tag":[],"class_list":{"0":"post-85598","1":"product","2":"type-product","3":"status-publish","4":"has-post-thumbnail","6":"product_cat-sideboards-de","7":"product_cat-wohnzimmer","9":"first","10":"instock","11":"shipping-taxable","12":"product-type-simple"},"yoast_head":"<!-- This site is optimized with the Yoast SEO plugin v27.2 - https:\/\/yoast.com\/product\/yoast-seo-wordpress\/ -->\n<title>SIDEBOARD 181 CM T\u00dcREN MIT DIAMANTENSPITZEN. | mueble4you<\/title>\n<meta name=\"robots\" content=\"index, follow, max-snippet:-1, max-image-preview:large, max-video-preview:-1\" \/>\n<link rel=\"canonical\" href=\"https:\/\/mueble4you.com\/de\/productos\/aparador-181cm-puertas-punta-diamante\/\" \/>\n<meta property=\"og:locale\" content=\"de_DE\" \/>\n<meta property=\"og:type\" content=\"article\" \/>\n<meta property=\"og:title\" content=\"SIDEBOARD 181 CM T\u00dcREN MIT DIAMANTENSPITZEN. | mueble4you\" \/>\n<meta property=\"og:description\" content=\"Dieses Sideboard zeichnet sich durch sein elegantes und modernes Design aus. Es ist aus Mangoholz gefertigt und hat eine \u00e4u\u00dfere Struktur, die in einem warmen Haselnusston lackiert ist, der die Maserung hervorhebt. Die Vorderseite des Sideboards besteht aus vier T\u00fcren, die sofort die Aufmerksamkeit auf sich ziehen. Jedes ist in einer raffinierten mattschwarzen Farbe lackiert [...]\" \/>\n<meta property=\"og:url\" content=\"https:\/\/mueble4you.com\/de\/productos\/aparador-181cm-puertas-punta-diamante\/\" \/>\n<meta property=\"og:site_name\" content=\"mueble4you\" \/>\n<meta property=\"article:modified_time\" content=\"2025-10-29T15:54:22+00:00\" \/>\n<meta property=\"og:image\" content=\"https:\/\/mueble4you.com\/wp-content\/uploads\/2025\/10\/1978_2.jpg\" \/>\n\t<meta property=\"og:image:width\" content=\"1024\" \/>\n\t<meta property=\"og:image:height\" content=\"605\" \/>\n\t<meta property=\"og:image:type\" content=\"image\/jpeg\" \/>\n<meta name=\"twitter:card\" content=\"summary_large_image\" \/>\n<meta name=\"twitter:label1\" content=\"Gesch\u00e4tzte Lesezeit\" \/>\n\t<meta name=\"twitter:data1\" content=\"1\u00a0Minute\" \/>\n<script type=\"application\/ld+json\" class=\"yoast-schema-graph\">{\"@context\":\"https:\/\/schema.org\",\"@graph\":[{\"@type\":\"WebPage\",\"@id\":\"https:\/\/mueble4you.com\/de\/productos\/aparador-181cm-puertas-punta-diamante\/\",\"url\":\"https:\/\/mueble4you.com\/de\/productos\/aparador-181cm-puertas-punta-diamante\/\",\"name\":\"SIDEBOARD 181 CM T\u00dcREN MIT DIAMANTENSPITZEN. | mueble4you\",\"isPartOf\":{\"@id\":\"https:\/\/mueble4you.com\/#website\"},\"primaryImageOfPage\":{\"@id\":\"https:\/\/mueble4you.com\/de\/productos\/aparador-181cm-puertas-punta-diamante\/#primaryimage\"},\"image\":{\"@id\":\"https:\/\/mueble4you.com\/de\/productos\/aparador-181cm-puertas-punta-diamante\/#primaryimage\"},\"thumbnailUrl\":\"https:\/\/mueble4you.com\/wp-content\/uploads\/2025\/10\/1978_2.jpg\",\"datePublished\":\"2025-10-28T13:22:33+00:00\",\"dateModified\":\"2025-10-29T15:54:22+00:00\",\"breadcrumb\":{\"@id\":\"https:\/\/mueble4you.com\/de\/productos\/aparador-181cm-puertas-punta-diamante\/#breadcrumb\"},\"inLanguage\":\"de\",\"potentialAction\":[{\"@type\":\"ReadAction\",\"target\":[\"https:\/\/mueble4you.com\/de\/productos\/aparador-181cm-puertas-punta-diamante\/\"]}]},{\"@type\":\"ImageObject\",\"inLanguage\":\"de\",\"@id\":\"https:\/\/mueble4you.com\/de\/productos\/aparador-181cm-puertas-punta-diamante\/#primaryimage\",\"url\":\"https:\/\/mueble4you.com\/wp-content\/uploads\/2025\/10\/1978_2.jpg\",\"contentUrl\":\"https:\/\/mueble4you.com\/wp-content\/uploads\/2025\/10\/1978_2.jpg\",\"width\":1024,\"height\":605},{\"@type\":\"BreadcrumbList\",\"@id\":\"https:\/\/mueble4you.com\/de\/productos\/aparador-181cm-puertas-punta-diamante\/#breadcrumb\",\"itemListElement\":[{\"@type\":\"ListItem\",\"position\":1,\"name\":\"Portada\",\"item\":\"https:\/\/mueble4you.com\/de\/\"},{\"@type\":\"ListItem\",\"position\":2,\"name\":\"Productos\",\"item\":\"https:\/\/mueble4you.com\/productos\/\"},{\"@type\":\"ListItem\",\"position\":3,\"name\":\"SIDEBOARD 181 CM T\u00dcREN MIT DIAMANTENSPITZEN.\"}]},{\"@type\":\"WebSite\",\"@id\":\"https:\/\/mueble4you.com\/#website\",\"url\":\"https:\/\/mueble4you.com\/\",\"name\":\"mueble4you\",\"description\":\"M\u00f6bel in Teneriffa\",\"potentialAction\":[{\"@type\":\"SearchAction\",\"target\":{\"@type\":\"EntryPoint\",\"urlTemplate\":\"https:\/\/mueble4you.com\/?s={search_term_string}\"},\"query-input\":{\"@type\":\"PropertyValueSpecification\",\"valueRequired\":true,\"valueName\":\"search_term_string\"}}],\"inLanguage\":\"de\"}]}<\/script>\n<!-- \/ Yoast SEO plugin. -->","yoast_head_json":{"title":"SIDEBOARD 181 CM T\u00dcREN MIT DIAMANTENSPITZEN. | mueble4you","robots":{"index":"index","follow":"follow","max-snippet":"max-snippet:-1","max-image-preview":"max-image-preview:large","max-video-preview":"max-video-preview:-1"},"canonical":"https:\/\/mueble4you.com\/de\/productos\/aparador-181cm-puertas-punta-diamante\/","og_locale":"de_DE","og_type":"article","og_title":"SIDEBOARD 181 CM T\u00dcREN MIT DIAMANTENSPITZEN. | mueble4you","og_description":"Dieses Sideboard zeichnet sich durch sein elegantes und modernes Design aus. Es ist aus Mangoholz gefertigt und hat eine \u00e4u\u00dfere Struktur, die in einem warmen Haselnusston lackiert ist, der die Maserung hervorhebt. Die Vorderseite des Sideboards besteht aus vier T\u00fcren, die sofort die Aufmerksamkeit auf sich ziehen. Jedes ist in einer raffinierten mattschwarzen Farbe lackiert [...]","og_url":"https:\/\/mueble4you.com\/de\/productos\/aparador-181cm-puertas-punta-diamante\/","og_site_name":"mueble4you","article_modified_time":"2025-10-29T15:54:22+00:00","og_image":[{"width":1024,"height":605,"url":"https:\/\/mueble4you.com\/wp-content\/uploads\/2025\/10\/1978_2.jpg","type":"image\/jpeg"}],"twitter_card":"summary_large_image","twitter_misc":{"Gesch\u00e4tzte Lesezeit":"1\u00a0Minute"},"schema":{"@context":"https:\/\/schema.org","@graph":[{"@type":"WebPage","@id":"https:\/\/mueble4you.com\/de\/productos\/aparador-181cm-puertas-punta-diamante\/","url":"https:\/\/mueble4you.com\/de\/productos\/aparador-181cm-puertas-punta-diamante\/","name":"SIDEBOARD 181 CM T\u00dcREN MIT DIAMANTENSPITZEN. | mueble4you","isPartOf":{"@id":"https:\/\/mueble4you.com\/#website"},"primaryImageOfPage":{"@id":"https:\/\/mueble4you.com\/de\/productos\/aparador-181cm-puertas-punta-diamante\/#primaryimage"},"image":{"@id":"https:\/\/mueble4you.com\/de\/productos\/aparador-181cm-puertas-punta-diamante\/#primaryimage"},"thumbnailUrl":"https:\/\/mueble4you.com\/wp-content\/uploads\/2025\/10\/1978_2.jpg","datePublished":"2025-10-28T13:22:33+00:00","dateModified":"2025-10-29T15:54:22+00:00","breadcrumb":{"@id":"https:\/\/mueble4you.com\/de\/productos\/aparador-181cm-puertas-punta-diamante\/#breadcrumb"},"inLanguage":"de","potentialAction":[{"@type":"ReadAction","target":["https:\/\/mueble4you.com\/de\/productos\/aparador-181cm-puertas-punta-diamante\/"]}]},{"@type":"ImageObject","inLanguage":"de","@id":"https:\/\/mueble4you.com\/de\/productos\/aparador-181cm-puertas-punta-diamante\/#primaryimage","url":"https:\/\/mueble4you.com\/wp-content\/uploads\/2025\/10\/1978_2.jpg","contentUrl":"https:\/\/mueble4you.com\/wp-content\/uploads\/2025\/10\/1978_2.jpg","width":1024,"height":605},{"@type":"BreadcrumbList","@id":"https:\/\/mueble4you.com\/de\/productos\/aparador-181cm-puertas-punta-diamante\/#breadcrumb","itemListElement":[{"@type":"ListItem","position":1,"name":"Portada","item":"https:\/\/mueble4you.com\/de\/"},{"@type":"ListItem","position":2,"name":"Productos","item":"https:\/\/mueble4you.com\/productos\/"},{"@type":"ListItem","position":3,"name":"SIDEBOARD 181 CM T\u00dcREN MIT DIAMANTENSPITZEN."}]},{"@type":"WebSite","@id":"https:\/\/mueble4you.com\/#website","url":"https:\/\/mueble4you.com\/","name":"mueble4you","description":"M\u00f6bel in Teneriffa","potentialAction":[{"@type":"SearchAction","target":{"@type":"EntryPoint","urlTemplate":"https:\/\/mueble4you.com\/?s={search_term_string}"},"query-input":{"@type":"PropertyValueSpecification","valueRequired":true,"valueName":"search_term_string"}}],"inLanguage":"de"}]}},"_links":{"self":[{"href":"https:\/\/mueble4you.com\/de\/wp-json\/wp\/v2\/product\/85598","targetHints":{"allow":["GET"]}}],"collection":[{"href":"https:\/\/mueble4you.com\/de\/wp-json\/wp\/v2\/product"}],"about":[{"href":"https:\/\/mueble4you.com\/de\/wp-json\/wp\/v2\/types\/product"}],"wp:featuredmedia":[{"embeddable":true,"href":"https:\/\/mueble4you.com\/de\/wp-json\/wp\/v2\/media\/85579"}],"wp:attachment":[{"href":"https:\/\/mueble4you.com\/de\/wp-json\/wp\/v2\/media?parent=85598"}],"wp:term":[{"taxonomy":"product_brand","embeddable":true,"href":"https:\/\/mueble4you.com\/de\/wp-json\/wp\/v2\/product_brand?post=85598"},{"taxonomy":"product_cat","embeddable":true,"href":"https:\/\/mueble4you.com\/de\/wp-json\/wp\/v2\/product_cat?post=85598"},{"taxonomy":"product_tag","embeddable":true,"href":"https:\/\/mueble4you.com\/de\/wp-json\/wp\/v2\/product_tag?post=85598"}],"curies":[{"name":"wp","href":"https:\/\/api.w.org\/{rel}","templated":true}]}}