{"id":85567,"date":"2025-10-28T13:14:50","date_gmt":"2025-10-28T13:14:50","guid":{"rendered":"https:\/\/mueble4you.com\/productos\/libreria\/"},"modified":"2025-10-29T17:22:14","modified_gmt":"2025-10-29T17:22:14","slug":"libreria","status":"publish","type":"product","link":"https:\/\/mueble4you.com\/de\/productos\/libreria\/","title":{"rendered":"B\u00dcCHERREGAL 180CMX80 T\u00dcR MIT DIAMANTENSPITZE."},"content":{"rendered":"<p>Dieses elegante B\u00fccherregal besteht aus Mangoholz, einem robusten und langlebigen Material, das sich durch seine nat\u00fcrliche Maserung auszeichnet. Die gesamte Struktur ist in Haselnussfarbe gehalten. Das Design verf\u00fcgt \u00fcber drei offene Regale, die Platz f\u00fcr die Organisation von Dekorationsgegenst\u00e4nden oder B\u00fcchern bieten. Unten zwei T\u00fcren mit einem Innenregal in Mattschwarz. Die T\u00fcren sind mit einem Muster aus geometrischen Figuren in Form einer Diamantspitze bedeckt, wodurch ein dreidimensionaler Effekt entsteht, der den M\u00f6beln Textur und visuelle Tiefe verleiht.<br \/>\nDer Sockel besteht aus Eisen mit quadratischem Profil und ist in einer eleganten Goldfarbe lackiert, die f\u00fcr einen dezenten metallischen Glanz sorgt.<\/p>\n<p>\u25cf H\u00f6he: 181 cm.<\/p>\n<p>\u25cf L\u00e4nge: 80 cm.<\/p>\n<p>\u25cf Breite: 40 cm.<\/p>\n<p>\u25cf Material: Mangoholz und Eisen.<\/p>\n<p>\u25cf Farbe: Haselnuss und Schwarz.<\/p>\n","protected":false},"excerpt":{"rendered":"<p>Dieses elegante B\u00fccherregal besteht aus Mangoholz, einem robusten und langlebigen Material, das sich durch seine nat\u00fcrliche Maserung auszeichnet. Die gesamte Struktur ist in Haselnussfarbe gehalten. Das Design verf\u00fcgt \u00fcber drei offene Regale, die Platz f\u00fcr die Organisation von Dekorationsgegenst\u00e4nden oder B\u00fcchern bieten. Unten zwei T\u00fcren mit einem Innenregal in Mattschwarz. Die T\u00fcren sind mit einem [&#8230;]\n","protected":false},"featured_media":85548,"template":"","meta":[],"product_brand":[],"product_cat":[533,272],"product_tag":[],"class_list":{"0":"post-85567","1":"product","2":"type-product","3":"status-publish","4":"has-post-thumbnail","6":"product_cat-bibliotheken","7":"product_cat-wohnzimmer","9":"first","10":"instock","11":"shipping-taxable","12":"product-type-simple"},"yoast_head":"<!-- This site is optimized with the Yoast SEO plugin v27.3 - https:\/\/yoast.com\/product\/yoast-seo-wordpress\/ -->\n<title>B\u00dcCHERREGAL 180CMX80 T\u00dcR MIT DIAMANTENSPITZE. | mueble4you<\/title>\n<meta name=\"robots\" content=\"index, follow, max-snippet:-1, max-image-preview:large, max-video-preview:-1\" \/>\n<link rel=\"canonical\" href=\"https:\/\/mueble4you.com\/de\/productos\/libreria\/\" \/>\n<meta property=\"og:locale\" content=\"de_DE\" \/>\n<meta property=\"og:type\" content=\"article\" \/>\n<meta property=\"og:title\" content=\"B\u00dcCHERREGAL 180CMX80 T\u00dcR MIT DIAMANTENSPITZE. | mueble4you\" \/>\n<meta property=\"og:description\" content=\"Dieses elegante B\u00fccherregal besteht aus Mangoholz, einem robusten und langlebigen Material, das sich durch seine nat\u00fcrliche Maserung auszeichnet. Die gesamte Struktur ist in Haselnussfarbe gehalten. Das Design verf\u00fcgt \u00fcber drei offene Regale, die Platz f\u00fcr die Organisation von Dekorationsgegenst\u00e4nden oder B\u00fcchern bieten. Unten zwei T\u00fcren mit einem Innenregal in Mattschwarz. Die T\u00fcren sind mit einem [...]\" \/>\n<meta property=\"og:url\" content=\"https:\/\/mueble4you.com\/de\/productos\/libreria\/\" \/>\n<meta property=\"og:site_name\" content=\"mueble4you\" \/>\n<meta property=\"article:modified_time\" content=\"2025-10-29T17:22:14+00:00\" \/>\n<meta property=\"og:image\" content=\"https:\/\/mueble4you.com\/wp-content\/uploads\/2025\/10\/1971_3.jpg\" \/>\n\t<meta property=\"og:image:width\" content=\"483\" \/>\n\t<meta property=\"og:image:height\" content=\"768\" \/>\n\t<meta property=\"og:image:type\" content=\"image\/jpeg\" \/>\n<meta name=\"twitter:card\" content=\"summary_large_image\" \/>\n<meta name=\"twitter:label1\" content=\"Gesch\u00e4tzte Lesezeit\" \/>\n\t<meta name=\"twitter:data1\" content=\"1\u00a0Minute\" \/>\n<script type=\"application\/ld+json\" class=\"yoast-schema-graph\">{\"@context\":\"https:\\\/\\\/schema.org\",\"@graph\":[{\"@type\":\"WebPage\",\"@id\":\"https:\\\/\\\/mueble4you.com\\\/de\\\/productos\\\/libreria\\\/\",\"url\":\"https:\\\/\\\/mueble4you.com\\\/de\\\/productos\\\/libreria\\\/\",\"name\":\"B\u00dcCHERREGAL 180CMX80 T\u00dcR MIT DIAMANTENSPITZE. | mueble4you\",\"isPartOf\":{\"@id\":\"https:\\\/\\\/mueble4you.com\\\/#website\"},\"primaryImageOfPage\":{\"@id\":\"https:\\\/\\\/mueble4you.com\\\/de\\\/productos\\\/libreria\\\/#primaryimage\"},\"image\":{\"@id\":\"https:\\\/\\\/mueble4you.com\\\/de\\\/productos\\\/libreria\\\/#primaryimage\"},\"thumbnailUrl\":\"https:\\\/\\\/mueble4you.com\\\/wp-content\\\/uploads\\\/2025\\\/10\\\/1971_3.jpg\",\"datePublished\":\"2025-10-28T13:14:50+00:00\",\"dateModified\":\"2025-10-29T17:22:14+00:00\",\"breadcrumb\":{\"@id\":\"https:\\\/\\\/mueble4you.com\\\/de\\\/productos\\\/libreria\\\/#breadcrumb\"},\"inLanguage\":\"de\",\"potentialAction\":[{\"@type\":\"ReadAction\",\"target\":[\"https:\\\/\\\/mueble4you.com\\\/de\\\/productos\\\/libreria\\\/\"]}]},{\"@type\":\"ImageObject\",\"inLanguage\":\"de\",\"@id\":\"https:\\\/\\\/mueble4you.com\\\/de\\\/productos\\\/libreria\\\/#primaryimage\",\"url\":\"https:\\\/\\\/mueble4you.com\\\/wp-content\\\/uploads\\\/2025\\\/10\\\/1971_3.jpg\",\"contentUrl\":\"https:\\\/\\\/mueble4you.com\\\/wp-content\\\/uploads\\\/2025\\\/10\\\/1971_3.jpg\",\"width\":483,\"height\":768},{\"@type\":\"BreadcrumbList\",\"@id\":\"https:\\\/\\\/mueble4you.com\\\/de\\\/productos\\\/libreria\\\/#breadcrumb\",\"itemListElement\":[{\"@type\":\"ListItem\",\"position\":1,\"name\":\"Portada\",\"item\":\"https:\\\/\\\/mueble4you.com\\\/de\\\/\"},{\"@type\":\"ListItem\",\"position\":2,\"name\":\"Productos\",\"item\":\"https:\\\/\\\/mueble4you.com\\\/productos\\\/\"},{\"@type\":\"ListItem\",\"position\":3,\"name\":\"B\u00dcCHERREGAL 180CMX80 T\u00dcR MIT DIAMANTENSPITZE.\"}]},{\"@type\":\"WebSite\",\"@id\":\"https:\\\/\\\/mueble4you.com\\\/#website\",\"url\":\"https:\\\/\\\/mueble4you.com\\\/\",\"name\":\"mueble4you\",\"description\":\"M\u00f6bel in Teneriffa\",\"potentialAction\":[{\"@type\":\"SearchAction\",\"target\":{\"@type\":\"EntryPoint\",\"urlTemplate\":\"https:\\\/\\\/mueble4you.com\\\/?s={search_term_string}\"},\"query-input\":{\"@type\":\"PropertyValueSpecification\",\"valueRequired\":true,\"valueName\":\"search_term_string\"}}],\"inLanguage\":\"de\"}]}<\/script>\n<!-- \/ Yoast SEO plugin. -->","yoast_head_json":{"title":"B\u00dcCHERREGAL 180CMX80 T\u00dcR MIT DIAMANTENSPITZE. | mueble4you","robots":{"index":"index","follow":"follow","max-snippet":"max-snippet:-1","max-image-preview":"max-image-preview:large","max-video-preview":"max-video-preview:-1"},"canonical":"https:\/\/mueble4you.com\/de\/productos\/libreria\/","og_locale":"de_DE","og_type":"article","og_title":"B\u00dcCHERREGAL 180CMX80 T\u00dcR MIT DIAMANTENSPITZE. | mueble4you","og_description":"Dieses elegante B\u00fccherregal besteht aus Mangoholz, einem robusten und langlebigen Material, das sich durch seine nat\u00fcrliche Maserung auszeichnet. Die gesamte Struktur ist in Haselnussfarbe gehalten. Das Design verf\u00fcgt \u00fcber drei offene Regale, die Platz f\u00fcr die Organisation von Dekorationsgegenst\u00e4nden oder B\u00fcchern bieten. Unten zwei T\u00fcren mit einem Innenregal in Mattschwarz. Die T\u00fcren sind mit einem [...]","og_url":"https:\/\/mueble4you.com\/de\/productos\/libreria\/","og_site_name":"mueble4you","article_modified_time":"2025-10-29T17:22:14+00:00","og_image":[{"width":483,"height":768,"url":"https:\/\/mueble4you.com\/wp-content\/uploads\/2025\/10\/1971_3.jpg","type":"image\/jpeg"}],"twitter_card":"summary_large_image","twitter_misc":{"Gesch\u00e4tzte Lesezeit":"1\u00a0Minute"},"schema":{"@context":"https:\/\/schema.org","@graph":[{"@type":"WebPage","@id":"https:\/\/mueble4you.com\/de\/productos\/libreria\/","url":"https:\/\/mueble4you.com\/de\/productos\/libreria\/","name":"B\u00dcCHERREGAL 180CMX80 T\u00dcR MIT DIAMANTENSPITZE. | mueble4you","isPartOf":{"@id":"https:\/\/mueble4you.com\/#website"},"primaryImageOfPage":{"@id":"https:\/\/mueble4you.com\/de\/productos\/libreria\/#primaryimage"},"image":{"@id":"https:\/\/mueble4you.com\/de\/productos\/libreria\/#primaryimage"},"thumbnailUrl":"https:\/\/mueble4you.com\/wp-content\/uploads\/2025\/10\/1971_3.jpg","datePublished":"2025-10-28T13:14:50+00:00","dateModified":"2025-10-29T17:22:14+00:00","breadcrumb":{"@id":"https:\/\/mueble4you.com\/de\/productos\/libreria\/#breadcrumb"},"inLanguage":"de","potentialAction":[{"@type":"ReadAction","target":["https:\/\/mueble4you.com\/de\/productos\/libreria\/"]}]},{"@type":"ImageObject","inLanguage":"de","@id":"https:\/\/mueble4you.com\/de\/productos\/libreria\/#primaryimage","url":"https:\/\/mueble4you.com\/wp-content\/uploads\/2025\/10\/1971_3.jpg","contentUrl":"https:\/\/mueble4you.com\/wp-content\/uploads\/2025\/10\/1971_3.jpg","width":483,"height":768},{"@type":"BreadcrumbList","@id":"https:\/\/mueble4you.com\/de\/productos\/libreria\/#breadcrumb","itemListElement":[{"@type":"ListItem","position":1,"name":"Portada","item":"https:\/\/mueble4you.com\/de\/"},{"@type":"ListItem","position":2,"name":"Productos","item":"https:\/\/mueble4you.com\/productos\/"},{"@type":"ListItem","position":3,"name":"B\u00dcCHERREGAL 180CMX80 T\u00dcR MIT DIAMANTENSPITZE."}]},{"@type":"WebSite","@id":"https:\/\/mueble4you.com\/#website","url":"https:\/\/mueble4you.com\/","name":"mueble4you","description":"M\u00f6bel in Teneriffa","potentialAction":[{"@type":"SearchAction","target":{"@type":"EntryPoint","urlTemplate":"https:\/\/mueble4you.com\/?s={search_term_string}"},"query-input":{"@type":"PropertyValueSpecification","valueRequired":true,"valueName":"search_term_string"}}],"inLanguage":"de"}]}},"_links":{"self":[{"href":"https:\/\/mueble4you.com\/de\/wp-json\/wp\/v2\/product\/85567","targetHints":{"allow":["GET"]}}],"collection":[{"href":"https:\/\/mueble4you.com\/de\/wp-json\/wp\/v2\/product"}],"about":[{"href":"https:\/\/mueble4you.com\/de\/wp-json\/wp\/v2\/types\/product"}],"wp:featuredmedia":[{"embeddable":true,"href":"https:\/\/mueble4you.com\/de\/wp-json\/wp\/v2\/media\/85548"}],"wp:attachment":[{"href":"https:\/\/mueble4you.com\/de\/wp-json\/wp\/v2\/media?parent=85567"}],"wp:term":[{"taxonomy":"product_brand","embeddable":true,"href":"https:\/\/mueble4you.com\/de\/wp-json\/wp\/v2\/product_brand?post=85567"},{"taxonomy":"product_cat","embeddable":true,"href":"https:\/\/mueble4you.com\/de\/wp-json\/wp\/v2\/product_cat?post=85567"},{"taxonomy":"product_tag","embeddable":true,"href":"https:\/\/mueble4you.com\/de\/wp-json\/wp\/v2\/product_tag?post=85567"}],"curies":[{"name":"wp","href":"https:\/\/api.w.org\/{rel}","templated":true}]}}