{"id":85541,"date":"2025-10-27T15:23:59","date_gmt":"2025-10-27T15:23:59","guid":{"rendered":"https:\/\/mueble4you.com\/productos\/mesa-de-centro-120cm-2\/"},"modified":"2025-10-29T17:44:14","modified_gmt":"2025-10-29T17:44:14","slug":"mesa-de-centro-120cm-2","status":"publish","type":"product","link":"https:\/\/mueble4you.com\/de\/productos\/mesa-de-centro-120cm-2\/","title":{"rendered":"Couchtisch 120 cm."},"content":{"rendered":"<p>Couchtisch aus Mangoholz in nat\u00fcrlicher Farbe, mit einem Design aus klaren Linien und abgerundeten Ecken, das seinen modernen und gem\u00fctlichen Stil unterstreicht. Dank seiner gro\u00dfen Oberfl\u00e4che passt er ideal in jeden Raum und verf\u00fcgt \u00fcber einen praktischen integrierten Zeitschriftenst\u00e4nder, der zus\u00e4tzlichen und organisierten Stauraum bietet. Naturholzdetails sorgen f\u00fcr eine elegante Balance zwischen Funktionalit\u00e4t und minimalistischer \u00c4sthetik.<\/p>\n<p>\u25cf H\u00f6he: 40 cm.<\/p>\n<p>\u25cf L\u00e4nge: 120 cm.<\/p>\n<p>\u25cf Breite: 70 cm.<\/p>\n<p>\u25cf Material: Mangoholz.<\/p>\n<p>\u25cf Farbe: Nat\u00fcrlich.<\/p>\n","protected":false},"excerpt":{"rendered":"<p>Couchtisch aus Mangoholz in nat\u00fcrlicher Farbe, mit einem Design aus klaren Linien und abgerundeten Ecken, das seinen modernen und gem\u00fctlichen Stil unterstreicht. Dank seiner gro\u00dfen Oberfl\u00e4che passt er ideal in jeden Raum und verf\u00fcgt \u00fcber einen praktischen integrierten Zeitschriftenst\u00e4nder, der zus\u00e4tzlichen und organisierten Stauraum bietet. Naturholzdetails sorgen f\u00fcr eine elegante Balance zwischen Funktionalit\u00e4t und minimalistischer [&#8230;]\n","protected":false},"featured_media":85468,"template":"","meta":[],"product_brand":[],"product_cat":[358,272],"product_tag":[],"class_list":{"0":"post-85541","1":"product","2":"type-product","3":"status-publish","4":"has-post-thumbnail","6":"product_cat-couchtisch","7":"product_cat-wohnzimmer","9":"first","10":"instock","11":"shipping-taxable","12":"product-type-simple"},"yoast_head":"<!-- This site is optimized with the Yoast SEO plugin v27.2 - https:\/\/yoast.com\/product\/yoast-seo-wordpress\/ -->\n<title>Couchtisch 120 cm. | mueble4you<\/title>\n<meta name=\"robots\" content=\"index, follow, max-snippet:-1, max-image-preview:large, max-video-preview:-1\" \/>\n<link rel=\"canonical\" href=\"https:\/\/mueble4you.com\/de\/productos\/mesa-de-centro-120cm-2\/\" \/>\n<meta property=\"og:locale\" content=\"de_DE\" \/>\n<meta property=\"og:type\" content=\"article\" \/>\n<meta property=\"og:title\" content=\"Couchtisch 120 cm. | mueble4you\" \/>\n<meta property=\"og:description\" content=\"Couchtisch aus Mangoholz in nat\u00fcrlicher Farbe, mit einem Design aus klaren Linien und abgerundeten Ecken, das seinen modernen und gem\u00fctlichen Stil unterstreicht. Dank seiner gro\u00dfen Oberfl\u00e4che passt er ideal in jeden Raum und verf\u00fcgt \u00fcber einen praktischen integrierten Zeitschriftenst\u00e4nder, der zus\u00e4tzlichen und organisierten Stauraum bietet. Naturholzdetails sorgen f\u00fcr eine elegante Balance zwischen Funktionalit\u00e4t und minimalistischer [...]\" \/>\n<meta property=\"og:url\" content=\"https:\/\/mueble4you.com\/de\/productos\/mesa-de-centro-120cm-2\/\" \/>\n<meta property=\"og:site_name\" content=\"mueble4you\" \/>\n<meta property=\"article:modified_time\" content=\"2025-10-29T17:44:14+00:00\" \/>\n<meta property=\"og:image\" content=\"https:\/\/mueble4you.com\/wp-content\/uploads\/2025\/10\/1930_3.jpg\" \/>\n\t<meta property=\"og:image:width\" content=\"1024\" \/>\n\t<meta property=\"og:image:height\" content=\"530\" \/>\n\t<meta property=\"og:image:type\" content=\"image\/jpeg\" \/>\n<meta name=\"twitter:card\" content=\"summary_large_image\" \/>\n<script type=\"application\/ld+json\" class=\"yoast-schema-graph\">{\"@context\":\"https:\/\/schema.org\",\"@graph\":[{\"@type\":\"WebPage\",\"@id\":\"https:\/\/mueble4you.com\/de\/productos\/mesa-de-centro-120cm-2\/\",\"url\":\"https:\/\/mueble4you.com\/de\/productos\/mesa-de-centro-120cm-2\/\",\"name\":\"Couchtisch 120 cm. | mueble4you\",\"isPartOf\":{\"@id\":\"https:\/\/mueble4you.com\/#website\"},\"primaryImageOfPage\":{\"@id\":\"https:\/\/mueble4you.com\/de\/productos\/mesa-de-centro-120cm-2\/#primaryimage\"},\"image\":{\"@id\":\"https:\/\/mueble4you.com\/de\/productos\/mesa-de-centro-120cm-2\/#primaryimage\"},\"thumbnailUrl\":\"https:\/\/mueble4you.com\/wp-content\/uploads\/2025\/10\/1930_3.jpg\",\"datePublished\":\"2025-10-27T15:23:59+00:00\",\"dateModified\":\"2025-10-29T17:44:14+00:00\",\"breadcrumb\":{\"@id\":\"https:\/\/mueble4you.com\/de\/productos\/mesa-de-centro-120cm-2\/#breadcrumb\"},\"inLanguage\":\"de\",\"potentialAction\":[{\"@type\":\"ReadAction\",\"target\":[\"https:\/\/mueble4you.com\/de\/productos\/mesa-de-centro-120cm-2\/\"]}]},{\"@type\":\"ImageObject\",\"inLanguage\":\"de\",\"@id\":\"https:\/\/mueble4you.com\/de\/productos\/mesa-de-centro-120cm-2\/#primaryimage\",\"url\":\"https:\/\/mueble4you.com\/wp-content\/uploads\/2025\/10\/1930_3.jpg\",\"contentUrl\":\"https:\/\/mueble4you.com\/wp-content\/uploads\/2025\/10\/1930_3.jpg\",\"width\":1024,\"height\":530},{\"@type\":\"BreadcrumbList\",\"@id\":\"https:\/\/mueble4you.com\/de\/productos\/mesa-de-centro-120cm-2\/#breadcrumb\",\"itemListElement\":[{\"@type\":\"ListItem\",\"position\":1,\"name\":\"Portada\",\"item\":\"https:\/\/mueble4you.com\/de\/\"},{\"@type\":\"ListItem\",\"position\":2,\"name\":\"Productos\",\"item\":\"https:\/\/mueble4you.com\/productos\/\"},{\"@type\":\"ListItem\",\"position\":3,\"name\":\"Couchtisch 120 cm.\"}]},{\"@type\":\"WebSite\",\"@id\":\"https:\/\/mueble4you.com\/#website\",\"url\":\"https:\/\/mueble4you.com\/\",\"name\":\"mueble4you\",\"description\":\"M\u00f6bel in Teneriffa\",\"potentialAction\":[{\"@type\":\"SearchAction\",\"target\":{\"@type\":\"EntryPoint\",\"urlTemplate\":\"https:\/\/mueble4you.com\/?s={search_term_string}\"},\"query-input\":{\"@type\":\"PropertyValueSpecification\",\"valueRequired\":true,\"valueName\":\"search_term_string\"}}],\"inLanguage\":\"de\"}]}<\/script>\n<!-- \/ Yoast SEO plugin. -->","yoast_head_json":{"title":"Couchtisch 120 cm. | mueble4you","robots":{"index":"index","follow":"follow","max-snippet":"max-snippet:-1","max-image-preview":"max-image-preview:large","max-video-preview":"max-video-preview:-1"},"canonical":"https:\/\/mueble4you.com\/de\/productos\/mesa-de-centro-120cm-2\/","og_locale":"de_DE","og_type":"article","og_title":"Couchtisch 120 cm. | mueble4you","og_description":"Couchtisch aus Mangoholz in nat\u00fcrlicher Farbe, mit einem Design aus klaren Linien und abgerundeten Ecken, das seinen modernen und gem\u00fctlichen Stil unterstreicht. Dank seiner gro\u00dfen Oberfl\u00e4che passt er ideal in jeden Raum und verf\u00fcgt \u00fcber einen praktischen integrierten Zeitschriftenst\u00e4nder, der zus\u00e4tzlichen und organisierten Stauraum bietet. Naturholzdetails sorgen f\u00fcr eine elegante Balance zwischen Funktionalit\u00e4t und minimalistischer [...]","og_url":"https:\/\/mueble4you.com\/de\/productos\/mesa-de-centro-120cm-2\/","og_site_name":"mueble4you","article_modified_time":"2025-10-29T17:44:14+00:00","og_image":[{"width":1024,"height":530,"url":"https:\/\/mueble4you.com\/wp-content\/uploads\/2025\/10\/1930_3.jpg","type":"image\/jpeg"}],"twitter_card":"summary_large_image","schema":{"@context":"https:\/\/schema.org","@graph":[{"@type":"WebPage","@id":"https:\/\/mueble4you.com\/de\/productos\/mesa-de-centro-120cm-2\/","url":"https:\/\/mueble4you.com\/de\/productos\/mesa-de-centro-120cm-2\/","name":"Couchtisch 120 cm. | mueble4you","isPartOf":{"@id":"https:\/\/mueble4you.com\/#website"},"primaryImageOfPage":{"@id":"https:\/\/mueble4you.com\/de\/productos\/mesa-de-centro-120cm-2\/#primaryimage"},"image":{"@id":"https:\/\/mueble4you.com\/de\/productos\/mesa-de-centro-120cm-2\/#primaryimage"},"thumbnailUrl":"https:\/\/mueble4you.com\/wp-content\/uploads\/2025\/10\/1930_3.jpg","datePublished":"2025-10-27T15:23:59+00:00","dateModified":"2025-10-29T17:44:14+00:00","breadcrumb":{"@id":"https:\/\/mueble4you.com\/de\/productos\/mesa-de-centro-120cm-2\/#breadcrumb"},"inLanguage":"de","potentialAction":[{"@type":"ReadAction","target":["https:\/\/mueble4you.com\/de\/productos\/mesa-de-centro-120cm-2\/"]}]},{"@type":"ImageObject","inLanguage":"de","@id":"https:\/\/mueble4you.com\/de\/productos\/mesa-de-centro-120cm-2\/#primaryimage","url":"https:\/\/mueble4you.com\/wp-content\/uploads\/2025\/10\/1930_3.jpg","contentUrl":"https:\/\/mueble4you.com\/wp-content\/uploads\/2025\/10\/1930_3.jpg","width":1024,"height":530},{"@type":"BreadcrumbList","@id":"https:\/\/mueble4you.com\/de\/productos\/mesa-de-centro-120cm-2\/#breadcrumb","itemListElement":[{"@type":"ListItem","position":1,"name":"Portada","item":"https:\/\/mueble4you.com\/de\/"},{"@type":"ListItem","position":2,"name":"Productos","item":"https:\/\/mueble4you.com\/productos\/"},{"@type":"ListItem","position":3,"name":"Couchtisch 120 cm."}]},{"@type":"WebSite","@id":"https:\/\/mueble4you.com\/#website","url":"https:\/\/mueble4you.com\/","name":"mueble4you","description":"M\u00f6bel in Teneriffa","potentialAction":[{"@type":"SearchAction","target":{"@type":"EntryPoint","urlTemplate":"https:\/\/mueble4you.com\/?s={search_term_string}"},"query-input":{"@type":"PropertyValueSpecification","valueRequired":true,"valueName":"search_term_string"}}],"inLanguage":"de"}]}},"_links":{"self":[{"href":"https:\/\/mueble4you.com\/de\/wp-json\/wp\/v2\/product\/85541","targetHints":{"allow":["GET"]}}],"collection":[{"href":"https:\/\/mueble4you.com\/de\/wp-json\/wp\/v2\/product"}],"about":[{"href":"https:\/\/mueble4you.com\/de\/wp-json\/wp\/v2\/types\/product"}],"wp:featuredmedia":[{"embeddable":true,"href":"https:\/\/mueble4you.com\/de\/wp-json\/wp\/v2\/media\/85468"}],"wp:attachment":[{"href":"https:\/\/mueble4you.com\/de\/wp-json\/wp\/v2\/media?parent=85541"}],"wp:term":[{"taxonomy":"product_brand","embeddable":true,"href":"https:\/\/mueble4you.com\/de\/wp-json\/wp\/v2\/product_brand?post=85541"},{"taxonomy":"product_cat","embeddable":true,"href":"https:\/\/mueble4you.com\/de\/wp-json\/wp\/v2\/product_cat?post=85541"},{"taxonomy":"product_tag","embeddable":true,"href":"https:\/\/mueble4you.com\/de\/wp-json\/wp\/v2\/product_tag?post=85541"}],"curies":[{"name":"wp","href":"https:\/\/api.w.org\/{rel}","templated":true}]}}