{"id":85532,"date":"2025-10-27T15:53:14","date_gmt":"2025-10-27T15:53:14","guid":{"rendered":"https:\/\/mueble4you.com\/productos\/consola-labarada-180cm\/"},"modified":"2025-10-29T17:30:52","modified_gmt":"2025-10-29T17:30:52","slug":"consola-labarada-180cm","status":"publish","type":"product","link":"https:\/\/mueble4you.com\/de\/productos\/consola-labarada-180cm\/","title":{"rendered":"LABARADE-KONSOLE 180CM."},"content":{"rendered":"<p>Diese imposante Flurkonsole aus Mangoholz. Die nat\u00fcrliche Farbgebung hebt die Maserung und Nuancen des Holzes hervor. Das St\u00fcck besteht aus einer gro\u00dfen Platte mit umlaufender Leiste, die doppelte Front in Patinagrau sticht hervor, was einen attraktiven Kontrast schafft. Seine Struktur ruht auf sechs gedrechselten Beinen mit eleganten Formen und ausgewogenen Proportionen. Unten bietet ein durchgehendes Regal zus\u00e4tzlichen Platz zum Dekorieren oder Aufbewahren und sorgt so f\u00fcr Funktionalit\u00e4t, ohne die optische Leichtigkeit des Sets zu beeintr\u00e4chtigen.<\/p>\n<p>\u25cf H\u00f6he: 80 cm.<\/p>\n<p>\u25cf L\u00e4nge: 180 cm.<\/p>\n<p>\u25cf Breite: 40 cm.<\/p>\n<p>\u25cf Material: Griff<\/p>\n<p>\u25cf Farbe: Naturgraue Patina<\/p>\n","protected":false},"excerpt":{"rendered":"<p>Diese imposante Flurkonsole aus Mangoholz. Die nat\u00fcrliche Farbgebung hebt die Maserung und Nuancen des Holzes hervor. Das St\u00fcck besteht aus einer gro\u00dfen Platte mit umlaufender Leiste, die doppelte Front in Patinagrau sticht hervor, was einen attraktiven Kontrast schafft. Seine Struktur ruht auf sechs gedrechselten Beinen mit eleganten Formen und ausgewogenen Proportionen. Unten bietet ein durchgehendes [&#8230;]\n","protected":false},"featured_media":85506,"template":"","meta":[],"product_brand":[],"product_cat":[361,272],"product_tag":[],"class_list":{"0":"post-85532","1":"product","2":"type-product","3":"status-publish","4":"has-post-thumbnail","6":"product_cat-konsolen","7":"product_cat-wohnzimmer","9":"first","10":"instock","11":"shipping-taxable","12":"product-type-simple"},"yoast_head":"<!-- This site is optimized with the Yoast SEO plugin v27.2 - https:\/\/yoast.com\/product\/yoast-seo-wordpress\/ -->\n<title>LABARADE-KONSOLE 180CM. | mueble4you<\/title>\n<meta name=\"robots\" content=\"index, follow, max-snippet:-1, max-image-preview:large, max-video-preview:-1\" \/>\n<link rel=\"canonical\" href=\"https:\/\/mueble4you.com\/de\/productos\/consola-labarada-180cm\/\" \/>\n<meta property=\"og:locale\" content=\"de_DE\" \/>\n<meta property=\"og:type\" content=\"article\" \/>\n<meta property=\"og:title\" content=\"LABARADE-KONSOLE 180CM. | mueble4you\" \/>\n<meta property=\"og:description\" content=\"Diese imposante Flurkonsole aus Mangoholz. Die nat\u00fcrliche Farbgebung hebt die Maserung und Nuancen des Holzes hervor. Das St\u00fcck besteht aus einer gro\u00dfen Platte mit umlaufender Leiste, die doppelte Front in Patinagrau sticht hervor, was einen attraktiven Kontrast schafft. Seine Struktur ruht auf sechs gedrechselten Beinen mit eleganten Formen und ausgewogenen Proportionen. Unten bietet ein durchgehendes [...]\" \/>\n<meta property=\"og:url\" content=\"https:\/\/mueble4you.com\/de\/productos\/consola-labarada-180cm\/\" \/>\n<meta property=\"og:site_name\" content=\"mueble4you\" \/>\n<meta property=\"article:modified_time\" content=\"2025-10-29T17:30:52+00:00\" \/>\n<meta property=\"og:image\" content=\"https:\/\/mueble4you.com\/wp-content\/uploads\/2025\/10\/1963_3-Copy.jpg\" \/>\n\t<meta property=\"og:image:width\" content=\"1024\" \/>\n\t<meta property=\"og:image:height\" content=\"608\" \/>\n\t<meta property=\"og:image:type\" content=\"image\/jpeg\" \/>\n<meta name=\"twitter:card\" content=\"summary_large_image\" \/>\n<script type=\"application\/ld+json\" class=\"yoast-schema-graph\">{\"@context\":\"https:\/\/schema.org\",\"@graph\":[{\"@type\":\"WebPage\",\"@id\":\"https:\/\/mueble4you.com\/de\/productos\/consola-labarada-180cm\/\",\"url\":\"https:\/\/mueble4you.com\/de\/productos\/consola-labarada-180cm\/\",\"name\":\"LABARADE-KONSOLE 180CM. | mueble4you\",\"isPartOf\":{\"@id\":\"https:\/\/mueble4you.com\/#website\"},\"primaryImageOfPage\":{\"@id\":\"https:\/\/mueble4you.com\/de\/productos\/consola-labarada-180cm\/#primaryimage\"},\"image\":{\"@id\":\"https:\/\/mueble4you.com\/de\/productos\/consola-labarada-180cm\/#primaryimage\"},\"thumbnailUrl\":\"https:\/\/mueble4you.com\/wp-content\/uploads\/2025\/10\/1963_3-Copy.jpg\",\"datePublished\":\"2025-10-27T15:53:14+00:00\",\"dateModified\":\"2025-10-29T17:30:52+00:00\",\"breadcrumb\":{\"@id\":\"https:\/\/mueble4you.com\/de\/productos\/consola-labarada-180cm\/#breadcrumb\"},\"inLanguage\":\"de\",\"potentialAction\":[{\"@type\":\"ReadAction\",\"target\":[\"https:\/\/mueble4you.com\/de\/productos\/consola-labarada-180cm\/\"]}]},{\"@type\":\"ImageObject\",\"inLanguage\":\"de\",\"@id\":\"https:\/\/mueble4you.com\/de\/productos\/consola-labarada-180cm\/#primaryimage\",\"url\":\"https:\/\/mueble4you.com\/wp-content\/uploads\/2025\/10\/1963_3-Copy.jpg\",\"contentUrl\":\"https:\/\/mueble4you.com\/wp-content\/uploads\/2025\/10\/1963_3-Copy.jpg\",\"width\":1024,\"height\":608},{\"@type\":\"BreadcrumbList\",\"@id\":\"https:\/\/mueble4you.com\/de\/productos\/consola-labarada-180cm\/#breadcrumb\",\"itemListElement\":[{\"@type\":\"ListItem\",\"position\":1,\"name\":\"Portada\",\"item\":\"https:\/\/mueble4you.com\/de\/\"},{\"@type\":\"ListItem\",\"position\":2,\"name\":\"Productos\",\"item\":\"https:\/\/mueble4you.com\/productos\/\"},{\"@type\":\"ListItem\",\"position\":3,\"name\":\"LABARADE-KONSOLE 180CM.\"}]},{\"@type\":\"WebSite\",\"@id\":\"https:\/\/mueble4you.com\/#website\",\"url\":\"https:\/\/mueble4you.com\/\",\"name\":\"mueble4you\",\"description\":\"M\u00f6bel in Teneriffa\",\"potentialAction\":[{\"@type\":\"SearchAction\",\"target\":{\"@type\":\"EntryPoint\",\"urlTemplate\":\"https:\/\/mueble4you.com\/?s={search_term_string}\"},\"query-input\":{\"@type\":\"PropertyValueSpecification\",\"valueRequired\":true,\"valueName\":\"search_term_string\"}}],\"inLanguage\":\"de\"}]}<\/script>\n<!-- \/ Yoast SEO plugin. -->","yoast_head_json":{"title":"LABARADE-KONSOLE 180CM. | mueble4you","robots":{"index":"index","follow":"follow","max-snippet":"max-snippet:-1","max-image-preview":"max-image-preview:large","max-video-preview":"max-video-preview:-1"},"canonical":"https:\/\/mueble4you.com\/de\/productos\/consola-labarada-180cm\/","og_locale":"de_DE","og_type":"article","og_title":"LABARADE-KONSOLE 180CM. | mueble4you","og_description":"Diese imposante Flurkonsole aus Mangoholz. Die nat\u00fcrliche Farbgebung hebt die Maserung und Nuancen des Holzes hervor. Das St\u00fcck besteht aus einer gro\u00dfen Platte mit umlaufender Leiste, die doppelte Front in Patinagrau sticht hervor, was einen attraktiven Kontrast schafft. Seine Struktur ruht auf sechs gedrechselten Beinen mit eleganten Formen und ausgewogenen Proportionen. Unten bietet ein durchgehendes [...]","og_url":"https:\/\/mueble4you.com\/de\/productos\/consola-labarada-180cm\/","og_site_name":"mueble4you","article_modified_time":"2025-10-29T17:30:52+00:00","og_image":[{"width":1024,"height":608,"url":"https:\/\/mueble4you.com\/wp-content\/uploads\/2025\/10\/1963_3-Copy.jpg","type":"image\/jpeg"}],"twitter_card":"summary_large_image","schema":{"@context":"https:\/\/schema.org","@graph":[{"@type":"WebPage","@id":"https:\/\/mueble4you.com\/de\/productos\/consola-labarada-180cm\/","url":"https:\/\/mueble4you.com\/de\/productos\/consola-labarada-180cm\/","name":"LABARADE-KONSOLE 180CM. | mueble4you","isPartOf":{"@id":"https:\/\/mueble4you.com\/#website"},"primaryImageOfPage":{"@id":"https:\/\/mueble4you.com\/de\/productos\/consola-labarada-180cm\/#primaryimage"},"image":{"@id":"https:\/\/mueble4you.com\/de\/productos\/consola-labarada-180cm\/#primaryimage"},"thumbnailUrl":"https:\/\/mueble4you.com\/wp-content\/uploads\/2025\/10\/1963_3-Copy.jpg","datePublished":"2025-10-27T15:53:14+00:00","dateModified":"2025-10-29T17:30:52+00:00","breadcrumb":{"@id":"https:\/\/mueble4you.com\/de\/productos\/consola-labarada-180cm\/#breadcrumb"},"inLanguage":"de","potentialAction":[{"@type":"ReadAction","target":["https:\/\/mueble4you.com\/de\/productos\/consola-labarada-180cm\/"]}]},{"@type":"ImageObject","inLanguage":"de","@id":"https:\/\/mueble4you.com\/de\/productos\/consola-labarada-180cm\/#primaryimage","url":"https:\/\/mueble4you.com\/wp-content\/uploads\/2025\/10\/1963_3-Copy.jpg","contentUrl":"https:\/\/mueble4you.com\/wp-content\/uploads\/2025\/10\/1963_3-Copy.jpg","width":1024,"height":608},{"@type":"BreadcrumbList","@id":"https:\/\/mueble4you.com\/de\/productos\/consola-labarada-180cm\/#breadcrumb","itemListElement":[{"@type":"ListItem","position":1,"name":"Portada","item":"https:\/\/mueble4you.com\/de\/"},{"@type":"ListItem","position":2,"name":"Productos","item":"https:\/\/mueble4you.com\/productos\/"},{"@type":"ListItem","position":3,"name":"LABARADE-KONSOLE 180CM."}]},{"@type":"WebSite","@id":"https:\/\/mueble4you.com\/#website","url":"https:\/\/mueble4you.com\/","name":"mueble4you","description":"M\u00f6bel in Teneriffa","potentialAction":[{"@type":"SearchAction","target":{"@type":"EntryPoint","urlTemplate":"https:\/\/mueble4you.com\/?s={search_term_string}"},"query-input":{"@type":"PropertyValueSpecification","valueRequired":true,"valueName":"search_term_string"}}],"inLanguage":"de"}]}},"_links":{"self":[{"href":"https:\/\/mueble4you.com\/de\/wp-json\/wp\/v2\/product\/85532","targetHints":{"allow":["GET"]}}],"collection":[{"href":"https:\/\/mueble4you.com\/de\/wp-json\/wp\/v2\/product"}],"about":[{"href":"https:\/\/mueble4you.com\/de\/wp-json\/wp\/v2\/types\/product"}],"wp:featuredmedia":[{"embeddable":true,"href":"https:\/\/mueble4you.com\/de\/wp-json\/wp\/v2\/media\/85506"}],"wp:attachment":[{"href":"https:\/\/mueble4you.com\/de\/wp-json\/wp\/v2\/media?parent=85532"}],"wp:term":[{"taxonomy":"product_brand","embeddable":true,"href":"https:\/\/mueble4you.com\/de\/wp-json\/wp\/v2\/product_brand?post=85532"},{"taxonomy":"product_cat","embeddable":true,"href":"https:\/\/mueble4you.com\/de\/wp-json\/wp\/v2\/product_cat?post=85532"},{"taxonomy":"product_tag","embeddable":true,"href":"https:\/\/mueble4you.com\/de\/wp-json\/wp\/v2\/product_tag?post=85532"}],"curies":[{"name":"wp","href":"https:\/\/api.w.org\/{rel}","templated":true}]}}