{"id":85379,"date":"2025-10-22T13:22:21","date_gmt":"2025-10-22T13:22:21","guid":{"rendered":"https:\/\/mueble4you.com\/productos\/sillon-bistro-rattan\/"},"modified":"2025-10-30T14:59:37","modified_gmt":"2025-10-30T14:59:37","slug":"sillon-bistro-rattan","status":"publish","type":"product","link":"https:\/\/mueble4you.com\/de\/productos\/sillon-bistro-rattan\/","title":{"rendered":"Bistro-Stuhl aus Rattan."},"content":{"rendered":"<ul>\n<li>Material: Rattan.<\/li>\n<li><span style=\"color: #555555;\">Ma\u00dfe: 56 x 62 x 80 cm.<\/span><\/li>\n<li><span style=\"color: #555555;\">Hinweis: Handgefertigt aus Naturmaterialien.<\/span><\/li>\n<li><span style=\"color: #555555;\">Hinweis 1: Sitzh\u00f6he 44 cm.<\/span><\/li>\n<li><span style=\"color: #555555;\">Hinweis 2: Armlehnenh\u00f6he 65 cm.<\/span><\/li>\n<li><span style=\"color: #555555;\">Hinweis 3: Stapelbar.<\/span><\/li>\n<li><span style=\"color: #555555;\">Hinweis 4: Mit einem trockenen Tuch abwischen.<\/span><\/li>\n<\/ul>\n","protected":false},"excerpt":{"rendered":"<p>Material: Rattan. Ma\u00dfe: 56 x 62 x 80 cm. Hinweis: Handgefertigt aus Naturmaterialien. Hinweis 1: Sitzh\u00f6he 44 cm. Hinweis 2: Armlehnenh\u00f6he 65 cm. Hinweis 3: Stapelbar. Hinweis 4: Mit einem trockenen Tuch abwischen.<\/p>\n","protected":false},"featured_media":85375,"template":"","meta":[],"product_brand":[],"product_cat":[268,353],"product_tag":[],"class_list":{"0":"post-85379","1":"product","2":"type-product","3":"status-publish","4":"has-post-thumbnail","6":"product_cat-esszimmer","7":"product_cat-esszimmerstuehle","9":"first","10":"instock","11":"shipping-taxable","12":"product-type-simple"},"yoast_head":"<!-- This site is optimized with the Yoast SEO plugin v27.3 - https:\/\/yoast.com\/product\/yoast-seo-wordpress\/ -->\n<title>Bistro-Stuhl aus Rattan. | mueble4you<\/title>\n<meta name=\"robots\" content=\"index, follow, max-snippet:-1, max-image-preview:large, max-video-preview:-1\" \/>\n<link rel=\"canonical\" href=\"https:\/\/mueble4you.com\/de\/productos\/sillon-bistro-rattan\/\" \/>\n<meta property=\"og:locale\" content=\"de_DE\" \/>\n<meta property=\"og:type\" content=\"article\" \/>\n<meta property=\"og:title\" content=\"Bistro-Stuhl aus Rattan. | mueble4you\" \/>\n<meta property=\"og:description\" content=\"Material: Rattan. Ma\u00dfe: 56 x 62 x 80 cm. Hinweis: Handgefertigt aus Naturmaterialien. Hinweis 1: Sitzh\u00f6he 44 cm. Hinweis 2: Armlehnenh\u00f6he 65 cm. Hinweis 3: Stapelbar. Hinweis 4: Mit einem trockenen Tuch abwischen.\" \/>\n<meta property=\"og:url\" content=\"https:\/\/mueble4you.com\/de\/productos\/sillon-bistro-rattan\/\" \/>\n<meta property=\"og:site_name\" content=\"mueble4you\" \/>\n<meta property=\"article:modified_time\" content=\"2025-10-30T14:59:37+00:00\" \/>\n<meta property=\"og:image\" content=\"https:\/\/mueble4you.com\/wp-content\/uploads\/2025\/10\/717102_0.jpg\" \/>\n\t<meta property=\"og:image:width\" content=\"1150\" \/>\n\t<meta property=\"og:image:height\" content=\"1255\" \/>\n\t<meta property=\"og:image:type\" content=\"image\/jpeg\" \/>\n<meta name=\"twitter:card\" content=\"summary_large_image\" \/>\n<script type=\"application\/ld+json\" class=\"yoast-schema-graph\">{\"@context\":\"https:\\\/\\\/schema.org\",\"@graph\":[{\"@type\":\"WebPage\",\"@id\":\"https:\\\/\\\/mueble4you.com\\\/de\\\/productos\\\/sillon-bistro-rattan\\\/\",\"url\":\"https:\\\/\\\/mueble4you.com\\\/de\\\/productos\\\/sillon-bistro-rattan\\\/\",\"name\":\"Bistro-Stuhl aus Rattan. | mueble4you\",\"isPartOf\":{\"@id\":\"https:\\\/\\\/mueble4you.com\\\/#website\"},\"primaryImageOfPage\":{\"@id\":\"https:\\\/\\\/mueble4you.com\\\/de\\\/productos\\\/sillon-bistro-rattan\\\/#primaryimage\"},\"image\":{\"@id\":\"https:\\\/\\\/mueble4you.com\\\/de\\\/productos\\\/sillon-bistro-rattan\\\/#primaryimage\"},\"thumbnailUrl\":\"https:\\\/\\\/mueble4you.com\\\/wp-content\\\/uploads\\\/2025\\\/10\\\/717102_0.jpg\",\"datePublished\":\"2025-10-22T13:22:21+00:00\",\"dateModified\":\"2025-10-30T14:59:37+00:00\",\"breadcrumb\":{\"@id\":\"https:\\\/\\\/mueble4you.com\\\/de\\\/productos\\\/sillon-bistro-rattan\\\/#breadcrumb\"},\"inLanguage\":\"de\",\"potentialAction\":[{\"@type\":\"ReadAction\",\"target\":[\"https:\\\/\\\/mueble4you.com\\\/de\\\/productos\\\/sillon-bistro-rattan\\\/\"]}]},{\"@type\":\"ImageObject\",\"inLanguage\":\"de\",\"@id\":\"https:\\\/\\\/mueble4you.com\\\/de\\\/productos\\\/sillon-bistro-rattan\\\/#primaryimage\",\"url\":\"https:\\\/\\\/mueble4you.com\\\/wp-content\\\/uploads\\\/2025\\\/10\\\/717102_0.jpg\",\"contentUrl\":\"https:\\\/\\\/mueble4you.com\\\/wp-content\\\/uploads\\\/2025\\\/10\\\/717102_0.jpg\",\"width\":1150,\"height\":1255},{\"@type\":\"BreadcrumbList\",\"@id\":\"https:\\\/\\\/mueble4you.com\\\/de\\\/productos\\\/sillon-bistro-rattan\\\/#breadcrumb\",\"itemListElement\":[{\"@type\":\"ListItem\",\"position\":1,\"name\":\"Portada\",\"item\":\"https:\\\/\\\/mueble4you.com\\\/de\\\/\"},{\"@type\":\"ListItem\",\"position\":2,\"name\":\"Productos\",\"item\":\"https:\\\/\\\/mueble4you.com\\\/productos\\\/\"},{\"@type\":\"ListItem\",\"position\":3,\"name\":\"Bistro-Stuhl aus Rattan.\"}]},{\"@type\":\"WebSite\",\"@id\":\"https:\\\/\\\/mueble4you.com\\\/#website\",\"url\":\"https:\\\/\\\/mueble4you.com\\\/\",\"name\":\"mueble4you\",\"description\":\"M\u00f6bel in Teneriffa\",\"potentialAction\":[{\"@type\":\"SearchAction\",\"target\":{\"@type\":\"EntryPoint\",\"urlTemplate\":\"https:\\\/\\\/mueble4you.com\\\/?s={search_term_string}\"},\"query-input\":{\"@type\":\"PropertyValueSpecification\",\"valueRequired\":true,\"valueName\":\"search_term_string\"}}],\"inLanguage\":\"de\"}]}<\/script>\n<!-- \/ Yoast SEO plugin. -->","yoast_head_json":{"title":"Bistro-Stuhl aus Rattan. | mueble4you","robots":{"index":"index","follow":"follow","max-snippet":"max-snippet:-1","max-image-preview":"max-image-preview:large","max-video-preview":"max-video-preview:-1"},"canonical":"https:\/\/mueble4you.com\/de\/productos\/sillon-bistro-rattan\/","og_locale":"de_DE","og_type":"article","og_title":"Bistro-Stuhl aus Rattan. | mueble4you","og_description":"Material: Rattan. Ma\u00dfe: 56 x 62 x 80 cm. Hinweis: Handgefertigt aus Naturmaterialien. Hinweis 1: Sitzh\u00f6he 44 cm. Hinweis 2: Armlehnenh\u00f6he 65 cm. Hinweis 3: Stapelbar. Hinweis 4: Mit einem trockenen Tuch abwischen.","og_url":"https:\/\/mueble4you.com\/de\/productos\/sillon-bistro-rattan\/","og_site_name":"mueble4you","article_modified_time":"2025-10-30T14:59:37+00:00","og_image":[{"width":1150,"height":1255,"url":"https:\/\/mueble4you.com\/wp-content\/uploads\/2025\/10\/717102_0.jpg","type":"image\/jpeg"}],"twitter_card":"summary_large_image","schema":{"@context":"https:\/\/schema.org","@graph":[{"@type":"WebPage","@id":"https:\/\/mueble4you.com\/de\/productos\/sillon-bistro-rattan\/","url":"https:\/\/mueble4you.com\/de\/productos\/sillon-bistro-rattan\/","name":"Bistro-Stuhl aus Rattan. | mueble4you","isPartOf":{"@id":"https:\/\/mueble4you.com\/#website"},"primaryImageOfPage":{"@id":"https:\/\/mueble4you.com\/de\/productos\/sillon-bistro-rattan\/#primaryimage"},"image":{"@id":"https:\/\/mueble4you.com\/de\/productos\/sillon-bistro-rattan\/#primaryimage"},"thumbnailUrl":"https:\/\/mueble4you.com\/wp-content\/uploads\/2025\/10\/717102_0.jpg","datePublished":"2025-10-22T13:22:21+00:00","dateModified":"2025-10-30T14:59:37+00:00","breadcrumb":{"@id":"https:\/\/mueble4you.com\/de\/productos\/sillon-bistro-rattan\/#breadcrumb"},"inLanguage":"de","potentialAction":[{"@type":"ReadAction","target":["https:\/\/mueble4you.com\/de\/productos\/sillon-bistro-rattan\/"]}]},{"@type":"ImageObject","inLanguage":"de","@id":"https:\/\/mueble4you.com\/de\/productos\/sillon-bistro-rattan\/#primaryimage","url":"https:\/\/mueble4you.com\/wp-content\/uploads\/2025\/10\/717102_0.jpg","contentUrl":"https:\/\/mueble4you.com\/wp-content\/uploads\/2025\/10\/717102_0.jpg","width":1150,"height":1255},{"@type":"BreadcrumbList","@id":"https:\/\/mueble4you.com\/de\/productos\/sillon-bistro-rattan\/#breadcrumb","itemListElement":[{"@type":"ListItem","position":1,"name":"Portada","item":"https:\/\/mueble4you.com\/de\/"},{"@type":"ListItem","position":2,"name":"Productos","item":"https:\/\/mueble4you.com\/productos\/"},{"@type":"ListItem","position":3,"name":"Bistro-Stuhl aus Rattan."}]},{"@type":"WebSite","@id":"https:\/\/mueble4you.com\/#website","url":"https:\/\/mueble4you.com\/","name":"mueble4you","description":"M\u00f6bel in Teneriffa","potentialAction":[{"@type":"SearchAction","target":{"@type":"EntryPoint","urlTemplate":"https:\/\/mueble4you.com\/?s={search_term_string}"},"query-input":{"@type":"PropertyValueSpecification","valueRequired":true,"valueName":"search_term_string"}}],"inLanguage":"de"}]}},"_links":{"self":[{"href":"https:\/\/mueble4you.com\/de\/wp-json\/wp\/v2\/product\/85379","targetHints":{"allow":["GET"]}}],"collection":[{"href":"https:\/\/mueble4you.com\/de\/wp-json\/wp\/v2\/product"}],"about":[{"href":"https:\/\/mueble4you.com\/de\/wp-json\/wp\/v2\/types\/product"}],"wp:featuredmedia":[{"embeddable":true,"href":"https:\/\/mueble4you.com\/de\/wp-json\/wp\/v2\/media\/85375"}],"wp:attachment":[{"href":"https:\/\/mueble4you.com\/de\/wp-json\/wp\/v2\/media?parent=85379"}],"wp:term":[{"taxonomy":"product_brand","embeddable":true,"href":"https:\/\/mueble4you.com\/de\/wp-json\/wp\/v2\/product_brand?post=85379"},{"taxonomy":"product_cat","embeddable":true,"href":"https:\/\/mueble4you.com\/de\/wp-json\/wp\/v2\/product_cat?post=85379"},{"taxonomy":"product_tag","embeddable":true,"href":"https:\/\/mueble4you.com\/de\/wp-json\/wp\/v2\/product_tag?post=85379"}],"curies":[{"name":"wp","href":"https:\/\/api.w.org\/{rel}","templated":true}]}}