{"id":83671,"date":"2025-07-22T11:31:12","date_gmt":"2025-07-22T11:31:12","guid":{"rendered":"https:\/\/mueble4you.com\/productos\/aparador-madera-tallada-beige-azul-190cm\/"},"modified":"2025-07-22T12:10:30","modified_gmt":"2025-07-22T12:10:30","slug":"aparador-madera-tallada-beige-azul-190cm","status":"publish","type":"product","link":"https:\/\/mueble4you.com\/de\/productos\/aparador-madera-tallada-beige-azul-190cm\/","title":{"rendered":"BEIGE\/BLAUES GESCHNITZTES HOLZ-SIDEBOARD 190 CM"},"content":{"rendered":"<div>Dieses Sideboard aus robustem Mangoholz besticht durch seine elegante wei\u00df get\u00fcnchte Oberfl\u00e4che. Sein Design vereint Funktionalit\u00e4t und Kunstfertigkeit. Die Oberseite des Schranks verf\u00fcgt \u00fcber drei ger\u00e4umige, horizontal angeordnete Schubladen, darunter drei T\u00fcren mit viel Stauraum. Die handgefertigten Schnitzereien werden durch einen tiefblauen Hintergrund hervorgehoben, der einen Kontrast zum Wei\u00df des restlichen Schranks bildet und die Reliefs lebendig und optisch hervorhebt.<\/div>\n<div><\/div>\n<div>\u25cf H\u00f6he: 95 cm<\/div>\n<div><\/div>\n<div>\u25cf L\u00e4nge: 190 cm<\/div>\n<div><\/div>\n<div>\u25cf Breite: 44 cm<\/div>\n<div><\/div>\n<div>\u25cf Material: Mangoholz<\/div>\n<div><\/div>\n<div>\u25cf Farbe: Wei\u00df-Blau<\/div>\n","protected":false},"excerpt":{"rendered":"<p>Dieses Sideboard aus robustem Mangoholz besticht durch seine elegante wei\u00df get\u00fcnchte Oberfl\u00e4che. Sein Design vereint Funktionalit\u00e4t und Kunstfertigkeit. Die Oberseite des Schranks verf\u00fcgt \u00fcber drei ger\u00e4umige, horizontal angeordnete Schubladen, darunter drei T\u00fcren mit viel Stauraum. Die handgefertigten Schnitzereien werden durch einen tiefblauen Hintergrund hervorgehoben, der einen Kontrast zum Wei\u00df des restlichen Schranks bildet und die [&#8230;]\n","protected":false},"featured_media":83652,"template":"","meta":[],"product_brand":[],"product_cat":[500,272],"product_tag":[],"class_list":{"0":"post-83671","1":"product","2":"type-product","3":"status-publish","4":"has-post-thumbnail","6":"product_cat-sideboards-de","7":"product_cat-wohnzimmer","9":"first","10":"instock","11":"shipping-taxable","12":"product-type-simple"},"yoast_head":"<!-- This site is optimized with the Yoast SEO plugin v27.3 - https:\/\/yoast.com\/product\/yoast-seo-wordpress\/ -->\n<title>BEIGE\/BLAUES GESCHNITZTES HOLZ-SIDEBOARD 190 CM | mueble4you<\/title>\n<meta name=\"robots\" content=\"index, follow, max-snippet:-1, max-image-preview:large, max-video-preview:-1\" \/>\n<link rel=\"canonical\" href=\"https:\/\/mueble4you.com\/de\/productos\/aparador-madera-tallada-beige-azul-190cm\/\" \/>\n<meta property=\"og:locale\" content=\"de_DE\" \/>\n<meta property=\"og:type\" content=\"article\" \/>\n<meta property=\"og:title\" content=\"BEIGE\/BLAUES GESCHNITZTES HOLZ-SIDEBOARD 190 CM | mueble4you\" \/>\n<meta property=\"og:description\" content=\"Dieses Sideboard aus robustem Mangoholz besticht durch seine elegante wei\u00df get\u00fcnchte Oberfl\u00e4che. Sein Design vereint Funktionalit\u00e4t und Kunstfertigkeit. Die Oberseite des Schranks verf\u00fcgt \u00fcber drei ger\u00e4umige, horizontal angeordnete Schubladen, darunter drei T\u00fcren mit viel Stauraum. Die handgefertigten Schnitzereien werden durch einen tiefblauen Hintergrund hervorgehoben, der einen Kontrast zum Wei\u00df des restlichen Schranks bildet und die [...]\" \/>\n<meta property=\"og:url\" content=\"https:\/\/mueble4you.com\/de\/productos\/aparador-madera-tallada-beige-azul-190cm\/\" \/>\n<meta property=\"og:site_name\" content=\"mueble4you\" \/>\n<meta property=\"article:modified_time\" content=\"2025-07-22T12:10:30+00:00\" \/>\n<meta property=\"og:image\" content=\"https:\/\/mueble4you.com\/wp-content\/uploads\/2025\/07\/2146_4-Copy.jpg\" \/>\n\t<meta property=\"og:image:width\" content=\"1024\" \/>\n\t<meta property=\"og:image:height\" content=\"620\" \/>\n\t<meta property=\"og:image:type\" content=\"image\/jpeg\" \/>\n<meta name=\"twitter:card\" content=\"summary_large_image\" \/>\n<script type=\"application\/ld+json\" class=\"yoast-schema-graph\">{\"@context\":\"https:\\\/\\\/schema.org\",\"@graph\":[{\"@type\":\"WebPage\",\"@id\":\"https:\\\/\\\/mueble4you.com\\\/de\\\/productos\\\/aparador-madera-tallada-beige-azul-190cm\\\/\",\"url\":\"https:\\\/\\\/mueble4you.com\\\/de\\\/productos\\\/aparador-madera-tallada-beige-azul-190cm\\\/\",\"name\":\"BEIGE\\\/BLAUES GESCHNITZTES HOLZ-SIDEBOARD 190 CM | mueble4you\",\"isPartOf\":{\"@id\":\"https:\\\/\\\/mueble4you.com\\\/#website\"},\"primaryImageOfPage\":{\"@id\":\"https:\\\/\\\/mueble4you.com\\\/de\\\/productos\\\/aparador-madera-tallada-beige-azul-190cm\\\/#primaryimage\"},\"image\":{\"@id\":\"https:\\\/\\\/mueble4you.com\\\/de\\\/productos\\\/aparador-madera-tallada-beige-azul-190cm\\\/#primaryimage\"},\"thumbnailUrl\":\"https:\\\/\\\/mueble4you.com\\\/wp-content\\\/uploads\\\/2025\\\/07\\\/2146_4-Copy.jpg\",\"datePublished\":\"2025-07-22T11:31:12+00:00\",\"dateModified\":\"2025-07-22T12:10:30+00:00\",\"breadcrumb\":{\"@id\":\"https:\\\/\\\/mueble4you.com\\\/de\\\/productos\\\/aparador-madera-tallada-beige-azul-190cm\\\/#breadcrumb\"},\"inLanguage\":\"de\",\"potentialAction\":[{\"@type\":\"ReadAction\",\"target\":[\"https:\\\/\\\/mueble4you.com\\\/de\\\/productos\\\/aparador-madera-tallada-beige-azul-190cm\\\/\"]}]},{\"@type\":\"ImageObject\",\"inLanguage\":\"de\",\"@id\":\"https:\\\/\\\/mueble4you.com\\\/de\\\/productos\\\/aparador-madera-tallada-beige-azul-190cm\\\/#primaryimage\",\"url\":\"https:\\\/\\\/mueble4you.com\\\/wp-content\\\/uploads\\\/2025\\\/07\\\/2146_4-Copy.jpg\",\"contentUrl\":\"https:\\\/\\\/mueble4you.com\\\/wp-content\\\/uploads\\\/2025\\\/07\\\/2146_4-Copy.jpg\",\"width\":1024,\"height\":620},{\"@type\":\"BreadcrumbList\",\"@id\":\"https:\\\/\\\/mueble4you.com\\\/de\\\/productos\\\/aparador-madera-tallada-beige-azul-190cm\\\/#breadcrumb\",\"itemListElement\":[{\"@type\":\"ListItem\",\"position\":1,\"name\":\"Portada\",\"item\":\"https:\\\/\\\/mueble4you.com\\\/de\\\/\"},{\"@type\":\"ListItem\",\"position\":2,\"name\":\"Productos\",\"item\":\"https:\\\/\\\/mueble4you.com\\\/productos\\\/\"},{\"@type\":\"ListItem\",\"position\":3,\"name\":\"BEIGE\\\/BLAUES GESCHNITZTES HOLZ-SIDEBOARD 190 CM\"}]},{\"@type\":\"WebSite\",\"@id\":\"https:\\\/\\\/mueble4you.com\\\/#website\",\"url\":\"https:\\\/\\\/mueble4you.com\\\/\",\"name\":\"mueble4you\",\"description\":\"M\u00f6bel in Teneriffa\",\"potentialAction\":[{\"@type\":\"SearchAction\",\"target\":{\"@type\":\"EntryPoint\",\"urlTemplate\":\"https:\\\/\\\/mueble4you.com\\\/?s={search_term_string}\"},\"query-input\":{\"@type\":\"PropertyValueSpecification\",\"valueRequired\":true,\"valueName\":\"search_term_string\"}}],\"inLanguage\":\"de\"}]}<\/script>\n<!-- \/ Yoast SEO plugin. -->","yoast_head_json":{"title":"BEIGE\/BLAUES GESCHNITZTES HOLZ-SIDEBOARD 190 CM | mueble4you","robots":{"index":"index","follow":"follow","max-snippet":"max-snippet:-1","max-image-preview":"max-image-preview:large","max-video-preview":"max-video-preview:-1"},"canonical":"https:\/\/mueble4you.com\/de\/productos\/aparador-madera-tallada-beige-azul-190cm\/","og_locale":"de_DE","og_type":"article","og_title":"BEIGE\/BLAUES GESCHNITZTES HOLZ-SIDEBOARD 190 CM | mueble4you","og_description":"Dieses Sideboard aus robustem Mangoholz besticht durch seine elegante wei\u00df get\u00fcnchte Oberfl\u00e4che. Sein Design vereint Funktionalit\u00e4t und Kunstfertigkeit. Die Oberseite des Schranks verf\u00fcgt \u00fcber drei ger\u00e4umige, horizontal angeordnete Schubladen, darunter drei T\u00fcren mit viel Stauraum. Die handgefertigten Schnitzereien werden durch einen tiefblauen Hintergrund hervorgehoben, der einen Kontrast zum Wei\u00df des restlichen Schranks bildet und die [...]","og_url":"https:\/\/mueble4you.com\/de\/productos\/aparador-madera-tallada-beige-azul-190cm\/","og_site_name":"mueble4you","article_modified_time":"2025-07-22T12:10:30+00:00","og_image":[{"width":1024,"height":620,"url":"https:\/\/mueble4you.com\/wp-content\/uploads\/2025\/07\/2146_4-Copy.jpg","type":"image\/jpeg"}],"twitter_card":"summary_large_image","schema":{"@context":"https:\/\/schema.org","@graph":[{"@type":"WebPage","@id":"https:\/\/mueble4you.com\/de\/productos\/aparador-madera-tallada-beige-azul-190cm\/","url":"https:\/\/mueble4you.com\/de\/productos\/aparador-madera-tallada-beige-azul-190cm\/","name":"BEIGE\/BLAUES GESCHNITZTES HOLZ-SIDEBOARD 190 CM | mueble4you","isPartOf":{"@id":"https:\/\/mueble4you.com\/#website"},"primaryImageOfPage":{"@id":"https:\/\/mueble4you.com\/de\/productos\/aparador-madera-tallada-beige-azul-190cm\/#primaryimage"},"image":{"@id":"https:\/\/mueble4you.com\/de\/productos\/aparador-madera-tallada-beige-azul-190cm\/#primaryimage"},"thumbnailUrl":"https:\/\/mueble4you.com\/wp-content\/uploads\/2025\/07\/2146_4-Copy.jpg","datePublished":"2025-07-22T11:31:12+00:00","dateModified":"2025-07-22T12:10:30+00:00","breadcrumb":{"@id":"https:\/\/mueble4you.com\/de\/productos\/aparador-madera-tallada-beige-azul-190cm\/#breadcrumb"},"inLanguage":"de","potentialAction":[{"@type":"ReadAction","target":["https:\/\/mueble4you.com\/de\/productos\/aparador-madera-tallada-beige-azul-190cm\/"]}]},{"@type":"ImageObject","inLanguage":"de","@id":"https:\/\/mueble4you.com\/de\/productos\/aparador-madera-tallada-beige-azul-190cm\/#primaryimage","url":"https:\/\/mueble4you.com\/wp-content\/uploads\/2025\/07\/2146_4-Copy.jpg","contentUrl":"https:\/\/mueble4you.com\/wp-content\/uploads\/2025\/07\/2146_4-Copy.jpg","width":1024,"height":620},{"@type":"BreadcrumbList","@id":"https:\/\/mueble4you.com\/de\/productos\/aparador-madera-tallada-beige-azul-190cm\/#breadcrumb","itemListElement":[{"@type":"ListItem","position":1,"name":"Portada","item":"https:\/\/mueble4you.com\/de\/"},{"@type":"ListItem","position":2,"name":"Productos","item":"https:\/\/mueble4you.com\/productos\/"},{"@type":"ListItem","position":3,"name":"BEIGE\/BLAUES GESCHNITZTES HOLZ-SIDEBOARD 190 CM"}]},{"@type":"WebSite","@id":"https:\/\/mueble4you.com\/#website","url":"https:\/\/mueble4you.com\/","name":"mueble4you","description":"M\u00f6bel in Teneriffa","potentialAction":[{"@type":"SearchAction","target":{"@type":"EntryPoint","urlTemplate":"https:\/\/mueble4you.com\/?s={search_term_string}"},"query-input":{"@type":"PropertyValueSpecification","valueRequired":true,"valueName":"search_term_string"}}],"inLanguage":"de"}]}},"_links":{"self":[{"href":"https:\/\/mueble4you.com\/de\/wp-json\/wp\/v2\/product\/83671","targetHints":{"allow":["GET"]}}],"collection":[{"href":"https:\/\/mueble4you.com\/de\/wp-json\/wp\/v2\/product"}],"about":[{"href":"https:\/\/mueble4you.com\/de\/wp-json\/wp\/v2\/types\/product"}],"wp:featuredmedia":[{"embeddable":true,"href":"https:\/\/mueble4you.com\/de\/wp-json\/wp\/v2\/media\/83652"}],"wp:attachment":[{"href":"https:\/\/mueble4you.com\/de\/wp-json\/wp\/v2\/media?parent=83671"}],"wp:term":[{"taxonomy":"product_brand","embeddable":true,"href":"https:\/\/mueble4you.com\/de\/wp-json\/wp\/v2\/product_brand?post=83671"},{"taxonomy":"product_cat","embeddable":true,"href":"https:\/\/mueble4you.com\/de\/wp-json\/wp\/v2\/product_cat?post=83671"},{"taxonomy":"product_tag","embeddable":true,"href":"https:\/\/mueble4you.com\/de\/wp-json\/wp\/v2\/product_tag?post=83671"}],"curies":[{"name":"wp","href":"https:\/\/api.w.org\/{rel}","templated":true}]}}