{"id":83593,"date":"2025-07-11T10:15:37","date_gmt":"2025-07-11T10:15:37","guid":{"rendered":"https:\/\/mueble4you.com\/productos\/mesa-comedor-suar-redonda\/"},"modified":"2025-07-11T11:04:33","modified_gmt":"2025-07-11T11:04:33","slug":"mesa-comedor-suar-redonda","status":"publish","type":"product","link":"https:\/\/mueble4you.com\/de\/productos\/mesa-comedor-suar-redonda\/","title":{"rendered":"Runder Esstisch aus Suar."},"content":{"rendered":"<ul>\n<li>Material: Suarholz\/Eisen.<\/li>\n<li>Ma\u00dfe: \u00d8 140 x 78 cm.<\/li>\n<li>Info: Aus Massivholz.<br \/>\nInfo 1: Naturprodukt, handgefertigt. Abweichungen m\u00f6glich.<br \/>\nInfo 2: Mit einem trockenen Tuch reinigen.<\/li>\n<\/ul>\n","protected":false},"excerpt":{"rendered":"<p>Material: Suarholz\/Eisen. Ma\u00dfe: \u00d8 140 x 78 cm. Info: Aus Massivholz. Info 1: Naturprodukt, handgefertigt. Abweichungen m\u00f6glich. Info 2: Mit einem trockenen Tuch reinigen.<\/p>\n","protected":false},"featured_media":83579,"template":"","meta":[],"product_brand":[],"product_cat":[349,268],"product_tag":[],"class_list":{"0":"post-83593","1":"product","2":"type-product","3":"status-publish","4":"has-post-thumbnail","6":"product_cat-esstische","7":"product_cat-esszimmer","9":"first","10":"instock","11":"shipping-taxable","12":"product-type-simple"},"yoast_head":"<!-- This site is optimized with the Yoast SEO plugin v27.2 - https:\/\/yoast.com\/product\/yoast-seo-wordpress\/ -->\n<title>Runder Esstisch aus Suar. | mueble4you<\/title>\n<meta name=\"robots\" content=\"index, follow, max-snippet:-1, max-image-preview:large, max-video-preview:-1\" \/>\n<link rel=\"canonical\" href=\"https:\/\/mueble4you.com\/de\/productos\/mesa-comedor-suar-redonda\/\" \/>\n<meta property=\"og:locale\" content=\"de_DE\" \/>\n<meta property=\"og:type\" content=\"article\" \/>\n<meta property=\"og:title\" content=\"Runder Esstisch aus Suar. | mueble4you\" \/>\n<meta property=\"og:description\" content=\"Material: Suarholz\/Eisen. Ma\u00dfe: \u00d8 140 x 78 cm. Info: Aus Massivholz. Info 1: Naturprodukt, handgefertigt. Abweichungen m\u00f6glich. Info 2: Mit einem trockenen Tuch reinigen.\" \/>\n<meta property=\"og:url\" content=\"https:\/\/mueble4you.com\/de\/productos\/mesa-comedor-suar-redonda\/\" \/>\n<meta property=\"og:site_name\" content=\"mueble4you\" \/>\n<meta property=\"article:modified_time\" content=\"2025-07-11T11:04:33+00:00\" \/>\n<meta property=\"og:image\" content=\"https:\/\/mueble4you.com\/wp-content\/uploads\/2025\/07\/6470114_0.jpg\" \/>\n\t<meta property=\"og:image:width\" content=\"1150\" \/>\n\t<meta property=\"og:image:height\" content=\"1255\" \/>\n\t<meta property=\"og:image:type\" content=\"image\/jpeg\" \/>\n<meta name=\"twitter:card\" content=\"summary_large_image\" \/>\n<script type=\"application\/ld+json\" class=\"yoast-schema-graph\">{\"@context\":\"https:\/\/schema.org\",\"@graph\":[{\"@type\":\"WebPage\",\"@id\":\"https:\/\/mueble4you.com\/de\/productos\/mesa-comedor-suar-redonda\/\",\"url\":\"https:\/\/mueble4you.com\/de\/productos\/mesa-comedor-suar-redonda\/\",\"name\":\"Runder Esstisch aus Suar. | mueble4you\",\"isPartOf\":{\"@id\":\"https:\/\/mueble4you.com\/#website\"},\"primaryImageOfPage\":{\"@id\":\"https:\/\/mueble4you.com\/de\/productos\/mesa-comedor-suar-redonda\/#primaryimage\"},\"image\":{\"@id\":\"https:\/\/mueble4you.com\/de\/productos\/mesa-comedor-suar-redonda\/#primaryimage\"},\"thumbnailUrl\":\"https:\/\/mueble4you.com\/wp-content\/uploads\/2025\/07\/6470114_0.jpg\",\"datePublished\":\"2025-07-11T10:15:37+00:00\",\"dateModified\":\"2025-07-11T11:04:33+00:00\",\"breadcrumb\":{\"@id\":\"https:\/\/mueble4you.com\/de\/productos\/mesa-comedor-suar-redonda\/#breadcrumb\"},\"inLanguage\":\"de\",\"potentialAction\":[{\"@type\":\"ReadAction\",\"target\":[\"https:\/\/mueble4you.com\/de\/productos\/mesa-comedor-suar-redonda\/\"]}]},{\"@type\":\"ImageObject\",\"inLanguage\":\"de\",\"@id\":\"https:\/\/mueble4you.com\/de\/productos\/mesa-comedor-suar-redonda\/#primaryimage\",\"url\":\"https:\/\/mueble4you.com\/wp-content\/uploads\/2025\/07\/6470114_0.jpg\",\"contentUrl\":\"https:\/\/mueble4you.com\/wp-content\/uploads\/2025\/07\/6470114_0.jpg\",\"width\":1150,\"height\":1255},{\"@type\":\"BreadcrumbList\",\"@id\":\"https:\/\/mueble4you.com\/de\/productos\/mesa-comedor-suar-redonda\/#breadcrumb\",\"itemListElement\":[{\"@type\":\"ListItem\",\"position\":1,\"name\":\"Portada\",\"item\":\"https:\/\/mueble4you.com\/de\/\"},{\"@type\":\"ListItem\",\"position\":2,\"name\":\"Productos\",\"item\":\"https:\/\/mueble4you.com\/productos\/\"},{\"@type\":\"ListItem\",\"position\":3,\"name\":\"Runder Esstisch aus Suar.\"}]},{\"@type\":\"WebSite\",\"@id\":\"https:\/\/mueble4you.com\/#website\",\"url\":\"https:\/\/mueble4you.com\/\",\"name\":\"mueble4you\",\"description\":\"M\u00f6bel in Teneriffa\",\"potentialAction\":[{\"@type\":\"SearchAction\",\"target\":{\"@type\":\"EntryPoint\",\"urlTemplate\":\"https:\/\/mueble4you.com\/?s={search_term_string}\"},\"query-input\":{\"@type\":\"PropertyValueSpecification\",\"valueRequired\":true,\"valueName\":\"search_term_string\"}}],\"inLanguage\":\"de\"}]}<\/script>\n<!-- \/ Yoast SEO plugin. -->","yoast_head_json":{"title":"Runder Esstisch aus Suar. | mueble4you","robots":{"index":"index","follow":"follow","max-snippet":"max-snippet:-1","max-image-preview":"max-image-preview:large","max-video-preview":"max-video-preview:-1"},"canonical":"https:\/\/mueble4you.com\/de\/productos\/mesa-comedor-suar-redonda\/","og_locale":"de_DE","og_type":"article","og_title":"Runder Esstisch aus Suar. | mueble4you","og_description":"Material: Suarholz\/Eisen. Ma\u00dfe: \u00d8 140 x 78 cm. Info: Aus Massivholz. Info 1: Naturprodukt, handgefertigt. Abweichungen m\u00f6glich. Info 2: Mit einem trockenen Tuch reinigen.","og_url":"https:\/\/mueble4you.com\/de\/productos\/mesa-comedor-suar-redonda\/","og_site_name":"mueble4you","article_modified_time":"2025-07-11T11:04:33+00:00","og_image":[{"width":1150,"height":1255,"url":"https:\/\/mueble4you.com\/wp-content\/uploads\/2025\/07\/6470114_0.jpg","type":"image\/jpeg"}],"twitter_card":"summary_large_image","schema":{"@context":"https:\/\/schema.org","@graph":[{"@type":"WebPage","@id":"https:\/\/mueble4you.com\/de\/productos\/mesa-comedor-suar-redonda\/","url":"https:\/\/mueble4you.com\/de\/productos\/mesa-comedor-suar-redonda\/","name":"Runder Esstisch aus Suar. | mueble4you","isPartOf":{"@id":"https:\/\/mueble4you.com\/#website"},"primaryImageOfPage":{"@id":"https:\/\/mueble4you.com\/de\/productos\/mesa-comedor-suar-redonda\/#primaryimage"},"image":{"@id":"https:\/\/mueble4you.com\/de\/productos\/mesa-comedor-suar-redonda\/#primaryimage"},"thumbnailUrl":"https:\/\/mueble4you.com\/wp-content\/uploads\/2025\/07\/6470114_0.jpg","datePublished":"2025-07-11T10:15:37+00:00","dateModified":"2025-07-11T11:04:33+00:00","breadcrumb":{"@id":"https:\/\/mueble4you.com\/de\/productos\/mesa-comedor-suar-redonda\/#breadcrumb"},"inLanguage":"de","potentialAction":[{"@type":"ReadAction","target":["https:\/\/mueble4you.com\/de\/productos\/mesa-comedor-suar-redonda\/"]}]},{"@type":"ImageObject","inLanguage":"de","@id":"https:\/\/mueble4you.com\/de\/productos\/mesa-comedor-suar-redonda\/#primaryimage","url":"https:\/\/mueble4you.com\/wp-content\/uploads\/2025\/07\/6470114_0.jpg","contentUrl":"https:\/\/mueble4you.com\/wp-content\/uploads\/2025\/07\/6470114_0.jpg","width":1150,"height":1255},{"@type":"BreadcrumbList","@id":"https:\/\/mueble4you.com\/de\/productos\/mesa-comedor-suar-redonda\/#breadcrumb","itemListElement":[{"@type":"ListItem","position":1,"name":"Portada","item":"https:\/\/mueble4you.com\/de\/"},{"@type":"ListItem","position":2,"name":"Productos","item":"https:\/\/mueble4you.com\/productos\/"},{"@type":"ListItem","position":3,"name":"Runder Esstisch aus Suar."}]},{"@type":"WebSite","@id":"https:\/\/mueble4you.com\/#website","url":"https:\/\/mueble4you.com\/","name":"mueble4you","description":"M\u00f6bel in Teneriffa","potentialAction":[{"@type":"SearchAction","target":{"@type":"EntryPoint","urlTemplate":"https:\/\/mueble4you.com\/?s={search_term_string}"},"query-input":{"@type":"PropertyValueSpecification","valueRequired":true,"valueName":"search_term_string"}}],"inLanguage":"de"}]}},"_links":{"self":[{"href":"https:\/\/mueble4you.com\/de\/wp-json\/wp\/v2\/product\/83593","targetHints":{"allow":["GET"]}}],"collection":[{"href":"https:\/\/mueble4you.com\/de\/wp-json\/wp\/v2\/product"}],"about":[{"href":"https:\/\/mueble4you.com\/de\/wp-json\/wp\/v2\/types\/product"}],"wp:featuredmedia":[{"embeddable":true,"href":"https:\/\/mueble4you.com\/de\/wp-json\/wp\/v2\/media\/83579"}],"wp:attachment":[{"href":"https:\/\/mueble4you.com\/de\/wp-json\/wp\/v2\/media?parent=83593"}],"wp:term":[{"taxonomy":"product_brand","embeddable":true,"href":"https:\/\/mueble4you.com\/de\/wp-json\/wp\/v2\/product_brand?post=83593"},{"taxonomy":"product_cat","embeddable":true,"href":"https:\/\/mueble4you.com\/de\/wp-json\/wp\/v2\/product_cat?post=83593"},{"taxonomy":"product_tag","embeddable":true,"href":"https:\/\/mueble4you.com\/de\/wp-json\/wp\/v2\/product_tag?post=83593"}],"curies":[{"name":"wp","href":"https:\/\/api.w.org\/{rel}","templated":true}]}}