{"id":82804,"date":"2025-05-12T14:41:00","date_gmt":"2025-05-12T14:41:00","guid":{"rendered":"https:\/\/mueble4you.com\/productos\/set-polinesia-madera-tropical\/"},"modified":"2025-05-13T14:48:44","modified_gmt":"2025-05-13T14:48:44","slug":"set-polinesia-madera-tropical","status":"publish","type":"product","link":"https:\/\/mueble4you.com\/de\/productos\/set-polinesia-madera-tropical\/","title":{"rendered":"Set aus tropischem Holz aus Polynesien."},"content":{"rendered":"<ul>\n<li id=\"tw-target-text\" class=\"tw-data-text tw-text-large tw-ta\" dir=\"ltr\" data-placeholder=\"Traducci\u00f3n\" data-ved=\"2ahUKEwickfm_1aCNAxWhVqQEHVp0BxAQ3ewLegQICRAV\" aria-label=\"Texto traducido: Set aus tropischem Holz aus Polynesien.\nSet bestehend aus: 3-Sitzer-Sofa, 2 Sesseln und Tisch.\nTropenholz.\nTaupefarbenes Seil.\nBeige Olefin-Kissen.\nTisch mit Terrazzoplatte.\nMa\u00dfe des 3-Sitzer-Sofas: 232 x 80 x 79 cm.\nMa\u00dfe des Sessels: 87 x 80 x 79 cm.\nGr\u00f6\u00dfe des Mitteltisches: \u00d885x37 cm.\"><span class=\"Y2IQFc\" lang=\"de\">Set bestehend aus: 3-Sitzer-Sofa, 2 Sesseln und Tisch. <\/span><\/li>\n<li class=\"tw-data-text tw-text-large tw-ta\" dir=\"ltr\" data-placeholder=\"Traducci\u00f3n\" data-ved=\"2ahUKEwickfm_1aCNAxWhVqQEHVp0BxAQ3ewLegQICRAV\" aria-label=\"Texto traducido: Set aus tropischem Holz aus Polynesien.\nSet bestehend aus: 3-Sitzer-Sofa, 2 Sesseln und Tisch.\nTropenholz.\nTaupefarbenes Seil.\nBeige Olefin-Kissen.\nTisch mit Terrazzoplatte.\nMa\u00dfe des 3-Sitzer-Sofas: 232 x 80 x 79 cm.\nMa\u00dfe des Sessels: 87 x 80 x 79 cm.\nGr\u00f6\u00dfe des Mitteltisches: \u00d885x37 cm.\"><span class=\"Y2IQFc\" lang=\"de\">Tropenholz. Taupefarbenes Seil. Beige Olefin-Kissen. <\/span><\/li>\n<li class=\"tw-data-text tw-text-large tw-ta\" dir=\"ltr\" data-placeholder=\"Traducci\u00f3n\" data-ved=\"2ahUKEwickfm_1aCNAxWhVqQEHVp0BxAQ3ewLegQICRAV\" aria-label=\"Texto traducido: Set aus tropischem Holz aus Polynesien.\nSet bestehend aus: 3-Sitzer-Sofa, 2 Sesseln und Tisch.\nTropenholz.\nTaupefarbenes Seil.\nBeige Olefin-Kissen.\nTisch mit Terrazzoplatte.\nMa\u00dfe des 3-Sitzer-Sofas: 232 x 80 x 79 cm.\nMa\u00dfe des Sessels: 87 x 80 x 79 cm.\nGr\u00f6\u00dfe des Mitteltisches: \u00d885x37 cm.\"><span class=\"Y2IQFc\" lang=\"de\">Tisch mit Terrazzoplatte.<\/span><\/li>\n<li class=\"tw-data-text tw-text-large tw-ta\" dir=\"ltr\" data-placeholder=\"Traducci\u00f3n\" data-ved=\"2ahUKEwickfm_1aCNAxWhVqQEHVp0BxAQ3ewLegQICRAV\" aria-label=\"Texto traducido: Set aus tropischem Holz aus Polynesien.\nSet bestehend aus: 3-Sitzer-Sofa, 2 Sesseln und Tisch.\nTropenholz.\nTaupefarbenes Seil.\nBeige Olefin-Kissen.\nTisch mit Terrazzoplatte.\nMa\u00dfe des 3-Sitzer-Sofas: 232 x 80 x 79 cm.\nMa\u00dfe des Sessels: 87 x 80 x 79 cm.\nGr\u00f6\u00dfe des Mitteltisches: \u00d885x37 cm.\"><span class=\"Y2IQFc\" lang=\"de\">\u00dfe des 3-Sitzer-Sofas: 232 x 80 x 79 cm. <\/span><\/li>\n<li class=\"tw-data-text tw-text-large tw-ta\" dir=\"ltr\" data-placeholder=\"Traducci\u00f3n\" data-ved=\"2ahUKEwickfm_1aCNAxWhVqQEHVp0BxAQ3ewLegQICRAV\" aria-label=\"Texto traducido: Set aus tropischem Holz aus Polynesien.\nSet bestehend aus: 3-Sitzer-Sofa, 2 Sesseln und Tisch.\nTropenholz.\nTaupefarbenes Seil.\nBeige Olefin-Kissen.\nTisch mit Terrazzoplatte.\nMa\u00dfe des 3-Sitzer-Sofas: 232 x 80 x 79 cm.\nMa\u00dfe des Sessels: 87 x 80 x 79 cm.\nGr\u00f6\u00dfe des Mitteltisches: \u00d885x37 cm.\"><span class=\"Y2IQFc\" lang=\"de\">Ma\u00dfe des Sessels: 87 x 80 x 79 cm. <\/span><\/li>\n<li class=\"tw-data-text tw-text-large tw-ta\" dir=\"ltr\" data-placeholder=\"Traducci\u00f3n\" data-ved=\"2ahUKEwickfm_1aCNAxWhVqQEHVp0BxAQ3ewLegQICRAV\" aria-label=\"Texto traducido: Set aus tropischem Holz aus Polynesien.\nSet bestehend aus: 3-Sitzer-Sofa, 2 Sesseln und Tisch.\nTropenholz.\nTaupefarbenes Seil.\nBeige Olefin-Kissen.\nTisch mit Terrazzoplatte.\nMa\u00dfe des 3-Sitzer-Sofas: 232 x 80 x 79 cm.\nMa\u00dfe des Sessels: 87 x 80 x 79 cm.\nGr\u00f6\u00dfe des Mitteltisches: \u00d885x37 cm.\"><span class=\"Y2IQFc\" lang=\"de\">Gr\u00f6\u00dfe des Mitteltisches: \u00d885&#215;37 cm.<\/span><\/li>\n<\/ul>\n","protected":false},"excerpt":{"rendered":"<p>Set bestehend aus: 3-Sitzer-Sofa, 2 Sesseln und Tisch. Tropenholz. Taupefarbenes Seil. Beige Olefin-Kissen. Tisch mit Terrazzoplatte. \u00dfe des 3-Sitzer-Sofas: 232 x 80 x 79 cm. Ma\u00dfe des Sessels: 87 x 80 x 79 cm. Gr\u00f6\u00dfe des Mitteltisches: \u00d885&#215;37 cm.<\/p>\n","protected":false},"featured_media":82790,"template":"","meta":[],"product_brand":[],"product_cat":[305,313],"product_tag":[],"class_list":{"0":"post-82804","1":"product","2":"type-product","3":"status-publish","4":"has-post-thumbnail","6":"product_cat-gartenmobel","7":"product_cat-gartenstuhle-und-gartentische","9":"first","10":"instock","11":"shipping-taxable","12":"product-type-simple"},"yoast_head":"<!-- This site is optimized with the Yoast SEO plugin v27.3 - https:\/\/yoast.com\/product\/yoast-seo-wordpress\/ -->\n<title>Set aus tropischem Holz aus Polynesien. | mueble4you<\/title>\n<meta name=\"robots\" content=\"index, follow, max-snippet:-1, max-image-preview:large, max-video-preview:-1\" \/>\n<link rel=\"canonical\" href=\"https:\/\/mueble4you.com\/de\/productos\/set-polinesia-madera-tropical\/\" \/>\n<meta property=\"og:locale\" content=\"de_DE\" \/>\n<meta property=\"og:type\" content=\"article\" \/>\n<meta property=\"og:title\" content=\"Set aus tropischem Holz aus Polynesien. | mueble4you\" \/>\n<meta property=\"og:description\" content=\"Set bestehend aus: 3-Sitzer-Sofa, 2 Sesseln und Tisch. Tropenholz. Taupefarbenes Seil. Beige Olefin-Kissen. Tisch mit Terrazzoplatte. \u00dfe des 3-Sitzer-Sofas: 232 x 80 x 79 cm. Ma\u00dfe des Sessels: 87 x 80 x 79 cm. Gr\u00f6\u00dfe des Mitteltisches: \u00d885&#215;37 cm.\" \/>\n<meta property=\"og:url\" content=\"https:\/\/mueble4you.com\/de\/productos\/set-polinesia-madera-tropical\/\" \/>\n<meta property=\"og:site_name\" content=\"mueble4you\" \/>\n<meta property=\"article:modified_time\" content=\"2025-05-13T14:48:44+00:00\" \/>\n<meta property=\"og:image\" content=\"https:\/\/mueble4you.com\/wp-content\/uploads\/2025\/05\/1674201739-684002.jpg\" \/>\n\t<meta property=\"og:image:width\" content=\"1500\" \/>\n\t<meta property=\"og:image:height\" content=\"641\" \/>\n\t<meta property=\"og:image:type\" content=\"image\/jpeg\" \/>\n<meta name=\"twitter:card\" content=\"summary_large_image\" \/>\n<script type=\"application\/ld+json\" class=\"yoast-schema-graph\">{\"@context\":\"https:\\\/\\\/schema.org\",\"@graph\":[{\"@type\":\"WebPage\",\"@id\":\"https:\\\/\\\/mueble4you.com\\\/de\\\/productos\\\/set-polinesia-madera-tropical\\\/\",\"url\":\"https:\\\/\\\/mueble4you.com\\\/de\\\/productos\\\/set-polinesia-madera-tropical\\\/\",\"name\":\"Set aus tropischem Holz aus Polynesien. | mueble4you\",\"isPartOf\":{\"@id\":\"https:\\\/\\\/mueble4you.com\\\/#website\"},\"primaryImageOfPage\":{\"@id\":\"https:\\\/\\\/mueble4you.com\\\/de\\\/productos\\\/set-polinesia-madera-tropical\\\/#primaryimage\"},\"image\":{\"@id\":\"https:\\\/\\\/mueble4you.com\\\/de\\\/productos\\\/set-polinesia-madera-tropical\\\/#primaryimage\"},\"thumbnailUrl\":\"https:\\\/\\\/mueble4you.com\\\/wp-content\\\/uploads\\\/2025\\\/05\\\/1674201739-684002.jpg\",\"datePublished\":\"2025-05-12T14:41:00+00:00\",\"dateModified\":\"2025-05-13T14:48:44+00:00\",\"breadcrumb\":{\"@id\":\"https:\\\/\\\/mueble4you.com\\\/de\\\/productos\\\/set-polinesia-madera-tropical\\\/#breadcrumb\"},\"inLanguage\":\"de\",\"potentialAction\":[{\"@type\":\"ReadAction\",\"target\":[\"https:\\\/\\\/mueble4you.com\\\/de\\\/productos\\\/set-polinesia-madera-tropical\\\/\"]}]},{\"@type\":\"ImageObject\",\"inLanguage\":\"de\",\"@id\":\"https:\\\/\\\/mueble4you.com\\\/de\\\/productos\\\/set-polinesia-madera-tropical\\\/#primaryimage\",\"url\":\"https:\\\/\\\/mueble4you.com\\\/wp-content\\\/uploads\\\/2025\\\/05\\\/1674201739-684002.jpg\",\"contentUrl\":\"https:\\\/\\\/mueble4you.com\\\/wp-content\\\/uploads\\\/2025\\\/05\\\/1674201739-684002.jpg\",\"width\":1500,\"height\":641},{\"@type\":\"BreadcrumbList\",\"@id\":\"https:\\\/\\\/mueble4you.com\\\/de\\\/productos\\\/set-polinesia-madera-tropical\\\/#breadcrumb\",\"itemListElement\":[{\"@type\":\"ListItem\",\"position\":1,\"name\":\"Portada\",\"item\":\"https:\\\/\\\/mueble4you.com\\\/de\\\/\"},{\"@type\":\"ListItem\",\"position\":2,\"name\":\"Productos\",\"item\":\"https:\\\/\\\/mueble4you.com\\\/productos\\\/\"},{\"@type\":\"ListItem\",\"position\":3,\"name\":\"Set aus tropischem Holz aus Polynesien.\"}]},{\"@type\":\"WebSite\",\"@id\":\"https:\\\/\\\/mueble4you.com\\\/#website\",\"url\":\"https:\\\/\\\/mueble4you.com\\\/\",\"name\":\"mueble4you\",\"description\":\"M\u00f6bel in Teneriffa\",\"potentialAction\":[{\"@type\":\"SearchAction\",\"target\":{\"@type\":\"EntryPoint\",\"urlTemplate\":\"https:\\\/\\\/mueble4you.com\\\/?s={search_term_string}\"},\"query-input\":{\"@type\":\"PropertyValueSpecification\",\"valueRequired\":true,\"valueName\":\"search_term_string\"}}],\"inLanguage\":\"de\"}]}<\/script>\n<!-- \/ Yoast SEO plugin. -->","yoast_head_json":{"title":"Set aus tropischem Holz aus Polynesien. | mueble4you","robots":{"index":"index","follow":"follow","max-snippet":"max-snippet:-1","max-image-preview":"max-image-preview:large","max-video-preview":"max-video-preview:-1"},"canonical":"https:\/\/mueble4you.com\/de\/productos\/set-polinesia-madera-tropical\/","og_locale":"de_DE","og_type":"article","og_title":"Set aus tropischem Holz aus Polynesien. | mueble4you","og_description":"Set bestehend aus: 3-Sitzer-Sofa, 2 Sesseln und Tisch. Tropenholz. Taupefarbenes Seil. Beige Olefin-Kissen. Tisch mit Terrazzoplatte. \u00dfe des 3-Sitzer-Sofas: 232 x 80 x 79 cm. Ma\u00dfe des Sessels: 87 x 80 x 79 cm. Gr\u00f6\u00dfe des Mitteltisches: \u00d885&#215;37 cm.","og_url":"https:\/\/mueble4you.com\/de\/productos\/set-polinesia-madera-tropical\/","og_site_name":"mueble4you","article_modified_time":"2025-05-13T14:48:44+00:00","og_image":[{"width":1500,"height":641,"url":"https:\/\/mueble4you.com\/wp-content\/uploads\/2025\/05\/1674201739-684002.jpg","type":"image\/jpeg"}],"twitter_card":"summary_large_image","schema":{"@context":"https:\/\/schema.org","@graph":[{"@type":"WebPage","@id":"https:\/\/mueble4you.com\/de\/productos\/set-polinesia-madera-tropical\/","url":"https:\/\/mueble4you.com\/de\/productos\/set-polinesia-madera-tropical\/","name":"Set aus tropischem Holz aus Polynesien. | mueble4you","isPartOf":{"@id":"https:\/\/mueble4you.com\/#website"},"primaryImageOfPage":{"@id":"https:\/\/mueble4you.com\/de\/productos\/set-polinesia-madera-tropical\/#primaryimage"},"image":{"@id":"https:\/\/mueble4you.com\/de\/productos\/set-polinesia-madera-tropical\/#primaryimage"},"thumbnailUrl":"https:\/\/mueble4you.com\/wp-content\/uploads\/2025\/05\/1674201739-684002.jpg","datePublished":"2025-05-12T14:41:00+00:00","dateModified":"2025-05-13T14:48:44+00:00","breadcrumb":{"@id":"https:\/\/mueble4you.com\/de\/productos\/set-polinesia-madera-tropical\/#breadcrumb"},"inLanguage":"de","potentialAction":[{"@type":"ReadAction","target":["https:\/\/mueble4you.com\/de\/productos\/set-polinesia-madera-tropical\/"]}]},{"@type":"ImageObject","inLanguage":"de","@id":"https:\/\/mueble4you.com\/de\/productos\/set-polinesia-madera-tropical\/#primaryimage","url":"https:\/\/mueble4you.com\/wp-content\/uploads\/2025\/05\/1674201739-684002.jpg","contentUrl":"https:\/\/mueble4you.com\/wp-content\/uploads\/2025\/05\/1674201739-684002.jpg","width":1500,"height":641},{"@type":"BreadcrumbList","@id":"https:\/\/mueble4you.com\/de\/productos\/set-polinesia-madera-tropical\/#breadcrumb","itemListElement":[{"@type":"ListItem","position":1,"name":"Portada","item":"https:\/\/mueble4you.com\/de\/"},{"@type":"ListItem","position":2,"name":"Productos","item":"https:\/\/mueble4you.com\/productos\/"},{"@type":"ListItem","position":3,"name":"Set aus tropischem Holz aus Polynesien."}]},{"@type":"WebSite","@id":"https:\/\/mueble4you.com\/#website","url":"https:\/\/mueble4you.com\/","name":"mueble4you","description":"M\u00f6bel in Teneriffa","potentialAction":[{"@type":"SearchAction","target":{"@type":"EntryPoint","urlTemplate":"https:\/\/mueble4you.com\/?s={search_term_string}"},"query-input":{"@type":"PropertyValueSpecification","valueRequired":true,"valueName":"search_term_string"}}],"inLanguage":"de"}]}},"_links":{"self":[{"href":"https:\/\/mueble4you.com\/de\/wp-json\/wp\/v2\/product\/82804","targetHints":{"allow":["GET"]}}],"collection":[{"href":"https:\/\/mueble4you.com\/de\/wp-json\/wp\/v2\/product"}],"about":[{"href":"https:\/\/mueble4you.com\/de\/wp-json\/wp\/v2\/types\/product"}],"wp:featuredmedia":[{"embeddable":true,"href":"https:\/\/mueble4you.com\/de\/wp-json\/wp\/v2\/media\/82790"}],"wp:attachment":[{"href":"https:\/\/mueble4you.com\/de\/wp-json\/wp\/v2\/media?parent=82804"}],"wp:term":[{"taxonomy":"product_brand","embeddable":true,"href":"https:\/\/mueble4you.com\/de\/wp-json\/wp\/v2\/product_brand?post=82804"},{"taxonomy":"product_cat","embeddable":true,"href":"https:\/\/mueble4you.com\/de\/wp-json\/wp\/v2\/product_cat?post=82804"},{"taxonomy":"product_tag","embeddable":true,"href":"https:\/\/mueble4you.com\/de\/wp-json\/wp\/v2\/product_tag?post=82804"}],"curies":[{"name":"wp","href":"https:\/\/api.w.org\/{rel}","templated":true}]}}