{"id":81849,"date":"2025-03-26T10:16:30","date_gmt":"2025-03-26T10:16:30","guid":{"rendered":"https:\/\/mueble4you.com\/productos\/aparador-8\/"},"modified":"2025-03-26T11:19:41","modified_gmt":"2025-03-26T11:19:41","slug":"aparador-8","status":"publish","type":"product","link":"https:\/\/mueble4you.com\/de\/productos\/aparador-8\/","title":{"rendered":"ANRICHTE"},"content":{"rendered":"<div>4-t\u00fcriges Sideboard aus massivem Akazienholz.<\/div>\n<div>Die wellenf\u00f6rmigen Details der T\u00fcren verleihen eine optische Struktur und erzeugen Schatten und Reflexionen, die die nat\u00fcrliche Sch\u00f6nheit des Holzes unterstreichen.<\/div>\n<div>Im Inneren bietet das Sideboard Regale, die reichlich Stauraum bieten und die Beine des Sideboards verleihen ihm eine moderne Note.<\/div>\n<div><\/div>\n<div>\u25cf H\u00f6he: 76 cm.<\/div>\n<div><\/div>\n<div>\u25cf L\u00e4nge: 170 cm.<\/div>\n<div><\/div>\n<div>\u25cf Breite: 40 cm.<\/div>\n<div><\/div>\n<div>\u25cf Material: Akazienholz.<\/div>\n<div><\/div>\n<div>\u25cf Farbe: Natur.<\/div>\n","protected":false},"excerpt":{"rendered":"<p>4-t\u00fcriges Sideboard aus massivem Akazienholz. Die wellenf\u00f6rmigen Details der T\u00fcren verleihen eine optische Struktur und erzeugen Schatten und Reflexionen, die die nat\u00fcrliche Sch\u00f6nheit des Holzes unterstreichen. Im Inneren bietet das Sideboard Regale, die reichlich Stauraum bieten und die Beine des Sideboards verleihen ihm eine moderne Note. \u25cf H\u00f6he: 76 cm. \u25cf L\u00e4nge: 170 cm. \u25cf [&#8230;]\n","protected":false},"featured_media":81820,"template":"","meta":[],"product_brand":[],"product_cat":[500,272],"product_tag":[],"class_list":{"0":"post-81849","1":"product","2":"type-product","3":"status-publish","4":"has-post-thumbnail","6":"product_cat-sideboards-de","7":"product_cat-wohnzimmer","9":"first","10":"instock","11":"shipping-taxable","12":"product-type-simple"},"yoast_head":"<!-- This site is optimized with the Yoast SEO plugin v27.2 - https:\/\/yoast.com\/product\/yoast-seo-wordpress\/ -->\n<title>ANRICHTE | mueble4you<\/title>\n<meta name=\"robots\" content=\"index, follow, max-snippet:-1, max-image-preview:large, max-video-preview:-1\" \/>\n<link rel=\"canonical\" href=\"https:\/\/mueble4you.com\/de\/productos\/aparador-8\/\" \/>\n<meta property=\"og:locale\" content=\"de_DE\" \/>\n<meta property=\"og:type\" content=\"article\" \/>\n<meta property=\"og:title\" content=\"ANRICHTE | mueble4you\" \/>\n<meta property=\"og:description\" content=\"4-t\u00fcriges Sideboard aus massivem Akazienholz. Die wellenf\u00f6rmigen Details der T\u00fcren verleihen eine optische Struktur und erzeugen Schatten und Reflexionen, die die nat\u00fcrliche Sch\u00f6nheit des Holzes unterstreichen. Im Inneren bietet das Sideboard Regale, die reichlich Stauraum bieten und die Beine des Sideboards verleihen ihm eine moderne Note. \u25cf H\u00f6he: 76 cm. \u25cf L\u00e4nge: 170 cm. \u25cf [...]\" \/>\n<meta property=\"og:url\" content=\"https:\/\/mueble4you.com\/de\/productos\/aparador-8\/\" \/>\n<meta property=\"og:site_name\" content=\"mueble4you\" \/>\n<meta property=\"article:modified_time\" content=\"2025-03-26T11:19:41+00:00\" \/>\n<meta property=\"og:image\" content=\"https:\/\/mueble4you.com\/wp-content\/uploads\/2025\/03\/1852_1-Copy.jpg\" \/>\n\t<meta property=\"og:image:width\" content=\"915\" \/>\n\t<meta property=\"og:image:height\" content=\"768\" \/>\n\t<meta property=\"og:image:type\" content=\"image\/jpeg\" \/>\n<meta name=\"twitter:card\" content=\"summary_large_image\" \/>\n<script type=\"application\/ld+json\" class=\"yoast-schema-graph\">{\"@context\":\"https:\/\/schema.org\",\"@graph\":[{\"@type\":\"WebPage\",\"@id\":\"https:\/\/mueble4you.com\/de\/productos\/aparador-8\/\",\"url\":\"https:\/\/mueble4you.com\/de\/productos\/aparador-8\/\",\"name\":\"ANRICHTE | mueble4you\",\"isPartOf\":{\"@id\":\"https:\/\/mueble4you.com\/#website\"},\"primaryImageOfPage\":{\"@id\":\"https:\/\/mueble4you.com\/de\/productos\/aparador-8\/#primaryimage\"},\"image\":{\"@id\":\"https:\/\/mueble4you.com\/de\/productos\/aparador-8\/#primaryimage\"},\"thumbnailUrl\":\"https:\/\/mueble4you.com\/wp-content\/uploads\/2025\/03\/1852_1-Copy.jpg\",\"datePublished\":\"2025-03-26T10:16:30+00:00\",\"dateModified\":\"2025-03-26T11:19:41+00:00\",\"breadcrumb\":{\"@id\":\"https:\/\/mueble4you.com\/de\/productos\/aparador-8\/#breadcrumb\"},\"inLanguage\":\"de\",\"potentialAction\":[{\"@type\":\"ReadAction\",\"target\":[\"https:\/\/mueble4you.com\/de\/productos\/aparador-8\/\"]}]},{\"@type\":\"ImageObject\",\"inLanguage\":\"de\",\"@id\":\"https:\/\/mueble4you.com\/de\/productos\/aparador-8\/#primaryimage\",\"url\":\"https:\/\/mueble4you.com\/wp-content\/uploads\/2025\/03\/1852_1-Copy.jpg\",\"contentUrl\":\"https:\/\/mueble4you.com\/wp-content\/uploads\/2025\/03\/1852_1-Copy.jpg\",\"width\":915,\"height\":768},{\"@type\":\"BreadcrumbList\",\"@id\":\"https:\/\/mueble4you.com\/de\/productos\/aparador-8\/#breadcrumb\",\"itemListElement\":[{\"@type\":\"ListItem\",\"position\":1,\"name\":\"Portada\",\"item\":\"https:\/\/mueble4you.com\/de\/\"},{\"@type\":\"ListItem\",\"position\":2,\"name\":\"Productos\",\"item\":\"https:\/\/mueble4you.com\/productos\/\"},{\"@type\":\"ListItem\",\"position\":3,\"name\":\"ANRICHTE\"}]},{\"@type\":\"WebSite\",\"@id\":\"https:\/\/mueble4you.com\/#website\",\"url\":\"https:\/\/mueble4you.com\/\",\"name\":\"mueble4you\",\"description\":\"M\u00f6bel in Teneriffa\",\"potentialAction\":[{\"@type\":\"SearchAction\",\"target\":{\"@type\":\"EntryPoint\",\"urlTemplate\":\"https:\/\/mueble4you.com\/?s={search_term_string}\"},\"query-input\":{\"@type\":\"PropertyValueSpecification\",\"valueRequired\":true,\"valueName\":\"search_term_string\"}}],\"inLanguage\":\"de\"}]}<\/script>\n<!-- \/ Yoast SEO plugin. -->","yoast_head_json":{"title":"ANRICHTE | mueble4you","robots":{"index":"index","follow":"follow","max-snippet":"max-snippet:-1","max-image-preview":"max-image-preview:large","max-video-preview":"max-video-preview:-1"},"canonical":"https:\/\/mueble4you.com\/de\/productos\/aparador-8\/","og_locale":"de_DE","og_type":"article","og_title":"ANRICHTE | mueble4you","og_description":"4-t\u00fcriges Sideboard aus massivem Akazienholz. Die wellenf\u00f6rmigen Details der T\u00fcren verleihen eine optische Struktur und erzeugen Schatten und Reflexionen, die die nat\u00fcrliche Sch\u00f6nheit des Holzes unterstreichen. Im Inneren bietet das Sideboard Regale, die reichlich Stauraum bieten und die Beine des Sideboards verleihen ihm eine moderne Note. \u25cf H\u00f6he: 76 cm. \u25cf L\u00e4nge: 170 cm. \u25cf [...]","og_url":"https:\/\/mueble4you.com\/de\/productos\/aparador-8\/","og_site_name":"mueble4you","article_modified_time":"2025-03-26T11:19:41+00:00","og_image":[{"width":915,"height":768,"url":"https:\/\/mueble4you.com\/wp-content\/uploads\/2025\/03\/1852_1-Copy.jpg","type":"image\/jpeg"}],"twitter_card":"summary_large_image","schema":{"@context":"https:\/\/schema.org","@graph":[{"@type":"WebPage","@id":"https:\/\/mueble4you.com\/de\/productos\/aparador-8\/","url":"https:\/\/mueble4you.com\/de\/productos\/aparador-8\/","name":"ANRICHTE | mueble4you","isPartOf":{"@id":"https:\/\/mueble4you.com\/#website"},"primaryImageOfPage":{"@id":"https:\/\/mueble4you.com\/de\/productos\/aparador-8\/#primaryimage"},"image":{"@id":"https:\/\/mueble4you.com\/de\/productos\/aparador-8\/#primaryimage"},"thumbnailUrl":"https:\/\/mueble4you.com\/wp-content\/uploads\/2025\/03\/1852_1-Copy.jpg","datePublished":"2025-03-26T10:16:30+00:00","dateModified":"2025-03-26T11:19:41+00:00","breadcrumb":{"@id":"https:\/\/mueble4you.com\/de\/productos\/aparador-8\/#breadcrumb"},"inLanguage":"de","potentialAction":[{"@type":"ReadAction","target":["https:\/\/mueble4you.com\/de\/productos\/aparador-8\/"]}]},{"@type":"ImageObject","inLanguage":"de","@id":"https:\/\/mueble4you.com\/de\/productos\/aparador-8\/#primaryimage","url":"https:\/\/mueble4you.com\/wp-content\/uploads\/2025\/03\/1852_1-Copy.jpg","contentUrl":"https:\/\/mueble4you.com\/wp-content\/uploads\/2025\/03\/1852_1-Copy.jpg","width":915,"height":768},{"@type":"BreadcrumbList","@id":"https:\/\/mueble4you.com\/de\/productos\/aparador-8\/#breadcrumb","itemListElement":[{"@type":"ListItem","position":1,"name":"Portada","item":"https:\/\/mueble4you.com\/de\/"},{"@type":"ListItem","position":2,"name":"Productos","item":"https:\/\/mueble4you.com\/productos\/"},{"@type":"ListItem","position":3,"name":"ANRICHTE"}]},{"@type":"WebSite","@id":"https:\/\/mueble4you.com\/#website","url":"https:\/\/mueble4you.com\/","name":"mueble4you","description":"M\u00f6bel in Teneriffa","potentialAction":[{"@type":"SearchAction","target":{"@type":"EntryPoint","urlTemplate":"https:\/\/mueble4you.com\/?s={search_term_string}"},"query-input":{"@type":"PropertyValueSpecification","valueRequired":true,"valueName":"search_term_string"}}],"inLanguage":"de"}]}},"_links":{"self":[{"href":"https:\/\/mueble4you.com\/de\/wp-json\/wp\/v2\/product\/81849","targetHints":{"allow":["GET"]}}],"collection":[{"href":"https:\/\/mueble4you.com\/de\/wp-json\/wp\/v2\/product"}],"about":[{"href":"https:\/\/mueble4you.com\/de\/wp-json\/wp\/v2\/types\/product"}],"wp:featuredmedia":[{"embeddable":true,"href":"https:\/\/mueble4you.com\/de\/wp-json\/wp\/v2\/media\/81820"}],"wp:attachment":[{"href":"https:\/\/mueble4you.com\/de\/wp-json\/wp\/v2\/media?parent=81849"}],"wp:term":[{"taxonomy":"product_brand","embeddable":true,"href":"https:\/\/mueble4you.com\/de\/wp-json\/wp\/v2\/product_brand?post=81849"},{"taxonomy":"product_cat","embeddable":true,"href":"https:\/\/mueble4you.com\/de\/wp-json\/wp\/v2\/product_cat?post=81849"},{"taxonomy":"product_tag","embeddable":true,"href":"https:\/\/mueble4you.com\/de\/wp-json\/wp\/v2\/product_tag?post=81849"}],"curies":[{"name":"wp","href":"https:\/\/api.w.org\/{rel}","templated":true}]}}