{"id":81743,"date":"2025-03-25T15:48:37","date_gmt":"2025-03-25T15:48:37","guid":{"rendered":"https:\/\/mueble4you.com\/productos\/mueble-tv-2\/"},"modified":"2025-03-26T15:58:12","modified_gmt":"2025-03-26T15:58:12","slug":"mueble-tv-2","status":"publish","type":"product","link":"https:\/\/mueble4you.com\/de\/productos\/mueble-tv-2\/","title":{"rendered":"TV-ST\u00c4NDER"},"content":{"rendered":"<div>Sideboard aus Mangoholz in Naturfarbe, gestaltet mit klaren Linien und abgerundeten Ecken, die seinen modernen und warmen Stil unterstreichen. Es verf\u00fcgt \u00fcber vier gro\u00dfe T\u00fcren und drei zentrale Schubladen, alle mit Metallgriffen ausgestattet, die einen eleganten und funktionalen Kontrast bieten. Sein vielseitiges Layout bietet reichlich Stauraum und vereint Funktionalit\u00e4t und \u00c4sthetik in einem minimalistischen und zeitlosen Design.<\/div>\n<div><\/div>\n<div>\u25cf H\u00f6he: 55 cm.<\/div>\n<div><\/div>\n<div>\u25cf L\u00e4nge: 180 cm.<\/div>\n<div><\/div>\n<div>\u25cf Breite: 40 cm.<\/div>\n<div><\/div>\n<div>\u25cf Material: Mangoholz.<\/div>\n<div><\/div>\n<div>\u25cf Farbe: Natur.<\/div>\n<div><\/div>\n","protected":false},"excerpt":{"rendered":"<p>Sideboard aus Mangoholz in Naturfarbe, gestaltet mit klaren Linien und abgerundeten Ecken, die seinen modernen und warmen Stil unterstreichen. Es verf\u00fcgt \u00fcber vier gro\u00dfe T\u00fcren und drei zentrale Schubladen, alle mit Metallgriffen ausgestattet, die einen eleganten und funktionalen Kontrast bieten. Sein vielseitiges Layout bietet reichlich Stauraum und vereint Funktionalit\u00e4t und \u00c4sthetik in einem minimalistischen und [&#8230;]\n","protected":false},"featured_media":81719,"template":"","meta":[],"product_brand":[],"product_cat":[510,272],"product_tag":[],"class_list":{"0":"post-81743","1":"product","2":"type-product","3":"status-publish","4":"has-post-thumbnail","6":"product_cat-tv-schrank","7":"product_cat-wohnzimmer","9":"first","10":"instock","11":"shipping-taxable","12":"product-type-simple"},"yoast_head":"<!-- This site is optimized with the Yoast SEO plugin v27.3 - https:\/\/yoast.com\/product\/yoast-seo-wordpress\/ -->\n<title>TV-ST\u00c4NDER | mueble4you<\/title>\n<meta name=\"robots\" content=\"index, follow, max-snippet:-1, max-image-preview:large, max-video-preview:-1\" \/>\n<link rel=\"canonical\" href=\"https:\/\/mueble4you.com\/de\/productos\/mueble-tv-2\/\" \/>\n<meta property=\"og:locale\" content=\"de_DE\" \/>\n<meta property=\"og:type\" content=\"article\" \/>\n<meta property=\"og:title\" content=\"TV-ST\u00c4NDER | mueble4you\" \/>\n<meta property=\"og:description\" content=\"Sideboard aus Mangoholz in Naturfarbe, gestaltet mit klaren Linien und abgerundeten Ecken, die seinen modernen und warmen Stil unterstreichen. Es verf\u00fcgt \u00fcber vier gro\u00dfe T\u00fcren und drei zentrale Schubladen, alle mit Metallgriffen ausgestattet, die einen eleganten und funktionalen Kontrast bieten. Sein vielseitiges Layout bietet reichlich Stauraum und vereint Funktionalit\u00e4t und \u00c4sthetik in einem minimalistischen und [...]\" \/>\n<meta property=\"og:url\" content=\"https:\/\/mueble4you.com\/de\/productos\/mueble-tv-2\/\" \/>\n<meta property=\"og:site_name\" content=\"mueble4you\" \/>\n<meta property=\"article:modified_time\" content=\"2025-03-26T15:58:12+00:00\" \/>\n<meta property=\"og:image\" content=\"https:\/\/mueble4you.com\/wp-content\/uploads\/2025\/03\/1940_1-Copy.jpg\" \/>\n\t<meta property=\"og:image:width\" content=\"1024\" \/>\n\t<meta property=\"og:image:height\" content=\"657\" \/>\n\t<meta property=\"og:image:type\" content=\"image\/jpeg\" \/>\n<meta name=\"twitter:card\" content=\"summary_large_image\" \/>\n<script type=\"application\/ld+json\" class=\"yoast-schema-graph\">{\"@context\":\"https:\\\/\\\/schema.org\",\"@graph\":[{\"@type\":\"WebPage\",\"@id\":\"https:\\\/\\\/mueble4you.com\\\/de\\\/productos\\\/mueble-tv-2\\\/\",\"url\":\"https:\\\/\\\/mueble4you.com\\\/de\\\/productos\\\/mueble-tv-2\\\/\",\"name\":\"TV-ST\u00c4NDER | mueble4you\",\"isPartOf\":{\"@id\":\"https:\\\/\\\/mueble4you.com\\\/#website\"},\"primaryImageOfPage\":{\"@id\":\"https:\\\/\\\/mueble4you.com\\\/de\\\/productos\\\/mueble-tv-2\\\/#primaryimage\"},\"image\":{\"@id\":\"https:\\\/\\\/mueble4you.com\\\/de\\\/productos\\\/mueble-tv-2\\\/#primaryimage\"},\"thumbnailUrl\":\"https:\\\/\\\/mueble4you.com\\\/wp-content\\\/uploads\\\/2025\\\/03\\\/1940_1-Copy.jpg\",\"datePublished\":\"2025-03-25T15:48:37+00:00\",\"dateModified\":\"2025-03-26T15:58:12+00:00\",\"breadcrumb\":{\"@id\":\"https:\\\/\\\/mueble4you.com\\\/de\\\/productos\\\/mueble-tv-2\\\/#breadcrumb\"},\"inLanguage\":\"de\",\"potentialAction\":[{\"@type\":\"ReadAction\",\"target\":[\"https:\\\/\\\/mueble4you.com\\\/de\\\/productos\\\/mueble-tv-2\\\/\"]}]},{\"@type\":\"ImageObject\",\"inLanguage\":\"de\",\"@id\":\"https:\\\/\\\/mueble4you.com\\\/de\\\/productos\\\/mueble-tv-2\\\/#primaryimage\",\"url\":\"https:\\\/\\\/mueble4you.com\\\/wp-content\\\/uploads\\\/2025\\\/03\\\/1940_1-Copy.jpg\",\"contentUrl\":\"https:\\\/\\\/mueble4you.com\\\/wp-content\\\/uploads\\\/2025\\\/03\\\/1940_1-Copy.jpg\",\"width\":1024,\"height\":657},{\"@type\":\"BreadcrumbList\",\"@id\":\"https:\\\/\\\/mueble4you.com\\\/de\\\/productos\\\/mueble-tv-2\\\/#breadcrumb\",\"itemListElement\":[{\"@type\":\"ListItem\",\"position\":1,\"name\":\"Portada\",\"item\":\"https:\\\/\\\/mueble4you.com\\\/de\\\/\"},{\"@type\":\"ListItem\",\"position\":2,\"name\":\"Productos\",\"item\":\"https:\\\/\\\/mueble4you.com\\\/productos\\\/\"},{\"@type\":\"ListItem\",\"position\":3,\"name\":\"TV-ST\u00c4NDER\"}]},{\"@type\":\"WebSite\",\"@id\":\"https:\\\/\\\/mueble4you.com\\\/#website\",\"url\":\"https:\\\/\\\/mueble4you.com\\\/\",\"name\":\"mueble4you\",\"description\":\"M\u00f6bel in Teneriffa\",\"potentialAction\":[{\"@type\":\"SearchAction\",\"target\":{\"@type\":\"EntryPoint\",\"urlTemplate\":\"https:\\\/\\\/mueble4you.com\\\/?s={search_term_string}\"},\"query-input\":{\"@type\":\"PropertyValueSpecification\",\"valueRequired\":true,\"valueName\":\"search_term_string\"}}],\"inLanguage\":\"de\"}]}<\/script>\n<!-- \/ Yoast SEO plugin. -->","yoast_head_json":{"title":"TV-ST\u00c4NDER | mueble4you","robots":{"index":"index","follow":"follow","max-snippet":"max-snippet:-1","max-image-preview":"max-image-preview:large","max-video-preview":"max-video-preview:-1"},"canonical":"https:\/\/mueble4you.com\/de\/productos\/mueble-tv-2\/","og_locale":"de_DE","og_type":"article","og_title":"TV-ST\u00c4NDER | mueble4you","og_description":"Sideboard aus Mangoholz in Naturfarbe, gestaltet mit klaren Linien und abgerundeten Ecken, die seinen modernen und warmen Stil unterstreichen. Es verf\u00fcgt \u00fcber vier gro\u00dfe T\u00fcren und drei zentrale Schubladen, alle mit Metallgriffen ausgestattet, die einen eleganten und funktionalen Kontrast bieten. Sein vielseitiges Layout bietet reichlich Stauraum und vereint Funktionalit\u00e4t und \u00c4sthetik in einem minimalistischen und [...]","og_url":"https:\/\/mueble4you.com\/de\/productos\/mueble-tv-2\/","og_site_name":"mueble4you","article_modified_time":"2025-03-26T15:58:12+00:00","og_image":[{"width":1024,"height":657,"url":"https:\/\/mueble4you.com\/wp-content\/uploads\/2025\/03\/1940_1-Copy.jpg","type":"image\/jpeg"}],"twitter_card":"summary_large_image","schema":{"@context":"https:\/\/schema.org","@graph":[{"@type":"WebPage","@id":"https:\/\/mueble4you.com\/de\/productos\/mueble-tv-2\/","url":"https:\/\/mueble4you.com\/de\/productos\/mueble-tv-2\/","name":"TV-ST\u00c4NDER | mueble4you","isPartOf":{"@id":"https:\/\/mueble4you.com\/#website"},"primaryImageOfPage":{"@id":"https:\/\/mueble4you.com\/de\/productos\/mueble-tv-2\/#primaryimage"},"image":{"@id":"https:\/\/mueble4you.com\/de\/productos\/mueble-tv-2\/#primaryimage"},"thumbnailUrl":"https:\/\/mueble4you.com\/wp-content\/uploads\/2025\/03\/1940_1-Copy.jpg","datePublished":"2025-03-25T15:48:37+00:00","dateModified":"2025-03-26T15:58:12+00:00","breadcrumb":{"@id":"https:\/\/mueble4you.com\/de\/productos\/mueble-tv-2\/#breadcrumb"},"inLanguage":"de","potentialAction":[{"@type":"ReadAction","target":["https:\/\/mueble4you.com\/de\/productos\/mueble-tv-2\/"]}]},{"@type":"ImageObject","inLanguage":"de","@id":"https:\/\/mueble4you.com\/de\/productos\/mueble-tv-2\/#primaryimage","url":"https:\/\/mueble4you.com\/wp-content\/uploads\/2025\/03\/1940_1-Copy.jpg","contentUrl":"https:\/\/mueble4you.com\/wp-content\/uploads\/2025\/03\/1940_1-Copy.jpg","width":1024,"height":657},{"@type":"BreadcrumbList","@id":"https:\/\/mueble4you.com\/de\/productos\/mueble-tv-2\/#breadcrumb","itemListElement":[{"@type":"ListItem","position":1,"name":"Portada","item":"https:\/\/mueble4you.com\/de\/"},{"@type":"ListItem","position":2,"name":"Productos","item":"https:\/\/mueble4you.com\/productos\/"},{"@type":"ListItem","position":3,"name":"TV-ST\u00c4NDER"}]},{"@type":"WebSite","@id":"https:\/\/mueble4you.com\/#website","url":"https:\/\/mueble4you.com\/","name":"mueble4you","description":"M\u00f6bel in Teneriffa","potentialAction":[{"@type":"SearchAction","target":{"@type":"EntryPoint","urlTemplate":"https:\/\/mueble4you.com\/?s={search_term_string}"},"query-input":{"@type":"PropertyValueSpecification","valueRequired":true,"valueName":"search_term_string"}}],"inLanguage":"de"}]}},"_links":{"self":[{"href":"https:\/\/mueble4you.com\/de\/wp-json\/wp\/v2\/product\/81743","targetHints":{"allow":["GET"]}}],"collection":[{"href":"https:\/\/mueble4you.com\/de\/wp-json\/wp\/v2\/product"}],"about":[{"href":"https:\/\/mueble4you.com\/de\/wp-json\/wp\/v2\/types\/product"}],"wp:featuredmedia":[{"embeddable":true,"href":"https:\/\/mueble4you.com\/de\/wp-json\/wp\/v2\/media\/81719"}],"wp:attachment":[{"href":"https:\/\/mueble4you.com\/de\/wp-json\/wp\/v2\/media?parent=81743"}],"wp:term":[{"taxonomy":"product_brand","embeddable":true,"href":"https:\/\/mueble4you.com\/de\/wp-json\/wp\/v2\/product_brand?post=81743"},{"taxonomy":"product_cat","embeddable":true,"href":"https:\/\/mueble4you.com\/de\/wp-json\/wp\/v2\/product_cat?post=81743"},{"taxonomy":"product_tag","embeddable":true,"href":"https:\/\/mueble4you.com\/de\/wp-json\/wp\/v2\/product_tag?post=81743"}],"curies":[{"name":"wp","href":"https:\/\/api.w.org\/{rel}","templated":true}]}}