{"id":81713,"date":"2025-03-25T15:33:30","date_gmt":"2025-03-25T15:33:30","guid":{"rendered":"https:\/\/mueble4you.com\/productos\/set-de-2-mesas\/"},"modified":"2025-03-26T16:08:08","modified_gmt":"2025-03-26T16:08:08","slug":"set-de-2-mesas","status":"publish","type":"product","link":"https:\/\/mueble4you.com\/de\/productos\/set-de-2-mesas\/","title":{"rendered":"2er-Set Tische"},"content":{"rendered":"<div>Dieses Set aus zwei Couchtischen zeichnet sich durch sein elegantes Design und hochwertige Materialien aus. Jeder Tisch verf\u00fcgt \u00fcber eine runde Marmorplatte in neutralen T\u00f6nen, die dem Tisch eine elegante und nat\u00fcrliche Note verleiht. Der Tischfu\u00df besteht aus Aluminium mit Nickel-Finish, was ihm ein modernes Aussehen und einen sanften Glanz verleiht und die K\u00fchle von Marmor mit der metallischen W\u00e4rme von Nickel ausgleicht.<\/div>\n<div><\/div>\n<div>\u25cf Ma\u00dfe des gro\u00dfen Tisches: 59 x 51 cm Durchmesser.<\/div>\n<div><\/div>\n<div>\u25cf Ma\u00dfe des kleinen Tisches: 48 x 51 cm Durchmesser.<\/div>\n<div><\/div>\n<div>\u25cf Material: Aluminium und Marmor.<\/div>\n<div><\/div>\n<div>\u25cf Farbe: Grau und Aluminium.<\/div>\n","protected":false},"excerpt":{"rendered":"<p>Dieses Set aus zwei Couchtischen zeichnet sich durch sein elegantes Design und hochwertige Materialien aus. Jeder Tisch verf\u00fcgt \u00fcber eine runde Marmorplatte in neutralen T\u00f6nen, die dem Tisch eine elegante und nat\u00fcrliche Note verleiht. Der Tischfu\u00df besteht aus Aluminium mit Nickel-Finish, was ihm ein modernes Aussehen und einen sanften Glanz verleiht und die K\u00fchle von [&#8230;]\n","protected":false},"featured_media":81699,"template":"","meta":[],"product_brand":[],"product_cat":[358,272],"product_tag":[],"class_list":{"0":"post-81713","1":"product","2":"type-product","3":"status-publish","4":"has-post-thumbnail","6":"product_cat-couchtisch","7":"product_cat-wohnzimmer","9":"first","10":"instock","11":"shipping-taxable","12":"product-type-simple"},"yoast_head":"<!-- This site is optimized with the Yoast SEO plugin v27.2 - https:\/\/yoast.com\/product\/yoast-seo-wordpress\/ -->\n<title>2er-Set Tische | mueble4you<\/title>\n<meta name=\"robots\" content=\"index, follow, max-snippet:-1, max-image-preview:large, max-video-preview:-1\" \/>\n<link rel=\"canonical\" href=\"https:\/\/mueble4you.com\/de\/productos\/set-de-2-mesas\/\" \/>\n<meta property=\"og:locale\" content=\"de_DE\" \/>\n<meta property=\"og:type\" content=\"article\" \/>\n<meta property=\"og:title\" content=\"2er-Set Tische | mueble4you\" \/>\n<meta property=\"og:description\" content=\"Dieses Set aus zwei Couchtischen zeichnet sich durch sein elegantes Design und hochwertige Materialien aus. Jeder Tisch verf\u00fcgt \u00fcber eine runde Marmorplatte in neutralen T\u00f6nen, die dem Tisch eine elegante und nat\u00fcrliche Note verleiht. Der Tischfu\u00df besteht aus Aluminium mit Nickel-Finish, was ihm ein modernes Aussehen und einen sanften Glanz verleiht und die K\u00fchle von [...]\" \/>\n<meta property=\"og:url\" content=\"https:\/\/mueble4you.com\/de\/productos\/set-de-2-mesas\/\" \/>\n<meta property=\"og:site_name\" content=\"mueble4you\" \/>\n<meta property=\"article:modified_time\" content=\"2025-03-26T16:08:08+00:00\" \/>\n<meta property=\"og:image\" content=\"https:\/\/mueble4you.com\/wp-content\/uploads\/2025\/03\/1863_1.jpg\" \/>\n\t<meta property=\"og:image:width\" content=\"686\" \/>\n\t<meta property=\"og:image:height\" content=\"600\" \/>\n\t<meta property=\"og:image:type\" content=\"image\/jpeg\" \/>\n<meta name=\"twitter:card\" content=\"summary_large_image\" \/>\n<script type=\"application\/ld+json\" class=\"yoast-schema-graph\">{\"@context\":\"https:\/\/schema.org\",\"@graph\":[{\"@type\":\"WebPage\",\"@id\":\"https:\/\/mueble4you.com\/de\/productos\/set-de-2-mesas\/\",\"url\":\"https:\/\/mueble4you.com\/de\/productos\/set-de-2-mesas\/\",\"name\":\"2er-Set Tische | mueble4you\",\"isPartOf\":{\"@id\":\"https:\/\/mueble4you.com\/#website\"},\"primaryImageOfPage\":{\"@id\":\"https:\/\/mueble4you.com\/de\/productos\/set-de-2-mesas\/#primaryimage\"},\"image\":{\"@id\":\"https:\/\/mueble4you.com\/de\/productos\/set-de-2-mesas\/#primaryimage\"},\"thumbnailUrl\":\"https:\/\/mueble4you.com\/wp-content\/uploads\/2025\/03\/1863_1.jpg\",\"datePublished\":\"2025-03-25T15:33:30+00:00\",\"dateModified\":\"2025-03-26T16:08:08+00:00\",\"breadcrumb\":{\"@id\":\"https:\/\/mueble4you.com\/de\/productos\/set-de-2-mesas\/#breadcrumb\"},\"inLanguage\":\"de\",\"potentialAction\":[{\"@type\":\"ReadAction\",\"target\":[\"https:\/\/mueble4you.com\/de\/productos\/set-de-2-mesas\/\"]}]},{\"@type\":\"ImageObject\",\"inLanguage\":\"de\",\"@id\":\"https:\/\/mueble4you.com\/de\/productos\/set-de-2-mesas\/#primaryimage\",\"url\":\"https:\/\/mueble4you.com\/wp-content\/uploads\/2025\/03\/1863_1.jpg\",\"contentUrl\":\"https:\/\/mueble4you.com\/wp-content\/uploads\/2025\/03\/1863_1.jpg\",\"width\":686,\"height\":600},{\"@type\":\"BreadcrumbList\",\"@id\":\"https:\/\/mueble4you.com\/de\/productos\/set-de-2-mesas\/#breadcrumb\",\"itemListElement\":[{\"@type\":\"ListItem\",\"position\":1,\"name\":\"Portada\",\"item\":\"https:\/\/mueble4you.com\/de\/\"},{\"@type\":\"ListItem\",\"position\":2,\"name\":\"Productos\",\"item\":\"https:\/\/mueble4you.com\/productos\/\"},{\"@type\":\"ListItem\",\"position\":3,\"name\":\"2er-Set Tische\"}]},{\"@type\":\"WebSite\",\"@id\":\"https:\/\/mueble4you.com\/#website\",\"url\":\"https:\/\/mueble4you.com\/\",\"name\":\"mueble4you\",\"description\":\"M\u00f6bel in Teneriffa\",\"potentialAction\":[{\"@type\":\"SearchAction\",\"target\":{\"@type\":\"EntryPoint\",\"urlTemplate\":\"https:\/\/mueble4you.com\/?s={search_term_string}\"},\"query-input\":{\"@type\":\"PropertyValueSpecification\",\"valueRequired\":true,\"valueName\":\"search_term_string\"}}],\"inLanguage\":\"de\"}]}<\/script>\n<!-- \/ Yoast SEO plugin. -->","yoast_head_json":{"title":"2er-Set Tische | mueble4you","robots":{"index":"index","follow":"follow","max-snippet":"max-snippet:-1","max-image-preview":"max-image-preview:large","max-video-preview":"max-video-preview:-1"},"canonical":"https:\/\/mueble4you.com\/de\/productos\/set-de-2-mesas\/","og_locale":"de_DE","og_type":"article","og_title":"2er-Set Tische | mueble4you","og_description":"Dieses Set aus zwei Couchtischen zeichnet sich durch sein elegantes Design und hochwertige Materialien aus. Jeder Tisch verf\u00fcgt \u00fcber eine runde Marmorplatte in neutralen T\u00f6nen, die dem Tisch eine elegante und nat\u00fcrliche Note verleiht. Der Tischfu\u00df besteht aus Aluminium mit Nickel-Finish, was ihm ein modernes Aussehen und einen sanften Glanz verleiht und die K\u00fchle von [...]","og_url":"https:\/\/mueble4you.com\/de\/productos\/set-de-2-mesas\/","og_site_name":"mueble4you","article_modified_time":"2025-03-26T16:08:08+00:00","og_image":[{"width":686,"height":600,"url":"https:\/\/mueble4you.com\/wp-content\/uploads\/2025\/03\/1863_1.jpg","type":"image\/jpeg"}],"twitter_card":"summary_large_image","schema":{"@context":"https:\/\/schema.org","@graph":[{"@type":"WebPage","@id":"https:\/\/mueble4you.com\/de\/productos\/set-de-2-mesas\/","url":"https:\/\/mueble4you.com\/de\/productos\/set-de-2-mesas\/","name":"2er-Set Tische | mueble4you","isPartOf":{"@id":"https:\/\/mueble4you.com\/#website"},"primaryImageOfPage":{"@id":"https:\/\/mueble4you.com\/de\/productos\/set-de-2-mesas\/#primaryimage"},"image":{"@id":"https:\/\/mueble4you.com\/de\/productos\/set-de-2-mesas\/#primaryimage"},"thumbnailUrl":"https:\/\/mueble4you.com\/wp-content\/uploads\/2025\/03\/1863_1.jpg","datePublished":"2025-03-25T15:33:30+00:00","dateModified":"2025-03-26T16:08:08+00:00","breadcrumb":{"@id":"https:\/\/mueble4you.com\/de\/productos\/set-de-2-mesas\/#breadcrumb"},"inLanguage":"de","potentialAction":[{"@type":"ReadAction","target":["https:\/\/mueble4you.com\/de\/productos\/set-de-2-mesas\/"]}]},{"@type":"ImageObject","inLanguage":"de","@id":"https:\/\/mueble4you.com\/de\/productos\/set-de-2-mesas\/#primaryimage","url":"https:\/\/mueble4you.com\/wp-content\/uploads\/2025\/03\/1863_1.jpg","contentUrl":"https:\/\/mueble4you.com\/wp-content\/uploads\/2025\/03\/1863_1.jpg","width":686,"height":600},{"@type":"BreadcrumbList","@id":"https:\/\/mueble4you.com\/de\/productos\/set-de-2-mesas\/#breadcrumb","itemListElement":[{"@type":"ListItem","position":1,"name":"Portada","item":"https:\/\/mueble4you.com\/de\/"},{"@type":"ListItem","position":2,"name":"Productos","item":"https:\/\/mueble4you.com\/productos\/"},{"@type":"ListItem","position":3,"name":"2er-Set Tische"}]},{"@type":"WebSite","@id":"https:\/\/mueble4you.com\/#website","url":"https:\/\/mueble4you.com\/","name":"mueble4you","description":"M\u00f6bel in Teneriffa","potentialAction":[{"@type":"SearchAction","target":{"@type":"EntryPoint","urlTemplate":"https:\/\/mueble4you.com\/?s={search_term_string}"},"query-input":{"@type":"PropertyValueSpecification","valueRequired":true,"valueName":"search_term_string"}}],"inLanguage":"de"}]}},"_links":{"self":[{"href":"https:\/\/mueble4you.com\/de\/wp-json\/wp\/v2\/product\/81713","targetHints":{"allow":["GET"]}}],"collection":[{"href":"https:\/\/mueble4you.com\/de\/wp-json\/wp\/v2\/product"}],"about":[{"href":"https:\/\/mueble4you.com\/de\/wp-json\/wp\/v2\/types\/product"}],"wp:featuredmedia":[{"embeddable":true,"href":"https:\/\/mueble4you.com\/de\/wp-json\/wp\/v2\/media\/81699"}],"wp:attachment":[{"href":"https:\/\/mueble4you.com\/de\/wp-json\/wp\/v2\/media?parent=81713"}],"wp:term":[{"taxonomy":"product_brand","embeddable":true,"href":"https:\/\/mueble4you.com\/de\/wp-json\/wp\/v2\/product_brand?post=81713"},{"taxonomy":"product_cat","embeddable":true,"href":"https:\/\/mueble4you.com\/de\/wp-json\/wp\/v2\/product_cat?post=81713"},{"taxonomy":"product_tag","embeddable":true,"href":"https:\/\/mueble4you.com\/de\/wp-json\/wp\/v2\/product_tag?post=81713"}],"curies":[{"name":"wp","href":"https:\/\/api.w.org\/{rel}","templated":true}]}}