{"id":81693,"date":"2025-03-25T15:29:29","date_gmt":"2025-03-25T15:29:29","guid":{"rendered":"https:\/\/mueble4you.com\/productos\/vitrina\/"},"modified":"2025-03-26T16:13:11","modified_gmt":"2025-03-26T16:13:11","slug":"vitrina","status":"publish","type":"product","link":"https:\/\/mueble4you.com\/de\/productos\/vitrina\/","title":{"rendered":"Schaufenster"},"content":{"rendered":"<div>Entdecken Sie diese elegante Vitrine im Industriestil. Es verf\u00fcgt \u00fcber vier Glast\u00fcren, die einen klaren Blick auf das Innere erm\u00f6glichen und sich perfekt f\u00fcr die Pr\u00e4sentation Ihrer Lieblingsgegenst\u00e4nde wie B\u00fccher, Geschirr oder Dekorationen eignen. Im Inneren finden Sie mehrere Regale, die eine praktische und vielseitige Organisation erm\u00f6glichen, damit alles geordnet und zug\u00e4nglich bleibt.<\/div>\n<div>In der Mitte der Vitrine bieten zwei ger\u00e4umige Schubladen zus\u00e4tzlichen Stauraum f\u00fcr Gegenst\u00e4nde, die Sie lieber au\u00dfer Sichtweite aufbewahren m\u00f6chten, und vereinen so Stil und Funktionalit\u00e4t.<\/div>\n<div><\/div>\n<div>\u25cf H\u00f6he: 200 cm.<\/div>\n<div><\/div>\n<div>\u25cf L\u00e4nge: 100 cm.<\/div>\n<div><\/div>\n<div>\u25cf Breite: 40 cm.<\/div>\n<div><\/div>\n<div>\u25cf Material: Mangoholz und Eisen.<\/div>\n<div><\/div>\n<div>\u25cf Farbe: Natur.<\/div>\n","protected":false},"excerpt":{"rendered":"<p>Entdecken Sie diese elegante Vitrine im Industriestil. Es verf\u00fcgt \u00fcber vier Glast\u00fcren, die einen klaren Blick auf das Innere erm\u00f6glichen und sich perfekt f\u00fcr die Pr\u00e4sentation Ihrer Lieblingsgegenst\u00e4nde wie B\u00fccher, Geschirr oder Dekorationen eignen. Im Inneren finden Sie mehrere Regale, die eine praktische und vielseitige Organisation erm\u00f6glichen, damit alles geordnet und zug\u00e4nglich bleibt. In der [&#8230;]\n","protected":false},"featured_media":81669,"template":"","meta":[],"product_brand":[],"product_cat":[505,272],"product_tag":[],"class_list":{"0":"post-81693","1":"product","2":"type-product","3":"status-publish","4":"has-post-thumbnail","6":"product_cat-vitrinen","7":"product_cat-wohnzimmer","9":"first","10":"instock","11":"shipping-taxable","12":"product-type-simple"},"yoast_head":"<!-- This site is optimized with the Yoast SEO plugin v27.2 - https:\/\/yoast.com\/product\/yoast-seo-wordpress\/ -->\n<title>Schaufenster | mueble4you<\/title>\n<meta name=\"robots\" content=\"index, follow, max-snippet:-1, max-image-preview:large, max-video-preview:-1\" \/>\n<link rel=\"canonical\" href=\"https:\/\/mueble4you.com\/de\/productos\/vitrina\/\" \/>\n<meta property=\"og:locale\" content=\"de_DE\" \/>\n<meta property=\"og:type\" content=\"article\" \/>\n<meta property=\"og:title\" content=\"Schaufenster | mueble4you\" \/>\n<meta property=\"og:description\" content=\"Entdecken Sie diese elegante Vitrine im Industriestil. Es verf\u00fcgt \u00fcber vier Glast\u00fcren, die einen klaren Blick auf das Innere erm\u00f6glichen und sich perfekt f\u00fcr die Pr\u00e4sentation Ihrer Lieblingsgegenst\u00e4nde wie B\u00fccher, Geschirr oder Dekorationen eignen. Im Inneren finden Sie mehrere Regale, die eine praktische und vielseitige Organisation erm\u00f6glichen, damit alles geordnet und zug\u00e4nglich bleibt. In der [...]\" \/>\n<meta property=\"og:url\" content=\"https:\/\/mueble4you.com\/de\/productos\/vitrina\/\" \/>\n<meta property=\"og:site_name\" content=\"mueble4you\" \/>\n<meta property=\"article:modified_time\" content=\"2025-03-26T16:13:11+00:00\" \/>\n<meta property=\"og:image\" content=\"https:\/\/mueble4you.com\/wp-content\/uploads\/2025\/03\/1592_2.jpg\" \/>\n\t<meta property=\"og:image:width\" content=\"486\" \/>\n\t<meta property=\"og:image:height\" content=\"768\" \/>\n\t<meta property=\"og:image:type\" content=\"image\/jpeg\" \/>\n<meta name=\"twitter:card\" content=\"summary_large_image\" \/>\n<meta name=\"twitter:label1\" content=\"Gesch\u00e4tzte Lesezeit\" \/>\n\t<meta name=\"twitter:data1\" content=\"1\u00a0Minute\" \/>\n<script type=\"application\/ld+json\" class=\"yoast-schema-graph\">{\"@context\":\"https:\/\/schema.org\",\"@graph\":[{\"@type\":\"WebPage\",\"@id\":\"https:\/\/mueble4you.com\/de\/productos\/vitrina\/\",\"url\":\"https:\/\/mueble4you.com\/de\/productos\/vitrina\/\",\"name\":\"Schaufenster | mueble4you\",\"isPartOf\":{\"@id\":\"https:\/\/mueble4you.com\/#website\"},\"primaryImageOfPage\":{\"@id\":\"https:\/\/mueble4you.com\/de\/productos\/vitrina\/#primaryimage\"},\"image\":{\"@id\":\"https:\/\/mueble4you.com\/de\/productos\/vitrina\/#primaryimage\"},\"thumbnailUrl\":\"https:\/\/mueble4you.com\/wp-content\/uploads\/2025\/03\/1592_2.jpg\",\"datePublished\":\"2025-03-25T15:29:29+00:00\",\"dateModified\":\"2025-03-26T16:13:11+00:00\",\"breadcrumb\":{\"@id\":\"https:\/\/mueble4you.com\/de\/productos\/vitrina\/#breadcrumb\"},\"inLanguage\":\"de\",\"potentialAction\":[{\"@type\":\"ReadAction\",\"target\":[\"https:\/\/mueble4you.com\/de\/productos\/vitrina\/\"]}]},{\"@type\":\"ImageObject\",\"inLanguage\":\"de\",\"@id\":\"https:\/\/mueble4you.com\/de\/productos\/vitrina\/#primaryimage\",\"url\":\"https:\/\/mueble4you.com\/wp-content\/uploads\/2025\/03\/1592_2.jpg\",\"contentUrl\":\"https:\/\/mueble4you.com\/wp-content\/uploads\/2025\/03\/1592_2.jpg\",\"width\":486,\"height\":768},{\"@type\":\"BreadcrumbList\",\"@id\":\"https:\/\/mueble4you.com\/de\/productos\/vitrina\/#breadcrumb\",\"itemListElement\":[{\"@type\":\"ListItem\",\"position\":1,\"name\":\"Portada\",\"item\":\"https:\/\/mueble4you.com\/de\/\"},{\"@type\":\"ListItem\",\"position\":2,\"name\":\"Productos\",\"item\":\"https:\/\/mueble4you.com\/productos\/\"},{\"@type\":\"ListItem\",\"position\":3,\"name\":\"Schaufenster\"}]},{\"@type\":\"WebSite\",\"@id\":\"https:\/\/mueble4you.com\/#website\",\"url\":\"https:\/\/mueble4you.com\/\",\"name\":\"mueble4you\",\"description\":\"M\u00f6bel in Teneriffa\",\"potentialAction\":[{\"@type\":\"SearchAction\",\"target\":{\"@type\":\"EntryPoint\",\"urlTemplate\":\"https:\/\/mueble4you.com\/?s={search_term_string}\"},\"query-input\":{\"@type\":\"PropertyValueSpecification\",\"valueRequired\":true,\"valueName\":\"search_term_string\"}}],\"inLanguage\":\"de\"}]}<\/script>\n<!-- \/ Yoast SEO plugin. -->","yoast_head_json":{"title":"Schaufenster | mueble4you","robots":{"index":"index","follow":"follow","max-snippet":"max-snippet:-1","max-image-preview":"max-image-preview:large","max-video-preview":"max-video-preview:-1"},"canonical":"https:\/\/mueble4you.com\/de\/productos\/vitrina\/","og_locale":"de_DE","og_type":"article","og_title":"Schaufenster | mueble4you","og_description":"Entdecken Sie diese elegante Vitrine im Industriestil. Es verf\u00fcgt \u00fcber vier Glast\u00fcren, die einen klaren Blick auf das Innere erm\u00f6glichen und sich perfekt f\u00fcr die Pr\u00e4sentation Ihrer Lieblingsgegenst\u00e4nde wie B\u00fccher, Geschirr oder Dekorationen eignen. Im Inneren finden Sie mehrere Regale, die eine praktische und vielseitige Organisation erm\u00f6glichen, damit alles geordnet und zug\u00e4nglich bleibt. In der [...]","og_url":"https:\/\/mueble4you.com\/de\/productos\/vitrina\/","og_site_name":"mueble4you","article_modified_time":"2025-03-26T16:13:11+00:00","og_image":[{"width":486,"height":768,"url":"https:\/\/mueble4you.com\/wp-content\/uploads\/2025\/03\/1592_2.jpg","type":"image\/jpeg"}],"twitter_card":"summary_large_image","twitter_misc":{"Gesch\u00e4tzte Lesezeit":"1\u00a0Minute"},"schema":{"@context":"https:\/\/schema.org","@graph":[{"@type":"WebPage","@id":"https:\/\/mueble4you.com\/de\/productos\/vitrina\/","url":"https:\/\/mueble4you.com\/de\/productos\/vitrina\/","name":"Schaufenster | mueble4you","isPartOf":{"@id":"https:\/\/mueble4you.com\/#website"},"primaryImageOfPage":{"@id":"https:\/\/mueble4you.com\/de\/productos\/vitrina\/#primaryimage"},"image":{"@id":"https:\/\/mueble4you.com\/de\/productos\/vitrina\/#primaryimage"},"thumbnailUrl":"https:\/\/mueble4you.com\/wp-content\/uploads\/2025\/03\/1592_2.jpg","datePublished":"2025-03-25T15:29:29+00:00","dateModified":"2025-03-26T16:13:11+00:00","breadcrumb":{"@id":"https:\/\/mueble4you.com\/de\/productos\/vitrina\/#breadcrumb"},"inLanguage":"de","potentialAction":[{"@type":"ReadAction","target":["https:\/\/mueble4you.com\/de\/productos\/vitrina\/"]}]},{"@type":"ImageObject","inLanguage":"de","@id":"https:\/\/mueble4you.com\/de\/productos\/vitrina\/#primaryimage","url":"https:\/\/mueble4you.com\/wp-content\/uploads\/2025\/03\/1592_2.jpg","contentUrl":"https:\/\/mueble4you.com\/wp-content\/uploads\/2025\/03\/1592_2.jpg","width":486,"height":768},{"@type":"BreadcrumbList","@id":"https:\/\/mueble4you.com\/de\/productos\/vitrina\/#breadcrumb","itemListElement":[{"@type":"ListItem","position":1,"name":"Portada","item":"https:\/\/mueble4you.com\/de\/"},{"@type":"ListItem","position":2,"name":"Productos","item":"https:\/\/mueble4you.com\/productos\/"},{"@type":"ListItem","position":3,"name":"Schaufenster"}]},{"@type":"WebSite","@id":"https:\/\/mueble4you.com\/#website","url":"https:\/\/mueble4you.com\/","name":"mueble4you","description":"M\u00f6bel in Teneriffa","potentialAction":[{"@type":"SearchAction","target":{"@type":"EntryPoint","urlTemplate":"https:\/\/mueble4you.com\/?s={search_term_string}"},"query-input":{"@type":"PropertyValueSpecification","valueRequired":true,"valueName":"search_term_string"}}],"inLanguage":"de"}]}},"_links":{"self":[{"href":"https:\/\/mueble4you.com\/de\/wp-json\/wp\/v2\/product\/81693","targetHints":{"allow":["GET"]}}],"collection":[{"href":"https:\/\/mueble4you.com\/de\/wp-json\/wp\/v2\/product"}],"about":[{"href":"https:\/\/mueble4you.com\/de\/wp-json\/wp\/v2\/types\/product"}],"wp:featuredmedia":[{"embeddable":true,"href":"https:\/\/mueble4you.com\/de\/wp-json\/wp\/v2\/media\/81669"}],"wp:attachment":[{"href":"https:\/\/mueble4you.com\/de\/wp-json\/wp\/v2\/media?parent=81693"}],"wp:term":[{"taxonomy":"product_brand","embeddable":true,"href":"https:\/\/mueble4you.com\/de\/wp-json\/wp\/v2\/product_brand?post=81693"},{"taxonomy":"product_cat","embeddable":true,"href":"https:\/\/mueble4you.com\/de\/wp-json\/wp\/v2\/product_cat?post=81693"},{"taxonomy":"product_tag","embeddable":true,"href":"https:\/\/mueble4you.com\/de\/wp-json\/wp\/v2\/product_tag?post=81693"}],"curies":[{"name":"wp","href":"https:\/\/api.w.org\/{rel}","templated":true}]}}