{"id":81513,"date":"2025-03-20T16:02:05","date_gmt":"2025-03-20T16:02:05","guid":{"rendered":"https:\/\/mueble4you.com\/productos\/silla-escritorio-nude\/"},"modified":"2025-04-02T14:10:05","modified_gmt":"2025-04-02T14:10:05","slug":"silla-escritorio-nude","status":"publish","type":"product","link":"https:\/\/mueble4you.com\/de\/productos\/silla-escritorio-nude\/","title":{"rendered":"NACKTER SCHREIBTISCHSTUHL."},"content":{"rendered":"<div>Stuhl aus hautfarbenem Polypropylen.<\/div>\n<div><\/div>\n<div>Chrombeine mit R\u00e4dern.<\/div>\n<div><\/div>\n<div>H\u00f6henverstellsystem.<\/div>\n<div><\/div>\n<div>Festes Kissen mit wei\u00dfem Kunstlederbezug.<\/div>\n<div><\/div>\n<div>Breite: 58 cm<\/div>\n<div><\/div>\n<div>H\u00f6he: verstellbar<\/div>\n<div><\/div>\n<div>Tiefe: 58 cm<\/div>\n<div><\/div>\n<div>Sitzbreite: 48,5 cm.<\/div>\n","protected":false},"excerpt":{"rendered":"<p>Stuhl aus hautfarbenem Polypropylen. Chrombeine mit R\u00e4dern. H\u00f6henverstellsystem. Festes Kissen mit wei\u00dfem Kunstlederbezug. Breite: 58 cm H\u00f6he: verstellbar Tiefe: 58 cm Sitzbreite: 48,5 cm.<\/p>\n","protected":false},"featured_media":81504,"template":"","meta":[],"product_brand":[],"product_cat":[441,451],"product_tag":[],"class_list":{"0":"post-81513","1":"product","2":"type-product","3":"status-publish","4":"has-post-thumbnail","6":"product_cat-buero","7":"product_cat-stuhl","9":"first","10":"instock","11":"shipping-taxable","12":"product-type-simple"},"yoast_head":"<!-- This site is optimized with the Yoast SEO plugin v27.2 - https:\/\/yoast.com\/product\/yoast-seo-wordpress\/ -->\n<title>NACKTER SCHREIBTISCHSTUHL. | mueble4you<\/title>\n<meta name=\"robots\" content=\"index, follow, max-snippet:-1, max-image-preview:large, max-video-preview:-1\" \/>\n<link rel=\"canonical\" href=\"https:\/\/mueble4you.com\/de\/productos\/silla-escritorio-nude\/\" \/>\n<meta property=\"og:locale\" content=\"de_DE\" \/>\n<meta property=\"og:type\" content=\"article\" \/>\n<meta property=\"og:title\" content=\"NACKTER SCHREIBTISCHSTUHL. | mueble4you\" \/>\n<meta property=\"og:description\" content=\"Stuhl aus hautfarbenem Polypropylen. Chrombeine mit R\u00e4dern. H\u00f6henverstellsystem. Festes Kissen mit wei\u00dfem Kunstlederbezug. Breite: 58 cm H\u00f6he: verstellbar Tiefe: 58 cm Sitzbreite: 48,5 cm.\" \/>\n<meta property=\"og:url\" content=\"https:\/\/mueble4you.com\/de\/productos\/silla-escritorio-nude\/\" \/>\n<meta property=\"og:site_name\" content=\"mueble4you\" \/>\n<meta property=\"article:modified_time\" content=\"2025-04-02T14:10:05+00:00\" \/>\n<meta property=\"og:image\" content=\"https:\/\/mueble4you.com\/wp-content\/uploads\/2025\/03\/silla-escritorio-nude.webp\" \/>\n\t<meta property=\"og:image:width\" content=\"750\" \/>\n\t<meta property=\"og:image:height\" content=\"750\" \/>\n\t<meta property=\"og:image:type\" content=\"image\/webp\" \/>\n<meta name=\"twitter:card\" content=\"summary_large_image\" \/>\n<script type=\"application\/ld+json\" class=\"yoast-schema-graph\">{\"@context\":\"https:\/\/schema.org\",\"@graph\":[{\"@type\":\"WebPage\",\"@id\":\"https:\/\/mueble4you.com\/de\/productos\/silla-escritorio-nude\/\",\"url\":\"https:\/\/mueble4you.com\/de\/productos\/silla-escritorio-nude\/\",\"name\":\"NACKTER SCHREIBTISCHSTUHL. | mueble4you\",\"isPartOf\":{\"@id\":\"https:\/\/mueble4you.com\/#website\"},\"primaryImageOfPage\":{\"@id\":\"https:\/\/mueble4you.com\/de\/productos\/silla-escritorio-nude\/#primaryimage\"},\"image\":{\"@id\":\"https:\/\/mueble4you.com\/de\/productos\/silla-escritorio-nude\/#primaryimage\"},\"thumbnailUrl\":\"https:\/\/mueble4you.com\/wp-content\/uploads\/2025\/03\/silla-escritorio-nude.webp\",\"datePublished\":\"2025-03-20T16:02:05+00:00\",\"dateModified\":\"2025-04-02T14:10:05+00:00\",\"breadcrumb\":{\"@id\":\"https:\/\/mueble4you.com\/de\/productos\/silla-escritorio-nude\/#breadcrumb\"},\"inLanguage\":\"de\",\"potentialAction\":[{\"@type\":\"ReadAction\",\"target\":[\"https:\/\/mueble4you.com\/de\/productos\/silla-escritorio-nude\/\"]}]},{\"@type\":\"ImageObject\",\"inLanguage\":\"de\",\"@id\":\"https:\/\/mueble4you.com\/de\/productos\/silla-escritorio-nude\/#primaryimage\",\"url\":\"https:\/\/mueble4you.com\/wp-content\/uploads\/2025\/03\/silla-escritorio-nude.webp\",\"contentUrl\":\"https:\/\/mueble4you.com\/wp-content\/uploads\/2025\/03\/silla-escritorio-nude.webp\",\"width\":750,\"height\":750},{\"@type\":\"BreadcrumbList\",\"@id\":\"https:\/\/mueble4you.com\/de\/productos\/silla-escritorio-nude\/#breadcrumb\",\"itemListElement\":[{\"@type\":\"ListItem\",\"position\":1,\"name\":\"Portada\",\"item\":\"https:\/\/mueble4you.com\/de\/\"},{\"@type\":\"ListItem\",\"position\":2,\"name\":\"Productos\",\"item\":\"https:\/\/mueble4you.com\/productos\/\"},{\"@type\":\"ListItem\",\"position\":3,\"name\":\"NACKTER SCHREIBTISCHSTUHL.\"}]},{\"@type\":\"WebSite\",\"@id\":\"https:\/\/mueble4you.com\/#website\",\"url\":\"https:\/\/mueble4you.com\/\",\"name\":\"mueble4you\",\"description\":\"M\u00f6bel in Teneriffa\",\"potentialAction\":[{\"@type\":\"SearchAction\",\"target\":{\"@type\":\"EntryPoint\",\"urlTemplate\":\"https:\/\/mueble4you.com\/?s={search_term_string}\"},\"query-input\":{\"@type\":\"PropertyValueSpecification\",\"valueRequired\":true,\"valueName\":\"search_term_string\"}}],\"inLanguage\":\"de\"}]}<\/script>\n<!-- \/ Yoast SEO plugin. -->","yoast_head_json":{"title":"NACKTER SCHREIBTISCHSTUHL. | mueble4you","robots":{"index":"index","follow":"follow","max-snippet":"max-snippet:-1","max-image-preview":"max-image-preview:large","max-video-preview":"max-video-preview:-1"},"canonical":"https:\/\/mueble4you.com\/de\/productos\/silla-escritorio-nude\/","og_locale":"de_DE","og_type":"article","og_title":"NACKTER SCHREIBTISCHSTUHL. | mueble4you","og_description":"Stuhl aus hautfarbenem Polypropylen. Chrombeine mit R\u00e4dern. H\u00f6henverstellsystem. Festes Kissen mit wei\u00dfem Kunstlederbezug. Breite: 58 cm H\u00f6he: verstellbar Tiefe: 58 cm Sitzbreite: 48,5 cm.","og_url":"https:\/\/mueble4you.com\/de\/productos\/silla-escritorio-nude\/","og_site_name":"mueble4you","article_modified_time":"2025-04-02T14:10:05+00:00","og_image":[{"width":750,"height":750,"url":"https:\/\/mueble4you.com\/wp-content\/uploads\/2025\/03\/silla-escritorio-nude.webp","type":"image\/webp"}],"twitter_card":"summary_large_image","schema":{"@context":"https:\/\/schema.org","@graph":[{"@type":"WebPage","@id":"https:\/\/mueble4you.com\/de\/productos\/silla-escritorio-nude\/","url":"https:\/\/mueble4you.com\/de\/productos\/silla-escritorio-nude\/","name":"NACKTER SCHREIBTISCHSTUHL. | mueble4you","isPartOf":{"@id":"https:\/\/mueble4you.com\/#website"},"primaryImageOfPage":{"@id":"https:\/\/mueble4you.com\/de\/productos\/silla-escritorio-nude\/#primaryimage"},"image":{"@id":"https:\/\/mueble4you.com\/de\/productos\/silla-escritorio-nude\/#primaryimage"},"thumbnailUrl":"https:\/\/mueble4you.com\/wp-content\/uploads\/2025\/03\/silla-escritorio-nude.webp","datePublished":"2025-03-20T16:02:05+00:00","dateModified":"2025-04-02T14:10:05+00:00","breadcrumb":{"@id":"https:\/\/mueble4you.com\/de\/productos\/silla-escritorio-nude\/#breadcrumb"},"inLanguage":"de","potentialAction":[{"@type":"ReadAction","target":["https:\/\/mueble4you.com\/de\/productos\/silla-escritorio-nude\/"]}]},{"@type":"ImageObject","inLanguage":"de","@id":"https:\/\/mueble4you.com\/de\/productos\/silla-escritorio-nude\/#primaryimage","url":"https:\/\/mueble4you.com\/wp-content\/uploads\/2025\/03\/silla-escritorio-nude.webp","contentUrl":"https:\/\/mueble4you.com\/wp-content\/uploads\/2025\/03\/silla-escritorio-nude.webp","width":750,"height":750},{"@type":"BreadcrumbList","@id":"https:\/\/mueble4you.com\/de\/productos\/silla-escritorio-nude\/#breadcrumb","itemListElement":[{"@type":"ListItem","position":1,"name":"Portada","item":"https:\/\/mueble4you.com\/de\/"},{"@type":"ListItem","position":2,"name":"Productos","item":"https:\/\/mueble4you.com\/productos\/"},{"@type":"ListItem","position":3,"name":"NACKTER SCHREIBTISCHSTUHL."}]},{"@type":"WebSite","@id":"https:\/\/mueble4you.com\/#website","url":"https:\/\/mueble4you.com\/","name":"mueble4you","description":"M\u00f6bel in Teneriffa","potentialAction":[{"@type":"SearchAction","target":{"@type":"EntryPoint","urlTemplate":"https:\/\/mueble4you.com\/?s={search_term_string}"},"query-input":{"@type":"PropertyValueSpecification","valueRequired":true,"valueName":"search_term_string"}}],"inLanguage":"de"}]}},"_links":{"self":[{"href":"https:\/\/mueble4you.com\/de\/wp-json\/wp\/v2\/product\/81513","targetHints":{"allow":["GET"]}}],"collection":[{"href":"https:\/\/mueble4you.com\/de\/wp-json\/wp\/v2\/product"}],"about":[{"href":"https:\/\/mueble4you.com\/de\/wp-json\/wp\/v2\/types\/product"}],"wp:featuredmedia":[{"embeddable":true,"href":"https:\/\/mueble4you.com\/de\/wp-json\/wp\/v2\/media\/81504"}],"wp:attachment":[{"href":"https:\/\/mueble4you.com\/de\/wp-json\/wp\/v2\/media?parent=81513"}],"wp:term":[{"taxonomy":"product_brand","embeddable":true,"href":"https:\/\/mueble4you.com\/de\/wp-json\/wp\/v2\/product_brand?post=81513"},{"taxonomy":"product_cat","embeddable":true,"href":"https:\/\/mueble4you.com\/de\/wp-json\/wp\/v2\/product_cat?post=81513"},{"taxonomy":"product_tag","embeddable":true,"href":"https:\/\/mueble4you.com\/de\/wp-json\/wp\/v2\/product_tag?post=81513"}],"curies":[{"name":"wp","href":"https:\/\/api.w.org\/{rel}","templated":true}]}}