{"id":80231,"date":"2025-02-05T13:59:01","date_gmt":"2025-02-05T13:59:01","guid":{"rendered":"https:\/\/mueble4you.com\/productos\/silla-escritorio-dinamic-blanca-y-gris\/"},"modified":"2025-02-06T15:51:04","modified_gmt":"2025-02-06T15:51:04","slug":"silla-escritorio-dinamic-blanca-y-gris","status":"publish","type":"product","link":"https:\/\/mueble4you.com\/de\/productos\/silla-escritorio-dinamic-blanca-y-gris\/","title":{"rendered":"DYNAMISCHER SCHREIBTISCHSTUHL IN WEISS UND GRAU."},"content":{"rendered":"<ul>\n<li>Der Sitz besteht aus Polypropylen und besteht aus f\u00fcnf Beinen mit R\u00e4dern, die das Bewegen erleichtern.<\/li>\n<li>Der Sitz verf\u00fcgt \u00fcber ein gepolstertes Festpolster aus elastischem Faden.<\/li>\n<li>Es verf\u00fcgt \u00fcber ein hydraulisches Hebesystem, das eine H\u00f6henverstellung erm\u00f6glicht.<\/li>\n<li>Breite: 45,5 cm.<\/li>\n<li>Tief: 51,4.<\/li>\n<li>Sitztiefe: 43.<\/li>\n<li>H\u00f6he: 80,5-90,5 cm.<\/li>\n<li>Sitzh\u00f6he: 40-50 cm.<\/li>\n<\/ul>\n","protected":false},"excerpt":{"rendered":"<p>Der Sitz besteht aus Polypropylen und besteht aus f\u00fcnf Beinen mit R\u00e4dern, die das Bewegen erleichtern. Der Sitz verf\u00fcgt \u00fcber ein gepolstertes Festpolster aus elastischem Faden. Es verf\u00fcgt \u00fcber ein hydraulisches Hebesystem, das eine H\u00f6henverstellung erm\u00f6glicht. Breite: 45,5 cm. Tief: 51,4. Sitztiefe: 43. H\u00f6he: 80,5-90,5 cm. Sitzh\u00f6he: 40-50 cm.<\/p>\n","protected":false},"featured_media":80212,"template":"","meta":[],"product_brand":[],"product_cat":[441,451],"product_tag":[],"class_list":{"0":"post-80231","1":"product","2":"type-product","3":"status-publish","4":"has-post-thumbnail","6":"product_cat-buero","7":"product_cat-stuhl","9":"first","10":"instock","11":"shipping-taxable","12":"product-type-simple"},"yoast_head":"<!-- This site is optimized with the Yoast SEO plugin v27.2 - https:\/\/yoast.com\/product\/yoast-seo-wordpress\/ -->\n<title>DYNAMISCHER SCHREIBTISCHSTUHL IN WEISS UND GRAU. | mueble4you<\/title>\n<meta name=\"robots\" content=\"index, follow, max-snippet:-1, max-image-preview:large, max-video-preview:-1\" \/>\n<link rel=\"canonical\" href=\"https:\/\/mueble4you.com\/de\/productos\/silla-escritorio-dinamic-blanca-y-gris\/\" \/>\n<meta property=\"og:locale\" content=\"de_DE\" \/>\n<meta property=\"og:type\" content=\"article\" \/>\n<meta property=\"og:title\" content=\"DYNAMISCHER SCHREIBTISCHSTUHL IN WEISS UND GRAU. | mueble4you\" \/>\n<meta property=\"og:description\" content=\"Der Sitz besteht aus Polypropylen und besteht aus f\u00fcnf Beinen mit R\u00e4dern, die das Bewegen erleichtern. Der Sitz verf\u00fcgt \u00fcber ein gepolstertes Festpolster aus elastischem Faden. Es verf\u00fcgt \u00fcber ein hydraulisches Hebesystem, das eine H\u00f6henverstellung erm\u00f6glicht. Breite: 45,5 cm. Tief: 51,4. Sitztiefe: 43. H\u00f6he: 80,5-90,5 cm. Sitzh\u00f6he: 40-50 cm.\" \/>\n<meta property=\"og:url\" content=\"https:\/\/mueble4you.com\/de\/productos\/silla-escritorio-dinamic-blanca-y-gris\/\" \/>\n<meta property=\"og:site_name\" content=\"mueble4you\" \/>\n<meta property=\"article:modified_time\" content=\"2025-02-06T15:51:04+00:00\" \/>\n<meta property=\"og:image\" content=\"https:\/\/mueble4you.com\/wp-content\/uploads\/2025\/02\/silla-escritorio-dinamic-blanca-y-gris-2.jpg\" \/>\n\t<meta property=\"og:image:width\" content=\"1000\" \/>\n\t<meta property=\"og:image:height\" content=\"1000\" \/>\n\t<meta property=\"og:image:type\" content=\"image\/jpeg\" \/>\n<meta name=\"twitter:card\" content=\"summary_large_image\" \/>\n<script type=\"application\/ld+json\" class=\"yoast-schema-graph\">{\"@context\":\"https:\/\/schema.org\",\"@graph\":[{\"@type\":\"WebPage\",\"@id\":\"https:\/\/mueble4you.com\/de\/productos\/silla-escritorio-dinamic-blanca-y-gris\/\",\"url\":\"https:\/\/mueble4you.com\/de\/productos\/silla-escritorio-dinamic-blanca-y-gris\/\",\"name\":\"DYNAMISCHER SCHREIBTISCHSTUHL IN WEISS UND GRAU. | mueble4you\",\"isPartOf\":{\"@id\":\"https:\/\/mueble4you.com\/#website\"},\"primaryImageOfPage\":{\"@id\":\"https:\/\/mueble4you.com\/de\/productos\/silla-escritorio-dinamic-blanca-y-gris\/#primaryimage\"},\"image\":{\"@id\":\"https:\/\/mueble4you.com\/de\/productos\/silla-escritorio-dinamic-blanca-y-gris\/#primaryimage\"},\"thumbnailUrl\":\"https:\/\/mueble4you.com\/wp-content\/uploads\/2025\/02\/silla-escritorio-dinamic-blanca-y-gris-2.jpg\",\"datePublished\":\"2025-02-05T13:59:01+00:00\",\"dateModified\":\"2025-02-06T15:51:04+00:00\",\"breadcrumb\":{\"@id\":\"https:\/\/mueble4you.com\/de\/productos\/silla-escritorio-dinamic-blanca-y-gris\/#breadcrumb\"},\"inLanguage\":\"de\",\"potentialAction\":[{\"@type\":\"ReadAction\",\"target\":[\"https:\/\/mueble4you.com\/de\/productos\/silla-escritorio-dinamic-blanca-y-gris\/\"]}]},{\"@type\":\"ImageObject\",\"inLanguage\":\"de\",\"@id\":\"https:\/\/mueble4you.com\/de\/productos\/silla-escritorio-dinamic-blanca-y-gris\/#primaryimage\",\"url\":\"https:\/\/mueble4you.com\/wp-content\/uploads\/2025\/02\/silla-escritorio-dinamic-blanca-y-gris-2.jpg\",\"contentUrl\":\"https:\/\/mueble4you.com\/wp-content\/uploads\/2025\/02\/silla-escritorio-dinamic-blanca-y-gris-2.jpg\",\"width\":1000,\"height\":1000},{\"@type\":\"BreadcrumbList\",\"@id\":\"https:\/\/mueble4you.com\/de\/productos\/silla-escritorio-dinamic-blanca-y-gris\/#breadcrumb\",\"itemListElement\":[{\"@type\":\"ListItem\",\"position\":1,\"name\":\"Portada\",\"item\":\"https:\/\/mueble4you.com\/de\/\"},{\"@type\":\"ListItem\",\"position\":2,\"name\":\"Productos\",\"item\":\"https:\/\/mueble4you.com\/productos\/\"},{\"@type\":\"ListItem\",\"position\":3,\"name\":\"DYNAMISCHER SCHREIBTISCHSTUHL IN WEISS UND GRAU.\"}]},{\"@type\":\"WebSite\",\"@id\":\"https:\/\/mueble4you.com\/#website\",\"url\":\"https:\/\/mueble4you.com\/\",\"name\":\"mueble4you\",\"description\":\"M\u00f6bel in Teneriffa\",\"potentialAction\":[{\"@type\":\"SearchAction\",\"target\":{\"@type\":\"EntryPoint\",\"urlTemplate\":\"https:\/\/mueble4you.com\/?s={search_term_string}\"},\"query-input\":{\"@type\":\"PropertyValueSpecification\",\"valueRequired\":true,\"valueName\":\"search_term_string\"}}],\"inLanguage\":\"de\"}]}<\/script>\n<!-- \/ Yoast SEO plugin. -->","yoast_head_json":{"title":"DYNAMISCHER SCHREIBTISCHSTUHL IN WEISS UND GRAU. | mueble4you","robots":{"index":"index","follow":"follow","max-snippet":"max-snippet:-1","max-image-preview":"max-image-preview:large","max-video-preview":"max-video-preview:-1"},"canonical":"https:\/\/mueble4you.com\/de\/productos\/silla-escritorio-dinamic-blanca-y-gris\/","og_locale":"de_DE","og_type":"article","og_title":"DYNAMISCHER SCHREIBTISCHSTUHL IN WEISS UND GRAU. | mueble4you","og_description":"Der Sitz besteht aus Polypropylen und besteht aus f\u00fcnf Beinen mit R\u00e4dern, die das Bewegen erleichtern. Der Sitz verf\u00fcgt \u00fcber ein gepolstertes Festpolster aus elastischem Faden. Es verf\u00fcgt \u00fcber ein hydraulisches Hebesystem, das eine H\u00f6henverstellung erm\u00f6glicht. Breite: 45,5 cm. Tief: 51,4. Sitztiefe: 43. H\u00f6he: 80,5-90,5 cm. Sitzh\u00f6he: 40-50 cm.","og_url":"https:\/\/mueble4you.com\/de\/productos\/silla-escritorio-dinamic-blanca-y-gris\/","og_site_name":"mueble4you","article_modified_time":"2025-02-06T15:51:04+00:00","og_image":[{"width":1000,"height":1000,"url":"https:\/\/mueble4you.com\/wp-content\/uploads\/2025\/02\/silla-escritorio-dinamic-blanca-y-gris-2.jpg","type":"image\/jpeg"}],"twitter_card":"summary_large_image","schema":{"@context":"https:\/\/schema.org","@graph":[{"@type":"WebPage","@id":"https:\/\/mueble4you.com\/de\/productos\/silla-escritorio-dinamic-blanca-y-gris\/","url":"https:\/\/mueble4you.com\/de\/productos\/silla-escritorio-dinamic-blanca-y-gris\/","name":"DYNAMISCHER SCHREIBTISCHSTUHL IN WEISS UND GRAU. | mueble4you","isPartOf":{"@id":"https:\/\/mueble4you.com\/#website"},"primaryImageOfPage":{"@id":"https:\/\/mueble4you.com\/de\/productos\/silla-escritorio-dinamic-blanca-y-gris\/#primaryimage"},"image":{"@id":"https:\/\/mueble4you.com\/de\/productos\/silla-escritorio-dinamic-blanca-y-gris\/#primaryimage"},"thumbnailUrl":"https:\/\/mueble4you.com\/wp-content\/uploads\/2025\/02\/silla-escritorio-dinamic-blanca-y-gris-2.jpg","datePublished":"2025-02-05T13:59:01+00:00","dateModified":"2025-02-06T15:51:04+00:00","breadcrumb":{"@id":"https:\/\/mueble4you.com\/de\/productos\/silla-escritorio-dinamic-blanca-y-gris\/#breadcrumb"},"inLanguage":"de","potentialAction":[{"@type":"ReadAction","target":["https:\/\/mueble4you.com\/de\/productos\/silla-escritorio-dinamic-blanca-y-gris\/"]}]},{"@type":"ImageObject","inLanguage":"de","@id":"https:\/\/mueble4you.com\/de\/productos\/silla-escritorio-dinamic-blanca-y-gris\/#primaryimage","url":"https:\/\/mueble4you.com\/wp-content\/uploads\/2025\/02\/silla-escritorio-dinamic-blanca-y-gris-2.jpg","contentUrl":"https:\/\/mueble4you.com\/wp-content\/uploads\/2025\/02\/silla-escritorio-dinamic-blanca-y-gris-2.jpg","width":1000,"height":1000},{"@type":"BreadcrumbList","@id":"https:\/\/mueble4you.com\/de\/productos\/silla-escritorio-dinamic-blanca-y-gris\/#breadcrumb","itemListElement":[{"@type":"ListItem","position":1,"name":"Portada","item":"https:\/\/mueble4you.com\/de\/"},{"@type":"ListItem","position":2,"name":"Productos","item":"https:\/\/mueble4you.com\/productos\/"},{"@type":"ListItem","position":3,"name":"DYNAMISCHER SCHREIBTISCHSTUHL IN WEISS UND GRAU."}]},{"@type":"WebSite","@id":"https:\/\/mueble4you.com\/#website","url":"https:\/\/mueble4you.com\/","name":"mueble4you","description":"M\u00f6bel in Teneriffa","potentialAction":[{"@type":"SearchAction","target":{"@type":"EntryPoint","urlTemplate":"https:\/\/mueble4you.com\/?s={search_term_string}"},"query-input":{"@type":"PropertyValueSpecification","valueRequired":true,"valueName":"search_term_string"}}],"inLanguage":"de"}]}},"_links":{"self":[{"href":"https:\/\/mueble4you.com\/de\/wp-json\/wp\/v2\/product\/80231","targetHints":{"allow":["GET"]}}],"collection":[{"href":"https:\/\/mueble4you.com\/de\/wp-json\/wp\/v2\/product"}],"about":[{"href":"https:\/\/mueble4you.com\/de\/wp-json\/wp\/v2\/types\/product"}],"wp:featuredmedia":[{"embeddable":true,"href":"https:\/\/mueble4you.com\/de\/wp-json\/wp\/v2\/media\/80212"}],"wp:attachment":[{"href":"https:\/\/mueble4you.com\/de\/wp-json\/wp\/v2\/media?parent=80231"}],"wp:term":[{"taxonomy":"product_brand","embeddable":true,"href":"https:\/\/mueble4you.com\/de\/wp-json\/wp\/v2\/product_brand?post=80231"},{"taxonomy":"product_cat","embeddable":true,"href":"https:\/\/mueble4you.com\/de\/wp-json\/wp\/v2\/product_cat?post=80231"},{"taxonomy":"product_tag","embeddable":true,"href":"https:\/\/mueble4you.com\/de\/wp-json\/wp\/v2\/product_tag?post=80231"}],"curies":[{"name":"wp","href":"https:\/\/api.w.org\/{rel}","templated":true}]}}