{"id":78125,"date":"2024-10-15T14:25:36","date_gmt":"2024-10-15T14:25:36","guid":{"rendered":"https:\/\/mueble4you.com\/productos\/mueble-tv-diamond-3-puertas-2-cajones-visagras-y-cajones-de-freno\/"},"modified":"2024-10-21T10:54:38","modified_gmt":"2024-10-21T10:54:38","slug":"mueble-tv-diamond-3-puertas-2-cajones-visagras-y-cajones-de-freno","status":"publish","type":"product","link":"https:\/\/mueble4you.com\/de\/productos\/mueble-tv-diamond-3-puertas-2-cajones-visagras-y-cajones-de-freno\/","title":{"rendered":"DIAMOND TV-SCHRANK 3 T\u00dcREN + 2 SCHUBLADEN, SCHARNIERE UND BREMSSCHUBLADEN."},"content":{"rendered":"<ul>\n<li>Ma\u00dfe: L\u00e4nge: 222,0 CM; hoch: 50,5 cm; Tiefe: 40,0 CM.<\/li>\n<li>Material: MDF, METALL.<\/li>\n<li>Farbe: GR\u00dcN, GRAPHIT.<\/li>\n<li>Zus\u00e4tzliche Informationen: Ma\u00dfe der T\u00fcr: 39,5 x 59,8 cm. Ma\u00dfe der Schublade: 37 cm L\u00e4nge, 15 cm H\u00f6he, 35 cm Breite. Sockelh\u00f6he: 10 cm.<\/li>\n<\/ul>\n","protected":false},"excerpt":{"rendered":"<p>Ma\u00dfe: L\u00e4nge: 222,0 CM; hoch: 50,5 cm; Tiefe: 40,0 CM. Material: MDF, METALL. Farbe: GR\u00dcN, GRAPHIT. Zus\u00e4tzliche Informationen: Ma\u00dfe der T\u00fcr: 39,5 x 59,8 cm. Ma\u00dfe der Schublade: 37 cm L\u00e4nge, 15 cm H\u00f6he, 35 cm Breite. Sockelh\u00f6he: 10 cm.<\/p>\n","protected":false},"featured_media":78121,"template":"","meta":[],"product_brand":[],"product_cat":[510,272],"product_tag":[],"class_list":{"0":"post-78125","1":"product","2":"type-product","3":"status-publish","4":"has-post-thumbnail","6":"product_cat-tv-schrank","7":"product_cat-wohnzimmer","9":"first","10":"instock","11":"shipping-taxable","12":"product-type-simple"},"yoast_head":"<!-- This site is optimized with the Yoast SEO plugin v27.3 - https:\/\/yoast.com\/product\/yoast-seo-wordpress\/ -->\n<title>DIAMOND TV-SCHRANK 3 T\u00dcREN + 2 SCHUBLADEN, SCHARNIERE UND BREMSSCHUBLADEN. | mueble4you<\/title>\n<meta name=\"robots\" content=\"index, follow, max-snippet:-1, max-image-preview:large, max-video-preview:-1\" \/>\n<link rel=\"canonical\" href=\"https:\/\/mueble4you.com\/de\/productos\/mueble-tv-diamond-3-puertas-2-cajones-visagras-y-cajones-de-freno\/\" \/>\n<meta property=\"og:locale\" content=\"de_DE\" \/>\n<meta property=\"og:type\" content=\"article\" \/>\n<meta property=\"og:title\" content=\"DIAMOND TV-SCHRANK 3 T\u00dcREN + 2 SCHUBLADEN, SCHARNIERE UND BREMSSCHUBLADEN. | mueble4you\" \/>\n<meta property=\"og:description\" content=\"Ma\u00dfe: L\u00e4nge: 222,0 CM; hoch: 50,5 cm; Tiefe: 40,0 CM. Material: MDF, METALL. Farbe: GR\u00dcN, GRAPHIT. Zus\u00e4tzliche Informationen: Ma\u00dfe der T\u00fcr: 39,5 x 59,8 cm. Ma\u00dfe der Schublade: 37 cm L\u00e4nge, 15 cm H\u00f6he, 35 cm Breite. Sockelh\u00f6he: 10 cm.\" \/>\n<meta property=\"og:url\" content=\"https:\/\/mueble4you.com\/de\/productos\/mueble-tv-diamond-3-puertas-2-cajones-visagras-y-cajones-de-freno\/\" \/>\n<meta property=\"og:site_name\" content=\"mueble4you\" \/>\n<meta property=\"article:modified_time\" content=\"2024-10-21T10:54:38+00:00\" \/>\n<meta property=\"og:image\" content=\"https:\/\/mueble4you.com\/wp-content\/uploads\/2024\/10\/90091.jpeg\" \/>\n\t<meta property=\"og:image:width\" content=\"1024\" \/>\n\t<meta property=\"og:image:height\" content=\"593\" \/>\n\t<meta property=\"og:image:type\" content=\"image\/jpeg\" \/>\n<meta name=\"twitter:card\" content=\"summary_large_image\" \/>\n<script type=\"application\/ld+json\" class=\"yoast-schema-graph\">{\"@context\":\"https:\\\/\\\/schema.org\",\"@graph\":[{\"@type\":\"WebPage\",\"@id\":\"https:\\\/\\\/mueble4you.com\\\/de\\\/productos\\\/mueble-tv-diamond-3-puertas-2-cajones-visagras-y-cajones-de-freno\\\/\",\"url\":\"https:\\\/\\\/mueble4you.com\\\/de\\\/productos\\\/mueble-tv-diamond-3-puertas-2-cajones-visagras-y-cajones-de-freno\\\/\",\"name\":\"DIAMOND TV-SCHRANK 3 T\u00dcREN + 2 SCHUBLADEN, SCHARNIERE UND BREMSSCHUBLADEN. | mueble4you\",\"isPartOf\":{\"@id\":\"https:\\\/\\\/mueble4you.com\\\/#website\"},\"primaryImageOfPage\":{\"@id\":\"https:\\\/\\\/mueble4you.com\\\/de\\\/productos\\\/mueble-tv-diamond-3-puertas-2-cajones-visagras-y-cajones-de-freno\\\/#primaryimage\"},\"image\":{\"@id\":\"https:\\\/\\\/mueble4you.com\\\/de\\\/productos\\\/mueble-tv-diamond-3-puertas-2-cajones-visagras-y-cajones-de-freno\\\/#primaryimage\"},\"thumbnailUrl\":\"https:\\\/\\\/mueble4you.com\\\/wp-content\\\/uploads\\\/2024\\\/10\\\/90091.jpeg\",\"datePublished\":\"2024-10-15T14:25:36+00:00\",\"dateModified\":\"2024-10-21T10:54:38+00:00\",\"breadcrumb\":{\"@id\":\"https:\\\/\\\/mueble4you.com\\\/de\\\/productos\\\/mueble-tv-diamond-3-puertas-2-cajones-visagras-y-cajones-de-freno\\\/#breadcrumb\"},\"inLanguage\":\"de\",\"potentialAction\":[{\"@type\":\"ReadAction\",\"target\":[\"https:\\\/\\\/mueble4you.com\\\/de\\\/productos\\\/mueble-tv-diamond-3-puertas-2-cajones-visagras-y-cajones-de-freno\\\/\"]}]},{\"@type\":\"ImageObject\",\"inLanguage\":\"de\",\"@id\":\"https:\\\/\\\/mueble4you.com\\\/de\\\/productos\\\/mueble-tv-diamond-3-puertas-2-cajones-visagras-y-cajones-de-freno\\\/#primaryimage\",\"url\":\"https:\\\/\\\/mueble4you.com\\\/wp-content\\\/uploads\\\/2024\\\/10\\\/90091.jpeg\",\"contentUrl\":\"https:\\\/\\\/mueble4you.com\\\/wp-content\\\/uploads\\\/2024\\\/10\\\/90091.jpeg\",\"width\":1024,\"height\":593},{\"@type\":\"BreadcrumbList\",\"@id\":\"https:\\\/\\\/mueble4you.com\\\/de\\\/productos\\\/mueble-tv-diamond-3-puertas-2-cajones-visagras-y-cajones-de-freno\\\/#breadcrumb\",\"itemListElement\":[{\"@type\":\"ListItem\",\"position\":1,\"name\":\"Portada\",\"item\":\"https:\\\/\\\/mueble4you.com\\\/de\\\/\"},{\"@type\":\"ListItem\",\"position\":2,\"name\":\"Productos\",\"item\":\"https:\\\/\\\/mueble4you.com\\\/productos\\\/\"},{\"@type\":\"ListItem\",\"position\":3,\"name\":\"DIAMOND TV-SCHRANK 3 T\u00dcREN + 2 SCHUBLADEN, SCHARNIERE UND BREMSSCHUBLADEN.\"}]},{\"@type\":\"WebSite\",\"@id\":\"https:\\\/\\\/mueble4you.com\\\/#website\",\"url\":\"https:\\\/\\\/mueble4you.com\\\/\",\"name\":\"mueble4you\",\"description\":\"M\u00f6bel in Teneriffa\",\"potentialAction\":[{\"@type\":\"SearchAction\",\"target\":{\"@type\":\"EntryPoint\",\"urlTemplate\":\"https:\\\/\\\/mueble4you.com\\\/?s={search_term_string}\"},\"query-input\":{\"@type\":\"PropertyValueSpecification\",\"valueRequired\":true,\"valueName\":\"search_term_string\"}}],\"inLanguage\":\"de\"}]}<\/script>\n<!-- \/ Yoast SEO plugin. -->","yoast_head_json":{"title":"DIAMOND TV-SCHRANK 3 T\u00dcREN + 2 SCHUBLADEN, SCHARNIERE UND BREMSSCHUBLADEN. | mueble4you","robots":{"index":"index","follow":"follow","max-snippet":"max-snippet:-1","max-image-preview":"max-image-preview:large","max-video-preview":"max-video-preview:-1"},"canonical":"https:\/\/mueble4you.com\/de\/productos\/mueble-tv-diamond-3-puertas-2-cajones-visagras-y-cajones-de-freno\/","og_locale":"de_DE","og_type":"article","og_title":"DIAMOND TV-SCHRANK 3 T\u00dcREN + 2 SCHUBLADEN, SCHARNIERE UND BREMSSCHUBLADEN. | mueble4you","og_description":"Ma\u00dfe: L\u00e4nge: 222,0 CM; hoch: 50,5 cm; Tiefe: 40,0 CM. Material: MDF, METALL. Farbe: GR\u00dcN, GRAPHIT. Zus\u00e4tzliche Informationen: Ma\u00dfe der T\u00fcr: 39,5 x 59,8 cm. Ma\u00dfe der Schublade: 37 cm L\u00e4nge, 15 cm H\u00f6he, 35 cm Breite. Sockelh\u00f6he: 10 cm.","og_url":"https:\/\/mueble4you.com\/de\/productos\/mueble-tv-diamond-3-puertas-2-cajones-visagras-y-cajones-de-freno\/","og_site_name":"mueble4you","article_modified_time":"2024-10-21T10:54:38+00:00","og_image":[{"width":1024,"height":593,"url":"https:\/\/mueble4you.com\/wp-content\/uploads\/2024\/10\/90091.jpeg","type":"image\/jpeg"}],"twitter_card":"summary_large_image","schema":{"@context":"https:\/\/schema.org","@graph":[{"@type":"WebPage","@id":"https:\/\/mueble4you.com\/de\/productos\/mueble-tv-diamond-3-puertas-2-cajones-visagras-y-cajones-de-freno\/","url":"https:\/\/mueble4you.com\/de\/productos\/mueble-tv-diamond-3-puertas-2-cajones-visagras-y-cajones-de-freno\/","name":"DIAMOND TV-SCHRANK 3 T\u00dcREN + 2 SCHUBLADEN, SCHARNIERE UND BREMSSCHUBLADEN. | mueble4you","isPartOf":{"@id":"https:\/\/mueble4you.com\/#website"},"primaryImageOfPage":{"@id":"https:\/\/mueble4you.com\/de\/productos\/mueble-tv-diamond-3-puertas-2-cajones-visagras-y-cajones-de-freno\/#primaryimage"},"image":{"@id":"https:\/\/mueble4you.com\/de\/productos\/mueble-tv-diamond-3-puertas-2-cajones-visagras-y-cajones-de-freno\/#primaryimage"},"thumbnailUrl":"https:\/\/mueble4you.com\/wp-content\/uploads\/2024\/10\/90091.jpeg","datePublished":"2024-10-15T14:25:36+00:00","dateModified":"2024-10-21T10:54:38+00:00","breadcrumb":{"@id":"https:\/\/mueble4you.com\/de\/productos\/mueble-tv-diamond-3-puertas-2-cajones-visagras-y-cajones-de-freno\/#breadcrumb"},"inLanguage":"de","potentialAction":[{"@type":"ReadAction","target":["https:\/\/mueble4you.com\/de\/productos\/mueble-tv-diamond-3-puertas-2-cajones-visagras-y-cajones-de-freno\/"]}]},{"@type":"ImageObject","inLanguage":"de","@id":"https:\/\/mueble4you.com\/de\/productos\/mueble-tv-diamond-3-puertas-2-cajones-visagras-y-cajones-de-freno\/#primaryimage","url":"https:\/\/mueble4you.com\/wp-content\/uploads\/2024\/10\/90091.jpeg","contentUrl":"https:\/\/mueble4you.com\/wp-content\/uploads\/2024\/10\/90091.jpeg","width":1024,"height":593},{"@type":"BreadcrumbList","@id":"https:\/\/mueble4you.com\/de\/productos\/mueble-tv-diamond-3-puertas-2-cajones-visagras-y-cajones-de-freno\/#breadcrumb","itemListElement":[{"@type":"ListItem","position":1,"name":"Portada","item":"https:\/\/mueble4you.com\/de\/"},{"@type":"ListItem","position":2,"name":"Productos","item":"https:\/\/mueble4you.com\/productos\/"},{"@type":"ListItem","position":3,"name":"DIAMOND TV-SCHRANK 3 T\u00dcREN + 2 SCHUBLADEN, SCHARNIERE UND BREMSSCHUBLADEN."}]},{"@type":"WebSite","@id":"https:\/\/mueble4you.com\/#website","url":"https:\/\/mueble4you.com\/","name":"mueble4you","description":"M\u00f6bel in Teneriffa","potentialAction":[{"@type":"SearchAction","target":{"@type":"EntryPoint","urlTemplate":"https:\/\/mueble4you.com\/?s={search_term_string}"},"query-input":{"@type":"PropertyValueSpecification","valueRequired":true,"valueName":"search_term_string"}}],"inLanguage":"de"}]}},"_links":{"self":[{"href":"https:\/\/mueble4you.com\/de\/wp-json\/wp\/v2\/product\/78125","targetHints":{"allow":["GET"]}}],"collection":[{"href":"https:\/\/mueble4you.com\/de\/wp-json\/wp\/v2\/product"}],"about":[{"href":"https:\/\/mueble4you.com\/de\/wp-json\/wp\/v2\/types\/product"}],"wp:featuredmedia":[{"embeddable":true,"href":"https:\/\/mueble4you.com\/de\/wp-json\/wp\/v2\/media\/78121"}],"wp:attachment":[{"href":"https:\/\/mueble4you.com\/de\/wp-json\/wp\/v2\/media?parent=78125"}],"wp:term":[{"taxonomy":"product_brand","embeddable":true,"href":"https:\/\/mueble4you.com\/de\/wp-json\/wp\/v2\/product_brand?post=78125"},{"taxonomy":"product_cat","embeddable":true,"href":"https:\/\/mueble4you.com\/de\/wp-json\/wp\/v2\/product_cat?post=78125"},{"taxonomy":"product_tag","embeddable":true,"href":"https:\/\/mueble4you.com\/de\/wp-json\/wp\/v2\/product_tag?post=78125"}],"curies":[{"name":"wp","href":"https:\/\/api.w.org\/{rel}","templated":true}]}}