{"id":78003,"date":"2024-10-14T11:42:48","date_gmt":"2024-10-14T11:42:48","guid":{"rendered":"https:\/\/mueble4you.com\/productos\/silla-oficina-linzey-rosa\/"},"modified":"2024-10-22T10:43:34","modified_gmt":"2024-10-22T10:43:34","slug":"silla-oficina-linzey-rosa","status":"publish","type":"product","link":"https:\/\/mueble4you.com\/de\/productos\/silla-oficina-linzey-rosa\/","title":{"rendered":"LINZEY ROSA B\u00dcROSTUHL."},"content":{"rendered":"<ul>\n<li>Pulverbeschichteter Stahlsockel.<\/li>\n<li>KUNSTSTOFFR\u00c4DER (PP).<\/li>\n<li>SPERRHOLZSTRUKTUR.<\/li>\n<li>POLYURETHAN-SCHAUMF\u00dcLLUNG.<\/li>\n<li>SAMTFUTTER (100 % POLYESTER).<\/li>\n<li>H\u00d6HENVERSTELLBAR MIT GASSYSTEM.<\/li>\n<\/ul>\n","protected":false},"excerpt":{"rendered":"<p>Pulverbeschichteter Stahlsockel. KUNSTSTOFFR\u00c4DER (PP). SPERRHOLZSTRUKTUR. POLYURETHAN-SCHAUMF\u00dcLLUNG. SAMTFUTTER (100 % POLYESTER). H\u00d6HENVERSTELLBAR MIT GASSYSTEM.<\/p>\n","protected":false},"featured_media":77989,"template":"","meta":[],"product_brand":[],"product_cat":[441,451],"product_tag":[],"class_list":{"0":"post-78003","1":"product","2":"type-product","3":"status-publish","4":"has-post-thumbnail","6":"product_cat-buero","7":"product_cat-stuhl","9":"first","10":"instock","11":"shipping-taxable","12":"product-type-simple"},"yoast_head":"<!-- This site is optimized with the Yoast SEO plugin v27.2 - https:\/\/yoast.com\/product\/yoast-seo-wordpress\/ -->\n<title>LINZEY ROSA B\u00dcROSTUHL. | mueble4you<\/title>\n<meta name=\"robots\" content=\"index, follow, max-snippet:-1, max-image-preview:large, max-video-preview:-1\" \/>\n<link rel=\"canonical\" href=\"https:\/\/mueble4you.com\/de\/productos\/silla-oficina-linzey-rosa\/\" \/>\n<meta property=\"og:locale\" content=\"de_DE\" \/>\n<meta property=\"og:type\" content=\"article\" \/>\n<meta property=\"og:title\" content=\"LINZEY ROSA B\u00dcROSTUHL. | mueble4you\" \/>\n<meta property=\"og:description\" content=\"Pulverbeschichteter Stahlsockel. KUNSTSTOFFR\u00c4DER (PP). SPERRHOLZSTRUKTUR. POLYURETHAN-SCHAUMF\u00dcLLUNG. SAMTFUTTER (100 % POLYESTER). H\u00d6HENVERSTELLBAR MIT GASSYSTEM.\" \/>\n<meta property=\"og:url\" content=\"https:\/\/mueble4you.com\/de\/productos\/silla-oficina-linzey-rosa\/\" \/>\n<meta property=\"og:site_name\" content=\"mueble4you\" \/>\n<meta property=\"article:modified_time\" content=\"2024-10-22T10:43:34+00:00\" \/>\n<meta property=\"og:image\" content=\"https:\/\/mueble4you.com\/wp-content\/uploads\/2024\/10\/187081.jpg\" \/>\n\t<meta property=\"og:image:width\" content=\"855\" \/>\n\t<meta property=\"og:image:height\" content=\"1080\" \/>\n\t<meta property=\"og:image:type\" content=\"image\/jpeg\" \/>\n<meta name=\"twitter:card\" content=\"summary_large_image\" \/>\n<script type=\"application\/ld+json\" class=\"yoast-schema-graph\">{\"@context\":\"https:\/\/schema.org\",\"@graph\":[{\"@type\":\"WebPage\",\"@id\":\"https:\/\/mueble4you.com\/de\/productos\/silla-oficina-linzey-rosa\/\",\"url\":\"https:\/\/mueble4you.com\/de\/productos\/silla-oficina-linzey-rosa\/\",\"name\":\"LINZEY ROSA B\u00dcROSTUHL. | mueble4you\",\"isPartOf\":{\"@id\":\"https:\/\/mueble4you.com\/#website\"},\"primaryImageOfPage\":{\"@id\":\"https:\/\/mueble4you.com\/de\/productos\/silla-oficina-linzey-rosa\/#primaryimage\"},\"image\":{\"@id\":\"https:\/\/mueble4you.com\/de\/productos\/silla-oficina-linzey-rosa\/#primaryimage\"},\"thumbnailUrl\":\"https:\/\/mueble4you.com\/wp-content\/uploads\/2024\/10\/187081.jpg\",\"datePublished\":\"2024-10-14T11:42:48+00:00\",\"dateModified\":\"2024-10-22T10:43:34+00:00\",\"breadcrumb\":{\"@id\":\"https:\/\/mueble4you.com\/de\/productos\/silla-oficina-linzey-rosa\/#breadcrumb\"},\"inLanguage\":\"de\",\"potentialAction\":[{\"@type\":\"ReadAction\",\"target\":[\"https:\/\/mueble4you.com\/de\/productos\/silla-oficina-linzey-rosa\/\"]}]},{\"@type\":\"ImageObject\",\"inLanguage\":\"de\",\"@id\":\"https:\/\/mueble4you.com\/de\/productos\/silla-oficina-linzey-rosa\/#primaryimage\",\"url\":\"https:\/\/mueble4you.com\/wp-content\/uploads\/2024\/10\/187081.jpg\",\"contentUrl\":\"https:\/\/mueble4you.com\/wp-content\/uploads\/2024\/10\/187081.jpg\",\"width\":855,\"height\":1080},{\"@type\":\"BreadcrumbList\",\"@id\":\"https:\/\/mueble4you.com\/de\/productos\/silla-oficina-linzey-rosa\/#breadcrumb\",\"itemListElement\":[{\"@type\":\"ListItem\",\"position\":1,\"name\":\"Portada\",\"item\":\"https:\/\/mueble4you.com\/de\/\"},{\"@type\":\"ListItem\",\"position\":2,\"name\":\"Productos\",\"item\":\"https:\/\/mueble4you.com\/productos\/\"},{\"@type\":\"ListItem\",\"position\":3,\"name\":\"LINZEY ROSA B\u00dcROSTUHL.\"}]},{\"@type\":\"WebSite\",\"@id\":\"https:\/\/mueble4you.com\/#website\",\"url\":\"https:\/\/mueble4you.com\/\",\"name\":\"mueble4you\",\"description\":\"M\u00f6bel in Teneriffa\",\"potentialAction\":[{\"@type\":\"SearchAction\",\"target\":{\"@type\":\"EntryPoint\",\"urlTemplate\":\"https:\/\/mueble4you.com\/?s={search_term_string}\"},\"query-input\":{\"@type\":\"PropertyValueSpecification\",\"valueRequired\":true,\"valueName\":\"search_term_string\"}}],\"inLanguage\":\"de\"}]}<\/script>\n<!-- \/ Yoast SEO plugin. -->","yoast_head_json":{"title":"LINZEY ROSA B\u00dcROSTUHL. | mueble4you","robots":{"index":"index","follow":"follow","max-snippet":"max-snippet:-1","max-image-preview":"max-image-preview:large","max-video-preview":"max-video-preview:-1"},"canonical":"https:\/\/mueble4you.com\/de\/productos\/silla-oficina-linzey-rosa\/","og_locale":"de_DE","og_type":"article","og_title":"LINZEY ROSA B\u00dcROSTUHL. | mueble4you","og_description":"Pulverbeschichteter Stahlsockel. KUNSTSTOFFR\u00c4DER (PP). SPERRHOLZSTRUKTUR. POLYURETHAN-SCHAUMF\u00dcLLUNG. SAMTFUTTER (100 % POLYESTER). H\u00d6HENVERSTELLBAR MIT GASSYSTEM.","og_url":"https:\/\/mueble4you.com\/de\/productos\/silla-oficina-linzey-rosa\/","og_site_name":"mueble4you","article_modified_time":"2024-10-22T10:43:34+00:00","og_image":[{"width":855,"height":1080,"url":"https:\/\/mueble4you.com\/wp-content\/uploads\/2024\/10\/187081.jpg","type":"image\/jpeg"}],"twitter_card":"summary_large_image","schema":{"@context":"https:\/\/schema.org","@graph":[{"@type":"WebPage","@id":"https:\/\/mueble4you.com\/de\/productos\/silla-oficina-linzey-rosa\/","url":"https:\/\/mueble4you.com\/de\/productos\/silla-oficina-linzey-rosa\/","name":"LINZEY ROSA B\u00dcROSTUHL. | mueble4you","isPartOf":{"@id":"https:\/\/mueble4you.com\/#website"},"primaryImageOfPage":{"@id":"https:\/\/mueble4you.com\/de\/productos\/silla-oficina-linzey-rosa\/#primaryimage"},"image":{"@id":"https:\/\/mueble4you.com\/de\/productos\/silla-oficina-linzey-rosa\/#primaryimage"},"thumbnailUrl":"https:\/\/mueble4you.com\/wp-content\/uploads\/2024\/10\/187081.jpg","datePublished":"2024-10-14T11:42:48+00:00","dateModified":"2024-10-22T10:43:34+00:00","breadcrumb":{"@id":"https:\/\/mueble4you.com\/de\/productos\/silla-oficina-linzey-rosa\/#breadcrumb"},"inLanguage":"de","potentialAction":[{"@type":"ReadAction","target":["https:\/\/mueble4you.com\/de\/productos\/silla-oficina-linzey-rosa\/"]}]},{"@type":"ImageObject","inLanguage":"de","@id":"https:\/\/mueble4you.com\/de\/productos\/silla-oficina-linzey-rosa\/#primaryimage","url":"https:\/\/mueble4you.com\/wp-content\/uploads\/2024\/10\/187081.jpg","contentUrl":"https:\/\/mueble4you.com\/wp-content\/uploads\/2024\/10\/187081.jpg","width":855,"height":1080},{"@type":"BreadcrumbList","@id":"https:\/\/mueble4you.com\/de\/productos\/silla-oficina-linzey-rosa\/#breadcrumb","itemListElement":[{"@type":"ListItem","position":1,"name":"Portada","item":"https:\/\/mueble4you.com\/de\/"},{"@type":"ListItem","position":2,"name":"Productos","item":"https:\/\/mueble4you.com\/productos\/"},{"@type":"ListItem","position":3,"name":"LINZEY ROSA B\u00dcROSTUHL."}]},{"@type":"WebSite","@id":"https:\/\/mueble4you.com\/#website","url":"https:\/\/mueble4you.com\/","name":"mueble4you","description":"M\u00f6bel in Teneriffa","potentialAction":[{"@type":"SearchAction","target":{"@type":"EntryPoint","urlTemplate":"https:\/\/mueble4you.com\/?s={search_term_string}"},"query-input":{"@type":"PropertyValueSpecification","valueRequired":true,"valueName":"search_term_string"}}],"inLanguage":"de"}]}},"_links":{"self":[{"href":"https:\/\/mueble4you.com\/de\/wp-json\/wp\/v2\/product\/78003","targetHints":{"allow":["GET"]}}],"collection":[{"href":"https:\/\/mueble4you.com\/de\/wp-json\/wp\/v2\/product"}],"about":[{"href":"https:\/\/mueble4you.com\/de\/wp-json\/wp\/v2\/types\/product"}],"wp:featuredmedia":[{"embeddable":true,"href":"https:\/\/mueble4you.com\/de\/wp-json\/wp\/v2\/media\/77989"}],"wp:attachment":[{"href":"https:\/\/mueble4you.com\/de\/wp-json\/wp\/v2\/media?parent=78003"}],"wp:term":[{"taxonomy":"product_brand","embeddable":true,"href":"https:\/\/mueble4you.com\/de\/wp-json\/wp\/v2\/product_brand?post=78003"},{"taxonomy":"product_cat","embeddable":true,"href":"https:\/\/mueble4you.com\/de\/wp-json\/wp\/v2\/product_cat?post=78003"},{"taxonomy":"product_tag","embeddable":true,"href":"https:\/\/mueble4you.com\/de\/wp-json\/wp\/v2\/product_tag?post=78003"}],"curies":[{"name":"wp","href":"https:\/\/api.w.org\/{rel}","templated":true}]}}