{"id":76788,"date":"2024-10-02T12:29:29","date_gmt":"2024-10-02T12:29:29","guid":{"rendered":"https:\/\/mueble4you.com\/productos\/ajedrez-vikingos-guerreros-nordicos\/"},"modified":"2024-10-02T12:38:06","modified_gmt":"2024-10-02T12:38:06","slug":"ajedrez-vikingos-guerreros-nordicos","status":"publish","type":"product","link":"https:\/\/mueble4you.com\/de\/productos\/ajedrez-vikingos-guerreros-nordicos\/","title":{"rendered":"AJEDREZ VIKINGOS GUERREROS N\u00d3RDICOS"},"content":{"rendered":"<ul>\n<li id=\"tw-target-text\" class=\"tw-data-text tw-text-large tw-ta\" dir=\"ltr\" data-placeholder=\"Traducci\u00f3n\" data-ved=\"2ahUKEwjjg6HIyO-IAxXJdqQEHe8dEF4Q3ewLegQIBxAU\" aria-label=\"Texto traducido: WIKINGER NORDISCHE KRIEGER AUS SKANDINAVIEN DES 8.-IX. JAHRHUNDERTS.\nEinzigartiges Schachspiel, hergestellt aus Bronze im Wachsausschmelzverfahren, veredelt mit echtem 24-Karat-Gold. Jedes St\u00fcck ist vom Bildhauer signiert. Das Schachbrett ist aus Onix und Bronze gefertigt und hat einen Rahmen aus Bronze und echtem Gold. Die Wikinger waren ein altes Volk Norwegens und Schwedens, geschickte Seefahrer und Piraten; Auf ihren Schiffen gelang es ihnen, enorme Entfernungen zu \u00fcberwinden und sogar Amerika zu erreichen. \u00dcber sie ranken sich zahlreiche Legenden, tats\u00e4chlich scheinen sie aber die direkten Vorfahren der Normannen gewesen zu sein. Von diesem Volk \u00fcbernahm die brillante Pers\u00f6nlichkeit Wilhelms, genannt \u201eDer Eroberer\u201c, die F\u00fchrung im Jahr 1034 als Herzog der Normandie und besiegte 1066, als er in England landete, Harold III. in der Schlacht von Hastings; Auf diese Weise wurde er in Westminster zum K\u00f6nig von England gekr\u00f6nt und setzte den normannischen Feudalismus, die normannische Dynastie und die k\u00f6nigliche Kontrolle \u00fcber die \u00f6rtliche Kirche durch.\nK\u00d6NIG: H\u00f6he 10 cm \u2013 SCHACHBRETT: 54 x 54 x 11 cm \u2013 5,6 cm.\"><span class=\"Y2IQFc\" lang=\"de\">WIKINGER NORDISCHE KRIEGER AUS SKANDINAVIEN DES 8.-IX. JAHRHUNDERTS.<\/span><\/li>\n<li class=\"tw-data-text tw-text-large tw-ta\" dir=\"ltr\" data-placeholder=\"Traducci\u00f3n\" data-ved=\"2ahUKEwjjg6HIyO-IAxXJdqQEHe8dEF4Q3ewLegQIBxAU\" aria-label=\"Texto traducido: WIKINGER NORDISCHE KRIEGER AUS SKANDINAVIEN DES 8.-IX. JAHRHUNDERTS.\nEinzigartiges Schachspiel, hergestellt aus Bronze im Wachsausschmelzverfahren, veredelt mit echtem 24-Karat-Gold. Jedes St\u00fcck ist vom Bildhauer signiert. Das Schachbrett ist aus Onix und Bronze gefertigt und hat einen Rahmen aus Bronze und echtem Gold. Die Wikinger waren ein altes Volk Norwegens und Schwedens, geschickte Seefahrer und Piraten; Auf ihren Schiffen gelang es ihnen, enorme Entfernungen zu \u00fcberwinden und sogar Amerika zu erreichen. \u00dcber sie ranken sich zahlreiche Legenden, tats\u00e4chlich scheinen sie aber die direkten Vorfahren der Normannen gewesen zu sein. Von diesem Volk \u00fcbernahm die brillante Pers\u00f6nlichkeit Wilhelms, genannt \u201eDer Eroberer\u201c, die F\u00fchrung im Jahr 1034 als Herzog der Normandie und besiegte 1066, als er in England landete, Harold III. in der Schlacht von Hastings; Auf diese Weise wurde er in Westminster zum K\u00f6nig von England gekr\u00f6nt und setzte den normannischen Feudalismus, die normannische Dynastie und die k\u00f6nigliche Kontrolle \u00fcber die \u00f6rtliche Kirche durch.\nK\u00d6NIG: H\u00f6he 10 cm \u2013 SCHACHBRETT: 54 x 54 x 11 cm \u2013 5,6 cm.\"><span class=\"Y2IQFc\" lang=\"de\">Einzigartiges Schachspiel, hergestellt aus Bronze im Wachsausschmelzverfahren, veredelt mit echtem 24-Karat-Gold.<\/span><\/li>\n<li class=\"tw-data-text tw-text-large tw-ta\" dir=\"ltr\" data-placeholder=\"Traducci\u00f3n\" data-ved=\"2ahUKEwjjg6HIyO-IAxXJdqQEHe8dEF4Q3ewLegQIBxAU\" aria-label=\"Texto traducido: WIKINGER NORDISCHE KRIEGER AUS SKANDINAVIEN DES 8.-IX. JAHRHUNDERTS.\nEinzigartiges Schachspiel, hergestellt aus Bronze im Wachsausschmelzverfahren, veredelt mit echtem 24-Karat-Gold. Jedes St\u00fcck ist vom Bildhauer signiert. Das Schachbrett ist aus Onix und Bronze gefertigt und hat einen Rahmen aus Bronze und echtem Gold. Die Wikinger waren ein altes Volk Norwegens und Schwedens, geschickte Seefahrer und Piraten; Auf ihren Schiffen gelang es ihnen, enorme Entfernungen zu \u00fcberwinden und sogar Amerika zu erreichen. \u00dcber sie ranken sich zahlreiche Legenden, tats\u00e4chlich scheinen sie aber die direkten Vorfahren der Normannen gewesen zu sein. Von diesem Volk \u00fcbernahm die brillante Pers\u00f6nlichkeit Wilhelms, genannt \u201eDer Eroberer\u201c, die F\u00fchrung im Jahr 1034 als Herzog der Normandie und besiegte 1066, als er in England landete, Harold III. in der Schlacht von Hastings; Auf diese Weise wurde er in Westminster zum K\u00f6nig von England gekr\u00f6nt und setzte den normannischen Feudalismus, die normannische Dynastie und die k\u00f6nigliche Kontrolle \u00fcber die \u00f6rtliche Kirche durch.\nK\u00d6NIG: H\u00f6he 10 cm \u2013 SCHACHBRETT: 54 x 54 x 11 cm \u2013 5,6 cm.\"><span class=\"Y2IQFc\" lang=\"de\"> Jedes St\u00fcck ist vom Bildhauer signiert. Das Schachbrett ist aus Onix und Bronze gefertigt und hat einen Rahmen aus Bronze und echtem Gold. <\/span><\/li>\n<li class=\"tw-data-text tw-text-large tw-ta\" dir=\"ltr\" data-placeholder=\"Traducci\u00f3n\" data-ved=\"2ahUKEwjjg6HIyO-IAxXJdqQEHe8dEF4Q3ewLegQIBxAU\" aria-label=\"Texto traducido: WIKINGER NORDISCHE KRIEGER AUS SKANDINAVIEN DES 8.-IX. JAHRHUNDERTS.\nEinzigartiges Schachspiel, hergestellt aus Bronze im Wachsausschmelzverfahren, veredelt mit echtem 24-Karat-Gold. Jedes St\u00fcck ist vom Bildhauer signiert. Das Schachbrett ist aus Onix und Bronze gefertigt und hat einen Rahmen aus Bronze und echtem Gold. Die Wikinger waren ein altes Volk Norwegens und Schwedens, geschickte Seefahrer und Piraten; Auf ihren Schiffen gelang es ihnen, enorme Entfernungen zu \u00fcberwinden und sogar Amerika zu erreichen. \u00dcber sie ranken sich zahlreiche Legenden, tats\u00e4chlich scheinen sie aber die direkten Vorfahren der Normannen gewesen zu sein. Von diesem Volk \u00fcbernahm die brillante Pers\u00f6nlichkeit Wilhelms, genannt \u201eDer Eroberer\u201c, die F\u00fchrung im Jahr 1034 als Herzog der Normandie und besiegte 1066, als er in England landete, Harold III. in der Schlacht von Hastings; Auf diese Weise wurde er in Westminster zum K\u00f6nig von England gekr\u00f6nt und setzte den normannischen Feudalismus, die normannische Dynastie und die k\u00f6nigliche Kontrolle \u00fcber die \u00f6rtliche Kirche durch.\nK\u00d6NIG: H\u00f6he 10 cm \u2013 SCHACHBRETT: 54 x 54 x 11 cm \u2013 5,6 cm.\"><span class=\"Y2IQFc\" lang=\"de\">Die Wikinger waren ein altes Volk Norwegens und Schwedens, geschickte Seefahrer und Piraten; Auf ihren Schiffen gelang es ihnen, enorme Entfernungen zu \u00fcberwinden und sogar Amerika zu erreichen. <\/span><\/li>\n<li class=\"tw-data-text tw-text-large tw-ta\" dir=\"ltr\" data-placeholder=\"Traducci\u00f3n\" data-ved=\"2ahUKEwjjg6HIyO-IAxXJdqQEHe8dEF4Q3ewLegQIBxAU\" aria-label=\"Texto traducido: WIKINGER NORDISCHE KRIEGER AUS SKANDINAVIEN DES 8.-IX. JAHRHUNDERTS.\nEinzigartiges Schachspiel, hergestellt aus Bronze im Wachsausschmelzverfahren, veredelt mit echtem 24-Karat-Gold. Jedes St\u00fcck ist vom Bildhauer signiert. Das Schachbrett ist aus Onix und Bronze gefertigt und hat einen Rahmen aus Bronze und echtem Gold. Die Wikinger waren ein altes Volk Norwegens und Schwedens, geschickte Seefahrer und Piraten; Auf ihren Schiffen gelang es ihnen, enorme Entfernungen zu \u00fcberwinden und sogar Amerika zu erreichen. \u00dcber sie ranken sich zahlreiche Legenden, tats\u00e4chlich scheinen sie aber die direkten Vorfahren der Normannen gewesen zu sein. Von diesem Volk \u00fcbernahm die brillante Pers\u00f6nlichkeit Wilhelms, genannt \u201eDer Eroberer\u201c, die F\u00fchrung im Jahr 1034 als Herzog der Normandie und besiegte 1066, als er in England landete, Harold III. in der Schlacht von Hastings; Auf diese Weise wurde er in Westminster zum K\u00f6nig von England gekr\u00f6nt und setzte den normannischen Feudalismus, die normannische Dynastie und die k\u00f6nigliche Kontrolle \u00fcber die \u00f6rtliche Kirche durch.\nK\u00d6NIG: H\u00f6he 10 cm \u2013 SCHACHBRETT: 54 x 54 x 11 cm \u2013 5,6 cm.\"><span class=\"Y2IQFc\" lang=\"de\">\u00dcber sie ranken sich zahlreiche Legenden, tats\u00e4chlich scheinen sie aber die direkten Vorfahren der Normannen gewesen zu sein.<\/span><\/li>\n<li class=\"tw-data-text tw-text-large tw-ta\" dir=\"ltr\" data-placeholder=\"Traducci\u00f3n\" data-ved=\"2ahUKEwjjg6HIyO-IAxXJdqQEHe8dEF4Q3ewLegQIBxAU\" aria-label=\"Texto traducido: WIKINGER NORDISCHE KRIEGER AUS SKANDINAVIEN DES 8.-IX. JAHRHUNDERTS.\nEinzigartiges Schachspiel, hergestellt aus Bronze im Wachsausschmelzverfahren, veredelt mit echtem 24-Karat-Gold. Jedes St\u00fcck ist vom Bildhauer signiert. Das Schachbrett ist aus Onix und Bronze gefertigt und hat einen Rahmen aus Bronze und echtem Gold. Die Wikinger waren ein altes Volk Norwegens und Schwedens, geschickte Seefahrer und Piraten; Auf ihren Schiffen gelang es ihnen, enorme Entfernungen zu \u00fcberwinden und sogar Amerika zu erreichen. \u00dcber sie ranken sich zahlreiche Legenden, tats\u00e4chlich scheinen sie aber die direkten Vorfahren der Normannen gewesen zu sein. Von diesem Volk \u00fcbernahm die brillante Pers\u00f6nlichkeit Wilhelms, genannt \u201eDer Eroberer\u201c, die F\u00fchrung im Jahr 1034 als Herzog der Normandie und besiegte 1066, als er in England landete, Harold III. in der Schlacht von Hastings; Auf diese Weise wurde er in Westminster zum K\u00f6nig von England gekr\u00f6nt und setzte den normannischen Feudalismus, die normannische Dynastie und die k\u00f6nigliche Kontrolle \u00fcber die \u00f6rtliche Kirche durch.\nK\u00d6NIG: H\u00f6he 10 cm \u2013 SCHACHBRETT: 54 x 54 x 11 cm \u2013 5,6 cm.\"><span class=\"Y2IQFc\" lang=\"de\"> Von diesem Volk \u00fcbernahm die brillante Pers\u00f6nlichkeit Wilhelms, genannt \u201eDer Eroberer\u201c, die F\u00fchrung im Jahr 1034 als Herzog der Normandie und besiegte 1066, als er in England landete, Harold III. in der Schlacht von Hastings; Auf diese Weise wurde er in Westminster zum K\u00f6nig von England gekr\u00f6nt und setzte den normannischen Feudalismus, die normannische Dynastie und die k\u00f6nigliche Kontrolle \u00fcber die \u00f6rtliche Kirche durch. <\/span><\/li>\n<li class=\"tw-data-text tw-text-large tw-ta\" dir=\"ltr\" data-placeholder=\"Traducci\u00f3n\" data-ved=\"2ahUKEwjjg6HIyO-IAxXJdqQEHe8dEF4Q3ewLegQIBxAU\" aria-label=\"Texto traducido: WIKINGER NORDISCHE KRIEGER AUS SKANDINAVIEN DES 8.-IX. JAHRHUNDERTS.\nEinzigartiges Schachspiel, hergestellt aus Bronze im Wachsausschmelzverfahren, veredelt mit echtem 24-Karat-Gold. Jedes St\u00fcck ist vom Bildhauer signiert. Das Schachbrett ist aus Onix und Bronze gefertigt und hat einen Rahmen aus Bronze und echtem Gold. Die Wikinger waren ein altes Volk Norwegens und Schwedens, geschickte Seefahrer und Piraten; Auf ihren Schiffen gelang es ihnen, enorme Entfernungen zu \u00fcberwinden und sogar Amerika zu erreichen. \u00dcber sie ranken sich zahlreiche Legenden, tats\u00e4chlich scheinen sie aber die direkten Vorfahren der Normannen gewesen zu sein. Von diesem Volk \u00fcbernahm die brillante Pers\u00f6nlichkeit Wilhelms, genannt \u201eDer Eroberer\u201c, die F\u00fchrung im Jahr 1034 als Herzog der Normandie und besiegte 1066, als er in England landete, Harold III. in der Schlacht von Hastings; Auf diese Weise wurde er in Westminster zum K\u00f6nig von England gekr\u00f6nt und setzte den normannischen Feudalismus, die normannische Dynastie und die k\u00f6nigliche Kontrolle \u00fcber die \u00f6rtliche Kirche durch.\nK\u00d6NIG: H\u00f6he 10 cm \u2013 SCHACHBRETT: 54 x 54 x 11 cm \u2013 5,6 cm.\"><span class=\"Y2IQFc\" lang=\"de\">K\u00d6NIG: H\u00f6he 10 cm \u2013 SCHACHBRETT: 54 x 54 x 11 cm \u2013 5,6 cm.<\/span><\/li>\n<\/ul>\n","protected":false},"excerpt":{"rendered":"<p>WIKINGER NORDISCHE KRIEGER AUS SKANDINAVIEN DES 8.-IX. JAHRHUNDERTS. Einzigartiges Schachspiel, hergestellt aus Bronze im Wachsausschmelzverfahren, veredelt mit echtem 24-Karat-Gold. Jedes St\u00fcck ist vom Bildhauer signiert. Das Schachbrett ist aus Onix und Bronze gefertigt und hat einen Rahmen aus Bronze und echtem Gold. Die Wikinger waren ein altes Volk Norwegens und Schwedens, geschickte Seefahrer und Piraten; [&#8230;]\n","protected":false},"featured_media":76779,"template":"","meta":[],"product_brand":[],"product_cat":[591,261],"product_tag":[],"class_list":{"0":"post-76788","1":"product","2":"type-product","3":"status-publish","4":"has-post-thumbnail","6":"product_cat-schach","7":"product_cat-dekoration","9":"first","10":"instock","11":"shipping-taxable","12":"product-type-simple"},"yoast_head":"<!-- This site is optimized with the Yoast SEO plugin v27.2 - https:\/\/yoast.com\/product\/yoast-seo-wordpress\/ -->\n<title>AJEDREZ VIKINGOS GUERREROS N\u00d3RDICOS | mueble4you<\/title>\n<meta name=\"robots\" content=\"index, follow, max-snippet:-1, max-image-preview:large, max-video-preview:-1\" \/>\n<link rel=\"canonical\" href=\"https:\/\/mueble4you.com\/de\/productos\/ajedrez-vikingos-guerreros-nordicos\/\" \/>\n<meta property=\"og:locale\" content=\"de_DE\" \/>\n<meta property=\"og:type\" content=\"article\" \/>\n<meta property=\"og:title\" content=\"AJEDREZ VIKINGOS GUERREROS N\u00d3RDICOS | mueble4you\" \/>\n<meta property=\"og:description\" content=\"WIKINGER NORDISCHE KRIEGER AUS SKANDINAVIEN DES 8.-IX. JAHRHUNDERTS. Einzigartiges Schachspiel, hergestellt aus Bronze im Wachsausschmelzverfahren, veredelt mit echtem 24-Karat-Gold. Jedes St\u00fcck ist vom Bildhauer signiert. Das Schachbrett ist aus Onix und Bronze gefertigt und hat einen Rahmen aus Bronze und echtem Gold. Die Wikinger waren ein altes Volk Norwegens und Schwedens, geschickte Seefahrer und Piraten; [...]\" \/>\n<meta property=\"og:url\" content=\"https:\/\/mueble4you.com\/de\/productos\/ajedrez-vikingos-guerreros-nordicos\/\" \/>\n<meta property=\"og:site_name\" content=\"mueble4you\" \/>\n<meta property=\"article:modified_time\" content=\"2024-10-02T12:38:06+00:00\" \/>\n<meta property=\"og:image\" content=\"https:\/\/mueble4you.com\/wp-content\/uploads\/2024\/10\/K817CM.jpg\" \/>\n\t<meta property=\"og:image:width\" content=\"1200\" \/>\n\t<meta property=\"og:image:height\" content=\"893\" \/>\n\t<meta property=\"og:image:type\" content=\"image\/jpeg\" \/>\n<meta name=\"twitter:card\" content=\"summary_large_image\" \/>\n<meta name=\"twitter:label1\" content=\"Gesch\u00e4tzte Lesezeit\" \/>\n\t<meta name=\"twitter:data1\" content=\"1\u00a0Minute\" \/>\n<script type=\"application\/ld+json\" class=\"yoast-schema-graph\">{\"@context\":\"https:\/\/schema.org\",\"@graph\":[{\"@type\":\"WebPage\",\"@id\":\"https:\/\/mueble4you.com\/de\/productos\/ajedrez-vikingos-guerreros-nordicos\/\",\"url\":\"https:\/\/mueble4you.com\/de\/productos\/ajedrez-vikingos-guerreros-nordicos\/\",\"name\":\"AJEDREZ VIKINGOS GUERREROS N\u00d3RDICOS | mueble4you\",\"isPartOf\":{\"@id\":\"https:\/\/mueble4you.com\/#website\"},\"primaryImageOfPage\":{\"@id\":\"https:\/\/mueble4you.com\/de\/productos\/ajedrez-vikingos-guerreros-nordicos\/#primaryimage\"},\"image\":{\"@id\":\"https:\/\/mueble4you.com\/de\/productos\/ajedrez-vikingos-guerreros-nordicos\/#primaryimage\"},\"thumbnailUrl\":\"https:\/\/mueble4you.com\/wp-content\/uploads\/2024\/10\/K817CM.jpg\",\"datePublished\":\"2024-10-02T12:29:29+00:00\",\"dateModified\":\"2024-10-02T12:38:06+00:00\",\"breadcrumb\":{\"@id\":\"https:\/\/mueble4you.com\/de\/productos\/ajedrez-vikingos-guerreros-nordicos\/#breadcrumb\"},\"inLanguage\":\"de\",\"potentialAction\":[{\"@type\":\"ReadAction\",\"target\":[\"https:\/\/mueble4you.com\/de\/productos\/ajedrez-vikingos-guerreros-nordicos\/\"]}]},{\"@type\":\"ImageObject\",\"inLanguage\":\"de\",\"@id\":\"https:\/\/mueble4you.com\/de\/productos\/ajedrez-vikingos-guerreros-nordicos\/#primaryimage\",\"url\":\"https:\/\/mueble4you.com\/wp-content\/uploads\/2024\/10\/K817CM.jpg\",\"contentUrl\":\"https:\/\/mueble4you.com\/wp-content\/uploads\/2024\/10\/K817CM.jpg\",\"width\":1200,\"height\":893},{\"@type\":\"BreadcrumbList\",\"@id\":\"https:\/\/mueble4you.com\/de\/productos\/ajedrez-vikingos-guerreros-nordicos\/#breadcrumb\",\"itemListElement\":[{\"@type\":\"ListItem\",\"position\":1,\"name\":\"Portada\",\"item\":\"https:\/\/mueble4you.com\/de\/\"},{\"@type\":\"ListItem\",\"position\":2,\"name\":\"Productos\",\"item\":\"https:\/\/mueble4you.com\/productos\/\"},{\"@type\":\"ListItem\",\"position\":3,\"name\":\"AJEDREZ VIKINGOS GUERREROS N\u00d3RDICOS\"}]},{\"@type\":\"WebSite\",\"@id\":\"https:\/\/mueble4you.com\/#website\",\"url\":\"https:\/\/mueble4you.com\/\",\"name\":\"mueble4you\",\"description\":\"M\u00f6bel in Teneriffa\",\"potentialAction\":[{\"@type\":\"SearchAction\",\"target\":{\"@type\":\"EntryPoint\",\"urlTemplate\":\"https:\/\/mueble4you.com\/?s={search_term_string}\"},\"query-input\":{\"@type\":\"PropertyValueSpecification\",\"valueRequired\":true,\"valueName\":\"search_term_string\"}}],\"inLanguage\":\"de\"}]}<\/script>\n<!-- \/ Yoast SEO plugin. -->","yoast_head_json":{"title":"AJEDREZ VIKINGOS GUERREROS N\u00d3RDICOS | mueble4you","robots":{"index":"index","follow":"follow","max-snippet":"max-snippet:-1","max-image-preview":"max-image-preview:large","max-video-preview":"max-video-preview:-1"},"canonical":"https:\/\/mueble4you.com\/de\/productos\/ajedrez-vikingos-guerreros-nordicos\/","og_locale":"de_DE","og_type":"article","og_title":"AJEDREZ VIKINGOS GUERREROS N\u00d3RDICOS | mueble4you","og_description":"WIKINGER NORDISCHE KRIEGER AUS SKANDINAVIEN DES 8.-IX. JAHRHUNDERTS. Einzigartiges Schachspiel, hergestellt aus Bronze im Wachsausschmelzverfahren, veredelt mit echtem 24-Karat-Gold. Jedes St\u00fcck ist vom Bildhauer signiert. Das Schachbrett ist aus Onix und Bronze gefertigt und hat einen Rahmen aus Bronze und echtem Gold. Die Wikinger waren ein altes Volk Norwegens und Schwedens, geschickte Seefahrer und Piraten; [...]","og_url":"https:\/\/mueble4you.com\/de\/productos\/ajedrez-vikingos-guerreros-nordicos\/","og_site_name":"mueble4you","article_modified_time":"2024-10-02T12:38:06+00:00","og_image":[{"width":1200,"height":893,"url":"https:\/\/mueble4you.com\/wp-content\/uploads\/2024\/10\/K817CM.jpg","type":"image\/jpeg"}],"twitter_card":"summary_large_image","twitter_misc":{"Gesch\u00e4tzte Lesezeit":"1\u00a0Minute"},"schema":{"@context":"https:\/\/schema.org","@graph":[{"@type":"WebPage","@id":"https:\/\/mueble4you.com\/de\/productos\/ajedrez-vikingos-guerreros-nordicos\/","url":"https:\/\/mueble4you.com\/de\/productos\/ajedrez-vikingos-guerreros-nordicos\/","name":"AJEDREZ VIKINGOS GUERREROS N\u00d3RDICOS | mueble4you","isPartOf":{"@id":"https:\/\/mueble4you.com\/#website"},"primaryImageOfPage":{"@id":"https:\/\/mueble4you.com\/de\/productos\/ajedrez-vikingos-guerreros-nordicos\/#primaryimage"},"image":{"@id":"https:\/\/mueble4you.com\/de\/productos\/ajedrez-vikingos-guerreros-nordicos\/#primaryimage"},"thumbnailUrl":"https:\/\/mueble4you.com\/wp-content\/uploads\/2024\/10\/K817CM.jpg","datePublished":"2024-10-02T12:29:29+00:00","dateModified":"2024-10-02T12:38:06+00:00","breadcrumb":{"@id":"https:\/\/mueble4you.com\/de\/productos\/ajedrez-vikingos-guerreros-nordicos\/#breadcrumb"},"inLanguage":"de","potentialAction":[{"@type":"ReadAction","target":["https:\/\/mueble4you.com\/de\/productos\/ajedrez-vikingos-guerreros-nordicos\/"]}]},{"@type":"ImageObject","inLanguage":"de","@id":"https:\/\/mueble4you.com\/de\/productos\/ajedrez-vikingos-guerreros-nordicos\/#primaryimage","url":"https:\/\/mueble4you.com\/wp-content\/uploads\/2024\/10\/K817CM.jpg","contentUrl":"https:\/\/mueble4you.com\/wp-content\/uploads\/2024\/10\/K817CM.jpg","width":1200,"height":893},{"@type":"BreadcrumbList","@id":"https:\/\/mueble4you.com\/de\/productos\/ajedrez-vikingos-guerreros-nordicos\/#breadcrumb","itemListElement":[{"@type":"ListItem","position":1,"name":"Portada","item":"https:\/\/mueble4you.com\/de\/"},{"@type":"ListItem","position":2,"name":"Productos","item":"https:\/\/mueble4you.com\/productos\/"},{"@type":"ListItem","position":3,"name":"AJEDREZ VIKINGOS GUERREROS N\u00d3RDICOS"}]},{"@type":"WebSite","@id":"https:\/\/mueble4you.com\/#website","url":"https:\/\/mueble4you.com\/","name":"mueble4you","description":"M\u00f6bel in Teneriffa","potentialAction":[{"@type":"SearchAction","target":{"@type":"EntryPoint","urlTemplate":"https:\/\/mueble4you.com\/?s={search_term_string}"},"query-input":{"@type":"PropertyValueSpecification","valueRequired":true,"valueName":"search_term_string"}}],"inLanguage":"de"}]}},"_links":{"self":[{"href":"https:\/\/mueble4you.com\/de\/wp-json\/wp\/v2\/product\/76788","targetHints":{"allow":["GET"]}}],"collection":[{"href":"https:\/\/mueble4you.com\/de\/wp-json\/wp\/v2\/product"}],"about":[{"href":"https:\/\/mueble4you.com\/de\/wp-json\/wp\/v2\/types\/product"}],"wp:featuredmedia":[{"embeddable":true,"href":"https:\/\/mueble4you.com\/de\/wp-json\/wp\/v2\/media\/76779"}],"wp:attachment":[{"href":"https:\/\/mueble4you.com\/de\/wp-json\/wp\/v2\/media?parent=76788"}],"wp:term":[{"taxonomy":"product_brand","embeddable":true,"href":"https:\/\/mueble4you.com\/de\/wp-json\/wp\/v2\/product_brand?post=76788"},{"taxonomy":"product_cat","embeddable":true,"href":"https:\/\/mueble4you.com\/de\/wp-json\/wp\/v2\/product_cat?post=76788"},{"taxonomy":"product_tag","embeddable":true,"href":"https:\/\/mueble4you.com\/de\/wp-json\/wp\/v2\/product_tag?post=76788"}],"curies":[{"name":"wp","href":"https:\/\/api.w.org\/{rel}","templated":true}]}}