{"id":76773,"date":"2024-10-02T11:53:05","date_gmt":"2024-10-02T11:53:05","guid":{"rendered":"https:\/\/mueble4you.com\/productos\/ajedrez-negro-y-rojo\/"},"modified":"2024-10-02T12:05:35","modified_gmt":"2024-10-02T12:05:35","slug":"ajedrez-negro-y-rojo","status":"publish","type":"product","link":"https:\/\/mueble4you.com\/de\/productos\/ajedrez-negro-y-rojo\/","title":{"rendered":"SCHWARZ-WEISS-SCHACH."},"content":{"rendered":"<ul>\n<li id=\"tw-target-text\" class=\"tw-data-text tw-text-large tw-ta\" dir=\"ltr\" data-placeholder=\"Traducci\u00f3n\" data-ved=\"2ahUKEwjjg6HIyO-IAxXJdqQEHe8dEF4Q3ewLegQIBxAU\" aria-label=\"Texto traducido: SCHWARZ-WEISS-SCHACH.\nSCHWARZES UND ROTES TAFEL VON 42X42CM.\nSTAUNTON-SET. (rot\/schwarze Version) Artikel: G1026RN Holzschach, doppeltes Gewicht, schwarzer Filz, handgefertigt.\nK\u00d6NIG: ht. cm 7,6 - Durchmesser. cm 3,1.\n\nSchwarz-rot gl\u00e4nzendes Schachbrett aus Bruy\u00e8reholz.\"><span class=\"Y2IQFc\" lang=\"de\">SCHWARZES UND ROTES TAFEL VON 42X42CM.<\/span><\/li>\n<li class=\"tw-data-text tw-text-large tw-ta\" dir=\"ltr\" data-placeholder=\"Traducci\u00f3n\" data-ved=\"2ahUKEwjjg6HIyO-IAxXJdqQEHe8dEF4Q3ewLegQIBxAU\" aria-label=\"Texto traducido: SCHWARZ-WEISS-SCHACH.\nSCHWARZES UND ROTES TAFEL VON 42X42CM.\nSTAUNTON-SET. (rot\/schwarze Version) Artikel: G1026RN Holzschach, doppeltes Gewicht, schwarzer Filz, handgefertigt.\nK\u00d6NIG: ht. cm 7,6 - Durchmesser. cm 3,1.\n\nSchwarz-rot gl\u00e4nzendes Schachbrett aus Bruy\u00e8reholz.\"><span class=\"Y2IQFc\" lang=\"de\">STAUNTON-SET. <\/span><\/li>\n<li class=\"tw-data-text tw-text-large tw-ta\" dir=\"ltr\" data-placeholder=\"Traducci\u00f3n\" data-ved=\"2ahUKEwjjg6HIyO-IAxXJdqQEHe8dEF4Q3ewLegQIBxAU\" aria-label=\"Texto traducido: SCHWARZ-WEISS-SCHACH.\nSCHWARZES UND ROTES TAFEL VON 42X42CM.\nSTAUNTON-SET. (rot\/schwarze Version) Artikel: G1026RN Holzschach, doppeltes Gewicht, schwarzer Filz, handgefertigt.\nK\u00d6NIG: ht. cm 7,6 - Durchmesser. cm 3,1.\n\nSchwarz-rot gl\u00e4nzendes Schachbrett aus Bruy\u00e8reholz.\"><span class=\"Y2IQFc\" lang=\"de\">(rot\/schwarze Version) Artikel: G1026RN Holzschach, doppeltes Gewicht, schwarzer Filz, handgefertigt.<\/span><\/li>\n<li class=\"tw-data-text tw-text-large tw-ta\" dir=\"ltr\" data-placeholder=\"Traducci\u00f3n\" data-ved=\"2ahUKEwjjg6HIyO-IAxXJdqQEHe8dEF4Q3ewLegQIBxAU\" aria-label=\"Texto traducido: SCHWARZ-WEISS-SCHACH.\nSCHWARZES UND ROTES TAFEL VON 42X42CM.\nSTAUNTON-SET. (rot\/schwarze Version) Artikel: G1026RN Holzschach, doppeltes Gewicht, schwarzer Filz, handgefertigt.\nK\u00d6NIG: ht. cm 7,6 - Durchmesser. cm 3,1.\n\nSchwarz-rot gl\u00e4nzendes Schachbrett aus Bruy\u00e8reholz.\"><span class=\"Y2IQFc\" lang=\"de\">K\u00d6NIG: ht. cm 7,6 &#8211; Durchmesser. <\/span><\/li>\n<li class=\"tw-data-text tw-text-large tw-ta\" dir=\"ltr\" data-placeholder=\"Traducci\u00f3n\" data-ved=\"2ahUKEwjjg6HIyO-IAxXJdqQEHe8dEF4Q3ewLegQIBxAU\" aria-label=\"Texto traducido: SCHWARZ-WEISS-SCHACH.\nSCHWARZES UND ROTES TAFEL VON 42X42CM.\nSTAUNTON-SET. (rot\/schwarze Version) Artikel: G1026RN Holzschach, doppeltes Gewicht, schwarzer Filz, handgefertigt.\nK\u00d6NIG: ht. cm 7,6 - Durchmesser. cm 3,1.\n\nSchwarz-rot gl\u00e4nzendes Schachbrett aus Bruy\u00e8reholz.\"><span class=\"Y2IQFc\" lang=\"de\">cm 3,1. Schwarz-rot gl\u00e4nzendes Schachbrett aus Bruy\u00e8reholz.<\/span><\/li>\n<\/ul>\n","protected":false},"excerpt":{"rendered":"<p>SCHWARZES UND ROTES TAFEL VON 42X42CM. STAUNTON-SET. (rot\/schwarze Version) Artikel: G1026RN Holzschach, doppeltes Gewicht, schwarzer Filz, handgefertigt. K\u00d6NIG: ht. cm 7,6 &#8211; Durchmesser. cm 3,1. Schwarz-rot gl\u00e4nzendes Schachbrett aus Bruy\u00e8reholz.<\/p>\n","protected":false},"featured_media":76764,"template":"","meta":[],"product_brand":[],"product_cat":[591,261],"product_tag":[],"class_list":{"0":"post-76773","1":"product","2":"type-product","3":"status-publish","4":"has-post-thumbnail","6":"product_cat-schach","7":"product_cat-dekoration","9":"first","10":"instock","11":"shipping-taxable","12":"product-type-simple"},"yoast_head":"<!-- This site is optimized with the Yoast SEO plugin v27.2 - https:\/\/yoast.com\/product\/yoast-seo-wordpress\/ -->\n<title>SCHWARZ-WEISS-SCHACH. | mueble4you<\/title>\n<meta name=\"robots\" content=\"index, follow, max-snippet:-1, max-image-preview:large, max-video-preview:-1\" \/>\n<link rel=\"canonical\" href=\"https:\/\/mueble4you.com\/de\/productos\/ajedrez-negro-y-rojo\/\" \/>\n<meta property=\"og:locale\" content=\"de_DE\" \/>\n<meta property=\"og:type\" content=\"article\" \/>\n<meta property=\"og:title\" content=\"SCHWARZ-WEISS-SCHACH. | mueble4you\" \/>\n<meta property=\"og:description\" content=\"SCHWARZES UND ROTES TAFEL VON 42X42CM. STAUNTON-SET. (rot\/schwarze Version) Artikel: G1026RN Holzschach, doppeltes Gewicht, schwarzer Filz, handgefertigt. K\u00d6NIG: ht. cm 7,6 &#8211; Durchmesser. cm 3,1. Schwarz-rot gl\u00e4nzendes Schachbrett aus Bruy\u00e8reholz.\" \/>\n<meta property=\"og:url\" content=\"https:\/\/mueble4you.com\/de\/productos\/ajedrez-negro-y-rojo\/\" \/>\n<meta property=\"og:site_name\" content=\"mueble4you\" \/>\n<meta property=\"article:modified_time\" content=\"2024-10-02T12:05:35+00:00\" \/>\n<meta property=\"og:image\" content=\"https:\/\/mueble4you.com\/wp-content\/uploads\/2024\/10\/G1026RN.jpg\" \/>\n\t<meta property=\"og:image:width\" content=\"1200\" \/>\n\t<meta property=\"og:image:height\" content=\"426\" \/>\n\t<meta property=\"og:image:type\" content=\"image\/jpeg\" \/>\n<meta name=\"twitter:card\" content=\"summary_large_image\" \/>\n<script type=\"application\/ld+json\" class=\"yoast-schema-graph\">{\"@context\":\"https:\/\/schema.org\",\"@graph\":[{\"@type\":\"WebPage\",\"@id\":\"https:\/\/mueble4you.com\/de\/productos\/ajedrez-negro-y-rojo\/\",\"url\":\"https:\/\/mueble4you.com\/de\/productos\/ajedrez-negro-y-rojo\/\",\"name\":\"SCHWARZ-WEISS-SCHACH. | mueble4you\",\"isPartOf\":{\"@id\":\"https:\/\/mueble4you.com\/#website\"},\"primaryImageOfPage\":{\"@id\":\"https:\/\/mueble4you.com\/de\/productos\/ajedrez-negro-y-rojo\/#primaryimage\"},\"image\":{\"@id\":\"https:\/\/mueble4you.com\/de\/productos\/ajedrez-negro-y-rojo\/#primaryimage\"},\"thumbnailUrl\":\"https:\/\/mueble4you.com\/wp-content\/uploads\/2024\/10\/G1026RN.jpg\",\"datePublished\":\"2024-10-02T11:53:05+00:00\",\"dateModified\":\"2024-10-02T12:05:35+00:00\",\"breadcrumb\":{\"@id\":\"https:\/\/mueble4you.com\/de\/productos\/ajedrez-negro-y-rojo\/#breadcrumb\"},\"inLanguage\":\"de\",\"potentialAction\":[{\"@type\":\"ReadAction\",\"target\":[\"https:\/\/mueble4you.com\/de\/productos\/ajedrez-negro-y-rojo\/\"]}]},{\"@type\":\"ImageObject\",\"inLanguage\":\"de\",\"@id\":\"https:\/\/mueble4you.com\/de\/productos\/ajedrez-negro-y-rojo\/#primaryimage\",\"url\":\"https:\/\/mueble4you.com\/wp-content\/uploads\/2024\/10\/G1026RN.jpg\",\"contentUrl\":\"https:\/\/mueble4you.com\/wp-content\/uploads\/2024\/10\/G1026RN.jpg\",\"width\":1200,\"height\":426},{\"@type\":\"BreadcrumbList\",\"@id\":\"https:\/\/mueble4you.com\/de\/productos\/ajedrez-negro-y-rojo\/#breadcrumb\",\"itemListElement\":[{\"@type\":\"ListItem\",\"position\":1,\"name\":\"Portada\",\"item\":\"https:\/\/mueble4you.com\/de\/\"},{\"@type\":\"ListItem\",\"position\":2,\"name\":\"Productos\",\"item\":\"https:\/\/mueble4you.com\/productos\/\"},{\"@type\":\"ListItem\",\"position\":3,\"name\":\"SCHWARZ-WEISS-SCHACH.\"}]},{\"@type\":\"WebSite\",\"@id\":\"https:\/\/mueble4you.com\/#website\",\"url\":\"https:\/\/mueble4you.com\/\",\"name\":\"mueble4you\",\"description\":\"M\u00f6bel in Teneriffa\",\"potentialAction\":[{\"@type\":\"SearchAction\",\"target\":{\"@type\":\"EntryPoint\",\"urlTemplate\":\"https:\/\/mueble4you.com\/?s={search_term_string}\"},\"query-input\":{\"@type\":\"PropertyValueSpecification\",\"valueRequired\":true,\"valueName\":\"search_term_string\"}}],\"inLanguage\":\"de\"}]}<\/script>\n<!-- \/ Yoast SEO plugin. -->","yoast_head_json":{"title":"SCHWARZ-WEISS-SCHACH. | mueble4you","robots":{"index":"index","follow":"follow","max-snippet":"max-snippet:-1","max-image-preview":"max-image-preview:large","max-video-preview":"max-video-preview:-1"},"canonical":"https:\/\/mueble4you.com\/de\/productos\/ajedrez-negro-y-rojo\/","og_locale":"de_DE","og_type":"article","og_title":"SCHWARZ-WEISS-SCHACH. | mueble4you","og_description":"SCHWARZES UND ROTES TAFEL VON 42X42CM. STAUNTON-SET. (rot\/schwarze Version) Artikel: G1026RN Holzschach, doppeltes Gewicht, schwarzer Filz, handgefertigt. K\u00d6NIG: ht. cm 7,6 &#8211; Durchmesser. cm 3,1. Schwarz-rot gl\u00e4nzendes Schachbrett aus Bruy\u00e8reholz.","og_url":"https:\/\/mueble4you.com\/de\/productos\/ajedrez-negro-y-rojo\/","og_site_name":"mueble4you","article_modified_time":"2024-10-02T12:05:35+00:00","og_image":[{"width":1200,"height":426,"url":"https:\/\/mueble4you.com\/wp-content\/uploads\/2024\/10\/G1026RN.jpg","type":"image\/jpeg"}],"twitter_card":"summary_large_image","schema":{"@context":"https:\/\/schema.org","@graph":[{"@type":"WebPage","@id":"https:\/\/mueble4you.com\/de\/productos\/ajedrez-negro-y-rojo\/","url":"https:\/\/mueble4you.com\/de\/productos\/ajedrez-negro-y-rojo\/","name":"SCHWARZ-WEISS-SCHACH. | mueble4you","isPartOf":{"@id":"https:\/\/mueble4you.com\/#website"},"primaryImageOfPage":{"@id":"https:\/\/mueble4you.com\/de\/productos\/ajedrez-negro-y-rojo\/#primaryimage"},"image":{"@id":"https:\/\/mueble4you.com\/de\/productos\/ajedrez-negro-y-rojo\/#primaryimage"},"thumbnailUrl":"https:\/\/mueble4you.com\/wp-content\/uploads\/2024\/10\/G1026RN.jpg","datePublished":"2024-10-02T11:53:05+00:00","dateModified":"2024-10-02T12:05:35+00:00","breadcrumb":{"@id":"https:\/\/mueble4you.com\/de\/productos\/ajedrez-negro-y-rojo\/#breadcrumb"},"inLanguage":"de","potentialAction":[{"@type":"ReadAction","target":["https:\/\/mueble4you.com\/de\/productos\/ajedrez-negro-y-rojo\/"]}]},{"@type":"ImageObject","inLanguage":"de","@id":"https:\/\/mueble4you.com\/de\/productos\/ajedrez-negro-y-rojo\/#primaryimage","url":"https:\/\/mueble4you.com\/wp-content\/uploads\/2024\/10\/G1026RN.jpg","contentUrl":"https:\/\/mueble4you.com\/wp-content\/uploads\/2024\/10\/G1026RN.jpg","width":1200,"height":426},{"@type":"BreadcrumbList","@id":"https:\/\/mueble4you.com\/de\/productos\/ajedrez-negro-y-rojo\/#breadcrumb","itemListElement":[{"@type":"ListItem","position":1,"name":"Portada","item":"https:\/\/mueble4you.com\/de\/"},{"@type":"ListItem","position":2,"name":"Productos","item":"https:\/\/mueble4you.com\/productos\/"},{"@type":"ListItem","position":3,"name":"SCHWARZ-WEISS-SCHACH."}]},{"@type":"WebSite","@id":"https:\/\/mueble4you.com\/#website","url":"https:\/\/mueble4you.com\/","name":"mueble4you","description":"M\u00f6bel in Teneriffa","potentialAction":[{"@type":"SearchAction","target":{"@type":"EntryPoint","urlTemplate":"https:\/\/mueble4you.com\/?s={search_term_string}"},"query-input":{"@type":"PropertyValueSpecification","valueRequired":true,"valueName":"search_term_string"}}],"inLanguage":"de"}]}},"_links":{"self":[{"href":"https:\/\/mueble4you.com\/de\/wp-json\/wp\/v2\/product\/76773","targetHints":{"allow":["GET"]}}],"collection":[{"href":"https:\/\/mueble4you.com\/de\/wp-json\/wp\/v2\/product"}],"about":[{"href":"https:\/\/mueble4you.com\/de\/wp-json\/wp\/v2\/types\/product"}],"wp:featuredmedia":[{"embeddable":true,"href":"https:\/\/mueble4you.com\/de\/wp-json\/wp\/v2\/media\/76764"}],"wp:attachment":[{"href":"https:\/\/mueble4you.com\/de\/wp-json\/wp\/v2\/media?parent=76773"}],"wp:term":[{"taxonomy":"product_brand","embeddable":true,"href":"https:\/\/mueble4you.com\/de\/wp-json\/wp\/v2\/product_brand?post=76773"},{"taxonomy":"product_cat","embeddable":true,"href":"https:\/\/mueble4you.com\/de\/wp-json\/wp\/v2\/product_cat?post=76773"},{"taxonomy":"product_tag","embeddable":true,"href":"https:\/\/mueble4you.com\/de\/wp-json\/wp\/v2\/product_tag?post=76773"}],"curies":[{"name":"wp","href":"https:\/\/api.w.org\/{rel}","templated":true}]}}