{"id":76556,"date":"2024-09-27T14:32:56","date_gmt":"2024-09-27T14:32:56","guid":{"rendered":"https:\/\/mueble4you.com\/productos\/mueble-tv-madera-170cm\/"},"modified":"2024-10-21T14:10:49","modified_gmt":"2024-10-21T14:10:49","slug":"mueble-tv-madera-170cm","status":"publish","type":"product","link":"https:\/\/mueble4you.com\/de\/productos\/mueble-tv-madera-170cm\/","title":{"rendered":"TV-SCHRANK AUS HOLZ 170CM."},"content":{"rendered":"<div>Dieser naturfarbene Fernsehschrank ist aus Akazienholz gefertigt und unterstreicht die Sch\u00f6nheit des Holzes in seiner authentischsten Form. Mit seinen 4 T\u00fcren bietet er eine perfekte Balance zwischen Stil und Funktionalit\u00e4t und wird zum zentralen Element in jedem Wohnzimmer. Die vier T\u00fcren des Schranks bieten ausreichend Stauraum, sodass Sie elektronische Ger\u00e4te, Unterhaltungszubeh\u00f6r und andere wichtige Gegenst\u00e4nde problemlos verstauen k\u00f6nnen, sodass alles ordentlich und au\u00dfer Sichtweite bleibt.<\/div>\n<div><\/div>\n<div>\u25cf H\u00f6he: 50 cm.<\/div>\n<div><\/div>\n<div>\u25cf L\u00e4nge: 170 cm.<\/div>\n<div><\/div>\n<div>\u25cf Breite: 40 cm.<\/div>\n<div><\/div>\n<div>\u25cf Material: Akazienholz. \u25cf Farbe: Nat\u00fcrlich.<\/div>\n","protected":false},"excerpt":{"rendered":"<p>Dieser naturfarbene Fernsehschrank ist aus Akazienholz gefertigt und unterstreicht die Sch\u00f6nheit des Holzes in seiner authentischsten Form. Mit seinen 4 T\u00fcren bietet er eine perfekte Balance zwischen Stil und Funktionalit\u00e4t und wird zum zentralen Element in jedem Wohnzimmer. Die vier T\u00fcren des Schranks bieten ausreichend Stauraum, sodass Sie elektronische Ger\u00e4te, Unterhaltungszubeh\u00f6r und andere wichtige Gegenst\u00e4nde [&#8230;]\n","protected":false},"featured_media":76537,"template":"","meta":[],"product_brand":[],"product_cat":[510,272],"product_tag":[],"class_list":{"0":"post-76556","1":"product","2":"type-product","3":"status-publish","4":"has-post-thumbnail","6":"product_cat-tv-schrank","7":"product_cat-wohnzimmer","9":"first","10":"instock","11":"shipping-taxable","12":"product-type-simple"},"yoast_head":"<!-- This site is optimized with the Yoast SEO plugin v27.3 - https:\/\/yoast.com\/product\/yoast-seo-wordpress\/ -->\n<title>TV-SCHRANK AUS HOLZ 170CM. | mueble4you<\/title>\n<meta name=\"robots\" content=\"index, follow, max-snippet:-1, max-image-preview:large, max-video-preview:-1\" \/>\n<link rel=\"canonical\" href=\"https:\/\/mueble4you.com\/de\/productos\/mueble-tv-madera-170cm\/\" \/>\n<meta property=\"og:locale\" content=\"de_DE\" \/>\n<meta property=\"og:type\" content=\"article\" \/>\n<meta property=\"og:title\" content=\"TV-SCHRANK AUS HOLZ 170CM. | mueble4you\" \/>\n<meta property=\"og:description\" content=\"Dieser naturfarbene Fernsehschrank ist aus Akazienholz gefertigt und unterstreicht die Sch\u00f6nheit des Holzes in seiner authentischsten Form. Mit seinen 4 T\u00fcren bietet er eine perfekte Balance zwischen Stil und Funktionalit\u00e4t und wird zum zentralen Element in jedem Wohnzimmer. Die vier T\u00fcren des Schranks bieten ausreichend Stauraum, sodass Sie elektronische Ger\u00e4te, Unterhaltungszubeh\u00f6r und andere wichtige Gegenst\u00e4nde [...]\" \/>\n<meta property=\"og:url\" content=\"https:\/\/mueble4you.com\/de\/productos\/mueble-tv-madera-170cm\/\" \/>\n<meta property=\"og:site_name\" content=\"mueble4you\" \/>\n<meta property=\"article:modified_time\" content=\"2024-10-21T14:10:49+00:00\" \/>\n<meta property=\"og:image\" content=\"https:\/\/mueble4you.com\/wp-content\/uploads\/2024\/09\/1854_1-Copy.jpg\" \/>\n\t<meta property=\"og:image:width\" content=\"965\" \/>\n\t<meta property=\"og:image:height\" content=\"768\" \/>\n\t<meta property=\"og:image:type\" content=\"image\/jpeg\" \/>\n<meta name=\"twitter:card\" content=\"summary_large_image\" \/>\n<script type=\"application\/ld+json\" class=\"yoast-schema-graph\">{\"@context\":\"https:\\\/\\\/schema.org\",\"@graph\":[{\"@type\":\"WebPage\",\"@id\":\"https:\\\/\\\/mueble4you.com\\\/de\\\/productos\\\/mueble-tv-madera-170cm\\\/\",\"url\":\"https:\\\/\\\/mueble4you.com\\\/de\\\/productos\\\/mueble-tv-madera-170cm\\\/\",\"name\":\"TV-SCHRANK AUS HOLZ 170CM. | mueble4you\",\"isPartOf\":{\"@id\":\"https:\\\/\\\/mueble4you.com\\\/#website\"},\"primaryImageOfPage\":{\"@id\":\"https:\\\/\\\/mueble4you.com\\\/de\\\/productos\\\/mueble-tv-madera-170cm\\\/#primaryimage\"},\"image\":{\"@id\":\"https:\\\/\\\/mueble4you.com\\\/de\\\/productos\\\/mueble-tv-madera-170cm\\\/#primaryimage\"},\"thumbnailUrl\":\"https:\\\/\\\/mueble4you.com\\\/wp-content\\\/uploads\\\/2024\\\/09\\\/1854_1-Copy.jpg\",\"datePublished\":\"2024-09-27T14:32:56+00:00\",\"dateModified\":\"2024-10-21T14:10:49+00:00\",\"breadcrumb\":{\"@id\":\"https:\\\/\\\/mueble4you.com\\\/de\\\/productos\\\/mueble-tv-madera-170cm\\\/#breadcrumb\"},\"inLanguage\":\"de\",\"potentialAction\":[{\"@type\":\"ReadAction\",\"target\":[\"https:\\\/\\\/mueble4you.com\\\/de\\\/productos\\\/mueble-tv-madera-170cm\\\/\"]}]},{\"@type\":\"ImageObject\",\"inLanguage\":\"de\",\"@id\":\"https:\\\/\\\/mueble4you.com\\\/de\\\/productos\\\/mueble-tv-madera-170cm\\\/#primaryimage\",\"url\":\"https:\\\/\\\/mueble4you.com\\\/wp-content\\\/uploads\\\/2024\\\/09\\\/1854_1-Copy.jpg\",\"contentUrl\":\"https:\\\/\\\/mueble4you.com\\\/wp-content\\\/uploads\\\/2024\\\/09\\\/1854_1-Copy.jpg\",\"width\":965,\"height\":768},{\"@type\":\"BreadcrumbList\",\"@id\":\"https:\\\/\\\/mueble4you.com\\\/de\\\/productos\\\/mueble-tv-madera-170cm\\\/#breadcrumb\",\"itemListElement\":[{\"@type\":\"ListItem\",\"position\":1,\"name\":\"Portada\",\"item\":\"https:\\\/\\\/mueble4you.com\\\/de\\\/\"},{\"@type\":\"ListItem\",\"position\":2,\"name\":\"Productos\",\"item\":\"https:\\\/\\\/mueble4you.com\\\/productos\\\/\"},{\"@type\":\"ListItem\",\"position\":3,\"name\":\"TV-SCHRANK AUS HOLZ 170CM.\"}]},{\"@type\":\"WebSite\",\"@id\":\"https:\\\/\\\/mueble4you.com\\\/#website\",\"url\":\"https:\\\/\\\/mueble4you.com\\\/\",\"name\":\"mueble4you\",\"description\":\"M\u00f6bel in Teneriffa\",\"potentialAction\":[{\"@type\":\"SearchAction\",\"target\":{\"@type\":\"EntryPoint\",\"urlTemplate\":\"https:\\\/\\\/mueble4you.com\\\/?s={search_term_string}\"},\"query-input\":{\"@type\":\"PropertyValueSpecification\",\"valueRequired\":true,\"valueName\":\"search_term_string\"}}],\"inLanguage\":\"de\"}]}<\/script>\n<!-- \/ Yoast SEO plugin. -->","yoast_head_json":{"title":"TV-SCHRANK AUS HOLZ 170CM. | mueble4you","robots":{"index":"index","follow":"follow","max-snippet":"max-snippet:-1","max-image-preview":"max-image-preview:large","max-video-preview":"max-video-preview:-1"},"canonical":"https:\/\/mueble4you.com\/de\/productos\/mueble-tv-madera-170cm\/","og_locale":"de_DE","og_type":"article","og_title":"TV-SCHRANK AUS HOLZ 170CM. | mueble4you","og_description":"Dieser naturfarbene Fernsehschrank ist aus Akazienholz gefertigt und unterstreicht die Sch\u00f6nheit des Holzes in seiner authentischsten Form. Mit seinen 4 T\u00fcren bietet er eine perfekte Balance zwischen Stil und Funktionalit\u00e4t und wird zum zentralen Element in jedem Wohnzimmer. Die vier T\u00fcren des Schranks bieten ausreichend Stauraum, sodass Sie elektronische Ger\u00e4te, Unterhaltungszubeh\u00f6r und andere wichtige Gegenst\u00e4nde [...]","og_url":"https:\/\/mueble4you.com\/de\/productos\/mueble-tv-madera-170cm\/","og_site_name":"mueble4you","article_modified_time":"2024-10-21T14:10:49+00:00","og_image":[{"width":965,"height":768,"url":"https:\/\/mueble4you.com\/wp-content\/uploads\/2024\/09\/1854_1-Copy.jpg","type":"image\/jpeg"}],"twitter_card":"summary_large_image","schema":{"@context":"https:\/\/schema.org","@graph":[{"@type":"WebPage","@id":"https:\/\/mueble4you.com\/de\/productos\/mueble-tv-madera-170cm\/","url":"https:\/\/mueble4you.com\/de\/productos\/mueble-tv-madera-170cm\/","name":"TV-SCHRANK AUS HOLZ 170CM. | mueble4you","isPartOf":{"@id":"https:\/\/mueble4you.com\/#website"},"primaryImageOfPage":{"@id":"https:\/\/mueble4you.com\/de\/productos\/mueble-tv-madera-170cm\/#primaryimage"},"image":{"@id":"https:\/\/mueble4you.com\/de\/productos\/mueble-tv-madera-170cm\/#primaryimage"},"thumbnailUrl":"https:\/\/mueble4you.com\/wp-content\/uploads\/2024\/09\/1854_1-Copy.jpg","datePublished":"2024-09-27T14:32:56+00:00","dateModified":"2024-10-21T14:10:49+00:00","breadcrumb":{"@id":"https:\/\/mueble4you.com\/de\/productos\/mueble-tv-madera-170cm\/#breadcrumb"},"inLanguage":"de","potentialAction":[{"@type":"ReadAction","target":["https:\/\/mueble4you.com\/de\/productos\/mueble-tv-madera-170cm\/"]}]},{"@type":"ImageObject","inLanguage":"de","@id":"https:\/\/mueble4you.com\/de\/productos\/mueble-tv-madera-170cm\/#primaryimage","url":"https:\/\/mueble4you.com\/wp-content\/uploads\/2024\/09\/1854_1-Copy.jpg","contentUrl":"https:\/\/mueble4you.com\/wp-content\/uploads\/2024\/09\/1854_1-Copy.jpg","width":965,"height":768},{"@type":"BreadcrumbList","@id":"https:\/\/mueble4you.com\/de\/productos\/mueble-tv-madera-170cm\/#breadcrumb","itemListElement":[{"@type":"ListItem","position":1,"name":"Portada","item":"https:\/\/mueble4you.com\/de\/"},{"@type":"ListItem","position":2,"name":"Productos","item":"https:\/\/mueble4you.com\/productos\/"},{"@type":"ListItem","position":3,"name":"TV-SCHRANK AUS HOLZ 170CM."}]},{"@type":"WebSite","@id":"https:\/\/mueble4you.com\/#website","url":"https:\/\/mueble4you.com\/","name":"mueble4you","description":"M\u00f6bel in Teneriffa","potentialAction":[{"@type":"SearchAction","target":{"@type":"EntryPoint","urlTemplate":"https:\/\/mueble4you.com\/?s={search_term_string}"},"query-input":{"@type":"PropertyValueSpecification","valueRequired":true,"valueName":"search_term_string"}}],"inLanguage":"de"}]}},"_links":{"self":[{"href":"https:\/\/mueble4you.com\/de\/wp-json\/wp\/v2\/product\/76556","targetHints":{"allow":["GET"]}}],"collection":[{"href":"https:\/\/mueble4you.com\/de\/wp-json\/wp\/v2\/product"}],"about":[{"href":"https:\/\/mueble4you.com\/de\/wp-json\/wp\/v2\/types\/product"}],"wp:featuredmedia":[{"embeddable":true,"href":"https:\/\/mueble4you.com\/de\/wp-json\/wp\/v2\/media\/76537"}],"wp:attachment":[{"href":"https:\/\/mueble4you.com\/de\/wp-json\/wp\/v2\/media?parent=76556"}],"wp:term":[{"taxonomy":"product_brand","embeddable":true,"href":"https:\/\/mueble4you.com\/de\/wp-json\/wp\/v2\/product_brand?post=76556"},{"taxonomy":"product_cat","embeddable":true,"href":"https:\/\/mueble4you.com\/de\/wp-json\/wp\/v2\/product_cat?post=76556"},{"taxonomy":"product_tag","embeddable":true,"href":"https:\/\/mueble4you.com\/de\/wp-json\/wp\/v2\/product_tag?post=76556"}],"curies":[{"name":"wp","href":"https:\/\/api.w.org\/{rel}","templated":true}]}}