{"id":76495,"date":"2024-09-27T14:11:48","date_gmt":"2024-09-27T14:11:48","guid":{"rendered":"https:\/\/mueble4you.com\/productos\/mesa-de-comedor-200x100-tapa-madera-pie-negro\/"},"modified":"2024-10-22T10:29:32","modified_gmt":"2024-10-22T10:29:32","slug":"mesa-de-comedor-200x100-tapa-madera-pie-negro","status":"publish","type":"product","link":"https:\/\/mueble4you.com\/de\/productos\/mesa-de-comedor-200x100-tapa-madera-pie-negro\/","title":{"rendered":"Esstisch 200 x 100, Holzplatte, schwarzer Fu\u00df."},"content":{"rendered":"<div>Esstisch aus Akazienholz und Metallgestell.<\/div>\n<div>Akazienholz ist f\u00fcr seine St\u00e4rke und attraktive Maserung bekannt und verleiht jedem Essbereich W\u00e4rme und nat\u00fcrliche Sch\u00f6nheit.<\/div>\n<div>Der Deckel hat eine einzigartige Form, er ist rechteckig, aber mit gew\u00f6lbten L\u00e4ngsseiten, wodurch ein weicher und raffinierter optischer Effekt entsteht, der dem Design einen Hauch von Dynamik verleiht. Dieses Design ist nicht nur \u00e4sthetisch ansprechend, sondern auch funktional und bietet ausreichend Platz f\u00fcr Besprechungen und Abendessen.<\/div>\n<div><\/div>\n<div>\u25cf H\u00f6he: 76 cm.<\/div>\n<div><\/div>\n<div>\u25cf L\u00e4nge: 200 cm.<\/div>\n<div><\/div>\n<div>\u25cf Breite: 100 cm.<\/div>\n<div><\/div>\n<div>\u25cf Material: Akazienholz und Metall.<\/div>\n<div><\/div>\n<div>\u25cf Farbe: Natur und Schwarz.<\/div>\n","protected":false},"excerpt":{"rendered":"<p>Esstisch aus Akazienholz und Metallgestell. Akazienholz ist f\u00fcr seine St\u00e4rke und attraktive Maserung bekannt und verleiht jedem Essbereich W\u00e4rme und nat\u00fcrliche Sch\u00f6nheit. Der Deckel hat eine einzigartige Form, er ist rechteckig, aber mit gew\u00f6lbten L\u00e4ngsseiten, wodurch ein weicher und raffinierter optischer Effekt entsteht, der dem Design einen Hauch von Dynamik verleiht. Dieses Design ist nicht [&#8230;]\n","protected":false},"featured_media":76471,"template":"","meta":[],"product_brand":[],"product_cat":[349,268],"product_tag":[],"class_list":{"0":"post-76495","1":"product","2":"type-product","3":"status-publish","4":"has-post-thumbnail","6":"product_cat-esstische","7":"product_cat-esszimmer","9":"first","10":"instock","11":"shipping-taxable","12":"product-type-simple"},"yoast_head":"<!-- This site is optimized with the Yoast SEO plugin v27.3 - https:\/\/yoast.com\/product\/yoast-seo-wordpress\/ -->\n<title>Esstisch 200 x 100, Holzplatte, schwarzer Fu\u00df. | mueble4you<\/title>\n<meta name=\"robots\" content=\"index, follow, max-snippet:-1, max-image-preview:large, max-video-preview:-1\" \/>\n<link rel=\"canonical\" href=\"https:\/\/mueble4you.com\/de\/productos\/mesa-de-comedor-200x100-tapa-madera-pie-negro\/\" \/>\n<meta property=\"og:locale\" content=\"de_DE\" \/>\n<meta property=\"og:type\" content=\"article\" \/>\n<meta property=\"og:title\" content=\"Esstisch 200 x 100, Holzplatte, schwarzer Fu\u00df. | mueble4you\" \/>\n<meta property=\"og:description\" content=\"Esstisch aus Akazienholz und Metallgestell. Akazienholz ist f\u00fcr seine St\u00e4rke und attraktive Maserung bekannt und verleiht jedem Essbereich W\u00e4rme und nat\u00fcrliche Sch\u00f6nheit. Der Deckel hat eine einzigartige Form, er ist rechteckig, aber mit gew\u00f6lbten L\u00e4ngsseiten, wodurch ein weicher und raffinierter optischer Effekt entsteht, der dem Design einen Hauch von Dynamik verleiht. Dieses Design ist nicht [...]\" \/>\n<meta property=\"og:url\" content=\"https:\/\/mueble4you.com\/de\/productos\/mesa-de-comedor-200x100-tapa-madera-pie-negro\/\" \/>\n<meta property=\"og:site_name\" content=\"mueble4you\" \/>\n<meta property=\"article:modified_time\" content=\"2024-10-22T10:29:32+00:00\" \/>\n<meta property=\"og:image\" content=\"https:\/\/mueble4you.com\/wp-content\/uploads\/2024\/09\/1840_2-Copy.jpg\" \/>\n\t<meta property=\"og:image:width\" content=\"1024\" \/>\n\t<meta property=\"og:image:height\" content=\"560\" \/>\n\t<meta property=\"og:image:type\" content=\"image\/jpeg\" \/>\n<meta name=\"twitter:card\" content=\"summary_large_image\" \/>\n<script type=\"application\/ld+json\" class=\"yoast-schema-graph\">{\"@context\":\"https:\\\/\\\/schema.org\",\"@graph\":[{\"@type\":\"WebPage\",\"@id\":\"https:\\\/\\\/mueble4you.com\\\/de\\\/productos\\\/mesa-de-comedor-200x100-tapa-madera-pie-negro\\\/\",\"url\":\"https:\\\/\\\/mueble4you.com\\\/de\\\/productos\\\/mesa-de-comedor-200x100-tapa-madera-pie-negro\\\/\",\"name\":\"Esstisch 200 x 100, Holzplatte, schwarzer Fu\u00df. | mueble4you\",\"isPartOf\":{\"@id\":\"https:\\\/\\\/mueble4you.com\\\/#website\"},\"primaryImageOfPage\":{\"@id\":\"https:\\\/\\\/mueble4you.com\\\/de\\\/productos\\\/mesa-de-comedor-200x100-tapa-madera-pie-negro\\\/#primaryimage\"},\"image\":{\"@id\":\"https:\\\/\\\/mueble4you.com\\\/de\\\/productos\\\/mesa-de-comedor-200x100-tapa-madera-pie-negro\\\/#primaryimage\"},\"thumbnailUrl\":\"https:\\\/\\\/mueble4you.com\\\/wp-content\\\/uploads\\\/2024\\\/09\\\/1840_2-Copy.jpg\",\"datePublished\":\"2024-09-27T14:11:48+00:00\",\"dateModified\":\"2024-10-22T10:29:32+00:00\",\"breadcrumb\":{\"@id\":\"https:\\\/\\\/mueble4you.com\\\/de\\\/productos\\\/mesa-de-comedor-200x100-tapa-madera-pie-negro\\\/#breadcrumb\"},\"inLanguage\":\"de\",\"potentialAction\":[{\"@type\":\"ReadAction\",\"target\":[\"https:\\\/\\\/mueble4you.com\\\/de\\\/productos\\\/mesa-de-comedor-200x100-tapa-madera-pie-negro\\\/\"]}]},{\"@type\":\"ImageObject\",\"inLanguage\":\"de\",\"@id\":\"https:\\\/\\\/mueble4you.com\\\/de\\\/productos\\\/mesa-de-comedor-200x100-tapa-madera-pie-negro\\\/#primaryimage\",\"url\":\"https:\\\/\\\/mueble4you.com\\\/wp-content\\\/uploads\\\/2024\\\/09\\\/1840_2-Copy.jpg\",\"contentUrl\":\"https:\\\/\\\/mueble4you.com\\\/wp-content\\\/uploads\\\/2024\\\/09\\\/1840_2-Copy.jpg\",\"width\":1024,\"height\":560},{\"@type\":\"BreadcrumbList\",\"@id\":\"https:\\\/\\\/mueble4you.com\\\/de\\\/productos\\\/mesa-de-comedor-200x100-tapa-madera-pie-negro\\\/#breadcrumb\",\"itemListElement\":[{\"@type\":\"ListItem\",\"position\":1,\"name\":\"Portada\",\"item\":\"https:\\\/\\\/mueble4you.com\\\/de\\\/\"},{\"@type\":\"ListItem\",\"position\":2,\"name\":\"Productos\",\"item\":\"https:\\\/\\\/mueble4you.com\\\/productos\\\/\"},{\"@type\":\"ListItem\",\"position\":3,\"name\":\"Esstisch 200 x 100, Holzplatte, schwarzer Fu\u00df.\"}]},{\"@type\":\"WebSite\",\"@id\":\"https:\\\/\\\/mueble4you.com\\\/#website\",\"url\":\"https:\\\/\\\/mueble4you.com\\\/\",\"name\":\"mueble4you\",\"description\":\"M\u00f6bel in Teneriffa\",\"potentialAction\":[{\"@type\":\"SearchAction\",\"target\":{\"@type\":\"EntryPoint\",\"urlTemplate\":\"https:\\\/\\\/mueble4you.com\\\/?s={search_term_string}\"},\"query-input\":{\"@type\":\"PropertyValueSpecification\",\"valueRequired\":true,\"valueName\":\"search_term_string\"}}],\"inLanguage\":\"de\"}]}<\/script>\n<!-- \/ Yoast SEO plugin. -->","yoast_head_json":{"title":"Esstisch 200 x 100, Holzplatte, schwarzer Fu\u00df. | mueble4you","robots":{"index":"index","follow":"follow","max-snippet":"max-snippet:-1","max-image-preview":"max-image-preview:large","max-video-preview":"max-video-preview:-1"},"canonical":"https:\/\/mueble4you.com\/de\/productos\/mesa-de-comedor-200x100-tapa-madera-pie-negro\/","og_locale":"de_DE","og_type":"article","og_title":"Esstisch 200 x 100, Holzplatte, schwarzer Fu\u00df. | mueble4you","og_description":"Esstisch aus Akazienholz und Metallgestell. Akazienholz ist f\u00fcr seine St\u00e4rke und attraktive Maserung bekannt und verleiht jedem Essbereich W\u00e4rme und nat\u00fcrliche Sch\u00f6nheit. Der Deckel hat eine einzigartige Form, er ist rechteckig, aber mit gew\u00f6lbten L\u00e4ngsseiten, wodurch ein weicher und raffinierter optischer Effekt entsteht, der dem Design einen Hauch von Dynamik verleiht. Dieses Design ist nicht [...]","og_url":"https:\/\/mueble4you.com\/de\/productos\/mesa-de-comedor-200x100-tapa-madera-pie-negro\/","og_site_name":"mueble4you","article_modified_time":"2024-10-22T10:29:32+00:00","og_image":[{"width":1024,"height":560,"url":"https:\/\/mueble4you.com\/wp-content\/uploads\/2024\/09\/1840_2-Copy.jpg","type":"image\/jpeg"}],"twitter_card":"summary_large_image","schema":{"@context":"https:\/\/schema.org","@graph":[{"@type":"WebPage","@id":"https:\/\/mueble4you.com\/de\/productos\/mesa-de-comedor-200x100-tapa-madera-pie-negro\/","url":"https:\/\/mueble4you.com\/de\/productos\/mesa-de-comedor-200x100-tapa-madera-pie-negro\/","name":"Esstisch 200 x 100, Holzplatte, schwarzer Fu\u00df. | mueble4you","isPartOf":{"@id":"https:\/\/mueble4you.com\/#website"},"primaryImageOfPage":{"@id":"https:\/\/mueble4you.com\/de\/productos\/mesa-de-comedor-200x100-tapa-madera-pie-negro\/#primaryimage"},"image":{"@id":"https:\/\/mueble4you.com\/de\/productos\/mesa-de-comedor-200x100-tapa-madera-pie-negro\/#primaryimage"},"thumbnailUrl":"https:\/\/mueble4you.com\/wp-content\/uploads\/2024\/09\/1840_2-Copy.jpg","datePublished":"2024-09-27T14:11:48+00:00","dateModified":"2024-10-22T10:29:32+00:00","breadcrumb":{"@id":"https:\/\/mueble4you.com\/de\/productos\/mesa-de-comedor-200x100-tapa-madera-pie-negro\/#breadcrumb"},"inLanguage":"de","potentialAction":[{"@type":"ReadAction","target":["https:\/\/mueble4you.com\/de\/productos\/mesa-de-comedor-200x100-tapa-madera-pie-negro\/"]}]},{"@type":"ImageObject","inLanguage":"de","@id":"https:\/\/mueble4you.com\/de\/productos\/mesa-de-comedor-200x100-tapa-madera-pie-negro\/#primaryimage","url":"https:\/\/mueble4you.com\/wp-content\/uploads\/2024\/09\/1840_2-Copy.jpg","contentUrl":"https:\/\/mueble4you.com\/wp-content\/uploads\/2024\/09\/1840_2-Copy.jpg","width":1024,"height":560},{"@type":"BreadcrumbList","@id":"https:\/\/mueble4you.com\/de\/productos\/mesa-de-comedor-200x100-tapa-madera-pie-negro\/#breadcrumb","itemListElement":[{"@type":"ListItem","position":1,"name":"Portada","item":"https:\/\/mueble4you.com\/de\/"},{"@type":"ListItem","position":2,"name":"Productos","item":"https:\/\/mueble4you.com\/productos\/"},{"@type":"ListItem","position":3,"name":"Esstisch 200 x 100, Holzplatte, schwarzer Fu\u00df."}]},{"@type":"WebSite","@id":"https:\/\/mueble4you.com\/#website","url":"https:\/\/mueble4you.com\/","name":"mueble4you","description":"M\u00f6bel in Teneriffa","potentialAction":[{"@type":"SearchAction","target":{"@type":"EntryPoint","urlTemplate":"https:\/\/mueble4you.com\/?s={search_term_string}"},"query-input":{"@type":"PropertyValueSpecification","valueRequired":true,"valueName":"search_term_string"}}],"inLanguage":"de"}]}},"_links":{"self":[{"href":"https:\/\/mueble4you.com\/de\/wp-json\/wp\/v2\/product\/76495","targetHints":{"allow":["GET"]}}],"collection":[{"href":"https:\/\/mueble4you.com\/de\/wp-json\/wp\/v2\/product"}],"about":[{"href":"https:\/\/mueble4you.com\/de\/wp-json\/wp\/v2\/types\/product"}],"wp:featuredmedia":[{"embeddable":true,"href":"https:\/\/mueble4you.com\/de\/wp-json\/wp\/v2\/media\/76471"}],"wp:attachment":[{"href":"https:\/\/mueble4you.com\/de\/wp-json\/wp\/v2\/media?parent=76495"}],"wp:term":[{"taxonomy":"product_brand","embeddable":true,"href":"https:\/\/mueble4you.com\/de\/wp-json\/wp\/v2\/product_brand?post=76495"},{"taxonomy":"product_cat","embeddable":true,"href":"https:\/\/mueble4you.com\/de\/wp-json\/wp\/v2\/product_cat?post=76495"},{"taxonomy":"product_tag","embeddable":true,"href":"https:\/\/mueble4you.com\/de\/wp-json\/wp\/v2\/product_tag?post=76495"}],"curies":[{"name":"wp","href":"https:\/\/api.w.org\/{rel}","templated":true}]}}