{"id":76283,"date":"2024-09-27T10:50:26","date_gmt":"2024-09-27T10:50:26","guid":{"rendered":"https:\/\/mueble4you.com\/productos\/mesa-de-comedor-madera-talladapie-metal-negro-180x90\/"},"modified":"2024-10-22T11:04:19","modified_gmt":"2024-10-22T11:04:19","slug":"mesa-de-comedor-madera-talladapie-metal-negro-180x90","status":"publish","type":"product","link":"https:\/\/mueble4you.com\/de\/productos\/mesa-de-comedor-madera-talladapie-metal-negro-180x90\/","title":{"rendered":"Esstisch aus geschnitztem Holz, schwarzer Metallfu\u00df, 180 x 90 cm."},"content":{"rendered":"<ul>\n<li>Esstisch aus Akazienholz und Metallbeinen.<\/li>\n<li>DIE KANTEN DES TISCHS SIND UNREGELM\u00c4SSIG, WAS ANZEIGT, DASS SIE NICHT EINE PERFEKT GERADE UND EINHEITLICHE LINIE FOLGEN.<\/li>\n<li>Diese Unregelm\u00e4\u00dfigkeiten verleihen dem Design des Tisches einen Hauch von Rustikalit\u00e4t und Authentizit\u00e4t.<\/li>\n<li>FARBE: NAT\u00dcRLICH.<\/li>\n<li>EIGENSCHAFTEN: HANDGESCHNITZTER DECKEL.<\/li>\n<li>ABMESSUNGEN: 78 m hoch x 180 cm breit x 90 cm tief.<\/li>\n<\/ul>\n","protected":false},"excerpt":{"rendered":"<p>Esstisch aus Akazienholz und Metallbeinen. DIE KANTEN DES TISCHS SIND UNREGELM\u00c4SSIG, WAS ANZEIGT, DASS SIE NICHT EINE PERFEKT GERADE UND EINHEITLICHE LINIE FOLGEN. Diese Unregelm\u00e4\u00dfigkeiten verleihen dem Design des Tisches einen Hauch von Rustikalit\u00e4t und Authentizit\u00e4t. FARBE: NAT\u00dcRLICH. EIGENSCHAFTEN: HANDGESCHNITZTER DECKEL. ABMESSUNGEN: 78 m hoch x 180 cm breit x 90 cm tief.<\/p>\n","protected":false},"featured_media":76259,"template":"","meta":[],"product_brand":[],"product_cat":[349,268],"product_tag":[],"class_list":{"0":"post-76283","1":"product","2":"type-product","3":"status-publish","4":"has-post-thumbnail","6":"product_cat-esstische","7":"product_cat-esszimmer","9":"first","10":"instock","11":"shipping-taxable","12":"product-type-simple"},"yoast_head":"<!-- This site is optimized with the Yoast SEO plugin v27.3 - https:\/\/yoast.com\/product\/yoast-seo-wordpress\/ -->\n<title>Esstisch aus geschnitztem Holz, schwarzer Metallfu\u00df, 180 x 90 cm. | mueble4you<\/title>\n<meta name=\"robots\" content=\"index, follow, max-snippet:-1, max-image-preview:large, max-video-preview:-1\" \/>\n<link rel=\"canonical\" href=\"https:\/\/mueble4you.com\/de\/productos\/mesa-de-comedor-madera-talladapie-metal-negro-180x90\/\" \/>\n<meta property=\"og:locale\" content=\"de_DE\" \/>\n<meta property=\"og:type\" content=\"article\" \/>\n<meta property=\"og:title\" content=\"Esstisch aus geschnitztem Holz, schwarzer Metallfu\u00df, 180 x 90 cm. | mueble4you\" \/>\n<meta property=\"og:description\" content=\"Esstisch aus Akazienholz und Metallbeinen. DIE KANTEN DES TISCHS SIND UNREGELM\u00c4SSIG, WAS ANZEIGT, DASS SIE NICHT EINE PERFEKT GERADE UND EINHEITLICHE LINIE FOLGEN. Diese Unregelm\u00e4\u00dfigkeiten verleihen dem Design des Tisches einen Hauch von Rustikalit\u00e4t und Authentizit\u00e4t. FARBE: NAT\u00dcRLICH. EIGENSCHAFTEN: HANDGESCHNITZTER DECKEL. ABMESSUNGEN: 78 m hoch x 180 cm breit x 90 cm tief.\" \/>\n<meta property=\"og:url\" content=\"https:\/\/mueble4you.com\/de\/productos\/mesa-de-comedor-madera-talladapie-metal-negro-180x90\/\" \/>\n<meta property=\"og:site_name\" content=\"mueble4you\" \/>\n<meta property=\"article:modified_time\" content=\"2024-10-22T11:04:19+00:00\" \/>\n<meta property=\"og:image\" content=\"https:\/\/mueble4you.com\/wp-content\/uploads\/2024\/09\/1095_1-Copy.jpg\" \/>\n\t<meta property=\"og:image:width\" content=\"1024\" \/>\n\t<meta property=\"og:image:height\" content=\"683\" \/>\n\t<meta property=\"og:image:type\" content=\"image\/jpeg\" \/>\n<meta name=\"twitter:card\" content=\"summary_large_image\" \/>\n<script type=\"application\/ld+json\" class=\"yoast-schema-graph\">{\"@context\":\"https:\\\/\\\/schema.org\",\"@graph\":[{\"@type\":\"WebPage\",\"@id\":\"https:\\\/\\\/mueble4you.com\\\/de\\\/productos\\\/mesa-de-comedor-madera-talladapie-metal-negro-180x90\\\/\",\"url\":\"https:\\\/\\\/mueble4you.com\\\/de\\\/productos\\\/mesa-de-comedor-madera-talladapie-metal-negro-180x90\\\/\",\"name\":\"Esstisch aus geschnitztem Holz, schwarzer Metallfu\u00df, 180 x 90 cm. | mueble4you\",\"isPartOf\":{\"@id\":\"https:\\\/\\\/mueble4you.com\\\/#website\"},\"primaryImageOfPage\":{\"@id\":\"https:\\\/\\\/mueble4you.com\\\/de\\\/productos\\\/mesa-de-comedor-madera-talladapie-metal-negro-180x90\\\/#primaryimage\"},\"image\":{\"@id\":\"https:\\\/\\\/mueble4you.com\\\/de\\\/productos\\\/mesa-de-comedor-madera-talladapie-metal-negro-180x90\\\/#primaryimage\"},\"thumbnailUrl\":\"https:\\\/\\\/mueble4you.com\\\/wp-content\\\/uploads\\\/2024\\\/09\\\/1095_1-Copy.jpg\",\"datePublished\":\"2024-09-27T10:50:26+00:00\",\"dateModified\":\"2024-10-22T11:04:19+00:00\",\"breadcrumb\":{\"@id\":\"https:\\\/\\\/mueble4you.com\\\/de\\\/productos\\\/mesa-de-comedor-madera-talladapie-metal-negro-180x90\\\/#breadcrumb\"},\"inLanguage\":\"de\",\"potentialAction\":[{\"@type\":\"ReadAction\",\"target\":[\"https:\\\/\\\/mueble4you.com\\\/de\\\/productos\\\/mesa-de-comedor-madera-talladapie-metal-negro-180x90\\\/\"]}]},{\"@type\":\"ImageObject\",\"inLanguage\":\"de\",\"@id\":\"https:\\\/\\\/mueble4you.com\\\/de\\\/productos\\\/mesa-de-comedor-madera-talladapie-metal-negro-180x90\\\/#primaryimage\",\"url\":\"https:\\\/\\\/mueble4you.com\\\/wp-content\\\/uploads\\\/2024\\\/09\\\/1095_1-Copy.jpg\",\"contentUrl\":\"https:\\\/\\\/mueble4you.com\\\/wp-content\\\/uploads\\\/2024\\\/09\\\/1095_1-Copy.jpg\",\"width\":1024,\"height\":683},{\"@type\":\"BreadcrumbList\",\"@id\":\"https:\\\/\\\/mueble4you.com\\\/de\\\/productos\\\/mesa-de-comedor-madera-talladapie-metal-negro-180x90\\\/#breadcrumb\",\"itemListElement\":[{\"@type\":\"ListItem\",\"position\":1,\"name\":\"Portada\",\"item\":\"https:\\\/\\\/mueble4you.com\\\/de\\\/\"},{\"@type\":\"ListItem\",\"position\":2,\"name\":\"Productos\",\"item\":\"https:\\\/\\\/mueble4you.com\\\/productos\\\/\"},{\"@type\":\"ListItem\",\"position\":3,\"name\":\"Esstisch aus geschnitztem Holz, schwarzer Metallfu\u00df, 180 x 90 cm.\"}]},{\"@type\":\"WebSite\",\"@id\":\"https:\\\/\\\/mueble4you.com\\\/#website\",\"url\":\"https:\\\/\\\/mueble4you.com\\\/\",\"name\":\"mueble4you\",\"description\":\"M\u00f6bel in Teneriffa\",\"potentialAction\":[{\"@type\":\"SearchAction\",\"target\":{\"@type\":\"EntryPoint\",\"urlTemplate\":\"https:\\\/\\\/mueble4you.com\\\/?s={search_term_string}\"},\"query-input\":{\"@type\":\"PropertyValueSpecification\",\"valueRequired\":true,\"valueName\":\"search_term_string\"}}],\"inLanguage\":\"de\"}]}<\/script>\n<!-- \/ Yoast SEO plugin. -->","yoast_head_json":{"title":"Esstisch aus geschnitztem Holz, schwarzer Metallfu\u00df, 180 x 90 cm. | mueble4you","robots":{"index":"index","follow":"follow","max-snippet":"max-snippet:-1","max-image-preview":"max-image-preview:large","max-video-preview":"max-video-preview:-1"},"canonical":"https:\/\/mueble4you.com\/de\/productos\/mesa-de-comedor-madera-talladapie-metal-negro-180x90\/","og_locale":"de_DE","og_type":"article","og_title":"Esstisch aus geschnitztem Holz, schwarzer Metallfu\u00df, 180 x 90 cm. | mueble4you","og_description":"Esstisch aus Akazienholz und Metallbeinen. DIE KANTEN DES TISCHS SIND UNREGELM\u00c4SSIG, WAS ANZEIGT, DASS SIE NICHT EINE PERFEKT GERADE UND EINHEITLICHE LINIE FOLGEN. Diese Unregelm\u00e4\u00dfigkeiten verleihen dem Design des Tisches einen Hauch von Rustikalit\u00e4t und Authentizit\u00e4t. FARBE: NAT\u00dcRLICH. EIGENSCHAFTEN: HANDGESCHNITZTER DECKEL. ABMESSUNGEN: 78 m hoch x 180 cm breit x 90 cm tief.","og_url":"https:\/\/mueble4you.com\/de\/productos\/mesa-de-comedor-madera-talladapie-metal-negro-180x90\/","og_site_name":"mueble4you","article_modified_time":"2024-10-22T11:04:19+00:00","og_image":[{"width":1024,"height":683,"url":"https:\/\/mueble4you.com\/wp-content\/uploads\/2024\/09\/1095_1-Copy.jpg","type":"image\/jpeg"}],"twitter_card":"summary_large_image","schema":{"@context":"https:\/\/schema.org","@graph":[{"@type":"WebPage","@id":"https:\/\/mueble4you.com\/de\/productos\/mesa-de-comedor-madera-talladapie-metal-negro-180x90\/","url":"https:\/\/mueble4you.com\/de\/productos\/mesa-de-comedor-madera-talladapie-metal-negro-180x90\/","name":"Esstisch aus geschnitztem Holz, schwarzer Metallfu\u00df, 180 x 90 cm. | mueble4you","isPartOf":{"@id":"https:\/\/mueble4you.com\/#website"},"primaryImageOfPage":{"@id":"https:\/\/mueble4you.com\/de\/productos\/mesa-de-comedor-madera-talladapie-metal-negro-180x90\/#primaryimage"},"image":{"@id":"https:\/\/mueble4you.com\/de\/productos\/mesa-de-comedor-madera-talladapie-metal-negro-180x90\/#primaryimage"},"thumbnailUrl":"https:\/\/mueble4you.com\/wp-content\/uploads\/2024\/09\/1095_1-Copy.jpg","datePublished":"2024-09-27T10:50:26+00:00","dateModified":"2024-10-22T11:04:19+00:00","breadcrumb":{"@id":"https:\/\/mueble4you.com\/de\/productos\/mesa-de-comedor-madera-talladapie-metal-negro-180x90\/#breadcrumb"},"inLanguage":"de","potentialAction":[{"@type":"ReadAction","target":["https:\/\/mueble4you.com\/de\/productos\/mesa-de-comedor-madera-talladapie-metal-negro-180x90\/"]}]},{"@type":"ImageObject","inLanguage":"de","@id":"https:\/\/mueble4you.com\/de\/productos\/mesa-de-comedor-madera-talladapie-metal-negro-180x90\/#primaryimage","url":"https:\/\/mueble4you.com\/wp-content\/uploads\/2024\/09\/1095_1-Copy.jpg","contentUrl":"https:\/\/mueble4you.com\/wp-content\/uploads\/2024\/09\/1095_1-Copy.jpg","width":1024,"height":683},{"@type":"BreadcrumbList","@id":"https:\/\/mueble4you.com\/de\/productos\/mesa-de-comedor-madera-talladapie-metal-negro-180x90\/#breadcrumb","itemListElement":[{"@type":"ListItem","position":1,"name":"Portada","item":"https:\/\/mueble4you.com\/de\/"},{"@type":"ListItem","position":2,"name":"Productos","item":"https:\/\/mueble4you.com\/productos\/"},{"@type":"ListItem","position":3,"name":"Esstisch aus geschnitztem Holz, schwarzer Metallfu\u00df, 180 x 90 cm."}]},{"@type":"WebSite","@id":"https:\/\/mueble4you.com\/#website","url":"https:\/\/mueble4you.com\/","name":"mueble4you","description":"M\u00f6bel in Teneriffa","potentialAction":[{"@type":"SearchAction","target":{"@type":"EntryPoint","urlTemplate":"https:\/\/mueble4you.com\/?s={search_term_string}"},"query-input":{"@type":"PropertyValueSpecification","valueRequired":true,"valueName":"search_term_string"}}],"inLanguage":"de"}]}},"_links":{"self":[{"href":"https:\/\/mueble4you.com\/de\/wp-json\/wp\/v2\/product\/76283","targetHints":{"allow":["GET"]}}],"collection":[{"href":"https:\/\/mueble4you.com\/de\/wp-json\/wp\/v2\/product"}],"about":[{"href":"https:\/\/mueble4you.com\/de\/wp-json\/wp\/v2\/types\/product"}],"wp:featuredmedia":[{"embeddable":true,"href":"https:\/\/mueble4you.com\/de\/wp-json\/wp\/v2\/media\/76259"}],"wp:attachment":[{"href":"https:\/\/mueble4you.com\/de\/wp-json\/wp\/v2\/media?parent=76283"}],"wp:term":[{"taxonomy":"product_brand","embeddable":true,"href":"https:\/\/mueble4you.com\/de\/wp-json\/wp\/v2\/product_brand?post=76283"},{"taxonomy":"product_cat","embeddable":true,"href":"https:\/\/mueble4you.com\/de\/wp-json\/wp\/v2\/product_cat?post=76283"},{"taxonomy":"product_tag","embeddable":true,"href":"https:\/\/mueble4you.com\/de\/wp-json\/wp\/v2\/product_tag?post=76283"}],"curies":[{"name":"wp","href":"https:\/\/api.w.org\/{rel}","templated":true}]}}