{"id":75465,"date":"2024-08-09T12:18:13","date_gmt":"2024-08-09T12:18:13","guid":{"rendered":"https:\/\/mueble4you.com\/productos\/comoda-brixton\/"},"modified":"2024-08-12T09:52:47","modified_gmt":"2024-08-12T09:52:47","slug":"comoda-brixton","status":"publish","type":"product","link":"https:\/\/mueble4you.com\/de\/productos\/comoda-brixton\/","title":{"rendered":"BRIXTON-KOMMODE."},"content":{"rendered":"<ul>\n<li id=\"tw-target-text\" class=\"tw-data-text tw-text-large tw-ta\" dir=\"ltr\" data-placeholder=\"Traducci\u00f3n\" aria-label=\"Texto traducido\" data-ved=\"2ahUKEwiOl82Bk--HAxUT1QIHHYWlJAoQ3ewLegQIEhAU\"><span class=\"Y2IQFc\" lang=\"de\">Verleihen Sie Ihrem Raum die Eleganz der Brixton-Kommode.<\/span><\/li>\n<li class=\"tw-data-text tw-text-large tw-ta\" dir=\"ltr\" data-placeholder=\"Traducci\u00f3n\" aria-label=\"Texto traducido\" data-ved=\"2ahUKEwiOl82Bk--HAxUT1QIHHYWlJAoQ3ewLegQIEhAU\"><span class=\"Y2IQFc\" lang=\"de\"> Diese 137 x 53 x 80 cm gro\u00dfe Kommode aus Ulmenholz ist ein Statement f\u00fcr Stil und Raffinesse. <\/span><\/li>\n<li class=\"tw-data-text tw-text-large tw-ta\" dir=\"ltr\" data-placeholder=\"Traducci\u00f3n\" aria-label=\"Texto traducido\" data-ved=\"2ahUKEwiOl82Bk--HAxUT1QIHHYWlJAoQ3ewLegQIEhAU\"><span class=\"Y2IQFc\" lang=\"de\">Sein nat\u00fcrliches Finish offenbart die wahre Sch\u00f6nheit von Holz.<\/span><\/li>\n<li class=\"tw-data-text tw-text-large tw-ta\" dir=\"ltr\" data-placeholder=\"Traducci\u00f3n\" aria-label=\"Texto traducido\" data-ved=\"2ahUKEwiOl82Bk--HAxUT1QIHHYWlJAoQ3ewLegQIEhAU\"><span class=\"Y2IQFc\" lang=\"de\">Brixton ist ideal f\u00fcr diejenigen, die Tradition mit einem Hauch Moderne verbinden m\u00f6chten.<\/span><\/li>\n<li class=\"tw-data-text tw-text-large tw-ta\" dir=\"ltr\" data-placeholder=\"Traducci\u00f3n\" aria-label=\"Texto traducido\" data-ved=\"2ahUKEwiOl82Bk--HAxUT1QIHHYWlJAoQ3ewLegQIEhAU\"><span class=\"Y2IQFc\" lang=\"de\"> Lassen Sie sich von der eleganten Holzkommode Brixton verzaubern.<\/span><\/li>\n<li class=\"tw-data-text tw-text-large tw-ta\" dir=\"ltr\" data-placeholder=\"Traducci\u00f3n\" aria-label=\"Texto traducido\" data-ved=\"2ahUKEwiOl82Bk--HAxUT1QIHHYWlJAoQ3ewLegQIEhAU\"><span class=\"Y2IQFc\" lang=\"de\">Breite: 137 cm, Tiefe: 53 cm, H\u00f6he: 80 cm<\/span><\/li>\n<\/ul>\n","protected":false},"excerpt":{"rendered":"<p>Verleihen Sie Ihrem Raum die Eleganz der Brixton-Kommode. Diese 137 x 53 x 80 cm gro\u00dfe Kommode aus Ulmenholz ist ein Statement f\u00fcr Stil und Raffinesse. Sein nat\u00fcrliches Finish offenbart die wahre Sch\u00f6nheit von Holz. Brixton ist ideal f\u00fcr diejenigen, die Tradition mit einem Hauch Moderne verbinden m\u00f6chten. Lassen Sie sich von der eleganten Holzkommode [&#8230;]\n","protected":false},"featured_media":75451,"template":"","meta":[],"product_brand":[],"product_cat":[571,269],"product_tag":[],"class_list":{"0":"post-75465","1":"product","2":"type-product","3":"status-publish","4":"has-post-thumbnail","6":"product_cat-kommode","7":"product_cat-schlafzimmer","9":"first","10":"instock","11":"shipping-taxable","12":"product-type-simple"},"yoast_head":"<!-- This site is optimized with the Yoast SEO plugin v27.2 - https:\/\/yoast.com\/product\/yoast-seo-wordpress\/ -->\n<title>BRIXTON-KOMMODE. | mueble4you<\/title>\n<meta name=\"robots\" content=\"index, follow, max-snippet:-1, max-image-preview:large, max-video-preview:-1\" \/>\n<link rel=\"canonical\" href=\"https:\/\/mueble4you.com\/de\/productos\/comoda-brixton\/\" \/>\n<meta property=\"og:locale\" content=\"de_DE\" \/>\n<meta property=\"og:type\" content=\"article\" \/>\n<meta property=\"og:title\" content=\"BRIXTON-KOMMODE. | mueble4you\" \/>\n<meta property=\"og:description\" content=\"Verleihen Sie Ihrem Raum die Eleganz der Brixton-Kommode. Diese 137 x 53 x 80 cm gro\u00dfe Kommode aus Ulmenholz ist ein Statement f\u00fcr Stil und Raffinesse. Sein nat\u00fcrliches Finish offenbart die wahre Sch\u00f6nheit von Holz. Brixton ist ideal f\u00fcr diejenigen, die Tradition mit einem Hauch Moderne verbinden m\u00f6chten. Lassen Sie sich von der eleganten Holzkommode [...]\" \/>\n<meta property=\"og:url\" content=\"https:\/\/mueble4you.com\/de\/productos\/comoda-brixton\/\" \/>\n<meta property=\"og:site_name\" content=\"mueble4you\" \/>\n<meta property=\"article:modified_time\" content=\"2024-08-12T09:52:47+00:00\" \/>\n<meta property=\"og:image\" content=\"https:\/\/mueble4you.com\/wp-content\/uploads\/2024\/08\/33139.jpg\" \/>\n\t<meta property=\"og:image:width\" content=\"1920\" \/>\n\t<meta property=\"og:image:height\" content=\"1920\" \/>\n\t<meta property=\"og:image:type\" content=\"image\/jpeg\" \/>\n<meta name=\"twitter:card\" content=\"summary_large_image\" \/>\n<script type=\"application\/ld+json\" class=\"yoast-schema-graph\">{\"@context\":\"https:\/\/schema.org\",\"@graph\":[{\"@type\":\"WebPage\",\"@id\":\"https:\/\/mueble4you.com\/de\/productos\/comoda-brixton\/\",\"url\":\"https:\/\/mueble4you.com\/de\/productos\/comoda-brixton\/\",\"name\":\"BRIXTON-KOMMODE. | mueble4you\",\"isPartOf\":{\"@id\":\"https:\/\/mueble4you.com\/#website\"},\"primaryImageOfPage\":{\"@id\":\"https:\/\/mueble4you.com\/de\/productos\/comoda-brixton\/#primaryimage\"},\"image\":{\"@id\":\"https:\/\/mueble4you.com\/de\/productos\/comoda-brixton\/#primaryimage\"},\"thumbnailUrl\":\"https:\/\/mueble4you.com\/wp-content\/uploads\/2024\/08\/33139.jpg\",\"datePublished\":\"2024-08-09T12:18:13+00:00\",\"dateModified\":\"2024-08-12T09:52:47+00:00\",\"breadcrumb\":{\"@id\":\"https:\/\/mueble4you.com\/de\/productos\/comoda-brixton\/#breadcrumb\"},\"inLanguage\":\"de\",\"potentialAction\":[{\"@type\":\"ReadAction\",\"target\":[\"https:\/\/mueble4you.com\/de\/productos\/comoda-brixton\/\"]}]},{\"@type\":\"ImageObject\",\"inLanguage\":\"de\",\"@id\":\"https:\/\/mueble4you.com\/de\/productos\/comoda-brixton\/#primaryimage\",\"url\":\"https:\/\/mueble4you.com\/wp-content\/uploads\/2024\/08\/33139.jpg\",\"contentUrl\":\"https:\/\/mueble4you.com\/wp-content\/uploads\/2024\/08\/33139.jpg\",\"width\":1920,\"height\":1920},{\"@type\":\"BreadcrumbList\",\"@id\":\"https:\/\/mueble4you.com\/de\/productos\/comoda-brixton\/#breadcrumb\",\"itemListElement\":[{\"@type\":\"ListItem\",\"position\":1,\"name\":\"Portada\",\"item\":\"https:\/\/mueble4you.com\/de\/\"},{\"@type\":\"ListItem\",\"position\":2,\"name\":\"Productos\",\"item\":\"https:\/\/mueble4you.com\/productos\/\"},{\"@type\":\"ListItem\",\"position\":3,\"name\":\"BRIXTON-KOMMODE.\"}]},{\"@type\":\"WebSite\",\"@id\":\"https:\/\/mueble4you.com\/#website\",\"url\":\"https:\/\/mueble4you.com\/\",\"name\":\"mueble4you\",\"description\":\"M\u00f6bel in Teneriffa\",\"potentialAction\":[{\"@type\":\"SearchAction\",\"target\":{\"@type\":\"EntryPoint\",\"urlTemplate\":\"https:\/\/mueble4you.com\/?s={search_term_string}\"},\"query-input\":{\"@type\":\"PropertyValueSpecification\",\"valueRequired\":true,\"valueName\":\"search_term_string\"}}],\"inLanguage\":\"de\"}]}<\/script>\n<!-- \/ Yoast SEO plugin. -->","yoast_head_json":{"title":"BRIXTON-KOMMODE. | mueble4you","robots":{"index":"index","follow":"follow","max-snippet":"max-snippet:-1","max-image-preview":"max-image-preview:large","max-video-preview":"max-video-preview:-1"},"canonical":"https:\/\/mueble4you.com\/de\/productos\/comoda-brixton\/","og_locale":"de_DE","og_type":"article","og_title":"BRIXTON-KOMMODE. | mueble4you","og_description":"Verleihen Sie Ihrem Raum die Eleganz der Brixton-Kommode. Diese 137 x 53 x 80 cm gro\u00dfe Kommode aus Ulmenholz ist ein Statement f\u00fcr Stil und Raffinesse. Sein nat\u00fcrliches Finish offenbart die wahre Sch\u00f6nheit von Holz. Brixton ist ideal f\u00fcr diejenigen, die Tradition mit einem Hauch Moderne verbinden m\u00f6chten. Lassen Sie sich von der eleganten Holzkommode [...]","og_url":"https:\/\/mueble4you.com\/de\/productos\/comoda-brixton\/","og_site_name":"mueble4you","article_modified_time":"2024-08-12T09:52:47+00:00","og_image":[{"width":1920,"height":1920,"url":"https:\/\/mueble4you.com\/wp-content\/uploads\/2024\/08\/33139.jpg","type":"image\/jpeg"}],"twitter_card":"summary_large_image","schema":{"@context":"https:\/\/schema.org","@graph":[{"@type":"WebPage","@id":"https:\/\/mueble4you.com\/de\/productos\/comoda-brixton\/","url":"https:\/\/mueble4you.com\/de\/productos\/comoda-brixton\/","name":"BRIXTON-KOMMODE. | mueble4you","isPartOf":{"@id":"https:\/\/mueble4you.com\/#website"},"primaryImageOfPage":{"@id":"https:\/\/mueble4you.com\/de\/productos\/comoda-brixton\/#primaryimage"},"image":{"@id":"https:\/\/mueble4you.com\/de\/productos\/comoda-brixton\/#primaryimage"},"thumbnailUrl":"https:\/\/mueble4you.com\/wp-content\/uploads\/2024\/08\/33139.jpg","datePublished":"2024-08-09T12:18:13+00:00","dateModified":"2024-08-12T09:52:47+00:00","breadcrumb":{"@id":"https:\/\/mueble4you.com\/de\/productos\/comoda-brixton\/#breadcrumb"},"inLanguage":"de","potentialAction":[{"@type":"ReadAction","target":["https:\/\/mueble4you.com\/de\/productos\/comoda-brixton\/"]}]},{"@type":"ImageObject","inLanguage":"de","@id":"https:\/\/mueble4you.com\/de\/productos\/comoda-brixton\/#primaryimage","url":"https:\/\/mueble4you.com\/wp-content\/uploads\/2024\/08\/33139.jpg","contentUrl":"https:\/\/mueble4you.com\/wp-content\/uploads\/2024\/08\/33139.jpg","width":1920,"height":1920},{"@type":"BreadcrumbList","@id":"https:\/\/mueble4you.com\/de\/productos\/comoda-brixton\/#breadcrumb","itemListElement":[{"@type":"ListItem","position":1,"name":"Portada","item":"https:\/\/mueble4you.com\/de\/"},{"@type":"ListItem","position":2,"name":"Productos","item":"https:\/\/mueble4you.com\/productos\/"},{"@type":"ListItem","position":3,"name":"BRIXTON-KOMMODE."}]},{"@type":"WebSite","@id":"https:\/\/mueble4you.com\/#website","url":"https:\/\/mueble4you.com\/","name":"mueble4you","description":"M\u00f6bel in Teneriffa","potentialAction":[{"@type":"SearchAction","target":{"@type":"EntryPoint","urlTemplate":"https:\/\/mueble4you.com\/?s={search_term_string}"},"query-input":{"@type":"PropertyValueSpecification","valueRequired":true,"valueName":"search_term_string"}}],"inLanguage":"de"}]}},"_links":{"self":[{"href":"https:\/\/mueble4you.com\/de\/wp-json\/wp\/v2\/product\/75465","targetHints":{"allow":["GET"]}}],"collection":[{"href":"https:\/\/mueble4you.com\/de\/wp-json\/wp\/v2\/product"}],"about":[{"href":"https:\/\/mueble4you.com\/de\/wp-json\/wp\/v2\/types\/product"}],"wp:featuredmedia":[{"embeddable":true,"href":"https:\/\/mueble4you.com\/de\/wp-json\/wp\/v2\/media\/75451"}],"wp:attachment":[{"href":"https:\/\/mueble4you.com\/de\/wp-json\/wp\/v2\/media?parent=75465"}],"wp:term":[{"taxonomy":"product_brand","embeddable":true,"href":"https:\/\/mueble4you.com\/de\/wp-json\/wp\/v2\/product_brand?post=75465"},{"taxonomy":"product_cat","embeddable":true,"href":"https:\/\/mueble4you.com\/de\/wp-json\/wp\/v2\/product_cat?post=75465"},{"taxonomy":"product_tag","embeddable":true,"href":"https:\/\/mueble4you.com\/de\/wp-json\/wp\/v2\/product_tag?post=75465"}],"curies":[{"name":"wp","href":"https:\/\/api.w.org\/{rel}","templated":true}]}}