{"id":75387,"date":"2024-08-08T15:46:04","date_gmt":"2024-08-08T15:46:04","guid":{"rendered":"https:\/\/mueble4you.com\/productos\/mesa-de-centro-walding\/"},"modified":"2024-08-13T10:39:35","modified_gmt":"2024-08-13T10:39:35","slug":"mesa-de-centro-walding","status":"publish","type":"product","link":"https:\/\/mueble4you.com\/de\/productos\/mesa-de-centro-walding\/","title":{"rendered":"WALDING-COUCHTISCH."},"content":{"rendered":"<ul>\n<li id=\"tw-target-text\" class=\"tw-data-text tw-text-large tw-ta\" dir=\"ltr\" data-placeholder=\"Traducci\u00f3n\" aria-label=\"Texto traducido\" data-ved=\"2ahUKEwiCifbS4vGHAxXaRvEDHRMiFJsQ3ewLegQIBxAU\"><span class=\"Y2IQFc\" lang=\"de\">Der VICAL Walding Couchtisch f\u00e4ngt die Essenz des Zeitgen\u00f6ssischen ein.<\/span><\/li>\n<li class=\"tw-data-text tw-text-large tw-ta\" dir=\"ltr\" data-placeholder=\"Traducci\u00f3n\" aria-label=\"Texto traducido\" data-ved=\"2ahUKEwiCifbS4vGHAxXaRvEDHRMiFJsQ3ewLegQIBxAU\"><span class=\"Y2IQFc\" lang=\"de\"> Dieser quadratische Couchtisch mit den Ma\u00dfen 100 x 100 x 32 cm ist aus Mangoholz gefertigt und verspricht Langlebigkeit und rustikalen Charme. <\/span><\/li>\n<li class=\"tw-data-text tw-text-large tw-ta\" dir=\"ltr\" data-placeholder=\"Traducci\u00f3n\" aria-label=\"Texto traducido\" data-ved=\"2ahUKEwiCifbS4vGHAxXaRvEDHRMiFJsQ3ewLegQIBxAU\"><span class=\"Y2IQFc\" lang=\"de\">Durch die nat\u00fcrliche Oberfl\u00e4che k\u00f6nnen Sie die Maserung des Holzes erkennen und erhalten so ein St\u00fcck, das sowohl k\u00fcnstlerisch als auch funktional ist.<\/span><\/li>\n<li class=\"tw-data-text tw-text-large tw-ta\" dir=\"ltr\" data-placeholder=\"Traducci\u00f3n\" aria-label=\"Texto traducido\" data-ved=\"2ahUKEwiCifbS4vGHAxXaRvEDHRMiFJsQ3ewLegQIBxAU\"><span class=\"Y2IQFc\" lang=\"de\">Breite: 100 cm, Tiefe: 100 cm, H\u00f6he: 32 cm<\/span><\/li>\n<\/ul>\n","protected":false},"excerpt":{"rendered":"<p>Der VICAL Walding Couchtisch f\u00e4ngt die Essenz des Zeitgen\u00f6ssischen ein. Dieser quadratische Couchtisch mit den Ma\u00dfen 100 x 100 x 32 cm ist aus Mangoholz gefertigt und verspricht Langlebigkeit und rustikalen Charme. Durch die nat\u00fcrliche Oberfl\u00e4che k\u00f6nnen Sie die Maserung des Holzes erkennen und erhalten so ein St\u00fcck, das sowohl k\u00fcnstlerisch als auch funktional ist. [&#8230;]\n","protected":false},"featured_media":75378,"template":"","meta":[],"product_brand":[],"product_cat":[358,272],"product_tag":[],"class_list":{"0":"post-75387","1":"product","2":"type-product","3":"status-publish","4":"has-post-thumbnail","6":"product_cat-couchtisch","7":"product_cat-wohnzimmer","9":"first","10":"instock","11":"shipping-taxable","12":"product-type-simple"},"yoast_head":"<!-- This site is optimized with the Yoast SEO plugin v27.3 - https:\/\/yoast.com\/product\/yoast-seo-wordpress\/ -->\n<title>WALDING-COUCHTISCH. | mueble4you<\/title>\n<meta name=\"robots\" content=\"index, follow, max-snippet:-1, max-image-preview:large, max-video-preview:-1\" \/>\n<link rel=\"canonical\" href=\"https:\/\/mueble4you.com\/de\/productos\/mesa-de-centro-walding\/\" \/>\n<meta property=\"og:locale\" content=\"de_DE\" \/>\n<meta property=\"og:type\" content=\"article\" \/>\n<meta property=\"og:title\" content=\"WALDING-COUCHTISCH. | mueble4you\" \/>\n<meta property=\"og:description\" content=\"Der VICAL Walding Couchtisch f\u00e4ngt die Essenz des Zeitgen\u00f6ssischen ein. Dieser quadratische Couchtisch mit den Ma\u00dfen 100 x 100 x 32 cm ist aus Mangoholz gefertigt und verspricht Langlebigkeit und rustikalen Charme. Durch die nat\u00fcrliche Oberfl\u00e4che k\u00f6nnen Sie die Maserung des Holzes erkennen und erhalten so ein St\u00fcck, das sowohl k\u00fcnstlerisch als auch funktional ist. [...]\" \/>\n<meta property=\"og:url\" content=\"https:\/\/mueble4you.com\/de\/productos\/mesa-de-centro-walding\/\" \/>\n<meta property=\"og:site_name\" content=\"mueble4you\" \/>\n<meta property=\"article:modified_time\" content=\"2024-08-13T10:39:35+00:00\" \/>\n<meta property=\"og:image\" content=\"https:\/\/mueble4you.com\/wp-content\/uploads\/2024\/08\/32984643-ZoomHover.jpg\" \/>\n\t<meta property=\"og:image:width\" content=\"1920\" \/>\n\t<meta property=\"og:image:height\" content=\"1920\" \/>\n\t<meta property=\"og:image:type\" content=\"image\/jpeg\" \/>\n<meta name=\"twitter:card\" content=\"summary_large_image\" \/>\n<script type=\"application\/ld+json\" class=\"yoast-schema-graph\">{\"@context\":\"https:\\\/\\\/schema.org\",\"@graph\":[{\"@type\":\"WebPage\",\"@id\":\"https:\\\/\\\/mueble4you.com\\\/de\\\/productos\\\/mesa-de-centro-walding\\\/\",\"url\":\"https:\\\/\\\/mueble4you.com\\\/de\\\/productos\\\/mesa-de-centro-walding\\\/\",\"name\":\"WALDING-COUCHTISCH. | mueble4you\",\"isPartOf\":{\"@id\":\"https:\\\/\\\/mueble4you.com\\\/#website\"},\"primaryImageOfPage\":{\"@id\":\"https:\\\/\\\/mueble4you.com\\\/de\\\/productos\\\/mesa-de-centro-walding\\\/#primaryimage\"},\"image\":{\"@id\":\"https:\\\/\\\/mueble4you.com\\\/de\\\/productos\\\/mesa-de-centro-walding\\\/#primaryimage\"},\"thumbnailUrl\":\"https:\\\/\\\/mueble4you.com\\\/wp-content\\\/uploads\\\/2024\\\/08\\\/32984643-ZoomHover.jpg\",\"datePublished\":\"2024-08-08T15:46:04+00:00\",\"dateModified\":\"2024-08-13T10:39:35+00:00\",\"breadcrumb\":{\"@id\":\"https:\\\/\\\/mueble4you.com\\\/de\\\/productos\\\/mesa-de-centro-walding\\\/#breadcrumb\"},\"inLanguage\":\"de\",\"potentialAction\":[{\"@type\":\"ReadAction\",\"target\":[\"https:\\\/\\\/mueble4you.com\\\/de\\\/productos\\\/mesa-de-centro-walding\\\/\"]}]},{\"@type\":\"ImageObject\",\"inLanguage\":\"de\",\"@id\":\"https:\\\/\\\/mueble4you.com\\\/de\\\/productos\\\/mesa-de-centro-walding\\\/#primaryimage\",\"url\":\"https:\\\/\\\/mueble4you.com\\\/wp-content\\\/uploads\\\/2024\\\/08\\\/32984643-ZoomHover.jpg\",\"contentUrl\":\"https:\\\/\\\/mueble4you.com\\\/wp-content\\\/uploads\\\/2024\\\/08\\\/32984643-ZoomHover.jpg\",\"width\":1920,\"height\":1920},{\"@type\":\"BreadcrumbList\",\"@id\":\"https:\\\/\\\/mueble4you.com\\\/de\\\/productos\\\/mesa-de-centro-walding\\\/#breadcrumb\",\"itemListElement\":[{\"@type\":\"ListItem\",\"position\":1,\"name\":\"Portada\",\"item\":\"https:\\\/\\\/mueble4you.com\\\/de\\\/\"},{\"@type\":\"ListItem\",\"position\":2,\"name\":\"Productos\",\"item\":\"https:\\\/\\\/mueble4you.com\\\/productos\\\/\"},{\"@type\":\"ListItem\",\"position\":3,\"name\":\"WALDING-COUCHTISCH.\"}]},{\"@type\":\"WebSite\",\"@id\":\"https:\\\/\\\/mueble4you.com\\\/#website\",\"url\":\"https:\\\/\\\/mueble4you.com\\\/\",\"name\":\"mueble4you\",\"description\":\"M\u00f6bel in Teneriffa\",\"potentialAction\":[{\"@type\":\"SearchAction\",\"target\":{\"@type\":\"EntryPoint\",\"urlTemplate\":\"https:\\\/\\\/mueble4you.com\\\/?s={search_term_string}\"},\"query-input\":{\"@type\":\"PropertyValueSpecification\",\"valueRequired\":true,\"valueName\":\"search_term_string\"}}],\"inLanguage\":\"de\"}]}<\/script>\n<!-- \/ Yoast SEO plugin. -->","yoast_head_json":{"title":"WALDING-COUCHTISCH. | mueble4you","robots":{"index":"index","follow":"follow","max-snippet":"max-snippet:-1","max-image-preview":"max-image-preview:large","max-video-preview":"max-video-preview:-1"},"canonical":"https:\/\/mueble4you.com\/de\/productos\/mesa-de-centro-walding\/","og_locale":"de_DE","og_type":"article","og_title":"WALDING-COUCHTISCH. | mueble4you","og_description":"Der VICAL Walding Couchtisch f\u00e4ngt die Essenz des Zeitgen\u00f6ssischen ein. Dieser quadratische Couchtisch mit den Ma\u00dfen 100 x 100 x 32 cm ist aus Mangoholz gefertigt und verspricht Langlebigkeit und rustikalen Charme. Durch die nat\u00fcrliche Oberfl\u00e4che k\u00f6nnen Sie die Maserung des Holzes erkennen und erhalten so ein St\u00fcck, das sowohl k\u00fcnstlerisch als auch funktional ist. [...]","og_url":"https:\/\/mueble4you.com\/de\/productos\/mesa-de-centro-walding\/","og_site_name":"mueble4you","article_modified_time":"2024-08-13T10:39:35+00:00","og_image":[{"width":1920,"height":1920,"url":"https:\/\/mueble4you.com\/wp-content\/uploads\/2024\/08\/32984643-ZoomHover.jpg","type":"image\/jpeg"}],"twitter_card":"summary_large_image","schema":{"@context":"https:\/\/schema.org","@graph":[{"@type":"WebPage","@id":"https:\/\/mueble4you.com\/de\/productos\/mesa-de-centro-walding\/","url":"https:\/\/mueble4you.com\/de\/productos\/mesa-de-centro-walding\/","name":"WALDING-COUCHTISCH. | mueble4you","isPartOf":{"@id":"https:\/\/mueble4you.com\/#website"},"primaryImageOfPage":{"@id":"https:\/\/mueble4you.com\/de\/productos\/mesa-de-centro-walding\/#primaryimage"},"image":{"@id":"https:\/\/mueble4you.com\/de\/productos\/mesa-de-centro-walding\/#primaryimage"},"thumbnailUrl":"https:\/\/mueble4you.com\/wp-content\/uploads\/2024\/08\/32984643-ZoomHover.jpg","datePublished":"2024-08-08T15:46:04+00:00","dateModified":"2024-08-13T10:39:35+00:00","breadcrumb":{"@id":"https:\/\/mueble4you.com\/de\/productos\/mesa-de-centro-walding\/#breadcrumb"},"inLanguage":"de","potentialAction":[{"@type":"ReadAction","target":["https:\/\/mueble4you.com\/de\/productos\/mesa-de-centro-walding\/"]}]},{"@type":"ImageObject","inLanguage":"de","@id":"https:\/\/mueble4you.com\/de\/productos\/mesa-de-centro-walding\/#primaryimage","url":"https:\/\/mueble4you.com\/wp-content\/uploads\/2024\/08\/32984643-ZoomHover.jpg","contentUrl":"https:\/\/mueble4you.com\/wp-content\/uploads\/2024\/08\/32984643-ZoomHover.jpg","width":1920,"height":1920},{"@type":"BreadcrumbList","@id":"https:\/\/mueble4you.com\/de\/productos\/mesa-de-centro-walding\/#breadcrumb","itemListElement":[{"@type":"ListItem","position":1,"name":"Portada","item":"https:\/\/mueble4you.com\/de\/"},{"@type":"ListItem","position":2,"name":"Productos","item":"https:\/\/mueble4you.com\/productos\/"},{"@type":"ListItem","position":3,"name":"WALDING-COUCHTISCH."}]},{"@type":"WebSite","@id":"https:\/\/mueble4you.com\/#website","url":"https:\/\/mueble4you.com\/","name":"mueble4you","description":"M\u00f6bel in Teneriffa","potentialAction":[{"@type":"SearchAction","target":{"@type":"EntryPoint","urlTemplate":"https:\/\/mueble4you.com\/?s={search_term_string}"},"query-input":{"@type":"PropertyValueSpecification","valueRequired":true,"valueName":"search_term_string"}}],"inLanguage":"de"}]}},"_links":{"self":[{"href":"https:\/\/mueble4you.com\/de\/wp-json\/wp\/v2\/product\/75387","targetHints":{"allow":["GET"]}}],"collection":[{"href":"https:\/\/mueble4you.com\/de\/wp-json\/wp\/v2\/product"}],"about":[{"href":"https:\/\/mueble4you.com\/de\/wp-json\/wp\/v2\/types\/product"}],"wp:featuredmedia":[{"embeddable":true,"href":"https:\/\/mueble4you.com\/de\/wp-json\/wp\/v2\/media\/75378"}],"wp:attachment":[{"href":"https:\/\/mueble4you.com\/de\/wp-json\/wp\/v2\/media?parent=75387"}],"wp:term":[{"taxonomy":"product_brand","embeddable":true,"href":"https:\/\/mueble4you.com\/de\/wp-json\/wp\/v2\/product_brand?post=75387"},{"taxonomy":"product_cat","embeddable":true,"href":"https:\/\/mueble4you.com\/de\/wp-json\/wp\/v2\/product_cat?post=75387"},{"taxonomy":"product_tag","embeddable":true,"href":"https:\/\/mueble4you.com\/de\/wp-json\/wp\/v2\/product_tag?post=75387"}],"curies":[{"name":"wp","href":"https:\/\/api.w.org\/{rel}","templated":true}]}}