{"id":74865,"date":"2024-07-25T14:00:28","date_gmt":"2024-07-25T14:00:28","guid":{"rendered":"https:\/\/mueble4you.com\/productos\/aparador\/"},"modified":"2024-07-25T15:14:27","modified_gmt":"2024-07-25T15:14:27","slug":"aparador","status":"publish","type":"product","link":"https:\/\/mueble4you.com\/de\/productos\/aparador\/","title":{"rendered":"ANRICHTE."},"content":{"rendered":"<pre id=\"tw-target-text\" class=\"tw-data-text tw-text-large tw-ta\" dir=\"ltr\" data-placeholder=\"Traducci\u00f3n\" aria-label=\"Texto traducido\" data-ved=\"2ahUKEwjaxJXtvMKHAxVJTKQEHcGOCesQ3ewLegQIFRAU\"><span class=\"Y2IQFc\" lang=\"de\">Dieses 6-t\u00fcrige Ger\u00e4t ist ein meisterhaft gefertigtes St\u00fcck Mangoholz und bietet eine au\u00dfergew\u00f6hnliche Kombination aus Sch\u00f6nheit und Funktionalit\u00e4t. Jedes Detail dieser M\u00f6bel spiegelt die sorgf\u00e4ltige Aufmerksamkeit f\u00fcr Handwerkskunst und Design wider.\r\nMangoholz, bekannt f\u00fcr seine charakteristische Maserung und Haltbarkeit, bietet eine solide und elegante Basis f\u00fcr dieses Ger\u00e4t. Mit sechs T\u00fcren bietet dieser Schrank gro\u00dfz\u00fcgigen Stauraum, um alle Ihre Organisationsbed\u00fcrfnisse stilvoll zu erf\u00fcllen.\r\nDar\u00fcber hinaus wurde jedes Teil dieses Ger\u00e4ts von Hand bemalt, was dem St\u00fcck eine pers\u00f6nliche und einzigartige Note verleiht.\r\n\r\n\u25cf H\u00f6he: 76 cm.\r\n\r\n\u25cf L\u00e4nge: 184 cm.\r\n\r\n\u25cf Breite: 36 cm.\r\n\r\n\u25cf Material: Mangoholz.\r\n\r\n\u25cf Farbe: Blau.<\/span><\/pre>\n","protected":false},"excerpt":{"rendered":"<p>Dieses 6-t\u00fcrige Ger\u00e4t ist ein meisterhaft gefertigtes St\u00fcck Mangoholz und bietet eine au\u00dfergew\u00f6hnliche Kombination aus Sch\u00f6nheit und Funktionalit\u00e4t. Jedes Detail dieser M\u00f6bel spiegelt die sorgf\u00e4ltige Aufmerksamkeit f\u00fcr Handwerkskunst und Design wider. Mangoholz, bekannt f\u00fcr seine charakteristische Maserung und Haltbarkeit, bietet eine solide und elegante Basis f\u00fcr dieses Ger\u00e4t. Mit sechs T\u00fcren bietet dieser Schrank gro\u00dfz\u00fcgigen [&#8230;]\n","protected":false},"featured_media":74841,"template":"","meta":[],"product_brand":[],"product_cat":[500,272],"product_tag":[],"class_list":{"0":"post-74865","1":"product","2":"type-product","3":"status-publish","4":"has-post-thumbnail","6":"product_cat-sideboards-de","7":"product_cat-wohnzimmer","9":"first","10":"instock","11":"shipping-taxable","12":"product-type-simple"},"yoast_head":"<!-- This site is optimized with the Yoast SEO plugin v27.2 - https:\/\/yoast.com\/product\/yoast-seo-wordpress\/ -->\n<title>ANRICHTE. | mueble4you<\/title>\n<meta name=\"robots\" content=\"index, follow, max-snippet:-1, max-image-preview:large, max-video-preview:-1\" \/>\n<link rel=\"canonical\" href=\"https:\/\/mueble4you.com\/de\/productos\/aparador\/\" \/>\n<meta property=\"og:locale\" content=\"de_DE\" \/>\n<meta property=\"og:type\" content=\"article\" \/>\n<meta property=\"og:title\" content=\"ANRICHTE. | mueble4you\" \/>\n<meta property=\"og:description\" content=\"Dieses 6-t\u00fcrige Ger\u00e4t ist ein meisterhaft gefertigtes St\u00fcck Mangoholz und bietet eine au\u00dfergew\u00f6hnliche Kombination aus Sch\u00f6nheit und Funktionalit\u00e4t. Jedes Detail dieser M\u00f6bel spiegelt die sorgf\u00e4ltige Aufmerksamkeit f\u00fcr Handwerkskunst und Design wider. Mangoholz, bekannt f\u00fcr seine charakteristische Maserung und Haltbarkeit, bietet eine solide und elegante Basis f\u00fcr dieses Ger\u00e4t. Mit sechs T\u00fcren bietet dieser Schrank gro\u00dfz\u00fcgigen [...]\" \/>\n<meta property=\"og:url\" content=\"https:\/\/mueble4you.com\/de\/productos\/aparador\/\" \/>\n<meta property=\"og:site_name\" content=\"mueble4you\" \/>\n<meta property=\"article:modified_time\" content=\"2024-07-25T15:14:27+00:00\" \/>\n<meta property=\"og:image\" content=\"https:\/\/mueble4you.com\/wp-content\/uploads\/2024\/07\/1771_1-Copy.jpg\" \/>\n\t<meta property=\"og:image:width\" content=\"1024\" \/>\n\t<meta property=\"og:image:height\" content=\"620\" \/>\n\t<meta property=\"og:image:type\" content=\"image\/jpeg\" \/>\n<meta name=\"twitter:card\" content=\"summary_large_image\" \/>\n<meta name=\"twitter:label1\" content=\"Gesch\u00e4tzte Lesezeit\" \/>\n\t<meta name=\"twitter:data1\" content=\"1\u00a0Minute\" \/>\n<script type=\"application\/ld+json\" class=\"yoast-schema-graph\">{\"@context\":\"https:\/\/schema.org\",\"@graph\":[{\"@type\":\"WebPage\",\"@id\":\"https:\/\/mueble4you.com\/de\/productos\/aparador\/\",\"url\":\"https:\/\/mueble4you.com\/de\/productos\/aparador\/\",\"name\":\"ANRICHTE. | mueble4you\",\"isPartOf\":{\"@id\":\"https:\/\/mueble4you.com\/#website\"},\"primaryImageOfPage\":{\"@id\":\"https:\/\/mueble4you.com\/de\/productos\/aparador\/#primaryimage\"},\"image\":{\"@id\":\"https:\/\/mueble4you.com\/de\/productos\/aparador\/#primaryimage\"},\"thumbnailUrl\":\"https:\/\/mueble4you.com\/wp-content\/uploads\/2024\/07\/1771_1-Copy.jpg\",\"datePublished\":\"2024-07-25T14:00:28+00:00\",\"dateModified\":\"2024-07-25T15:14:27+00:00\",\"breadcrumb\":{\"@id\":\"https:\/\/mueble4you.com\/de\/productos\/aparador\/#breadcrumb\"},\"inLanguage\":\"de\",\"potentialAction\":[{\"@type\":\"ReadAction\",\"target\":[\"https:\/\/mueble4you.com\/de\/productos\/aparador\/\"]}]},{\"@type\":\"ImageObject\",\"inLanguage\":\"de\",\"@id\":\"https:\/\/mueble4you.com\/de\/productos\/aparador\/#primaryimage\",\"url\":\"https:\/\/mueble4you.com\/wp-content\/uploads\/2024\/07\/1771_1-Copy.jpg\",\"contentUrl\":\"https:\/\/mueble4you.com\/wp-content\/uploads\/2024\/07\/1771_1-Copy.jpg\",\"width\":1024,\"height\":620},{\"@type\":\"BreadcrumbList\",\"@id\":\"https:\/\/mueble4you.com\/de\/productos\/aparador\/#breadcrumb\",\"itemListElement\":[{\"@type\":\"ListItem\",\"position\":1,\"name\":\"Portada\",\"item\":\"https:\/\/mueble4you.com\/de\/\"},{\"@type\":\"ListItem\",\"position\":2,\"name\":\"Productos\",\"item\":\"https:\/\/mueble4you.com\/productos\/\"},{\"@type\":\"ListItem\",\"position\":3,\"name\":\"ANRICHTE.\"}]},{\"@type\":\"WebSite\",\"@id\":\"https:\/\/mueble4you.com\/#website\",\"url\":\"https:\/\/mueble4you.com\/\",\"name\":\"mueble4you\",\"description\":\"M\u00f6bel in Teneriffa\",\"potentialAction\":[{\"@type\":\"SearchAction\",\"target\":{\"@type\":\"EntryPoint\",\"urlTemplate\":\"https:\/\/mueble4you.com\/?s={search_term_string}\"},\"query-input\":{\"@type\":\"PropertyValueSpecification\",\"valueRequired\":true,\"valueName\":\"search_term_string\"}}],\"inLanguage\":\"de\"}]}<\/script>\n<!-- \/ Yoast SEO plugin. -->","yoast_head_json":{"title":"ANRICHTE. | mueble4you","robots":{"index":"index","follow":"follow","max-snippet":"max-snippet:-1","max-image-preview":"max-image-preview:large","max-video-preview":"max-video-preview:-1"},"canonical":"https:\/\/mueble4you.com\/de\/productos\/aparador\/","og_locale":"de_DE","og_type":"article","og_title":"ANRICHTE. | mueble4you","og_description":"Dieses 6-t\u00fcrige Ger\u00e4t ist ein meisterhaft gefertigtes St\u00fcck Mangoholz und bietet eine au\u00dfergew\u00f6hnliche Kombination aus Sch\u00f6nheit und Funktionalit\u00e4t. Jedes Detail dieser M\u00f6bel spiegelt die sorgf\u00e4ltige Aufmerksamkeit f\u00fcr Handwerkskunst und Design wider. Mangoholz, bekannt f\u00fcr seine charakteristische Maserung und Haltbarkeit, bietet eine solide und elegante Basis f\u00fcr dieses Ger\u00e4t. Mit sechs T\u00fcren bietet dieser Schrank gro\u00dfz\u00fcgigen [...]","og_url":"https:\/\/mueble4you.com\/de\/productos\/aparador\/","og_site_name":"mueble4you","article_modified_time":"2024-07-25T15:14:27+00:00","og_image":[{"width":1024,"height":620,"url":"https:\/\/mueble4you.com\/wp-content\/uploads\/2024\/07\/1771_1-Copy.jpg","type":"image\/jpeg"}],"twitter_card":"summary_large_image","twitter_misc":{"Gesch\u00e4tzte Lesezeit":"1\u00a0Minute"},"schema":{"@context":"https:\/\/schema.org","@graph":[{"@type":"WebPage","@id":"https:\/\/mueble4you.com\/de\/productos\/aparador\/","url":"https:\/\/mueble4you.com\/de\/productos\/aparador\/","name":"ANRICHTE. | mueble4you","isPartOf":{"@id":"https:\/\/mueble4you.com\/#website"},"primaryImageOfPage":{"@id":"https:\/\/mueble4you.com\/de\/productos\/aparador\/#primaryimage"},"image":{"@id":"https:\/\/mueble4you.com\/de\/productos\/aparador\/#primaryimage"},"thumbnailUrl":"https:\/\/mueble4you.com\/wp-content\/uploads\/2024\/07\/1771_1-Copy.jpg","datePublished":"2024-07-25T14:00:28+00:00","dateModified":"2024-07-25T15:14:27+00:00","breadcrumb":{"@id":"https:\/\/mueble4you.com\/de\/productos\/aparador\/#breadcrumb"},"inLanguage":"de","potentialAction":[{"@type":"ReadAction","target":["https:\/\/mueble4you.com\/de\/productos\/aparador\/"]}]},{"@type":"ImageObject","inLanguage":"de","@id":"https:\/\/mueble4you.com\/de\/productos\/aparador\/#primaryimage","url":"https:\/\/mueble4you.com\/wp-content\/uploads\/2024\/07\/1771_1-Copy.jpg","contentUrl":"https:\/\/mueble4you.com\/wp-content\/uploads\/2024\/07\/1771_1-Copy.jpg","width":1024,"height":620},{"@type":"BreadcrumbList","@id":"https:\/\/mueble4you.com\/de\/productos\/aparador\/#breadcrumb","itemListElement":[{"@type":"ListItem","position":1,"name":"Portada","item":"https:\/\/mueble4you.com\/de\/"},{"@type":"ListItem","position":2,"name":"Productos","item":"https:\/\/mueble4you.com\/productos\/"},{"@type":"ListItem","position":3,"name":"ANRICHTE."}]},{"@type":"WebSite","@id":"https:\/\/mueble4you.com\/#website","url":"https:\/\/mueble4you.com\/","name":"mueble4you","description":"M\u00f6bel in Teneriffa","potentialAction":[{"@type":"SearchAction","target":{"@type":"EntryPoint","urlTemplate":"https:\/\/mueble4you.com\/?s={search_term_string}"},"query-input":{"@type":"PropertyValueSpecification","valueRequired":true,"valueName":"search_term_string"}}],"inLanguage":"de"}]}},"_links":{"self":[{"href":"https:\/\/mueble4you.com\/de\/wp-json\/wp\/v2\/product\/74865","targetHints":{"allow":["GET"]}}],"collection":[{"href":"https:\/\/mueble4you.com\/de\/wp-json\/wp\/v2\/product"}],"about":[{"href":"https:\/\/mueble4you.com\/de\/wp-json\/wp\/v2\/types\/product"}],"wp:featuredmedia":[{"embeddable":true,"href":"https:\/\/mueble4you.com\/de\/wp-json\/wp\/v2\/media\/74841"}],"wp:attachment":[{"href":"https:\/\/mueble4you.com\/de\/wp-json\/wp\/v2\/media?parent=74865"}],"wp:term":[{"taxonomy":"product_brand","embeddable":true,"href":"https:\/\/mueble4you.com\/de\/wp-json\/wp\/v2\/product_brand?post=74865"},{"taxonomy":"product_cat","embeddable":true,"href":"https:\/\/mueble4you.com\/de\/wp-json\/wp\/v2\/product_cat?post=74865"},{"taxonomy":"product_tag","embeddable":true,"href":"https:\/\/mueble4you.com\/de\/wp-json\/wp\/v2\/product_tag?post=74865"}],"curies":[{"name":"wp","href":"https:\/\/api.w.org\/{rel}","templated":true}]}}