{"id":73432,"date":"2024-06-20T12:26:34","date_gmt":"2024-06-20T12:26:34","guid":{"rendered":"https:\/\/mueble4you.com\/productos\/tumbona-raul-c-vison-c-ruedas\/"},"modified":"2024-06-26T14:21:20","modified_gmt":"2024-06-26T14:21:20","slug":"tumbona-raul-c-vison-c-ruedas","status":"publish","type":"product","link":"https:\/\/mueble4you.com\/de\/productos\/tumbona-raul-c-vison-c-ruedas\/","title":{"rendered":"RAUL-STUHL MIT VISON MIT R\u00c4DERN."},"content":{"rendered":"<ul>\n<li>Stahlkonstruktion (f\u00fcr den Au\u00dfenbereich durch Phosphatierung behandelt) mit Pulverbeschichtung (Polyester).<\/li>\n<li>Sitz und R\u00fcckenlehne aus 2&#215;1 Textilene.<\/li>\n<li>Liegend in 4 Positionen.<\/li>\n<li>Kunststoffr\u00e4der.<\/li>\n<li>Schrauben aus verzinktem Stahl.<\/li>\n<\/ul>\n<div><\/div>\n<ul>\n<li>Ma\u00dfnahmen:<\/li>\n<\/ul>\n<div>Breite: 63\u201368 cm<\/div>\n<div>Tiefe: 195 cm<\/div>\n<div>H\u00f6he: 34 &#8211; 101 cm<\/div>\n","protected":false},"excerpt":{"rendered":"<p>Stahlkonstruktion (f\u00fcr den Au\u00dfenbereich durch Phosphatierung behandelt) mit Pulverbeschichtung (Polyester). Sitz und R\u00fcckenlehne aus 2&#215;1 Textilene. Liegend in 4 Positionen. Kunststoffr\u00e4der. Schrauben aus verzinktem Stahl. Ma\u00dfnahmen: Breite: 63\u201368 cm Tiefe: 195 cm H\u00f6he: 34 &#8211; 101 cm<\/p>\n","protected":false},"featured_media":73413,"template":"","meta":[],"product_brand":[],"product_cat":[305,325],"product_tag":[],"class_list":{"0":"post-73432","1":"product","2":"type-product","3":"status-publish","4":"has-post-thumbnail","6":"product_cat-gartenmobel","7":"product_cat-sonnenliegen","9":"first","10":"instock","11":"shipping-taxable","12":"product-type-simple"},"yoast_head":"<!-- This site is optimized with the Yoast SEO plugin v27.2 - https:\/\/yoast.com\/product\/yoast-seo-wordpress\/ -->\n<title>RAUL-STUHL MIT VISON MIT R\u00c4DERN. | mueble4you<\/title>\n<meta name=\"robots\" content=\"index, follow, max-snippet:-1, max-image-preview:large, max-video-preview:-1\" \/>\n<link rel=\"canonical\" href=\"https:\/\/mueble4you.com\/de\/productos\/tumbona-raul-c-vison-c-ruedas\/\" \/>\n<meta property=\"og:locale\" content=\"de_DE\" \/>\n<meta property=\"og:type\" content=\"article\" \/>\n<meta property=\"og:title\" content=\"RAUL-STUHL MIT VISON MIT R\u00c4DERN. | mueble4you\" \/>\n<meta property=\"og:description\" content=\"Stahlkonstruktion (f\u00fcr den Au\u00dfenbereich durch Phosphatierung behandelt) mit Pulverbeschichtung (Polyester). Sitz und R\u00fcckenlehne aus 2&#215;1 Textilene. Liegend in 4 Positionen. Kunststoffr\u00e4der. Schrauben aus verzinktem Stahl. Ma\u00dfnahmen: Breite: 63\u201368 cm Tiefe: 195 cm H\u00f6he: 34 &#8211; 101 cm\" \/>\n<meta property=\"og:url\" content=\"https:\/\/mueble4you.com\/de\/productos\/tumbona-raul-c-vison-c-ruedas\/\" \/>\n<meta property=\"og:site_name\" content=\"mueble4you\" \/>\n<meta property=\"article:modified_time\" content=\"2024-06-26T14:21:20+00:00\" \/>\n<meta property=\"og:image\" content=\"https:\/\/mueble4you.com\/wp-content\/uploads\/2024\/06\/559518.jpg\" \/>\n\t<meta property=\"og:image:width\" content=\"1150\" \/>\n\t<meta property=\"og:image:height\" content=\"911\" \/>\n\t<meta property=\"og:image:type\" content=\"image\/jpeg\" \/>\n<meta name=\"twitter:card\" content=\"summary_large_image\" \/>\n<script type=\"application\/ld+json\" class=\"yoast-schema-graph\">{\"@context\":\"https:\/\/schema.org\",\"@graph\":[{\"@type\":\"WebPage\",\"@id\":\"https:\/\/mueble4you.com\/de\/productos\/tumbona-raul-c-vison-c-ruedas\/\",\"url\":\"https:\/\/mueble4you.com\/de\/productos\/tumbona-raul-c-vison-c-ruedas\/\",\"name\":\"RAUL-STUHL MIT VISON MIT R\u00c4DERN. | mueble4you\",\"isPartOf\":{\"@id\":\"https:\/\/mueble4you.com\/#website\"},\"primaryImageOfPage\":{\"@id\":\"https:\/\/mueble4you.com\/de\/productos\/tumbona-raul-c-vison-c-ruedas\/#primaryimage\"},\"image\":{\"@id\":\"https:\/\/mueble4you.com\/de\/productos\/tumbona-raul-c-vison-c-ruedas\/#primaryimage\"},\"thumbnailUrl\":\"https:\/\/mueble4you.com\/wp-content\/uploads\/2024\/06\/559518.jpg\",\"datePublished\":\"2024-06-20T12:26:34+00:00\",\"dateModified\":\"2024-06-26T14:21:20+00:00\",\"breadcrumb\":{\"@id\":\"https:\/\/mueble4you.com\/de\/productos\/tumbona-raul-c-vison-c-ruedas\/#breadcrumb\"},\"inLanguage\":\"de\",\"potentialAction\":[{\"@type\":\"ReadAction\",\"target\":[\"https:\/\/mueble4you.com\/de\/productos\/tumbona-raul-c-vison-c-ruedas\/\"]}]},{\"@type\":\"ImageObject\",\"inLanguage\":\"de\",\"@id\":\"https:\/\/mueble4you.com\/de\/productos\/tumbona-raul-c-vison-c-ruedas\/#primaryimage\",\"url\":\"https:\/\/mueble4you.com\/wp-content\/uploads\/2024\/06\/559518.jpg\",\"contentUrl\":\"https:\/\/mueble4you.com\/wp-content\/uploads\/2024\/06\/559518.jpg\",\"width\":1150,\"height\":911},{\"@type\":\"BreadcrumbList\",\"@id\":\"https:\/\/mueble4you.com\/de\/productos\/tumbona-raul-c-vison-c-ruedas\/#breadcrumb\",\"itemListElement\":[{\"@type\":\"ListItem\",\"position\":1,\"name\":\"Portada\",\"item\":\"https:\/\/mueble4you.com\/de\/\"},{\"@type\":\"ListItem\",\"position\":2,\"name\":\"Productos\",\"item\":\"https:\/\/mueble4you.com\/productos\/\"},{\"@type\":\"ListItem\",\"position\":3,\"name\":\"RAUL-STUHL MIT VISON MIT R\u00c4DERN.\"}]},{\"@type\":\"WebSite\",\"@id\":\"https:\/\/mueble4you.com\/#website\",\"url\":\"https:\/\/mueble4you.com\/\",\"name\":\"mueble4you\",\"description\":\"M\u00f6bel in Teneriffa\",\"potentialAction\":[{\"@type\":\"SearchAction\",\"target\":{\"@type\":\"EntryPoint\",\"urlTemplate\":\"https:\/\/mueble4you.com\/?s={search_term_string}\"},\"query-input\":{\"@type\":\"PropertyValueSpecification\",\"valueRequired\":true,\"valueName\":\"search_term_string\"}}],\"inLanguage\":\"de\"}]}<\/script>\n<!-- \/ Yoast SEO plugin. -->","yoast_head_json":{"title":"RAUL-STUHL MIT VISON MIT R\u00c4DERN. | mueble4you","robots":{"index":"index","follow":"follow","max-snippet":"max-snippet:-1","max-image-preview":"max-image-preview:large","max-video-preview":"max-video-preview:-1"},"canonical":"https:\/\/mueble4you.com\/de\/productos\/tumbona-raul-c-vison-c-ruedas\/","og_locale":"de_DE","og_type":"article","og_title":"RAUL-STUHL MIT VISON MIT R\u00c4DERN. | mueble4you","og_description":"Stahlkonstruktion (f\u00fcr den Au\u00dfenbereich durch Phosphatierung behandelt) mit Pulverbeschichtung (Polyester). Sitz und R\u00fcckenlehne aus 2&#215;1 Textilene. Liegend in 4 Positionen. Kunststoffr\u00e4der. Schrauben aus verzinktem Stahl. Ma\u00dfnahmen: Breite: 63\u201368 cm Tiefe: 195 cm H\u00f6he: 34 &#8211; 101 cm","og_url":"https:\/\/mueble4you.com\/de\/productos\/tumbona-raul-c-vison-c-ruedas\/","og_site_name":"mueble4you","article_modified_time":"2024-06-26T14:21:20+00:00","og_image":[{"width":1150,"height":911,"url":"https:\/\/mueble4you.com\/wp-content\/uploads\/2024\/06\/559518.jpg","type":"image\/jpeg"}],"twitter_card":"summary_large_image","schema":{"@context":"https:\/\/schema.org","@graph":[{"@type":"WebPage","@id":"https:\/\/mueble4you.com\/de\/productos\/tumbona-raul-c-vison-c-ruedas\/","url":"https:\/\/mueble4you.com\/de\/productos\/tumbona-raul-c-vison-c-ruedas\/","name":"RAUL-STUHL MIT VISON MIT R\u00c4DERN. | mueble4you","isPartOf":{"@id":"https:\/\/mueble4you.com\/#website"},"primaryImageOfPage":{"@id":"https:\/\/mueble4you.com\/de\/productos\/tumbona-raul-c-vison-c-ruedas\/#primaryimage"},"image":{"@id":"https:\/\/mueble4you.com\/de\/productos\/tumbona-raul-c-vison-c-ruedas\/#primaryimage"},"thumbnailUrl":"https:\/\/mueble4you.com\/wp-content\/uploads\/2024\/06\/559518.jpg","datePublished":"2024-06-20T12:26:34+00:00","dateModified":"2024-06-26T14:21:20+00:00","breadcrumb":{"@id":"https:\/\/mueble4you.com\/de\/productos\/tumbona-raul-c-vison-c-ruedas\/#breadcrumb"},"inLanguage":"de","potentialAction":[{"@type":"ReadAction","target":["https:\/\/mueble4you.com\/de\/productos\/tumbona-raul-c-vison-c-ruedas\/"]}]},{"@type":"ImageObject","inLanguage":"de","@id":"https:\/\/mueble4you.com\/de\/productos\/tumbona-raul-c-vison-c-ruedas\/#primaryimage","url":"https:\/\/mueble4you.com\/wp-content\/uploads\/2024\/06\/559518.jpg","contentUrl":"https:\/\/mueble4you.com\/wp-content\/uploads\/2024\/06\/559518.jpg","width":1150,"height":911},{"@type":"BreadcrumbList","@id":"https:\/\/mueble4you.com\/de\/productos\/tumbona-raul-c-vison-c-ruedas\/#breadcrumb","itemListElement":[{"@type":"ListItem","position":1,"name":"Portada","item":"https:\/\/mueble4you.com\/de\/"},{"@type":"ListItem","position":2,"name":"Productos","item":"https:\/\/mueble4you.com\/productos\/"},{"@type":"ListItem","position":3,"name":"RAUL-STUHL MIT VISON MIT R\u00c4DERN."}]},{"@type":"WebSite","@id":"https:\/\/mueble4you.com\/#website","url":"https:\/\/mueble4you.com\/","name":"mueble4you","description":"M\u00f6bel in Teneriffa","potentialAction":[{"@type":"SearchAction","target":{"@type":"EntryPoint","urlTemplate":"https:\/\/mueble4you.com\/?s={search_term_string}"},"query-input":{"@type":"PropertyValueSpecification","valueRequired":true,"valueName":"search_term_string"}}],"inLanguage":"de"}]}},"_links":{"self":[{"href":"https:\/\/mueble4you.com\/de\/wp-json\/wp\/v2\/product\/73432","targetHints":{"allow":["GET"]}}],"collection":[{"href":"https:\/\/mueble4you.com\/de\/wp-json\/wp\/v2\/product"}],"about":[{"href":"https:\/\/mueble4you.com\/de\/wp-json\/wp\/v2\/types\/product"}],"wp:featuredmedia":[{"embeddable":true,"href":"https:\/\/mueble4you.com\/de\/wp-json\/wp\/v2\/media\/73413"}],"wp:attachment":[{"href":"https:\/\/mueble4you.com\/de\/wp-json\/wp\/v2\/media?parent=73432"}],"wp:term":[{"taxonomy":"product_brand","embeddable":true,"href":"https:\/\/mueble4you.com\/de\/wp-json\/wp\/v2\/product_brand?post=73432"},{"taxonomy":"product_cat","embeddable":true,"href":"https:\/\/mueble4you.com\/de\/wp-json\/wp\/v2\/product_cat?post=73432"},{"taxonomy":"product_tag","embeddable":true,"href":"https:\/\/mueble4you.com\/de\/wp-json\/wp\/v2\/product_tag?post=73432"}],"curies":[{"name":"wp","href":"https:\/\/api.w.org\/{rel}","templated":true}]}}