{"id":73407,"date":"2024-06-20T12:13:24","date_gmt":"2024-06-20T12:13:24","guid":{"rendered":"https:\/\/mueble4you.com\/productos\/tumbona-cross-con-rueda-azul\/"},"modified":"2024-06-26T14:41:26","modified_gmt":"2024-06-26T14:41:26","slug":"tumbona-cross-con-rueda-azul","status":"publish","type":"product","link":"https:\/\/mueble4you.com\/de\/productos\/tumbona-cross-con-rueda-azul\/","title":{"rendered":"CROSS LOUNGE MIT BLAUEM RAD"},"content":{"rendered":"<ul>\n<li>Liege im klassischen Design.<\/li>\n<li>Die Struktur besteht aus eloxiertem Aluminium und der Sitz aus Textilene.<\/li>\n<li>Die Liege hat eine klassische und schlichte Linie.<\/li>\n<li>Der Baldachin sch\u00fctzt Ihr Gesicht vor den Sonnenstrahlen.<\/li>\n<li>Die Liege l\u00e4sst sich f\u00fcr eine einfache und platzsparende Aufbewahrung zusammenklappen und l\u00e4sst sich f\u00fcr maximalen Komfort in 4 verschiedene Positionen zur\u00fccklehnen.<\/li>\n<\/ul>\n","protected":false},"excerpt":{"rendered":"<p>Liege im klassischen Design. Die Struktur besteht aus eloxiertem Aluminium und der Sitz aus Textilene. Die Liege hat eine klassische und schlichte Linie. Der Baldachin sch\u00fctzt Ihr Gesicht vor den Sonnenstrahlen. Die Liege l\u00e4sst sich f\u00fcr eine einfache und platzsparende Aufbewahrung zusammenklappen und l\u00e4sst sich f\u00fcr maximalen Komfort in 4 verschiedene Positionen zur\u00fccklehnen.<\/p>\n","protected":false},"featured_media":73383,"template":"","meta":[],"product_brand":[],"product_cat":[305,325],"product_tag":[],"class_list":{"0":"post-73407","1":"product","2":"type-product","3":"status-publish","4":"has-post-thumbnail","6":"product_cat-gartenmobel","7":"product_cat-sonnenliegen","9":"first","10":"instock","11":"shipping-taxable","12":"product-type-simple"},"yoast_head":"<!-- This site is optimized with the Yoast SEO plugin v27.2 - https:\/\/yoast.com\/product\/yoast-seo-wordpress\/ -->\n<title>CROSS LOUNGE MIT BLAUEM RAD | mueble4you<\/title>\n<meta name=\"robots\" content=\"index, follow, max-snippet:-1, max-image-preview:large, max-video-preview:-1\" \/>\n<link rel=\"canonical\" href=\"https:\/\/mueble4you.com\/de\/productos\/tumbona-cross-con-rueda-azul\/\" \/>\n<meta property=\"og:locale\" content=\"de_DE\" \/>\n<meta property=\"og:type\" content=\"article\" \/>\n<meta property=\"og:title\" content=\"CROSS LOUNGE MIT BLAUEM RAD | mueble4you\" \/>\n<meta property=\"og:description\" content=\"Liege im klassischen Design. Die Struktur besteht aus eloxiertem Aluminium und der Sitz aus Textilene. Die Liege hat eine klassische und schlichte Linie. Der Baldachin sch\u00fctzt Ihr Gesicht vor den Sonnenstrahlen. Die Liege l\u00e4sst sich f\u00fcr eine einfache und platzsparende Aufbewahrung zusammenklappen und l\u00e4sst sich f\u00fcr maximalen Komfort in 4 verschiedene Positionen zur\u00fccklehnen.\" \/>\n<meta property=\"og:url\" content=\"https:\/\/mueble4you.com\/de\/productos\/tumbona-cross-con-rueda-azul\/\" \/>\n<meta property=\"og:site_name\" content=\"mueble4you\" \/>\n<meta property=\"article:modified_time\" content=\"2024-06-26T14:41:26+00:00\" \/>\n<meta property=\"og:image\" content=\"https:\/\/mueble4you.com\/wp-content\/uploads\/2024\/06\/558954-2.jpg\" \/>\n\t<meta property=\"og:image:width\" content=\"1150\" \/>\n\t<meta property=\"og:image:height\" content=\"835\" \/>\n\t<meta property=\"og:image:type\" content=\"image\/jpeg\" \/>\n<meta name=\"twitter:card\" content=\"summary_large_image\" \/>\n<script type=\"application\/ld+json\" class=\"yoast-schema-graph\">{\"@context\":\"https:\/\/schema.org\",\"@graph\":[{\"@type\":\"WebPage\",\"@id\":\"https:\/\/mueble4you.com\/de\/productos\/tumbona-cross-con-rueda-azul\/\",\"url\":\"https:\/\/mueble4you.com\/de\/productos\/tumbona-cross-con-rueda-azul\/\",\"name\":\"CROSS LOUNGE MIT BLAUEM RAD | mueble4you\",\"isPartOf\":{\"@id\":\"https:\/\/mueble4you.com\/#website\"},\"primaryImageOfPage\":{\"@id\":\"https:\/\/mueble4you.com\/de\/productos\/tumbona-cross-con-rueda-azul\/#primaryimage\"},\"image\":{\"@id\":\"https:\/\/mueble4you.com\/de\/productos\/tumbona-cross-con-rueda-azul\/#primaryimage\"},\"thumbnailUrl\":\"https:\/\/mueble4you.com\/wp-content\/uploads\/2024\/06\/558954-2.jpg\",\"datePublished\":\"2024-06-20T12:13:24+00:00\",\"dateModified\":\"2024-06-26T14:41:26+00:00\",\"breadcrumb\":{\"@id\":\"https:\/\/mueble4you.com\/de\/productos\/tumbona-cross-con-rueda-azul\/#breadcrumb\"},\"inLanguage\":\"de\",\"potentialAction\":[{\"@type\":\"ReadAction\",\"target\":[\"https:\/\/mueble4you.com\/de\/productos\/tumbona-cross-con-rueda-azul\/\"]}]},{\"@type\":\"ImageObject\",\"inLanguage\":\"de\",\"@id\":\"https:\/\/mueble4you.com\/de\/productos\/tumbona-cross-con-rueda-azul\/#primaryimage\",\"url\":\"https:\/\/mueble4you.com\/wp-content\/uploads\/2024\/06\/558954-2.jpg\",\"contentUrl\":\"https:\/\/mueble4you.com\/wp-content\/uploads\/2024\/06\/558954-2.jpg\",\"width\":1150,\"height\":835},{\"@type\":\"BreadcrumbList\",\"@id\":\"https:\/\/mueble4you.com\/de\/productos\/tumbona-cross-con-rueda-azul\/#breadcrumb\",\"itemListElement\":[{\"@type\":\"ListItem\",\"position\":1,\"name\":\"Portada\",\"item\":\"https:\/\/mueble4you.com\/de\/\"},{\"@type\":\"ListItem\",\"position\":2,\"name\":\"Productos\",\"item\":\"https:\/\/mueble4you.com\/productos\/\"},{\"@type\":\"ListItem\",\"position\":3,\"name\":\"CROSS LOUNGE MIT BLAUEM RAD\"}]},{\"@type\":\"WebSite\",\"@id\":\"https:\/\/mueble4you.com\/#website\",\"url\":\"https:\/\/mueble4you.com\/\",\"name\":\"mueble4you\",\"description\":\"M\u00f6bel in Teneriffa\",\"potentialAction\":[{\"@type\":\"SearchAction\",\"target\":{\"@type\":\"EntryPoint\",\"urlTemplate\":\"https:\/\/mueble4you.com\/?s={search_term_string}\"},\"query-input\":{\"@type\":\"PropertyValueSpecification\",\"valueRequired\":true,\"valueName\":\"search_term_string\"}}],\"inLanguage\":\"de\"}]}<\/script>\n<!-- \/ Yoast SEO plugin. -->","yoast_head_json":{"title":"CROSS LOUNGE MIT BLAUEM RAD | mueble4you","robots":{"index":"index","follow":"follow","max-snippet":"max-snippet:-1","max-image-preview":"max-image-preview:large","max-video-preview":"max-video-preview:-1"},"canonical":"https:\/\/mueble4you.com\/de\/productos\/tumbona-cross-con-rueda-azul\/","og_locale":"de_DE","og_type":"article","og_title":"CROSS LOUNGE MIT BLAUEM RAD | mueble4you","og_description":"Liege im klassischen Design. Die Struktur besteht aus eloxiertem Aluminium und der Sitz aus Textilene. Die Liege hat eine klassische und schlichte Linie. Der Baldachin sch\u00fctzt Ihr Gesicht vor den Sonnenstrahlen. Die Liege l\u00e4sst sich f\u00fcr eine einfache und platzsparende Aufbewahrung zusammenklappen und l\u00e4sst sich f\u00fcr maximalen Komfort in 4 verschiedene Positionen zur\u00fccklehnen.","og_url":"https:\/\/mueble4you.com\/de\/productos\/tumbona-cross-con-rueda-azul\/","og_site_name":"mueble4you","article_modified_time":"2024-06-26T14:41:26+00:00","og_image":[{"width":1150,"height":835,"url":"https:\/\/mueble4you.com\/wp-content\/uploads\/2024\/06\/558954-2.jpg","type":"image\/jpeg"}],"twitter_card":"summary_large_image","schema":{"@context":"https:\/\/schema.org","@graph":[{"@type":"WebPage","@id":"https:\/\/mueble4you.com\/de\/productos\/tumbona-cross-con-rueda-azul\/","url":"https:\/\/mueble4you.com\/de\/productos\/tumbona-cross-con-rueda-azul\/","name":"CROSS LOUNGE MIT BLAUEM RAD | mueble4you","isPartOf":{"@id":"https:\/\/mueble4you.com\/#website"},"primaryImageOfPage":{"@id":"https:\/\/mueble4you.com\/de\/productos\/tumbona-cross-con-rueda-azul\/#primaryimage"},"image":{"@id":"https:\/\/mueble4you.com\/de\/productos\/tumbona-cross-con-rueda-azul\/#primaryimage"},"thumbnailUrl":"https:\/\/mueble4you.com\/wp-content\/uploads\/2024\/06\/558954-2.jpg","datePublished":"2024-06-20T12:13:24+00:00","dateModified":"2024-06-26T14:41:26+00:00","breadcrumb":{"@id":"https:\/\/mueble4you.com\/de\/productos\/tumbona-cross-con-rueda-azul\/#breadcrumb"},"inLanguage":"de","potentialAction":[{"@type":"ReadAction","target":["https:\/\/mueble4you.com\/de\/productos\/tumbona-cross-con-rueda-azul\/"]}]},{"@type":"ImageObject","inLanguage":"de","@id":"https:\/\/mueble4you.com\/de\/productos\/tumbona-cross-con-rueda-azul\/#primaryimage","url":"https:\/\/mueble4you.com\/wp-content\/uploads\/2024\/06\/558954-2.jpg","contentUrl":"https:\/\/mueble4you.com\/wp-content\/uploads\/2024\/06\/558954-2.jpg","width":1150,"height":835},{"@type":"BreadcrumbList","@id":"https:\/\/mueble4you.com\/de\/productos\/tumbona-cross-con-rueda-azul\/#breadcrumb","itemListElement":[{"@type":"ListItem","position":1,"name":"Portada","item":"https:\/\/mueble4you.com\/de\/"},{"@type":"ListItem","position":2,"name":"Productos","item":"https:\/\/mueble4you.com\/productos\/"},{"@type":"ListItem","position":3,"name":"CROSS LOUNGE MIT BLAUEM RAD"}]},{"@type":"WebSite","@id":"https:\/\/mueble4you.com\/#website","url":"https:\/\/mueble4you.com\/","name":"mueble4you","description":"M\u00f6bel in Teneriffa","potentialAction":[{"@type":"SearchAction","target":{"@type":"EntryPoint","urlTemplate":"https:\/\/mueble4you.com\/?s={search_term_string}"},"query-input":{"@type":"PropertyValueSpecification","valueRequired":true,"valueName":"search_term_string"}}],"inLanguage":"de"}]}},"_links":{"self":[{"href":"https:\/\/mueble4you.com\/de\/wp-json\/wp\/v2\/product\/73407","targetHints":{"allow":["GET"]}}],"collection":[{"href":"https:\/\/mueble4you.com\/de\/wp-json\/wp\/v2\/product"}],"about":[{"href":"https:\/\/mueble4you.com\/de\/wp-json\/wp\/v2\/types\/product"}],"wp:featuredmedia":[{"embeddable":true,"href":"https:\/\/mueble4you.com\/de\/wp-json\/wp\/v2\/media\/73383"}],"wp:attachment":[{"href":"https:\/\/mueble4you.com\/de\/wp-json\/wp\/v2\/media?parent=73407"}],"wp:term":[{"taxonomy":"product_brand","embeddable":true,"href":"https:\/\/mueble4you.com\/de\/wp-json\/wp\/v2\/product_brand?post=73407"},{"taxonomy":"product_cat","embeddable":true,"href":"https:\/\/mueble4you.com\/de\/wp-json\/wp\/v2\/product_cat?post=73407"},{"taxonomy":"product_tag","embeddable":true,"href":"https:\/\/mueble4you.com\/de\/wp-json\/wp\/v2\/product_tag?post=73407"}],"curies":[{"name":"wp","href":"https:\/\/api.w.org\/{rel}","templated":true}]}}