{"id":72246,"date":"2024-04-26T16:44:57","date_gmt":"2024-04-26T16:44:57","guid":{"rendered":"https:\/\/mueble4you.com\/productos\/lander-sofa-maxi-245cm-origami-42\/"},"modified":"2024-04-29T12:24:28","modified_gmt":"2024-04-29T12:24:28","slug":"lander-sofa-maxi-245cm-origami-42","status":"publish","type":"product","link":"https:\/\/mueble4you.com\/de\/productos\/lander-sofa-maxi-245cm-origami-42\/","title":{"rendered":"LANDER SOFA MAXI 2,45 CM ORIGAMI 42."},"content":{"rendered":"<ul>\n<li id=\"tw-target-text\" class=\"tw-data-text tw-text-large tw-ta\" dir=\"ltr\" data-placeholder=\"Traducci\u00f3n\" aria-label=\"Texto traducido\" data-ved=\"2ahUKEwjetfO3rOeFAxVuVvEDHe--Cl4Q3ewLegQIBRAU\"><span class=\"Y2IQFc\" lang=\"de\">Ma\u00dfe: 245x103cm.<\/span><\/li>\n<li class=\"tw-data-text tw-text-large tw-ta\" dir=\"ltr\" data-placeholder=\"Traducci\u00f3n\" aria-label=\"Texto traducido\" data-ved=\"2ahUKEwjetfO3rOeFAxVuVvEDHe--Cl4Q3ewLegQIBRAU\"><span class=\"Y2IQFc\" lang=\"de\">Auf Anfrage auch in anderen Gr\u00f6\u00dfen und Farben erh\u00e4ltlich.<\/span><\/li>\n<\/ul>\n","protected":false},"excerpt":{"rendered":"<p>Ma\u00dfe: 245x103cm. Auf Anfrage auch in anderen Gr\u00f6\u00dfen und Farben erh\u00e4ltlich.<\/p>\n","protected":false},"featured_media":72242,"template":"","meta":[],"product_brand":[],"product_cat":[273,272],"product_tag":[],"class_list":{"0":"post-72246","1":"product","2":"type-product","3":"status-publish","4":"has-post-thumbnail","6":"product_cat-sofas-wohnzimmer","7":"product_cat-wohnzimmer","9":"first","10":"instock","11":"shipping-taxable","12":"product-type-simple"},"yoast_head":"<!-- This site is optimized with the Yoast SEO plugin v27.3 - https:\/\/yoast.com\/product\/yoast-seo-wordpress\/ -->\n<title>LANDER SOFA MAXI 2,45 CM ORIGAMI 42. | mueble4you<\/title>\n<meta name=\"robots\" content=\"index, follow, max-snippet:-1, max-image-preview:large, max-video-preview:-1\" \/>\n<link rel=\"canonical\" href=\"https:\/\/mueble4you.com\/de\/productos\/lander-sofa-maxi-245cm-origami-42\/\" \/>\n<meta property=\"og:locale\" content=\"de_DE\" \/>\n<meta property=\"og:type\" content=\"article\" \/>\n<meta property=\"og:title\" content=\"LANDER SOFA MAXI 2,45 CM ORIGAMI 42. | mueble4you\" \/>\n<meta property=\"og:description\" content=\"Ma\u00dfe: 245x103cm. Auf Anfrage auch in anderen Gr\u00f6\u00dfen und Farben erh\u00e4ltlich.\" \/>\n<meta property=\"og:url\" content=\"https:\/\/mueble4you.com\/de\/productos\/lander-sofa-maxi-245cm-origami-42\/\" \/>\n<meta property=\"og:site_name\" content=\"mueble4you\" \/>\n<meta property=\"article:modified_time\" content=\"2024-04-29T12:24:28+00:00\" \/>\n<meta property=\"og:image\" content=\"https:\/\/mueble4you.com\/wp-content\/uploads\/2024\/04\/IMG20240426163727-scaled.jpg\" \/>\n\t<meta property=\"og:image:width\" content=\"2560\" \/>\n\t<meta property=\"og:image:height\" content=\"1920\" \/>\n\t<meta property=\"og:image:type\" content=\"image\/jpeg\" \/>\n<meta name=\"twitter:card\" content=\"summary_large_image\" \/>\n<script type=\"application\/ld+json\" class=\"yoast-schema-graph\">{\"@context\":\"https:\\\/\\\/schema.org\",\"@graph\":[{\"@type\":\"WebPage\",\"@id\":\"https:\\\/\\\/mueble4you.com\\\/de\\\/productos\\\/lander-sofa-maxi-245cm-origami-42\\\/\",\"url\":\"https:\\\/\\\/mueble4you.com\\\/de\\\/productos\\\/lander-sofa-maxi-245cm-origami-42\\\/\",\"name\":\"LANDER SOFA MAXI 2,45 CM ORIGAMI 42. | mueble4you\",\"isPartOf\":{\"@id\":\"https:\\\/\\\/mueble4you.com\\\/#website\"},\"primaryImageOfPage\":{\"@id\":\"https:\\\/\\\/mueble4you.com\\\/de\\\/productos\\\/lander-sofa-maxi-245cm-origami-42\\\/#primaryimage\"},\"image\":{\"@id\":\"https:\\\/\\\/mueble4you.com\\\/de\\\/productos\\\/lander-sofa-maxi-245cm-origami-42\\\/#primaryimage\"},\"thumbnailUrl\":\"https:\\\/\\\/mueble4you.com\\\/wp-content\\\/uploads\\\/2024\\\/04\\\/IMG20240426163727-scaled.jpg\",\"datePublished\":\"2024-04-26T16:44:57+00:00\",\"dateModified\":\"2024-04-29T12:24:28+00:00\",\"breadcrumb\":{\"@id\":\"https:\\\/\\\/mueble4you.com\\\/de\\\/productos\\\/lander-sofa-maxi-245cm-origami-42\\\/#breadcrumb\"},\"inLanguage\":\"de\",\"potentialAction\":[{\"@type\":\"ReadAction\",\"target\":[\"https:\\\/\\\/mueble4you.com\\\/de\\\/productos\\\/lander-sofa-maxi-245cm-origami-42\\\/\"]}]},{\"@type\":\"ImageObject\",\"inLanguage\":\"de\",\"@id\":\"https:\\\/\\\/mueble4you.com\\\/de\\\/productos\\\/lander-sofa-maxi-245cm-origami-42\\\/#primaryimage\",\"url\":\"https:\\\/\\\/mueble4you.com\\\/wp-content\\\/uploads\\\/2024\\\/04\\\/IMG20240426163727-scaled.jpg\",\"contentUrl\":\"https:\\\/\\\/mueble4you.com\\\/wp-content\\\/uploads\\\/2024\\\/04\\\/IMG20240426163727-scaled.jpg\",\"width\":2560,\"height\":1920},{\"@type\":\"BreadcrumbList\",\"@id\":\"https:\\\/\\\/mueble4you.com\\\/de\\\/productos\\\/lander-sofa-maxi-245cm-origami-42\\\/#breadcrumb\",\"itemListElement\":[{\"@type\":\"ListItem\",\"position\":1,\"name\":\"Portada\",\"item\":\"https:\\\/\\\/mueble4you.com\\\/de\\\/\"},{\"@type\":\"ListItem\",\"position\":2,\"name\":\"Productos\",\"item\":\"https:\\\/\\\/mueble4you.com\\\/productos\\\/\"},{\"@type\":\"ListItem\",\"position\":3,\"name\":\"LANDER SOFA MAXI 2,45 CM ORIGAMI 42.\"}]},{\"@type\":\"WebSite\",\"@id\":\"https:\\\/\\\/mueble4you.com\\\/#website\",\"url\":\"https:\\\/\\\/mueble4you.com\\\/\",\"name\":\"mueble4you\",\"description\":\"M\u00f6bel in Teneriffa\",\"potentialAction\":[{\"@type\":\"SearchAction\",\"target\":{\"@type\":\"EntryPoint\",\"urlTemplate\":\"https:\\\/\\\/mueble4you.com\\\/?s={search_term_string}\"},\"query-input\":{\"@type\":\"PropertyValueSpecification\",\"valueRequired\":true,\"valueName\":\"search_term_string\"}}],\"inLanguage\":\"de\"}]}<\/script>\n<!-- \/ Yoast SEO plugin. -->","yoast_head_json":{"title":"LANDER SOFA MAXI 2,45 CM ORIGAMI 42. | mueble4you","robots":{"index":"index","follow":"follow","max-snippet":"max-snippet:-1","max-image-preview":"max-image-preview:large","max-video-preview":"max-video-preview:-1"},"canonical":"https:\/\/mueble4you.com\/de\/productos\/lander-sofa-maxi-245cm-origami-42\/","og_locale":"de_DE","og_type":"article","og_title":"LANDER SOFA MAXI 2,45 CM ORIGAMI 42. | mueble4you","og_description":"Ma\u00dfe: 245x103cm. Auf Anfrage auch in anderen Gr\u00f6\u00dfen und Farben erh\u00e4ltlich.","og_url":"https:\/\/mueble4you.com\/de\/productos\/lander-sofa-maxi-245cm-origami-42\/","og_site_name":"mueble4you","article_modified_time":"2024-04-29T12:24:28+00:00","og_image":[{"width":2560,"height":1920,"url":"https:\/\/mueble4you.com\/wp-content\/uploads\/2024\/04\/IMG20240426163727-scaled.jpg","type":"image\/jpeg"}],"twitter_card":"summary_large_image","schema":{"@context":"https:\/\/schema.org","@graph":[{"@type":"WebPage","@id":"https:\/\/mueble4you.com\/de\/productos\/lander-sofa-maxi-245cm-origami-42\/","url":"https:\/\/mueble4you.com\/de\/productos\/lander-sofa-maxi-245cm-origami-42\/","name":"LANDER SOFA MAXI 2,45 CM ORIGAMI 42. | mueble4you","isPartOf":{"@id":"https:\/\/mueble4you.com\/#website"},"primaryImageOfPage":{"@id":"https:\/\/mueble4you.com\/de\/productos\/lander-sofa-maxi-245cm-origami-42\/#primaryimage"},"image":{"@id":"https:\/\/mueble4you.com\/de\/productos\/lander-sofa-maxi-245cm-origami-42\/#primaryimage"},"thumbnailUrl":"https:\/\/mueble4you.com\/wp-content\/uploads\/2024\/04\/IMG20240426163727-scaled.jpg","datePublished":"2024-04-26T16:44:57+00:00","dateModified":"2024-04-29T12:24:28+00:00","breadcrumb":{"@id":"https:\/\/mueble4you.com\/de\/productos\/lander-sofa-maxi-245cm-origami-42\/#breadcrumb"},"inLanguage":"de","potentialAction":[{"@type":"ReadAction","target":["https:\/\/mueble4you.com\/de\/productos\/lander-sofa-maxi-245cm-origami-42\/"]}]},{"@type":"ImageObject","inLanguage":"de","@id":"https:\/\/mueble4you.com\/de\/productos\/lander-sofa-maxi-245cm-origami-42\/#primaryimage","url":"https:\/\/mueble4you.com\/wp-content\/uploads\/2024\/04\/IMG20240426163727-scaled.jpg","contentUrl":"https:\/\/mueble4you.com\/wp-content\/uploads\/2024\/04\/IMG20240426163727-scaled.jpg","width":2560,"height":1920},{"@type":"BreadcrumbList","@id":"https:\/\/mueble4you.com\/de\/productos\/lander-sofa-maxi-245cm-origami-42\/#breadcrumb","itemListElement":[{"@type":"ListItem","position":1,"name":"Portada","item":"https:\/\/mueble4you.com\/de\/"},{"@type":"ListItem","position":2,"name":"Productos","item":"https:\/\/mueble4you.com\/productos\/"},{"@type":"ListItem","position":3,"name":"LANDER SOFA MAXI 2,45 CM ORIGAMI 42."}]},{"@type":"WebSite","@id":"https:\/\/mueble4you.com\/#website","url":"https:\/\/mueble4you.com\/","name":"mueble4you","description":"M\u00f6bel in Teneriffa","potentialAction":[{"@type":"SearchAction","target":{"@type":"EntryPoint","urlTemplate":"https:\/\/mueble4you.com\/?s={search_term_string}"},"query-input":{"@type":"PropertyValueSpecification","valueRequired":true,"valueName":"search_term_string"}}],"inLanguage":"de"}]}},"_links":{"self":[{"href":"https:\/\/mueble4you.com\/de\/wp-json\/wp\/v2\/product\/72246","targetHints":{"allow":["GET"]}}],"collection":[{"href":"https:\/\/mueble4you.com\/de\/wp-json\/wp\/v2\/product"}],"about":[{"href":"https:\/\/mueble4you.com\/de\/wp-json\/wp\/v2\/types\/product"}],"wp:featuredmedia":[{"embeddable":true,"href":"https:\/\/mueble4you.com\/de\/wp-json\/wp\/v2\/media\/72242"}],"wp:attachment":[{"href":"https:\/\/mueble4you.com\/de\/wp-json\/wp\/v2\/media?parent=72246"}],"wp:term":[{"taxonomy":"product_brand","embeddable":true,"href":"https:\/\/mueble4you.com\/de\/wp-json\/wp\/v2\/product_brand?post=72246"},{"taxonomy":"product_cat","embeddable":true,"href":"https:\/\/mueble4you.com\/de\/wp-json\/wp\/v2\/product_cat?post=72246"},{"taxonomy":"product_tag","embeddable":true,"href":"https:\/\/mueble4you.com\/de\/wp-json\/wp\/v2\/product_tag?post=72246"}],"curies":[{"name":"wp","href":"https:\/\/api.w.org\/{rel}","templated":true}]}}