{"id":71831,"date":"2024-04-22T12:10:34","date_gmt":"2024-04-22T12:10:34","guid":{"rendered":"https:\/\/mueble4you.com\/productos\/mesa-comedor-backlyn\/"},"modified":"2024-04-23T16:01:33","modified_gmt":"2024-04-23T16:01:33","slug":"mesa-comedor-backlyn","status":"publish","type":"product","link":"https:\/\/mueble4you.com\/de\/productos\/mesa-comedor-backlyn\/","title":{"rendered":"BACKLYN-ESSTISCH."},"content":{"rendered":"<ul>\n<li>Der Backlyn Esstisch definiert gro\u00dfz\u00fcgigen Luxus mit seinen Ma\u00dfen von 270 x 110 x 76 cm neu.<\/li>\n<li>Dieser gro\u00dfe, rechteckige, moderne Esstisch ist aus naturfarbenem Kiefernholz gefertigt und eignet sich f\u00fcr lange Mahlzeiten und Familientreffen, ohne seine Aura von Modernit\u00e4t und Eleganz zu verlieren.<\/li>\n<li>Seine Gr\u00f6\u00dfe hei\u00dft jeden bequem willkommen und verspricht unvergessliche Momente.<\/li>\n<li>Breite: 270 cm, Tiefe: 110 cm, H\u00f6he: 76 cm.<\/li>\n<\/ul>\n","protected":false},"excerpt":{"rendered":"<p>Der Backlyn Esstisch definiert gro\u00dfz\u00fcgigen Luxus mit seinen Ma\u00dfen von 270 x 110 x 76 cm neu. Dieser gro\u00dfe, rechteckige, moderne Esstisch ist aus naturfarbenem Kiefernholz gefertigt und eignet sich f\u00fcr lange Mahlzeiten und Familientreffen, ohne seine Aura von Modernit\u00e4t und Eleganz zu verlieren. Seine Gr\u00f6\u00dfe hei\u00dft jeden bequem willkommen und verspricht unvergessliche Momente. Breite: [&#8230;]\n","protected":false},"featured_media":71817,"template":"","meta":[],"product_brand":[],"product_cat":[349,268],"product_tag":[],"class_list":{"0":"post-71831","1":"product","2":"type-product","3":"status-publish","4":"has-post-thumbnail","6":"product_cat-esstische","7":"product_cat-esszimmer","9":"first","10":"instock","11":"shipping-taxable","12":"product-type-simple"},"yoast_head":"<!-- This site is optimized with the Yoast SEO plugin v27.3 - https:\/\/yoast.com\/product\/yoast-seo-wordpress\/ -->\n<title>BACKLYN-ESSTISCH. | mueble4you<\/title>\n<meta name=\"robots\" content=\"index, follow, max-snippet:-1, max-image-preview:large, max-video-preview:-1\" \/>\n<link rel=\"canonical\" href=\"https:\/\/mueble4you.com\/de\/productos\/mesa-comedor-backlyn\/\" \/>\n<meta property=\"og:locale\" content=\"de_DE\" \/>\n<meta property=\"og:type\" content=\"article\" \/>\n<meta property=\"og:title\" content=\"BACKLYN-ESSTISCH. | mueble4you\" \/>\n<meta property=\"og:description\" content=\"Der Backlyn Esstisch definiert gro\u00dfz\u00fcgigen Luxus mit seinen Ma\u00dfen von 270 x 110 x 76 cm neu. Dieser gro\u00dfe, rechteckige, moderne Esstisch ist aus naturfarbenem Kiefernholz gefertigt und eignet sich f\u00fcr lange Mahlzeiten und Familientreffen, ohne seine Aura von Modernit\u00e4t und Eleganz zu verlieren. Seine Gr\u00f6\u00dfe hei\u00dft jeden bequem willkommen und verspricht unvergessliche Momente. Breite: [...]\" \/>\n<meta property=\"og:url\" content=\"https:\/\/mueble4you.com\/de\/productos\/mesa-comedor-backlyn\/\" \/>\n<meta property=\"og:site_name\" content=\"mueble4you\" \/>\n<meta property=\"article:modified_time\" content=\"2024-04-23T16:01:33+00:00\" \/>\n<meta property=\"og:image\" content=\"https:\/\/mueble4you.com\/wp-content\/uploads\/2024\/04\/33398.jpg\" \/>\n\t<meta property=\"og:image:width\" content=\"1920\" \/>\n\t<meta property=\"og:image:height\" content=\"1920\" \/>\n\t<meta property=\"og:image:type\" content=\"image\/jpeg\" \/>\n<meta name=\"twitter:card\" content=\"summary_large_image\" \/>\n<script type=\"application\/ld+json\" class=\"yoast-schema-graph\">{\"@context\":\"https:\\\/\\\/schema.org\",\"@graph\":[{\"@type\":\"WebPage\",\"@id\":\"https:\\\/\\\/mueble4you.com\\\/de\\\/productos\\\/mesa-comedor-backlyn\\\/\",\"url\":\"https:\\\/\\\/mueble4you.com\\\/de\\\/productos\\\/mesa-comedor-backlyn\\\/\",\"name\":\"BACKLYN-ESSTISCH. | mueble4you\",\"isPartOf\":{\"@id\":\"https:\\\/\\\/mueble4you.com\\\/#website\"},\"primaryImageOfPage\":{\"@id\":\"https:\\\/\\\/mueble4you.com\\\/de\\\/productos\\\/mesa-comedor-backlyn\\\/#primaryimage\"},\"image\":{\"@id\":\"https:\\\/\\\/mueble4you.com\\\/de\\\/productos\\\/mesa-comedor-backlyn\\\/#primaryimage\"},\"thumbnailUrl\":\"https:\\\/\\\/mueble4you.com\\\/wp-content\\\/uploads\\\/2024\\\/04\\\/33398.jpg\",\"datePublished\":\"2024-04-22T12:10:34+00:00\",\"dateModified\":\"2024-04-23T16:01:33+00:00\",\"breadcrumb\":{\"@id\":\"https:\\\/\\\/mueble4you.com\\\/de\\\/productos\\\/mesa-comedor-backlyn\\\/#breadcrumb\"},\"inLanguage\":\"de\",\"potentialAction\":[{\"@type\":\"ReadAction\",\"target\":[\"https:\\\/\\\/mueble4you.com\\\/de\\\/productos\\\/mesa-comedor-backlyn\\\/\"]}]},{\"@type\":\"ImageObject\",\"inLanguage\":\"de\",\"@id\":\"https:\\\/\\\/mueble4you.com\\\/de\\\/productos\\\/mesa-comedor-backlyn\\\/#primaryimage\",\"url\":\"https:\\\/\\\/mueble4you.com\\\/wp-content\\\/uploads\\\/2024\\\/04\\\/33398.jpg\",\"contentUrl\":\"https:\\\/\\\/mueble4you.com\\\/wp-content\\\/uploads\\\/2024\\\/04\\\/33398.jpg\",\"width\":1920,\"height\":1920},{\"@type\":\"BreadcrumbList\",\"@id\":\"https:\\\/\\\/mueble4you.com\\\/de\\\/productos\\\/mesa-comedor-backlyn\\\/#breadcrumb\",\"itemListElement\":[{\"@type\":\"ListItem\",\"position\":1,\"name\":\"Portada\",\"item\":\"https:\\\/\\\/mueble4you.com\\\/de\\\/\"},{\"@type\":\"ListItem\",\"position\":2,\"name\":\"Productos\",\"item\":\"https:\\\/\\\/mueble4you.com\\\/productos\\\/\"},{\"@type\":\"ListItem\",\"position\":3,\"name\":\"BACKLYN-ESSTISCH.\"}]},{\"@type\":\"WebSite\",\"@id\":\"https:\\\/\\\/mueble4you.com\\\/#website\",\"url\":\"https:\\\/\\\/mueble4you.com\\\/\",\"name\":\"mueble4you\",\"description\":\"M\u00f6bel in Teneriffa\",\"potentialAction\":[{\"@type\":\"SearchAction\",\"target\":{\"@type\":\"EntryPoint\",\"urlTemplate\":\"https:\\\/\\\/mueble4you.com\\\/?s={search_term_string}\"},\"query-input\":{\"@type\":\"PropertyValueSpecification\",\"valueRequired\":true,\"valueName\":\"search_term_string\"}}],\"inLanguage\":\"de\"}]}<\/script>\n<!-- \/ Yoast SEO plugin. -->","yoast_head_json":{"title":"BACKLYN-ESSTISCH. | mueble4you","robots":{"index":"index","follow":"follow","max-snippet":"max-snippet:-1","max-image-preview":"max-image-preview:large","max-video-preview":"max-video-preview:-1"},"canonical":"https:\/\/mueble4you.com\/de\/productos\/mesa-comedor-backlyn\/","og_locale":"de_DE","og_type":"article","og_title":"BACKLYN-ESSTISCH. | mueble4you","og_description":"Der Backlyn Esstisch definiert gro\u00dfz\u00fcgigen Luxus mit seinen Ma\u00dfen von 270 x 110 x 76 cm neu. Dieser gro\u00dfe, rechteckige, moderne Esstisch ist aus naturfarbenem Kiefernholz gefertigt und eignet sich f\u00fcr lange Mahlzeiten und Familientreffen, ohne seine Aura von Modernit\u00e4t und Eleganz zu verlieren. Seine Gr\u00f6\u00dfe hei\u00dft jeden bequem willkommen und verspricht unvergessliche Momente. Breite: [...]","og_url":"https:\/\/mueble4you.com\/de\/productos\/mesa-comedor-backlyn\/","og_site_name":"mueble4you","article_modified_time":"2024-04-23T16:01:33+00:00","og_image":[{"width":1920,"height":1920,"url":"https:\/\/mueble4you.com\/wp-content\/uploads\/2024\/04\/33398.jpg","type":"image\/jpeg"}],"twitter_card":"summary_large_image","schema":{"@context":"https:\/\/schema.org","@graph":[{"@type":"WebPage","@id":"https:\/\/mueble4you.com\/de\/productos\/mesa-comedor-backlyn\/","url":"https:\/\/mueble4you.com\/de\/productos\/mesa-comedor-backlyn\/","name":"BACKLYN-ESSTISCH. | mueble4you","isPartOf":{"@id":"https:\/\/mueble4you.com\/#website"},"primaryImageOfPage":{"@id":"https:\/\/mueble4you.com\/de\/productos\/mesa-comedor-backlyn\/#primaryimage"},"image":{"@id":"https:\/\/mueble4you.com\/de\/productos\/mesa-comedor-backlyn\/#primaryimage"},"thumbnailUrl":"https:\/\/mueble4you.com\/wp-content\/uploads\/2024\/04\/33398.jpg","datePublished":"2024-04-22T12:10:34+00:00","dateModified":"2024-04-23T16:01:33+00:00","breadcrumb":{"@id":"https:\/\/mueble4you.com\/de\/productos\/mesa-comedor-backlyn\/#breadcrumb"},"inLanguage":"de","potentialAction":[{"@type":"ReadAction","target":["https:\/\/mueble4you.com\/de\/productos\/mesa-comedor-backlyn\/"]}]},{"@type":"ImageObject","inLanguage":"de","@id":"https:\/\/mueble4you.com\/de\/productos\/mesa-comedor-backlyn\/#primaryimage","url":"https:\/\/mueble4you.com\/wp-content\/uploads\/2024\/04\/33398.jpg","contentUrl":"https:\/\/mueble4you.com\/wp-content\/uploads\/2024\/04\/33398.jpg","width":1920,"height":1920},{"@type":"BreadcrumbList","@id":"https:\/\/mueble4you.com\/de\/productos\/mesa-comedor-backlyn\/#breadcrumb","itemListElement":[{"@type":"ListItem","position":1,"name":"Portada","item":"https:\/\/mueble4you.com\/de\/"},{"@type":"ListItem","position":2,"name":"Productos","item":"https:\/\/mueble4you.com\/productos\/"},{"@type":"ListItem","position":3,"name":"BACKLYN-ESSTISCH."}]},{"@type":"WebSite","@id":"https:\/\/mueble4you.com\/#website","url":"https:\/\/mueble4you.com\/","name":"mueble4you","description":"M\u00f6bel in Teneriffa","potentialAction":[{"@type":"SearchAction","target":{"@type":"EntryPoint","urlTemplate":"https:\/\/mueble4you.com\/?s={search_term_string}"},"query-input":{"@type":"PropertyValueSpecification","valueRequired":true,"valueName":"search_term_string"}}],"inLanguage":"de"}]}},"_links":{"self":[{"href":"https:\/\/mueble4you.com\/de\/wp-json\/wp\/v2\/product\/71831","targetHints":{"allow":["GET"]}}],"collection":[{"href":"https:\/\/mueble4you.com\/de\/wp-json\/wp\/v2\/product"}],"about":[{"href":"https:\/\/mueble4you.com\/de\/wp-json\/wp\/v2\/types\/product"}],"wp:featuredmedia":[{"embeddable":true,"href":"https:\/\/mueble4you.com\/de\/wp-json\/wp\/v2\/media\/71817"}],"wp:attachment":[{"href":"https:\/\/mueble4you.com\/de\/wp-json\/wp\/v2\/media?parent=71831"}],"wp:term":[{"taxonomy":"product_brand","embeddable":true,"href":"https:\/\/mueble4you.com\/de\/wp-json\/wp\/v2\/product_brand?post=71831"},{"taxonomy":"product_cat","embeddable":true,"href":"https:\/\/mueble4you.com\/de\/wp-json\/wp\/v2\/product_cat?post=71831"},{"taxonomy":"product_tag","embeddable":true,"href":"https:\/\/mueble4you.com\/de\/wp-json\/wp\/v2\/product_tag?post=71831"}],"curies":[{"name":"wp","href":"https:\/\/api.w.org\/{rel}","templated":true}]}}