{"id":71811,"date":"2024-04-22T11:59:49","date_gmt":"2024-04-22T11:59:49","guid":{"rendered":"https:\/\/mueble4you.com\/productos\/buffet-daru\/"},"modified":"2024-04-23T15:40:46","modified_gmt":"2024-04-23T15:40:46","slug":"buffet-daru","status":"publish","type":"product","link":"https:\/\/mueble4you.com\/de\/productos\/buffet-daru\/","title":{"rendered":"DARU-BUFFET."},"content":{"rendered":"<div>Beim Daru Buffet vereinen sich Kunst und Funktion. Dieses vom Art-d\u00e9co-Design inspirierte und aus Eisen gefertigte Buffet zeichnet sich durch seine dreifarbige Farbpalette aus: Schwarz, Wei\u00df und Gold. Harz- und Messingdetails sorgen f\u00fcr einen zus\u00e4tzlichen Hauch von Raffinesse. Das Art-Deco-Buffet Daru ist nicht nur ein funktionales M\u00f6belst\u00fcck, sondern auch ein Kunstwerk, das die Blicke auf sich zieht und mit seinem einzigartigen Design jede Umgebung erg\u00e4nzt. Ein meisterhaftes St\u00fcck f\u00fcr geschmackvolle H\u00e4user.<\/div>\n<div><\/div>\n<div>Breite: 180 cm, Tiefe: 40 cm, H\u00f6he: 81 cm<\/div>\n","protected":false},"excerpt":{"rendered":"<p>Beim Daru Buffet vereinen sich Kunst und Funktion. Dieses vom Art-d\u00e9co-Design inspirierte und aus Eisen gefertigte Buffet zeichnet sich durch seine dreifarbige Farbpalette aus: Schwarz, Wei\u00df und Gold. Harz- und Messingdetails sorgen f\u00fcr einen zus\u00e4tzlichen Hauch von Raffinesse. Das Art-Deco-Buffet Daru ist nicht nur ein funktionales M\u00f6belst\u00fcck, sondern auch ein Kunstwerk, das die Blicke auf [&#8230;]\n","protected":false},"featured_media":71791,"template":"","meta":[],"product_brand":[],"product_cat":[500,272],"product_tag":[],"class_list":{"0":"post-71811","1":"product","2":"type-product","3":"status-publish","4":"has-post-thumbnail","6":"product_cat-sideboards-de","7":"product_cat-wohnzimmer","9":"first","10":"instock","11":"shipping-taxable","12":"product-type-simple"},"yoast_head":"<!-- This site is optimized with the Yoast SEO plugin v27.2 - https:\/\/yoast.com\/product\/yoast-seo-wordpress\/ -->\n<title>DARU-BUFFET. | mueble4you<\/title>\n<meta name=\"robots\" content=\"index, follow, max-snippet:-1, max-image-preview:large, max-video-preview:-1\" \/>\n<link rel=\"canonical\" href=\"https:\/\/mueble4you.com\/de\/productos\/buffet-daru\/\" \/>\n<meta property=\"og:locale\" content=\"de_DE\" \/>\n<meta property=\"og:type\" content=\"article\" \/>\n<meta property=\"og:title\" content=\"DARU-BUFFET. | mueble4you\" \/>\n<meta property=\"og:description\" content=\"Beim Daru Buffet vereinen sich Kunst und Funktion. Dieses vom Art-d\u00e9co-Design inspirierte und aus Eisen gefertigte Buffet zeichnet sich durch seine dreifarbige Farbpalette aus: Schwarz, Wei\u00df und Gold. Harz- und Messingdetails sorgen f\u00fcr einen zus\u00e4tzlichen Hauch von Raffinesse. Das Art-Deco-Buffet Daru ist nicht nur ein funktionales M\u00f6belst\u00fcck, sondern auch ein Kunstwerk, das die Blicke auf [...]\" \/>\n<meta property=\"og:url\" content=\"https:\/\/mueble4you.com\/de\/productos\/buffet-daru\/\" \/>\n<meta property=\"og:site_name\" content=\"mueble4you\" \/>\n<meta property=\"article:modified_time\" content=\"2024-04-23T15:40:46+00:00\" \/>\n<meta property=\"og:image\" content=\"https:\/\/mueble4you.com\/wp-content\/uploads\/2024\/04\/33379.jpg\" \/>\n\t<meta property=\"og:image:width\" content=\"1920\" \/>\n\t<meta property=\"og:image:height\" content=\"1920\" \/>\n\t<meta property=\"og:image:type\" content=\"image\/jpeg\" \/>\n<meta name=\"twitter:card\" content=\"summary_large_image\" \/>\n<script type=\"application\/ld+json\" class=\"yoast-schema-graph\">{\"@context\":\"https:\/\/schema.org\",\"@graph\":[{\"@type\":\"WebPage\",\"@id\":\"https:\/\/mueble4you.com\/de\/productos\/buffet-daru\/\",\"url\":\"https:\/\/mueble4you.com\/de\/productos\/buffet-daru\/\",\"name\":\"DARU-BUFFET. | mueble4you\",\"isPartOf\":{\"@id\":\"https:\/\/mueble4you.com\/#website\"},\"primaryImageOfPage\":{\"@id\":\"https:\/\/mueble4you.com\/de\/productos\/buffet-daru\/#primaryimage\"},\"image\":{\"@id\":\"https:\/\/mueble4you.com\/de\/productos\/buffet-daru\/#primaryimage\"},\"thumbnailUrl\":\"https:\/\/mueble4you.com\/wp-content\/uploads\/2024\/04\/33379.jpg\",\"datePublished\":\"2024-04-22T11:59:49+00:00\",\"dateModified\":\"2024-04-23T15:40:46+00:00\",\"breadcrumb\":{\"@id\":\"https:\/\/mueble4you.com\/de\/productos\/buffet-daru\/#breadcrumb\"},\"inLanguage\":\"de\",\"potentialAction\":[{\"@type\":\"ReadAction\",\"target\":[\"https:\/\/mueble4you.com\/de\/productos\/buffet-daru\/\"]}]},{\"@type\":\"ImageObject\",\"inLanguage\":\"de\",\"@id\":\"https:\/\/mueble4you.com\/de\/productos\/buffet-daru\/#primaryimage\",\"url\":\"https:\/\/mueble4you.com\/wp-content\/uploads\/2024\/04\/33379.jpg\",\"contentUrl\":\"https:\/\/mueble4you.com\/wp-content\/uploads\/2024\/04\/33379.jpg\",\"width\":1920,\"height\":1920},{\"@type\":\"BreadcrumbList\",\"@id\":\"https:\/\/mueble4you.com\/de\/productos\/buffet-daru\/#breadcrumb\",\"itemListElement\":[{\"@type\":\"ListItem\",\"position\":1,\"name\":\"Portada\",\"item\":\"https:\/\/mueble4you.com\/de\/\"},{\"@type\":\"ListItem\",\"position\":2,\"name\":\"Productos\",\"item\":\"https:\/\/mueble4you.com\/productos\/\"},{\"@type\":\"ListItem\",\"position\":3,\"name\":\"DARU-BUFFET.\"}]},{\"@type\":\"WebSite\",\"@id\":\"https:\/\/mueble4you.com\/#website\",\"url\":\"https:\/\/mueble4you.com\/\",\"name\":\"mueble4you\",\"description\":\"M\u00f6bel in Teneriffa\",\"potentialAction\":[{\"@type\":\"SearchAction\",\"target\":{\"@type\":\"EntryPoint\",\"urlTemplate\":\"https:\/\/mueble4you.com\/?s={search_term_string}\"},\"query-input\":{\"@type\":\"PropertyValueSpecification\",\"valueRequired\":true,\"valueName\":\"search_term_string\"}}],\"inLanguage\":\"de\"}]}<\/script>\n<!-- \/ Yoast SEO plugin. -->","yoast_head_json":{"title":"DARU-BUFFET. | mueble4you","robots":{"index":"index","follow":"follow","max-snippet":"max-snippet:-1","max-image-preview":"max-image-preview:large","max-video-preview":"max-video-preview:-1"},"canonical":"https:\/\/mueble4you.com\/de\/productos\/buffet-daru\/","og_locale":"de_DE","og_type":"article","og_title":"DARU-BUFFET. | mueble4you","og_description":"Beim Daru Buffet vereinen sich Kunst und Funktion. Dieses vom Art-d\u00e9co-Design inspirierte und aus Eisen gefertigte Buffet zeichnet sich durch seine dreifarbige Farbpalette aus: Schwarz, Wei\u00df und Gold. Harz- und Messingdetails sorgen f\u00fcr einen zus\u00e4tzlichen Hauch von Raffinesse. Das Art-Deco-Buffet Daru ist nicht nur ein funktionales M\u00f6belst\u00fcck, sondern auch ein Kunstwerk, das die Blicke auf [...]","og_url":"https:\/\/mueble4you.com\/de\/productos\/buffet-daru\/","og_site_name":"mueble4you","article_modified_time":"2024-04-23T15:40:46+00:00","og_image":[{"width":1920,"height":1920,"url":"https:\/\/mueble4you.com\/wp-content\/uploads\/2024\/04\/33379.jpg","type":"image\/jpeg"}],"twitter_card":"summary_large_image","schema":{"@context":"https:\/\/schema.org","@graph":[{"@type":"WebPage","@id":"https:\/\/mueble4you.com\/de\/productos\/buffet-daru\/","url":"https:\/\/mueble4you.com\/de\/productos\/buffet-daru\/","name":"DARU-BUFFET. | mueble4you","isPartOf":{"@id":"https:\/\/mueble4you.com\/#website"},"primaryImageOfPage":{"@id":"https:\/\/mueble4you.com\/de\/productos\/buffet-daru\/#primaryimage"},"image":{"@id":"https:\/\/mueble4you.com\/de\/productos\/buffet-daru\/#primaryimage"},"thumbnailUrl":"https:\/\/mueble4you.com\/wp-content\/uploads\/2024\/04\/33379.jpg","datePublished":"2024-04-22T11:59:49+00:00","dateModified":"2024-04-23T15:40:46+00:00","breadcrumb":{"@id":"https:\/\/mueble4you.com\/de\/productos\/buffet-daru\/#breadcrumb"},"inLanguage":"de","potentialAction":[{"@type":"ReadAction","target":["https:\/\/mueble4you.com\/de\/productos\/buffet-daru\/"]}]},{"@type":"ImageObject","inLanguage":"de","@id":"https:\/\/mueble4you.com\/de\/productos\/buffet-daru\/#primaryimage","url":"https:\/\/mueble4you.com\/wp-content\/uploads\/2024\/04\/33379.jpg","contentUrl":"https:\/\/mueble4you.com\/wp-content\/uploads\/2024\/04\/33379.jpg","width":1920,"height":1920},{"@type":"BreadcrumbList","@id":"https:\/\/mueble4you.com\/de\/productos\/buffet-daru\/#breadcrumb","itemListElement":[{"@type":"ListItem","position":1,"name":"Portada","item":"https:\/\/mueble4you.com\/de\/"},{"@type":"ListItem","position":2,"name":"Productos","item":"https:\/\/mueble4you.com\/productos\/"},{"@type":"ListItem","position":3,"name":"DARU-BUFFET."}]},{"@type":"WebSite","@id":"https:\/\/mueble4you.com\/#website","url":"https:\/\/mueble4you.com\/","name":"mueble4you","description":"M\u00f6bel in Teneriffa","potentialAction":[{"@type":"SearchAction","target":{"@type":"EntryPoint","urlTemplate":"https:\/\/mueble4you.com\/?s={search_term_string}"},"query-input":{"@type":"PropertyValueSpecification","valueRequired":true,"valueName":"search_term_string"}}],"inLanguage":"de"}]}},"_links":{"self":[{"href":"https:\/\/mueble4you.com\/de\/wp-json\/wp\/v2\/product\/71811","targetHints":{"allow":["GET"]}}],"collection":[{"href":"https:\/\/mueble4you.com\/de\/wp-json\/wp\/v2\/product"}],"about":[{"href":"https:\/\/mueble4you.com\/de\/wp-json\/wp\/v2\/types\/product"}],"wp:featuredmedia":[{"embeddable":true,"href":"https:\/\/mueble4you.com\/de\/wp-json\/wp\/v2\/media\/71791"}],"wp:attachment":[{"href":"https:\/\/mueble4you.com\/de\/wp-json\/wp\/v2\/media?parent=71811"}],"wp:term":[{"taxonomy":"product_brand","embeddable":true,"href":"https:\/\/mueble4you.com\/de\/wp-json\/wp\/v2\/product_brand?post=71811"},{"taxonomy":"product_cat","embeddable":true,"href":"https:\/\/mueble4you.com\/de\/wp-json\/wp\/v2\/product_cat?post=71811"},{"taxonomy":"product_tag","embeddable":true,"href":"https:\/\/mueble4you.com\/de\/wp-json\/wp\/v2\/product_tag?post=71811"}],"curies":[{"name":"wp","href":"https:\/\/api.w.org\/{rel}","templated":true}]}}