{"id":70445,"date":"2024-02-21T10:34:08","date_gmt":"2024-02-21T10:34:08","guid":{"rendered":"https:\/\/mueble4you.com\/productos\/sillon-anita\/"},"modified":"2024-02-26T13:38:07","modified_gmt":"2024-02-26T13:38:07","slug":"sillon-anita","status":"publish","type":"product","link":"https:\/\/mueble4you.com\/de\/productos\/sillon-anita\/","title":{"rendered":"Anita-Sessel."},"content":{"rendered":"<ul>\n<li>Material: PU-Leder + Leder-Freizeitstuhl, 2-in-1-Stuhl \u2013 1-Sitzer-Freizeitstuhl\/Liegestuhl.<\/li>\n<li>Ergonomischer Freizeitstuhl: Damit k\u00f6nnen Sie sich den ganzen Tag wohlf\u00fchlen.<\/li>\n<li>Weichheitsgrad: weich.<\/li>\n<li>Stuhl und St\u00fctze, die der Taille und dem R\u00fccken Halt geben.<\/li>\n<li>Sitzverstellung in mehreren Winkeln \u2013 110\u00b0 bis 160\u00b0 \u2013 Durch Dr\u00fccken verwandelt sich ein Freizeitstuhl in einen Liegestuhl.<\/li>\n<li>4-Sterne-Basis \u2013 Aluminiumdruckguss.<\/li>\n<li><span class=\"Y2IQFc\" lang=\"de\">Gr\u00f6\u00dfe: L\u00e4nge 90 cm x Breite 80 cm x H\u00f6he 62 cm Erh\u00e4ltlich in den Farben Wei\u00df, Mintblau, Grau und Cappuccino-Leder.<\/span><\/li>\n<li><span class=\"Y2IQFc\" lang=\"de\">Elektrischer Stuhl.<\/span><\/li>\n<\/ul>\n","protected":false},"excerpt":{"rendered":"<p><br data-mce-bogus=\"1\"><\/p>\n","protected":false},"featured_media":70441,"template":"","meta":[],"product_brand":[],"product_cat":[365,272],"product_tag":[],"class_list":{"0":"post-70445","1":"product","2":"type-product","3":"status-publish","4":"has-post-thumbnail","6":"product_cat-sessel","7":"product_cat-wohnzimmer","9":"first","10":"instock","11":"shipping-taxable","12":"product-type-simple"},"yoast_head":"<!-- This site is optimized with the Yoast SEO plugin v27.3 - https:\/\/yoast.com\/product\/yoast-seo-wordpress\/ -->\n<title>Anita-Sessel. | mueble4you<\/title>\n<meta name=\"robots\" content=\"index, follow, max-snippet:-1, max-image-preview:large, max-video-preview:-1\" \/>\n<link rel=\"canonical\" href=\"https:\/\/mueble4you.com\/de\/productos\/sillon-anita\/\" \/>\n<meta property=\"og:locale\" content=\"de_DE\" \/>\n<meta property=\"og:type\" content=\"article\" \/>\n<meta property=\"og:title\" content=\"Anita-Sessel. | mueble4you\" \/>\n<meta property=\"og:url\" content=\"https:\/\/mueble4you.com\/de\/productos\/sillon-anita\/\" \/>\n<meta property=\"og:site_name\" content=\"mueble4you\" \/>\n<meta property=\"article:modified_time\" content=\"2024-02-26T13:38:07+00:00\" \/>\n<meta property=\"og:image\" content=\"https:\/\/mueble4you.com\/wp-content\/uploads\/2024\/02\/ANITA.png\" \/>\n\t<meta property=\"og:image:width\" content=\"1920\" \/>\n\t<meta property=\"og:image:height\" content=\"1080\" \/>\n\t<meta property=\"og:image:type\" content=\"image\/png\" \/>\n<meta name=\"twitter:card\" content=\"summary_large_image\" \/>\n<script type=\"application\/ld+json\" class=\"yoast-schema-graph\">{\"@context\":\"https:\\\/\\\/schema.org\",\"@graph\":[{\"@type\":\"WebPage\",\"@id\":\"https:\\\/\\\/mueble4you.com\\\/de\\\/productos\\\/sillon-anita\\\/\",\"url\":\"https:\\\/\\\/mueble4you.com\\\/de\\\/productos\\\/sillon-anita\\\/\",\"name\":\"Anita-Sessel. | mueble4you\",\"isPartOf\":{\"@id\":\"https:\\\/\\\/mueble4you.com\\\/#website\"},\"primaryImageOfPage\":{\"@id\":\"https:\\\/\\\/mueble4you.com\\\/de\\\/productos\\\/sillon-anita\\\/#primaryimage\"},\"image\":{\"@id\":\"https:\\\/\\\/mueble4you.com\\\/de\\\/productos\\\/sillon-anita\\\/#primaryimage\"},\"thumbnailUrl\":\"https:\\\/\\\/mueble4you.com\\\/wp-content\\\/uploads\\\/2024\\\/02\\\/ANITA.png\",\"datePublished\":\"2024-02-21T10:34:08+00:00\",\"dateModified\":\"2024-02-26T13:38:07+00:00\",\"breadcrumb\":{\"@id\":\"https:\\\/\\\/mueble4you.com\\\/de\\\/productos\\\/sillon-anita\\\/#breadcrumb\"},\"inLanguage\":\"de\",\"potentialAction\":[{\"@type\":\"ReadAction\",\"target\":[\"https:\\\/\\\/mueble4you.com\\\/de\\\/productos\\\/sillon-anita\\\/\"]}]},{\"@type\":\"ImageObject\",\"inLanguage\":\"de\",\"@id\":\"https:\\\/\\\/mueble4you.com\\\/de\\\/productos\\\/sillon-anita\\\/#primaryimage\",\"url\":\"https:\\\/\\\/mueble4you.com\\\/wp-content\\\/uploads\\\/2024\\\/02\\\/ANITA.png\",\"contentUrl\":\"https:\\\/\\\/mueble4you.com\\\/wp-content\\\/uploads\\\/2024\\\/02\\\/ANITA.png\",\"width\":1920,\"height\":1080},{\"@type\":\"BreadcrumbList\",\"@id\":\"https:\\\/\\\/mueble4you.com\\\/de\\\/productos\\\/sillon-anita\\\/#breadcrumb\",\"itemListElement\":[{\"@type\":\"ListItem\",\"position\":1,\"name\":\"Portada\",\"item\":\"https:\\\/\\\/mueble4you.com\\\/de\\\/\"},{\"@type\":\"ListItem\",\"position\":2,\"name\":\"Productos\",\"item\":\"https:\\\/\\\/mueble4you.com\\\/productos\\\/\"},{\"@type\":\"ListItem\",\"position\":3,\"name\":\"Anita-Sessel.\"}]},{\"@type\":\"WebSite\",\"@id\":\"https:\\\/\\\/mueble4you.com\\\/#website\",\"url\":\"https:\\\/\\\/mueble4you.com\\\/\",\"name\":\"mueble4you\",\"description\":\"M\u00f6bel in Teneriffa\",\"potentialAction\":[{\"@type\":\"SearchAction\",\"target\":{\"@type\":\"EntryPoint\",\"urlTemplate\":\"https:\\\/\\\/mueble4you.com\\\/?s={search_term_string}\"},\"query-input\":{\"@type\":\"PropertyValueSpecification\",\"valueRequired\":true,\"valueName\":\"search_term_string\"}}],\"inLanguage\":\"de\"}]}<\/script>\n<!-- \/ Yoast SEO plugin. -->","yoast_head_json":{"title":"Anita-Sessel. | mueble4you","robots":{"index":"index","follow":"follow","max-snippet":"max-snippet:-1","max-image-preview":"max-image-preview:large","max-video-preview":"max-video-preview:-1"},"canonical":"https:\/\/mueble4you.com\/de\/productos\/sillon-anita\/","og_locale":"de_DE","og_type":"article","og_title":"Anita-Sessel. | mueble4you","og_url":"https:\/\/mueble4you.com\/de\/productos\/sillon-anita\/","og_site_name":"mueble4you","article_modified_time":"2024-02-26T13:38:07+00:00","og_image":[{"width":1920,"height":1080,"url":"https:\/\/mueble4you.com\/wp-content\/uploads\/2024\/02\/ANITA.png","type":"image\/png"}],"twitter_card":"summary_large_image","schema":{"@context":"https:\/\/schema.org","@graph":[{"@type":"WebPage","@id":"https:\/\/mueble4you.com\/de\/productos\/sillon-anita\/","url":"https:\/\/mueble4you.com\/de\/productos\/sillon-anita\/","name":"Anita-Sessel. | mueble4you","isPartOf":{"@id":"https:\/\/mueble4you.com\/#website"},"primaryImageOfPage":{"@id":"https:\/\/mueble4you.com\/de\/productos\/sillon-anita\/#primaryimage"},"image":{"@id":"https:\/\/mueble4you.com\/de\/productos\/sillon-anita\/#primaryimage"},"thumbnailUrl":"https:\/\/mueble4you.com\/wp-content\/uploads\/2024\/02\/ANITA.png","datePublished":"2024-02-21T10:34:08+00:00","dateModified":"2024-02-26T13:38:07+00:00","breadcrumb":{"@id":"https:\/\/mueble4you.com\/de\/productos\/sillon-anita\/#breadcrumb"},"inLanguage":"de","potentialAction":[{"@type":"ReadAction","target":["https:\/\/mueble4you.com\/de\/productos\/sillon-anita\/"]}]},{"@type":"ImageObject","inLanguage":"de","@id":"https:\/\/mueble4you.com\/de\/productos\/sillon-anita\/#primaryimage","url":"https:\/\/mueble4you.com\/wp-content\/uploads\/2024\/02\/ANITA.png","contentUrl":"https:\/\/mueble4you.com\/wp-content\/uploads\/2024\/02\/ANITA.png","width":1920,"height":1080},{"@type":"BreadcrumbList","@id":"https:\/\/mueble4you.com\/de\/productos\/sillon-anita\/#breadcrumb","itemListElement":[{"@type":"ListItem","position":1,"name":"Portada","item":"https:\/\/mueble4you.com\/de\/"},{"@type":"ListItem","position":2,"name":"Productos","item":"https:\/\/mueble4you.com\/productos\/"},{"@type":"ListItem","position":3,"name":"Anita-Sessel."}]},{"@type":"WebSite","@id":"https:\/\/mueble4you.com\/#website","url":"https:\/\/mueble4you.com\/","name":"mueble4you","description":"M\u00f6bel in Teneriffa","potentialAction":[{"@type":"SearchAction","target":{"@type":"EntryPoint","urlTemplate":"https:\/\/mueble4you.com\/?s={search_term_string}"},"query-input":{"@type":"PropertyValueSpecification","valueRequired":true,"valueName":"search_term_string"}}],"inLanguage":"de"}]}},"_links":{"self":[{"href":"https:\/\/mueble4you.com\/de\/wp-json\/wp\/v2\/product\/70445","targetHints":{"allow":["GET"]}}],"collection":[{"href":"https:\/\/mueble4you.com\/de\/wp-json\/wp\/v2\/product"}],"about":[{"href":"https:\/\/mueble4you.com\/de\/wp-json\/wp\/v2\/types\/product"}],"wp:featuredmedia":[{"embeddable":true,"href":"https:\/\/mueble4you.com\/de\/wp-json\/wp\/v2\/media\/70441"}],"wp:attachment":[{"href":"https:\/\/mueble4you.com\/de\/wp-json\/wp\/v2\/media?parent=70445"}],"wp:term":[{"taxonomy":"product_brand","embeddable":true,"href":"https:\/\/mueble4you.com\/de\/wp-json\/wp\/v2\/product_brand?post=70445"},{"taxonomy":"product_cat","embeddable":true,"href":"https:\/\/mueble4you.com\/de\/wp-json\/wp\/v2\/product_cat?post=70445"},{"taxonomy":"product_tag","embeddable":true,"href":"https:\/\/mueble4you.com\/de\/wp-json\/wp\/v2\/product_tag?post=70445"}],"curies":[{"name":"wp","href":"https:\/\/api.w.org\/{rel}","templated":true}]}}