{"id":7020,"date":"2018-02-20T19:25:58","date_gmt":"2018-02-20T19:25:58","guid":{"rendered":"http:\/\/mueble4you.com\/productos\/tumbona-sara\/"},"modified":"2020-05-02T10:00:56","modified_gmt":"2020-05-02T10:00:56","slug":"sara-sonnenliege","status":"publish","type":"product","link":"https:\/\/mueble4you.com\/de\/productos\/sara-sonnenliege\/","title":{"rendered":"Sara, Sonnenliege"},"content":{"rendered":"<p>Sonnenliege, mit R\u00e4dern, Aluminiumstruktur und halbrundem Korb, mit Kissen f\u00fcr ganzk\u00f6rperdicke 5cm dicke, in verschiedenen Farben erh\u00e4ltlich.<\/p>\n","protected":false},"excerpt":{"rendered":"<p>Sonnenliege, mit R\u00e4dern, Aluminiumstruktur und halbrundem Korb, mit Kissen f\u00fcr ganzk\u00f6rperdicke 5cm dicke, in verschiedenen Farben erh\u00e4ltlich.<\/p>\n","protected":false},"featured_media":7011,"template":"","meta":[],"product_brand":[],"product_cat":[305,325],"product_tag":[],"class_list":{"0":"post-7020","1":"product","2":"type-product","3":"status-publish","4":"has-post-thumbnail","6":"product_cat-gartenmobel","7":"product_cat-sonnenliegen","9":"first","10":"instock","11":"shipping-taxable","12":"product-type-simple"},"yoast_head":"<!-- This site is optimized with the Yoast SEO plugin v27.2 - https:\/\/yoast.com\/product\/yoast-seo-wordpress\/ -->\n<title>Sara, Sonnenliege | mueble4you<\/title>\n<meta name=\"robots\" content=\"index, follow, max-snippet:-1, max-image-preview:large, max-video-preview:-1\" \/>\n<link rel=\"canonical\" href=\"https:\/\/mueble4you.com\/de\/productos\/sara-sonnenliege\/\" \/>\n<meta property=\"og:locale\" content=\"de_DE\" \/>\n<meta property=\"og:type\" content=\"article\" \/>\n<meta property=\"og:title\" content=\"Sara, Sonnenliege | mueble4you\" \/>\n<meta property=\"og:description\" content=\"Sonnenliege, mit R\u00e4dern, Aluminiumstruktur und halbrundem Korb, mit Kissen f\u00fcr ganzk\u00f6rperdicke 5cm dicke, in verschiedenen Farben erh\u00e4ltlich.\" \/>\n<meta property=\"og:url\" content=\"https:\/\/mueble4you.com\/de\/productos\/sara-sonnenliege\/\" \/>\n<meta property=\"og:site_name\" content=\"mueble4you\" \/>\n<meta property=\"article:modified_time\" content=\"2020-05-02T10:00:56+00:00\" \/>\n<meta property=\"og:image\" content=\"https:\/\/mueble4you.com\/wp-content\/uploads\/2018\/02\/knightsbridge_sunlounger_set_with_side_table_2.jpg\" \/>\n\t<meta property=\"og:image:width\" content=\"800\" \/>\n\t<meta property=\"og:image:height\" content=\"530\" \/>\n\t<meta property=\"og:image:type\" content=\"image\/jpeg\" \/>\n<meta name=\"twitter:card\" content=\"summary_large_image\" \/>\n<script type=\"application\/ld+json\" class=\"yoast-schema-graph\">{\"@context\":\"https:\/\/schema.org\",\"@graph\":[{\"@type\":\"WebPage\",\"@id\":\"https:\/\/mueble4you.com\/de\/productos\/sara-sonnenliege\/\",\"url\":\"https:\/\/mueble4you.com\/de\/productos\/sara-sonnenliege\/\",\"name\":\"Sara, Sonnenliege | mueble4you\",\"isPartOf\":{\"@id\":\"https:\/\/mueble4you.com\/#website\"},\"primaryImageOfPage\":{\"@id\":\"https:\/\/mueble4you.com\/de\/productos\/sara-sonnenliege\/#primaryimage\"},\"image\":{\"@id\":\"https:\/\/mueble4you.com\/de\/productos\/sara-sonnenliege\/#primaryimage\"},\"thumbnailUrl\":\"https:\/\/mueble4you.com\/wp-content\/uploads\/2018\/02\/knightsbridge_sunlounger_set_with_side_table_2.jpg\",\"datePublished\":\"2018-02-20T19:25:58+00:00\",\"dateModified\":\"2020-05-02T10:00:56+00:00\",\"breadcrumb\":{\"@id\":\"https:\/\/mueble4you.com\/de\/productos\/sara-sonnenliege\/#breadcrumb\"},\"inLanguage\":\"de\",\"potentialAction\":[{\"@type\":\"ReadAction\",\"target\":[\"https:\/\/mueble4you.com\/de\/productos\/sara-sonnenliege\/\"]}]},{\"@type\":\"ImageObject\",\"inLanguage\":\"de\",\"@id\":\"https:\/\/mueble4you.com\/de\/productos\/sara-sonnenliege\/#primaryimage\",\"url\":\"https:\/\/mueble4you.com\/wp-content\/uploads\/2018\/02\/knightsbridge_sunlounger_set_with_side_table_2.jpg\",\"contentUrl\":\"https:\/\/mueble4you.com\/wp-content\/uploads\/2018\/02\/knightsbridge_sunlounger_set_with_side_table_2.jpg\",\"width\":800,\"height\":530},{\"@type\":\"BreadcrumbList\",\"@id\":\"https:\/\/mueble4you.com\/de\/productos\/sara-sonnenliege\/#breadcrumb\",\"itemListElement\":[{\"@type\":\"ListItem\",\"position\":1,\"name\":\"Portada\",\"item\":\"https:\/\/mueble4you.com\/de\/\"},{\"@type\":\"ListItem\",\"position\":2,\"name\":\"Productos\",\"item\":\"https:\/\/mueble4you.com\/productos\/\"},{\"@type\":\"ListItem\",\"position\":3,\"name\":\"Sara, Sonnenliege\"}]},{\"@type\":\"WebSite\",\"@id\":\"https:\/\/mueble4you.com\/#website\",\"url\":\"https:\/\/mueble4you.com\/\",\"name\":\"mueble4you\",\"description\":\"M\u00f6bel in Teneriffa\",\"potentialAction\":[{\"@type\":\"SearchAction\",\"target\":{\"@type\":\"EntryPoint\",\"urlTemplate\":\"https:\/\/mueble4you.com\/?s={search_term_string}\"},\"query-input\":{\"@type\":\"PropertyValueSpecification\",\"valueRequired\":true,\"valueName\":\"search_term_string\"}}],\"inLanguage\":\"de\"}]}<\/script>\n<!-- \/ Yoast SEO plugin. -->","yoast_head_json":{"title":"Sara, Sonnenliege | mueble4you","robots":{"index":"index","follow":"follow","max-snippet":"max-snippet:-1","max-image-preview":"max-image-preview:large","max-video-preview":"max-video-preview:-1"},"canonical":"https:\/\/mueble4you.com\/de\/productos\/sara-sonnenliege\/","og_locale":"de_DE","og_type":"article","og_title":"Sara, Sonnenliege | mueble4you","og_description":"Sonnenliege, mit R\u00e4dern, Aluminiumstruktur und halbrundem Korb, mit Kissen f\u00fcr ganzk\u00f6rperdicke 5cm dicke, in verschiedenen Farben erh\u00e4ltlich.","og_url":"https:\/\/mueble4you.com\/de\/productos\/sara-sonnenliege\/","og_site_name":"mueble4you","article_modified_time":"2020-05-02T10:00:56+00:00","og_image":[{"width":800,"height":530,"url":"https:\/\/mueble4you.com\/wp-content\/uploads\/2018\/02\/knightsbridge_sunlounger_set_with_side_table_2.jpg","type":"image\/jpeg"}],"twitter_card":"summary_large_image","schema":{"@context":"https:\/\/schema.org","@graph":[{"@type":"WebPage","@id":"https:\/\/mueble4you.com\/de\/productos\/sara-sonnenliege\/","url":"https:\/\/mueble4you.com\/de\/productos\/sara-sonnenliege\/","name":"Sara, Sonnenliege | mueble4you","isPartOf":{"@id":"https:\/\/mueble4you.com\/#website"},"primaryImageOfPage":{"@id":"https:\/\/mueble4you.com\/de\/productos\/sara-sonnenliege\/#primaryimage"},"image":{"@id":"https:\/\/mueble4you.com\/de\/productos\/sara-sonnenliege\/#primaryimage"},"thumbnailUrl":"https:\/\/mueble4you.com\/wp-content\/uploads\/2018\/02\/knightsbridge_sunlounger_set_with_side_table_2.jpg","datePublished":"2018-02-20T19:25:58+00:00","dateModified":"2020-05-02T10:00:56+00:00","breadcrumb":{"@id":"https:\/\/mueble4you.com\/de\/productos\/sara-sonnenliege\/#breadcrumb"},"inLanguage":"de","potentialAction":[{"@type":"ReadAction","target":["https:\/\/mueble4you.com\/de\/productos\/sara-sonnenliege\/"]}]},{"@type":"ImageObject","inLanguage":"de","@id":"https:\/\/mueble4you.com\/de\/productos\/sara-sonnenliege\/#primaryimage","url":"https:\/\/mueble4you.com\/wp-content\/uploads\/2018\/02\/knightsbridge_sunlounger_set_with_side_table_2.jpg","contentUrl":"https:\/\/mueble4you.com\/wp-content\/uploads\/2018\/02\/knightsbridge_sunlounger_set_with_side_table_2.jpg","width":800,"height":530},{"@type":"BreadcrumbList","@id":"https:\/\/mueble4you.com\/de\/productos\/sara-sonnenliege\/#breadcrumb","itemListElement":[{"@type":"ListItem","position":1,"name":"Portada","item":"https:\/\/mueble4you.com\/de\/"},{"@type":"ListItem","position":2,"name":"Productos","item":"https:\/\/mueble4you.com\/productos\/"},{"@type":"ListItem","position":3,"name":"Sara, Sonnenliege"}]},{"@type":"WebSite","@id":"https:\/\/mueble4you.com\/#website","url":"https:\/\/mueble4you.com\/","name":"mueble4you","description":"M\u00f6bel in Teneriffa","potentialAction":[{"@type":"SearchAction","target":{"@type":"EntryPoint","urlTemplate":"https:\/\/mueble4you.com\/?s={search_term_string}"},"query-input":{"@type":"PropertyValueSpecification","valueRequired":true,"valueName":"search_term_string"}}],"inLanguage":"de"}]}},"_links":{"self":[{"href":"https:\/\/mueble4you.com\/de\/wp-json\/wp\/v2\/product\/7020","targetHints":{"allow":["GET"]}}],"collection":[{"href":"https:\/\/mueble4you.com\/de\/wp-json\/wp\/v2\/product"}],"about":[{"href":"https:\/\/mueble4you.com\/de\/wp-json\/wp\/v2\/types\/product"}],"wp:featuredmedia":[{"embeddable":true,"href":"https:\/\/mueble4you.com\/de\/wp-json\/wp\/v2\/media\/7011"}],"wp:attachment":[{"href":"https:\/\/mueble4you.com\/de\/wp-json\/wp\/v2\/media?parent=7020"}],"wp:term":[{"taxonomy":"product_brand","embeddable":true,"href":"https:\/\/mueble4you.com\/de\/wp-json\/wp\/v2\/product_brand?post=7020"},{"taxonomy":"product_cat","embeddable":true,"href":"https:\/\/mueble4you.com\/de\/wp-json\/wp\/v2\/product_cat?post=7020"},{"taxonomy":"product_tag","embeddable":true,"href":"https:\/\/mueble4you.com\/de\/wp-json\/wp\/v2\/product_tag?post=7020"}],"curies":[{"name":"wp","href":"https:\/\/api.w.org\/{rel}","templated":true}]}}