{"id":69978,"date":"2024-02-12T14:55:18","date_gmt":"2024-02-12T14:55:18","guid":{"rendered":"https:\/\/mueble4you.com\/productos\/mueble-tv-180cm\/"},"modified":"2024-02-14T13:43:55","modified_gmt":"2024-02-14T13:43:55","slug":"mueble-tv-180cm","status":"publish","type":"product","link":"https:\/\/mueble4you.com\/de\/productos\/mueble-tv-180cm\/","title":{"rendered":"TV-SCHRANK 180CM."},"content":{"rendered":"<ul>\n<li id=\"tw-target-text\" class=\"tw-data-text tw-text-large tw-ta\" dir=\"ltr\" data-placeholder=\"Traducci\u00f3n\" data-ved=\"2ahUKEwjD3qOX-KqEAxUq_7sIHZS_CfQQ3ewLegQIBRAU\"><span class=\"Y2IQFc\" lang=\"de\">4-t\u00fcriger TV-Schrank aus massivem Akazienholz in Naturfarbe, da es sich um Naturholz handelt, kann es seine urspr\u00fcnglichen \u00c4ste und Maserungen aufweisen<\/span><span class=\"Y2IQFc\" lang=\"de\">\u00a0<\/span><\/li>\n<li class=\"tw-data-text tw-text-large tw-ta\" dir=\"ltr\" data-placeholder=\"Traducci\u00f3n\" data-ved=\"2ahUKEwjD3qOX-KqEAxUq_7sIHZS_CfQQ3ewLegQIBRAU\"><span class=\"Y2IQFc\" lang=\"de\">H\u00f6he: 40 cm. <\/span><\/li>\n<li class=\"tw-data-text tw-text-large tw-ta\" dir=\"ltr\" data-placeholder=\"Traducci\u00f3n\" data-ved=\"2ahUKEwjD3qOX-KqEAxUq_7sIHZS_CfQQ3ewLegQIBRAU\"><span class=\"Y2IQFc\" lang=\"de\">L\u00e4nge: 180 cm. <\/span><\/li>\n<li class=\"tw-data-text tw-text-large tw-ta\" dir=\"ltr\" data-placeholder=\"Traducci\u00f3n\" data-ved=\"2ahUKEwjD3qOX-KqEAxUq_7sIHZS_CfQQ3ewLegQIBRAU\"><span class=\"Y2IQFc\" lang=\"de\">Breite: 45 cm. <\/span><\/li>\n<li class=\"tw-data-text tw-text-large tw-ta\" dir=\"ltr\" data-placeholder=\"Traducci\u00f3n\" data-ved=\"2ahUKEwjD3qOX-KqEAxUq_7sIHZS_CfQQ3ewLegQIBRAU\"><span class=\"Y2IQFc\" lang=\"de\">Material: Akazienholz. <\/span><\/li>\n<li class=\"tw-data-text tw-text-large tw-ta\" dir=\"ltr\" data-placeholder=\"Traducci\u00f3n\" data-ved=\"2ahUKEwjD3qOX-KqEAxUq_7sIHZS_CfQQ3ewLegQIBRAU\"><span class=\"Y2IQFc\" lang=\"de\">Farbe: Nat\u00fcrlich.\u00a0<\/span><\/li>\n<li class=\"tw-data-text tw-text-large tw-ta\" dir=\"ltr\" data-placeholder=\"Traducci\u00f3n\" data-ved=\"2ahUKEwjD3qOX-KqEAxUq_7sIHZS_CfQQ3ewLegQIBRAU\"><span class=\"Y2IQFc\" lang=\"de\"> Gewicht: 50 kg.<\/span><\/li>\n<\/ul>\n","protected":false},"excerpt":{"rendered":"<p>4-t\u00fcriger TV-Schrank aus massivem Akazienholz in Naturfarbe, da es sich um Naturholz handelt, kann es seine urspr\u00fcnglichen \u00c4ste und Maserungen aufweisen\u00a0 H\u00f6he: 40 cm. L\u00e4nge: 180 cm. Breite: 45 cm. Material: Akazienholz. Farbe: Nat\u00fcrlich.\u00a0 Gewicht: 50 kg.<\/p>\n","protected":false},"featured_media":69964,"template":"","meta":[],"product_brand":[],"product_cat":[510,272],"product_tag":[],"class_list":{"0":"post-69978","1":"product","2":"type-product","3":"status-publish","4":"has-post-thumbnail","6":"product_cat-tv-schrank","7":"product_cat-wohnzimmer","9":"first","10":"instock","11":"shipping-taxable","12":"product-type-simple"},"yoast_head":"<!-- This site is optimized with the Yoast SEO plugin v27.2 - https:\/\/yoast.com\/product\/yoast-seo-wordpress\/ -->\n<title>TV-SCHRANK 180CM. | mueble4you<\/title>\n<meta name=\"robots\" content=\"index, follow, max-snippet:-1, max-image-preview:large, max-video-preview:-1\" \/>\n<link rel=\"canonical\" href=\"https:\/\/mueble4you.com\/de\/productos\/mueble-tv-180cm\/\" \/>\n<meta property=\"og:locale\" content=\"de_DE\" \/>\n<meta property=\"og:type\" content=\"article\" \/>\n<meta property=\"og:title\" content=\"TV-SCHRANK 180CM. | mueble4you\" \/>\n<meta property=\"og:description\" content=\"4-t\u00fcriger TV-Schrank aus massivem Akazienholz in Naturfarbe, da es sich um Naturholz handelt, kann es seine urspr\u00fcnglichen \u00c4ste und Maserungen aufweisen\u00a0 H\u00f6he: 40 cm. L\u00e4nge: 180 cm. Breite: 45 cm. Material: Akazienholz. Farbe: Nat\u00fcrlich.\u00a0 Gewicht: 50 kg.\" \/>\n<meta property=\"og:url\" content=\"https:\/\/mueble4you.com\/de\/productos\/mueble-tv-180cm\/\" \/>\n<meta property=\"og:site_name\" content=\"mueble4you\" \/>\n<meta property=\"article:modified_time\" content=\"2024-02-14T13:43:55+00:00\" \/>\n<meta property=\"og:image\" content=\"https:\/\/mueble4you.com\/wp-content\/uploads\/2024\/02\/1590_2-Copy.jpg\" \/>\n\t<meta property=\"og:image:width\" content=\"1024\" \/>\n\t<meta property=\"og:image:height\" content=\"497\" \/>\n\t<meta property=\"og:image:type\" content=\"image\/jpeg\" \/>\n<meta name=\"twitter:card\" content=\"summary_large_image\" \/>\n<script type=\"application\/ld+json\" class=\"yoast-schema-graph\">{\"@context\":\"https:\/\/schema.org\",\"@graph\":[{\"@type\":\"WebPage\",\"@id\":\"https:\/\/mueble4you.com\/de\/productos\/mueble-tv-180cm\/\",\"url\":\"https:\/\/mueble4you.com\/de\/productos\/mueble-tv-180cm\/\",\"name\":\"TV-SCHRANK 180CM. | mueble4you\",\"isPartOf\":{\"@id\":\"https:\/\/mueble4you.com\/#website\"},\"primaryImageOfPage\":{\"@id\":\"https:\/\/mueble4you.com\/de\/productos\/mueble-tv-180cm\/#primaryimage\"},\"image\":{\"@id\":\"https:\/\/mueble4you.com\/de\/productos\/mueble-tv-180cm\/#primaryimage\"},\"thumbnailUrl\":\"https:\/\/mueble4you.com\/wp-content\/uploads\/2024\/02\/1590_2-Copy.jpg\",\"datePublished\":\"2024-02-12T14:55:18+00:00\",\"dateModified\":\"2024-02-14T13:43:55+00:00\",\"breadcrumb\":{\"@id\":\"https:\/\/mueble4you.com\/de\/productos\/mueble-tv-180cm\/#breadcrumb\"},\"inLanguage\":\"de\",\"potentialAction\":[{\"@type\":\"ReadAction\",\"target\":[\"https:\/\/mueble4you.com\/de\/productos\/mueble-tv-180cm\/\"]}]},{\"@type\":\"ImageObject\",\"inLanguage\":\"de\",\"@id\":\"https:\/\/mueble4you.com\/de\/productos\/mueble-tv-180cm\/#primaryimage\",\"url\":\"https:\/\/mueble4you.com\/wp-content\/uploads\/2024\/02\/1590_2-Copy.jpg\",\"contentUrl\":\"https:\/\/mueble4you.com\/wp-content\/uploads\/2024\/02\/1590_2-Copy.jpg\",\"width\":1024,\"height\":497},{\"@type\":\"BreadcrumbList\",\"@id\":\"https:\/\/mueble4you.com\/de\/productos\/mueble-tv-180cm\/#breadcrumb\",\"itemListElement\":[{\"@type\":\"ListItem\",\"position\":1,\"name\":\"Portada\",\"item\":\"https:\/\/mueble4you.com\/de\/\"},{\"@type\":\"ListItem\",\"position\":2,\"name\":\"Productos\",\"item\":\"https:\/\/mueble4you.com\/productos\/\"},{\"@type\":\"ListItem\",\"position\":3,\"name\":\"TV-SCHRANK 180CM.\"}]},{\"@type\":\"WebSite\",\"@id\":\"https:\/\/mueble4you.com\/#website\",\"url\":\"https:\/\/mueble4you.com\/\",\"name\":\"mueble4you\",\"description\":\"M\u00f6bel in Teneriffa\",\"potentialAction\":[{\"@type\":\"SearchAction\",\"target\":{\"@type\":\"EntryPoint\",\"urlTemplate\":\"https:\/\/mueble4you.com\/?s={search_term_string}\"},\"query-input\":{\"@type\":\"PropertyValueSpecification\",\"valueRequired\":true,\"valueName\":\"search_term_string\"}}],\"inLanguage\":\"de\"}]}<\/script>\n<!-- \/ Yoast SEO plugin. -->","yoast_head_json":{"title":"TV-SCHRANK 180CM. | mueble4you","robots":{"index":"index","follow":"follow","max-snippet":"max-snippet:-1","max-image-preview":"max-image-preview:large","max-video-preview":"max-video-preview:-1"},"canonical":"https:\/\/mueble4you.com\/de\/productos\/mueble-tv-180cm\/","og_locale":"de_DE","og_type":"article","og_title":"TV-SCHRANK 180CM. | mueble4you","og_description":"4-t\u00fcriger TV-Schrank aus massivem Akazienholz in Naturfarbe, da es sich um Naturholz handelt, kann es seine urspr\u00fcnglichen \u00c4ste und Maserungen aufweisen\u00a0 H\u00f6he: 40 cm. L\u00e4nge: 180 cm. Breite: 45 cm. Material: Akazienholz. Farbe: Nat\u00fcrlich.\u00a0 Gewicht: 50 kg.","og_url":"https:\/\/mueble4you.com\/de\/productos\/mueble-tv-180cm\/","og_site_name":"mueble4you","article_modified_time":"2024-02-14T13:43:55+00:00","og_image":[{"width":1024,"height":497,"url":"https:\/\/mueble4you.com\/wp-content\/uploads\/2024\/02\/1590_2-Copy.jpg","type":"image\/jpeg"}],"twitter_card":"summary_large_image","schema":{"@context":"https:\/\/schema.org","@graph":[{"@type":"WebPage","@id":"https:\/\/mueble4you.com\/de\/productos\/mueble-tv-180cm\/","url":"https:\/\/mueble4you.com\/de\/productos\/mueble-tv-180cm\/","name":"TV-SCHRANK 180CM. | mueble4you","isPartOf":{"@id":"https:\/\/mueble4you.com\/#website"},"primaryImageOfPage":{"@id":"https:\/\/mueble4you.com\/de\/productos\/mueble-tv-180cm\/#primaryimage"},"image":{"@id":"https:\/\/mueble4you.com\/de\/productos\/mueble-tv-180cm\/#primaryimage"},"thumbnailUrl":"https:\/\/mueble4you.com\/wp-content\/uploads\/2024\/02\/1590_2-Copy.jpg","datePublished":"2024-02-12T14:55:18+00:00","dateModified":"2024-02-14T13:43:55+00:00","breadcrumb":{"@id":"https:\/\/mueble4you.com\/de\/productos\/mueble-tv-180cm\/#breadcrumb"},"inLanguage":"de","potentialAction":[{"@type":"ReadAction","target":["https:\/\/mueble4you.com\/de\/productos\/mueble-tv-180cm\/"]}]},{"@type":"ImageObject","inLanguage":"de","@id":"https:\/\/mueble4you.com\/de\/productos\/mueble-tv-180cm\/#primaryimage","url":"https:\/\/mueble4you.com\/wp-content\/uploads\/2024\/02\/1590_2-Copy.jpg","contentUrl":"https:\/\/mueble4you.com\/wp-content\/uploads\/2024\/02\/1590_2-Copy.jpg","width":1024,"height":497},{"@type":"BreadcrumbList","@id":"https:\/\/mueble4you.com\/de\/productos\/mueble-tv-180cm\/#breadcrumb","itemListElement":[{"@type":"ListItem","position":1,"name":"Portada","item":"https:\/\/mueble4you.com\/de\/"},{"@type":"ListItem","position":2,"name":"Productos","item":"https:\/\/mueble4you.com\/productos\/"},{"@type":"ListItem","position":3,"name":"TV-SCHRANK 180CM."}]},{"@type":"WebSite","@id":"https:\/\/mueble4you.com\/#website","url":"https:\/\/mueble4you.com\/","name":"mueble4you","description":"M\u00f6bel in Teneriffa","potentialAction":[{"@type":"SearchAction","target":{"@type":"EntryPoint","urlTemplate":"https:\/\/mueble4you.com\/?s={search_term_string}"},"query-input":{"@type":"PropertyValueSpecification","valueRequired":true,"valueName":"search_term_string"}}],"inLanguage":"de"}]}},"_links":{"self":[{"href":"https:\/\/mueble4you.com\/de\/wp-json\/wp\/v2\/product\/69978","targetHints":{"allow":["GET"]}}],"collection":[{"href":"https:\/\/mueble4you.com\/de\/wp-json\/wp\/v2\/product"}],"about":[{"href":"https:\/\/mueble4you.com\/de\/wp-json\/wp\/v2\/types\/product"}],"wp:featuredmedia":[{"embeddable":true,"href":"https:\/\/mueble4you.com\/de\/wp-json\/wp\/v2\/media\/69964"}],"wp:attachment":[{"href":"https:\/\/mueble4you.com\/de\/wp-json\/wp\/v2\/media?parent=69978"}],"wp:term":[{"taxonomy":"product_brand","embeddable":true,"href":"https:\/\/mueble4you.com\/de\/wp-json\/wp\/v2\/product_brand?post=69978"},{"taxonomy":"product_cat","embeddable":true,"href":"https:\/\/mueble4you.com\/de\/wp-json\/wp\/v2\/product_cat?post=69978"},{"taxonomy":"product_tag","embeddable":true,"href":"https:\/\/mueble4you.com\/de\/wp-json\/wp\/v2\/product_tag?post=69978"}],"curies":[{"name":"wp","href":"https:\/\/api.w.org\/{rel}","templated":true}]}}