{"id":69604,"date":"2024-01-29T13:35:33","date_gmt":"2024-01-29T13:35:33","guid":{"rendered":"https:\/\/mueble4you.com\/productos\/set2-daybed-c-coj-bali-aqua-fsc\/"},"modified":"2024-01-29T13:35:33","modified_gmt":"2024-01-29T13:35:33","slug":"set2-daybed-c-coj-bali-aqua-fsc","status":"publish","type":"product","link":"https:\/\/mueble4you.com\/de\/productos\/set2-daybed-c-coj-bali-aqua-fsc\/","title":{"rendered":"SET2 DAYBED C-COJ BALI AQUA &#8211; FSC"},"content":{"rendered":"<ul>\n<li>Madera de teca fsc 100%, acabado arenado y envejecido a base de agua.<\/li>\n<li>Cojines desenfundables con tejido sunproof olefin (100% polipropileno).<\/li>\n<li>Este producto se caracteriza por la presencia de tacos de madera de la misma naturaleza. las grietas, fisuras o imperfecciones, que tambi\u00e9n pueden generarse con el tiempo, son caracter\u00edsticas de este material y hacen que cada pieza sea \u00fanica y original.<\/li>\n<\/ul>\n","protected":false},"excerpt":{"rendered":"<p>Madera de teca fsc 100%, acabado arenado y envejecido a base de agua. Cojines desenfundables con tejido sunproof olefin (100% polipropileno). Este producto se caracteriza por la presencia de tacos de madera de la misma naturaleza. las grietas, fisuras o imperfecciones, que tambi\u00e9n pueden generarse con el tiempo, son caracter\u00edsticas de este material y hacen [&#8230;]\n","protected":false},"featured_media":69590,"template":"","meta":[],"product_brand":[],"product_cat":[305,325],"product_tag":[],"class_list":{"0":"post-69604","1":"product","2":"type-product","3":"status-publish","4":"has-post-thumbnail","6":"product_cat-gartenmobel","7":"product_cat-sonnenliegen","9":"first","10":"instock","11":"shipping-taxable","12":"product-type-simple"},"yoast_head":"<!-- This site is optimized with the Yoast SEO plugin v27.3 - https:\/\/yoast.com\/product\/yoast-seo-wordpress\/ -->\n<title>SET2 DAYBED C-COJ BALI AQUA - FSC | mueble4you<\/title>\n<meta name=\"robots\" content=\"index, follow, max-snippet:-1, max-image-preview:large, max-video-preview:-1\" \/>\n<link rel=\"canonical\" href=\"https:\/\/mueble4you.com\/de\/productos\/set2-daybed-c-coj-bali-aqua-fsc\/\" \/>\n<meta property=\"og:locale\" content=\"de_DE\" \/>\n<meta property=\"og:type\" content=\"article\" \/>\n<meta property=\"og:title\" content=\"SET2 DAYBED C-COJ BALI AQUA - FSC | mueble4you\" \/>\n<meta property=\"og:description\" content=\"Madera de teca fsc 100%, acabado arenado y envejecido a base de agua. Cojines desenfundables con tejido sunproof olefin (100% polipropileno). Este producto se caracteriza por la presencia de tacos de madera de la misma naturaleza. las grietas, fisuras o imperfecciones, que tambi\u00e9n pueden generarse con el tiempo, son caracter\u00edsticas de este material y hacen [...]\" \/>\n<meta property=\"og:url\" content=\"https:\/\/mueble4you.com\/de\/productos\/set2-daybed-c-coj-bali-aqua-fsc\/\" \/>\n<meta property=\"og:site_name\" content=\"mueble4you\" \/>\n<meta property=\"og:image\" content=\"https:\/\/mueble4you.com\/wp-content\/uploads\/2024\/01\/0806777.jpg\" \/>\n\t<meta property=\"og:image:width\" content=\"1920\" \/>\n\t<meta property=\"og:image:height\" content=\"989\" \/>\n\t<meta property=\"og:image:type\" content=\"image\/jpeg\" \/>\n<meta name=\"twitter:card\" content=\"summary_large_image\" \/>\n<script type=\"application\/ld+json\" class=\"yoast-schema-graph\">{\"@context\":\"https:\\\/\\\/schema.org\",\"@graph\":[{\"@type\":\"WebPage\",\"@id\":\"https:\\\/\\\/mueble4you.com\\\/de\\\/productos\\\/set2-daybed-c-coj-bali-aqua-fsc\\\/\",\"url\":\"https:\\\/\\\/mueble4you.com\\\/de\\\/productos\\\/set2-daybed-c-coj-bali-aqua-fsc\\\/\",\"name\":\"SET2 DAYBED C-COJ BALI AQUA - FSC | mueble4you\",\"isPartOf\":{\"@id\":\"https:\\\/\\\/mueble4you.com\\\/#website\"},\"primaryImageOfPage\":{\"@id\":\"https:\\\/\\\/mueble4you.com\\\/de\\\/productos\\\/set2-daybed-c-coj-bali-aqua-fsc\\\/#primaryimage\"},\"image\":{\"@id\":\"https:\\\/\\\/mueble4you.com\\\/de\\\/productos\\\/set2-daybed-c-coj-bali-aqua-fsc\\\/#primaryimage\"},\"thumbnailUrl\":\"https:\\\/\\\/mueble4you.com\\\/wp-content\\\/uploads\\\/2024\\\/01\\\/0806777.jpg\",\"datePublished\":\"2024-01-29T13:35:33+00:00\",\"breadcrumb\":{\"@id\":\"https:\\\/\\\/mueble4you.com\\\/de\\\/productos\\\/set2-daybed-c-coj-bali-aqua-fsc\\\/#breadcrumb\"},\"inLanguage\":\"de\",\"potentialAction\":[{\"@type\":\"ReadAction\",\"target\":[\"https:\\\/\\\/mueble4you.com\\\/de\\\/productos\\\/set2-daybed-c-coj-bali-aqua-fsc\\\/\"]}]},{\"@type\":\"ImageObject\",\"inLanguage\":\"de\",\"@id\":\"https:\\\/\\\/mueble4you.com\\\/de\\\/productos\\\/set2-daybed-c-coj-bali-aqua-fsc\\\/#primaryimage\",\"url\":\"https:\\\/\\\/mueble4you.com\\\/wp-content\\\/uploads\\\/2024\\\/01\\\/0806777.jpg\",\"contentUrl\":\"https:\\\/\\\/mueble4you.com\\\/wp-content\\\/uploads\\\/2024\\\/01\\\/0806777.jpg\",\"width\":1920,\"height\":989},{\"@type\":\"BreadcrumbList\",\"@id\":\"https:\\\/\\\/mueble4you.com\\\/de\\\/productos\\\/set2-daybed-c-coj-bali-aqua-fsc\\\/#breadcrumb\",\"itemListElement\":[{\"@type\":\"ListItem\",\"position\":1,\"name\":\"Portada\",\"item\":\"https:\\\/\\\/mueble4you.com\\\/de\\\/\"},{\"@type\":\"ListItem\",\"position\":2,\"name\":\"Productos\",\"item\":\"https:\\\/\\\/mueble4you.com\\\/productos\\\/\"},{\"@type\":\"ListItem\",\"position\":3,\"name\":\"SET2 DAYBED C-COJ BALI AQUA &#8211; FSC\"}]},{\"@type\":\"WebSite\",\"@id\":\"https:\\\/\\\/mueble4you.com\\\/#website\",\"url\":\"https:\\\/\\\/mueble4you.com\\\/\",\"name\":\"mueble4you\",\"description\":\"M\u00f6bel in Teneriffa\",\"potentialAction\":[{\"@type\":\"SearchAction\",\"target\":{\"@type\":\"EntryPoint\",\"urlTemplate\":\"https:\\\/\\\/mueble4you.com\\\/?s={search_term_string}\"},\"query-input\":{\"@type\":\"PropertyValueSpecification\",\"valueRequired\":true,\"valueName\":\"search_term_string\"}}],\"inLanguage\":\"de\"}]}<\/script>\n<!-- \/ Yoast SEO plugin. -->","yoast_head_json":{"title":"SET2 DAYBED C-COJ BALI AQUA - FSC | mueble4you","robots":{"index":"index","follow":"follow","max-snippet":"max-snippet:-1","max-image-preview":"max-image-preview:large","max-video-preview":"max-video-preview:-1"},"canonical":"https:\/\/mueble4you.com\/de\/productos\/set2-daybed-c-coj-bali-aqua-fsc\/","og_locale":"de_DE","og_type":"article","og_title":"SET2 DAYBED C-COJ BALI AQUA - FSC | mueble4you","og_description":"Madera de teca fsc 100%, acabado arenado y envejecido a base de agua. Cojines desenfundables con tejido sunproof olefin (100% polipropileno). Este producto se caracteriza por la presencia de tacos de madera de la misma naturaleza. las grietas, fisuras o imperfecciones, que tambi\u00e9n pueden generarse con el tiempo, son caracter\u00edsticas de este material y hacen [...]","og_url":"https:\/\/mueble4you.com\/de\/productos\/set2-daybed-c-coj-bali-aqua-fsc\/","og_site_name":"mueble4you","og_image":[{"width":1920,"height":989,"url":"https:\/\/mueble4you.com\/wp-content\/uploads\/2024\/01\/0806777.jpg","type":"image\/jpeg"}],"twitter_card":"summary_large_image","schema":{"@context":"https:\/\/schema.org","@graph":[{"@type":"WebPage","@id":"https:\/\/mueble4you.com\/de\/productos\/set2-daybed-c-coj-bali-aqua-fsc\/","url":"https:\/\/mueble4you.com\/de\/productos\/set2-daybed-c-coj-bali-aqua-fsc\/","name":"SET2 DAYBED C-COJ BALI AQUA - FSC | mueble4you","isPartOf":{"@id":"https:\/\/mueble4you.com\/#website"},"primaryImageOfPage":{"@id":"https:\/\/mueble4you.com\/de\/productos\/set2-daybed-c-coj-bali-aqua-fsc\/#primaryimage"},"image":{"@id":"https:\/\/mueble4you.com\/de\/productos\/set2-daybed-c-coj-bali-aqua-fsc\/#primaryimage"},"thumbnailUrl":"https:\/\/mueble4you.com\/wp-content\/uploads\/2024\/01\/0806777.jpg","datePublished":"2024-01-29T13:35:33+00:00","breadcrumb":{"@id":"https:\/\/mueble4you.com\/de\/productos\/set2-daybed-c-coj-bali-aqua-fsc\/#breadcrumb"},"inLanguage":"de","potentialAction":[{"@type":"ReadAction","target":["https:\/\/mueble4you.com\/de\/productos\/set2-daybed-c-coj-bali-aqua-fsc\/"]}]},{"@type":"ImageObject","inLanguage":"de","@id":"https:\/\/mueble4you.com\/de\/productos\/set2-daybed-c-coj-bali-aqua-fsc\/#primaryimage","url":"https:\/\/mueble4you.com\/wp-content\/uploads\/2024\/01\/0806777.jpg","contentUrl":"https:\/\/mueble4you.com\/wp-content\/uploads\/2024\/01\/0806777.jpg","width":1920,"height":989},{"@type":"BreadcrumbList","@id":"https:\/\/mueble4you.com\/de\/productos\/set2-daybed-c-coj-bali-aqua-fsc\/#breadcrumb","itemListElement":[{"@type":"ListItem","position":1,"name":"Portada","item":"https:\/\/mueble4you.com\/de\/"},{"@type":"ListItem","position":2,"name":"Productos","item":"https:\/\/mueble4you.com\/productos\/"},{"@type":"ListItem","position":3,"name":"SET2 DAYBED C-COJ BALI AQUA &#8211; FSC"}]},{"@type":"WebSite","@id":"https:\/\/mueble4you.com\/#website","url":"https:\/\/mueble4you.com\/","name":"mueble4you","description":"M\u00f6bel in Teneriffa","potentialAction":[{"@type":"SearchAction","target":{"@type":"EntryPoint","urlTemplate":"https:\/\/mueble4you.com\/?s={search_term_string}"},"query-input":{"@type":"PropertyValueSpecification","valueRequired":true,"valueName":"search_term_string"}}],"inLanguage":"de"}]}},"_links":{"self":[{"href":"https:\/\/mueble4you.com\/de\/wp-json\/wp\/v2\/product\/69604","targetHints":{"allow":["GET"]}}],"collection":[{"href":"https:\/\/mueble4you.com\/de\/wp-json\/wp\/v2\/product"}],"about":[{"href":"https:\/\/mueble4you.com\/de\/wp-json\/wp\/v2\/types\/product"}],"wp:featuredmedia":[{"embeddable":true,"href":"https:\/\/mueble4you.com\/de\/wp-json\/wp\/v2\/media\/69590"}],"wp:attachment":[{"href":"https:\/\/mueble4you.com\/de\/wp-json\/wp\/v2\/media?parent=69604"}],"wp:term":[{"taxonomy":"product_brand","embeddable":true,"href":"https:\/\/mueble4you.com\/de\/wp-json\/wp\/v2\/product_brand?post=69604"},{"taxonomy":"product_cat","embeddable":true,"href":"https:\/\/mueble4you.com\/de\/wp-json\/wp\/v2\/product_cat?post=69604"},{"taxonomy":"product_tag","embeddable":true,"href":"https:\/\/mueble4you.com\/de\/wp-json\/wp\/v2\/product_tag?post=69604"}],"curies":[{"name":"wp","href":"https:\/\/api.w.org\/{rel}","templated":true}]}}