{"id":69373,"date":"2024-01-26T10:52:44","date_gmt":"2024-01-26T10:52:44","guid":{"rendered":"https:\/\/mueble4you.com\/productos\/mesa-bounty-teca-reciclada-240x100-8-silla-madison-negra\/"},"modified":"2024-02-08T10:30:43","modified_gmt":"2024-02-08T10:30:43","slug":"mesa-bounty-teca-reciclada-240x100-8-silla-madison-negra","status":"publish","type":"product","link":"https:\/\/mueble4you.com\/de\/productos\/mesa-bounty-teca-reciclada-240x100-8-silla-madison-negra\/","title":{"rendered":"RECYCELTER TEAK-BOUNTY-TISCH 240X100+ 8 SCHWARZER MADISON-STUHL."},"content":{"rendered":"<ul>\n<li id=\"tw-target-text\" class=\"tw-data-text tw-text-large tw-ta\" dir=\"ltr\" data-placeholder=\"Traducci\u00f3n\" data-ved=\"2ahUKEwi6z5eiwJuEAxX6g_0HHQTiCgYQ3ewLegQIBRAU\"><span class=\"Y2IQFc\" lang=\"de\">Recyceltes SVLK-Teakholz (zertifiziertes Holz aus nachhaltiger Forstwirtschaft), rustikales Finish, Brettst\u00e4rke 4,5 cm, Beine 11&#215;11 cm. <\/span><\/li>\n<li class=\"tw-data-text tw-text-large tw-ta\" dir=\"ltr\" data-placeholder=\"Traducci\u00f3n\" data-ved=\"2ahUKEwi6z5eiwJuEAxX6g_0HHQTiCgYQ3ewLegQIBRAU\"><span class=\"Y2IQFc\" lang=\"de\">Schrauben aus Edelstahl.<\/span><\/li>\n<li class=\"tw-data-text tw-text-large tw-ta\" dir=\"ltr\" data-placeholder=\"Traducci\u00f3n\" data-ved=\"2ahUKEwi6z5eiwJuEAxX6g_0HHQTiCgYQ3ewLegQIBRAU\"><span class=\"Y2IQFc\" lang=\"de\">Das Produkt aus recyceltem Holz zeichnet sich durch das Vorhandensein von Holzbl\u00f6cken unterschiedlicher Form und Farbe aus. <\/span><\/li>\n<li class=\"tw-data-text tw-text-large tw-ta\" dir=\"ltr\" data-placeholder=\"Traducci\u00f3n\" data-ved=\"2ahUKEwi6z5eiwJuEAxX6g_0HHQTiCgYQ3ewLegQIBRAU\"><span class=\"Y2IQFc\" lang=\"de\">Risse, Spr\u00fcnge oder Unebenheiten, die auch im Laufe der Zeit auftreten k\u00f6nnen, sind charakteristisch f\u00fcr dieses Material und machen jedes St\u00fcck einzigartig und originell.<\/span><\/li>\n<li class=\"tw-data-text tw-text-large tw-ta\" dir=\"ltr\" data-placeholder=\"Traducci\u00f3n\" data-ved=\"2ahUKEwi6z5eiwJuEAxX6g_0HHQTiCgYQ3ewLegQIBRAU\"><span class=\"Y2IQFc\" lang=\"de\">MESSUNGEN: 240a &#8211; 100b &#8211; 77h. <\/span><\/li>\n<li class=\"tw-data-text tw-text-large tw-ta\" dir=\"ltr\" data-placeholder=\"Traducci\u00f3n\" data-ved=\"2ahUKEwi6z5eiwJuEAxX6g_0HHQTiCgYQ3ewLegQIBRAU\"><span class=\"Y2IQFc\" lang=\"de\">MATERIALIEN: Recyceltes Teakholz.<\/span><\/li>\n<\/ul>\n","protected":false},"excerpt":{"rendered":"<p>Recyceltes SVLK-Teakholz (zertifiziertes Holz aus nachhaltiger Forstwirtschaft), rustikales Finish, Brettst\u00e4rke 4,5 cm, Beine 11&#215;11 cm. Schrauben aus Edelstahl. Das Produkt aus recyceltem Holz zeichnet sich durch das Vorhandensein von Holzbl\u00f6cken unterschiedlicher Form und Farbe aus. Risse, Spr\u00fcnge oder Unebenheiten, die auch im Laufe der Zeit auftreten k\u00f6nnen, sind charakteristisch f\u00fcr dieses Material und machen jedes [&#8230;]\n","protected":false},"featured_media":69349,"template":"","meta":[],"product_brand":[],"product_cat":[305,309],"product_tag":[],"class_list":{"0":"post-69373","1":"product","2":"type-product","3":"status-publish","4":"has-post-thumbnail","6":"product_cat-gartenmobel","7":"product_cat-sitz-und-liegemobel","9":"first","10":"outofstock","11":"shipping-taxable","12":"product-type-simple"},"yoast_head":"<!-- This site is optimized with the Yoast SEO plugin v27.2 - https:\/\/yoast.com\/product\/yoast-seo-wordpress\/ -->\n<title>RECYCELTER TEAK-BOUNTY-TISCH 240X100+ 8 SCHWARZER MADISON-STUHL. | mueble4you<\/title>\n<meta name=\"robots\" content=\"index, follow, max-snippet:-1, max-image-preview:large, max-video-preview:-1\" \/>\n<link rel=\"canonical\" href=\"https:\/\/mueble4you.com\/de\/productos\/mesa-bounty-teca-reciclada-240x100-8-silla-madison-negra\/\" \/>\n<meta property=\"og:locale\" content=\"de_DE\" \/>\n<meta property=\"og:type\" content=\"article\" \/>\n<meta property=\"og:title\" content=\"RECYCELTER TEAK-BOUNTY-TISCH 240X100+ 8 SCHWARZER MADISON-STUHL. | mueble4you\" \/>\n<meta property=\"og:description\" content=\"Recyceltes SVLK-Teakholz (zertifiziertes Holz aus nachhaltiger Forstwirtschaft), rustikales Finish, Brettst\u00e4rke 4,5 cm, Beine 11&#215;11 cm. Schrauben aus Edelstahl. Das Produkt aus recyceltem Holz zeichnet sich durch das Vorhandensein von Holzbl\u00f6cken unterschiedlicher Form und Farbe aus. Risse, Spr\u00fcnge oder Unebenheiten, die auch im Laufe der Zeit auftreten k\u00f6nnen, sind charakteristisch f\u00fcr dieses Material und machen jedes [...]\" \/>\n<meta property=\"og:url\" content=\"https:\/\/mueble4you.com\/de\/productos\/mesa-bounty-teca-reciclada-240x100-8-silla-madison-negra\/\" \/>\n<meta property=\"og:site_name\" content=\"mueble4you\" \/>\n<meta property=\"article:modified_time\" content=\"2024-02-08T10:30:43+00:00\" \/>\n<meta property=\"og:image\" content=\"https:\/\/mueble4you.com\/wp-content\/uploads\/2024\/01\/0804358.2.jpg\" \/>\n\t<meta property=\"og:image:width\" content=\"1356\" \/>\n\t<meta property=\"og:image:height\" content=\"1080\" \/>\n\t<meta property=\"og:image:type\" content=\"image\/jpeg\" \/>\n<meta name=\"twitter:card\" content=\"summary_large_image\" \/>\n<script type=\"application\/ld+json\" class=\"yoast-schema-graph\">{\"@context\":\"https:\/\/schema.org\",\"@graph\":[{\"@type\":\"WebPage\",\"@id\":\"https:\/\/mueble4you.com\/de\/productos\/mesa-bounty-teca-reciclada-240x100-8-silla-madison-negra\/\",\"url\":\"https:\/\/mueble4you.com\/de\/productos\/mesa-bounty-teca-reciclada-240x100-8-silla-madison-negra\/\",\"name\":\"RECYCELTER TEAK-BOUNTY-TISCH 240X100+ 8 SCHWARZER MADISON-STUHL. | mueble4you\",\"isPartOf\":{\"@id\":\"https:\/\/mueble4you.com\/#website\"},\"primaryImageOfPage\":{\"@id\":\"https:\/\/mueble4you.com\/de\/productos\/mesa-bounty-teca-reciclada-240x100-8-silla-madison-negra\/#primaryimage\"},\"image\":{\"@id\":\"https:\/\/mueble4you.com\/de\/productos\/mesa-bounty-teca-reciclada-240x100-8-silla-madison-negra\/#primaryimage\"},\"thumbnailUrl\":\"https:\/\/mueble4you.com\/wp-content\/uploads\/2024\/01\/0804358.2.jpg\",\"datePublished\":\"2024-01-26T10:52:44+00:00\",\"dateModified\":\"2024-02-08T10:30:43+00:00\",\"breadcrumb\":{\"@id\":\"https:\/\/mueble4you.com\/de\/productos\/mesa-bounty-teca-reciclada-240x100-8-silla-madison-negra\/#breadcrumb\"},\"inLanguage\":\"de\",\"potentialAction\":[{\"@type\":\"ReadAction\",\"target\":[\"https:\/\/mueble4you.com\/de\/productos\/mesa-bounty-teca-reciclada-240x100-8-silla-madison-negra\/\"]}]},{\"@type\":\"ImageObject\",\"inLanguage\":\"de\",\"@id\":\"https:\/\/mueble4you.com\/de\/productos\/mesa-bounty-teca-reciclada-240x100-8-silla-madison-negra\/#primaryimage\",\"url\":\"https:\/\/mueble4you.com\/wp-content\/uploads\/2024\/01\/0804358.2.jpg\",\"contentUrl\":\"https:\/\/mueble4you.com\/wp-content\/uploads\/2024\/01\/0804358.2.jpg\",\"width\":1356,\"height\":1080},{\"@type\":\"BreadcrumbList\",\"@id\":\"https:\/\/mueble4you.com\/de\/productos\/mesa-bounty-teca-reciclada-240x100-8-silla-madison-negra\/#breadcrumb\",\"itemListElement\":[{\"@type\":\"ListItem\",\"position\":1,\"name\":\"Portada\",\"item\":\"https:\/\/mueble4you.com\/de\/\"},{\"@type\":\"ListItem\",\"position\":2,\"name\":\"Productos\",\"item\":\"https:\/\/mueble4you.com\/productos\/\"},{\"@type\":\"ListItem\",\"position\":3,\"name\":\"RECYCELTER TEAK-BOUNTY-TISCH 240X100+ 8 SCHWARZER MADISON-STUHL.\"}]},{\"@type\":\"WebSite\",\"@id\":\"https:\/\/mueble4you.com\/#website\",\"url\":\"https:\/\/mueble4you.com\/\",\"name\":\"mueble4you\",\"description\":\"M\u00f6bel in Teneriffa\",\"potentialAction\":[{\"@type\":\"SearchAction\",\"target\":{\"@type\":\"EntryPoint\",\"urlTemplate\":\"https:\/\/mueble4you.com\/?s={search_term_string}\"},\"query-input\":{\"@type\":\"PropertyValueSpecification\",\"valueRequired\":true,\"valueName\":\"search_term_string\"}}],\"inLanguage\":\"de\"}]}<\/script>\n<!-- \/ Yoast SEO plugin. -->","yoast_head_json":{"title":"RECYCELTER TEAK-BOUNTY-TISCH 240X100+ 8 SCHWARZER MADISON-STUHL. | mueble4you","robots":{"index":"index","follow":"follow","max-snippet":"max-snippet:-1","max-image-preview":"max-image-preview:large","max-video-preview":"max-video-preview:-1"},"canonical":"https:\/\/mueble4you.com\/de\/productos\/mesa-bounty-teca-reciclada-240x100-8-silla-madison-negra\/","og_locale":"de_DE","og_type":"article","og_title":"RECYCELTER TEAK-BOUNTY-TISCH 240X100+ 8 SCHWARZER MADISON-STUHL. | mueble4you","og_description":"Recyceltes SVLK-Teakholz (zertifiziertes Holz aus nachhaltiger Forstwirtschaft), rustikales Finish, Brettst\u00e4rke 4,5 cm, Beine 11&#215;11 cm. Schrauben aus Edelstahl. Das Produkt aus recyceltem Holz zeichnet sich durch das Vorhandensein von Holzbl\u00f6cken unterschiedlicher Form und Farbe aus. Risse, Spr\u00fcnge oder Unebenheiten, die auch im Laufe der Zeit auftreten k\u00f6nnen, sind charakteristisch f\u00fcr dieses Material und machen jedes [...]","og_url":"https:\/\/mueble4you.com\/de\/productos\/mesa-bounty-teca-reciclada-240x100-8-silla-madison-negra\/","og_site_name":"mueble4you","article_modified_time":"2024-02-08T10:30:43+00:00","og_image":[{"width":1356,"height":1080,"url":"https:\/\/mueble4you.com\/wp-content\/uploads\/2024\/01\/0804358.2.jpg","type":"image\/jpeg"}],"twitter_card":"summary_large_image","schema":{"@context":"https:\/\/schema.org","@graph":[{"@type":"WebPage","@id":"https:\/\/mueble4you.com\/de\/productos\/mesa-bounty-teca-reciclada-240x100-8-silla-madison-negra\/","url":"https:\/\/mueble4you.com\/de\/productos\/mesa-bounty-teca-reciclada-240x100-8-silla-madison-negra\/","name":"RECYCELTER TEAK-BOUNTY-TISCH 240X100+ 8 SCHWARZER MADISON-STUHL. | mueble4you","isPartOf":{"@id":"https:\/\/mueble4you.com\/#website"},"primaryImageOfPage":{"@id":"https:\/\/mueble4you.com\/de\/productos\/mesa-bounty-teca-reciclada-240x100-8-silla-madison-negra\/#primaryimage"},"image":{"@id":"https:\/\/mueble4you.com\/de\/productos\/mesa-bounty-teca-reciclada-240x100-8-silla-madison-negra\/#primaryimage"},"thumbnailUrl":"https:\/\/mueble4you.com\/wp-content\/uploads\/2024\/01\/0804358.2.jpg","datePublished":"2024-01-26T10:52:44+00:00","dateModified":"2024-02-08T10:30:43+00:00","breadcrumb":{"@id":"https:\/\/mueble4you.com\/de\/productos\/mesa-bounty-teca-reciclada-240x100-8-silla-madison-negra\/#breadcrumb"},"inLanguage":"de","potentialAction":[{"@type":"ReadAction","target":["https:\/\/mueble4you.com\/de\/productos\/mesa-bounty-teca-reciclada-240x100-8-silla-madison-negra\/"]}]},{"@type":"ImageObject","inLanguage":"de","@id":"https:\/\/mueble4you.com\/de\/productos\/mesa-bounty-teca-reciclada-240x100-8-silla-madison-negra\/#primaryimage","url":"https:\/\/mueble4you.com\/wp-content\/uploads\/2024\/01\/0804358.2.jpg","contentUrl":"https:\/\/mueble4you.com\/wp-content\/uploads\/2024\/01\/0804358.2.jpg","width":1356,"height":1080},{"@type":"BreadcrumbList","@id":"https:\/\/mueble4you.com\/de\/productos\/mesa-bounty-teca-reciclada-240x100-8-silla-madison-negra\/#breadcrumb","itemListElement":[{"@type":"ListItem","position":1,"name":"Portada","item":"https:\/\/mueble4you.com\/de\/"},{"@type":"ListItem","position":2,"name":"Productos","item":"https:\/\/mueble4you.com\/productos\/"},{"@type":"ListItem","position":3,"name":"RECYCELTER TEAK-BOUNTY-TISCH 240X100+ 8 SCHWARZER MADISON-STUHL."}]},{"@type":"WebSite","@id":"https:\/\/mueble4you.com\/#website","url":"https:\/\/mueble4you.com\/","name":"mueble4you","description":"M\u00f6bel in Teneriffa","potentialAction":[{"@type":"SearchAction","target":{"@type":"EntryPoint","urlTemplate":"https:\/\/mueble4you.com\/?s={search_term_string}"},"query-input":{"@type":"PropertyValueSpecification","valueRequired":true,"valueName":"search_term_string"}}],"inLanguage":"de"}]}},"_links":{"self":[{"href":"https:\/\/mueble4you.com\/de\/wp-json\/wp\/v2\/product\/69373","targetHints":{"allow":["GET"]}}],"collection":[{"href":"https:\/\/mueble4you.com\/de\/wp-json\/wp\/v2\/product"}],"about":[{"href":"https:\/\/mueble4you.com\/de\/wp-json\/wp\/v2\/types\/product"}],"wp:featuredmedia":[{"embeddable":true,"href":"https:\/\/mueble4you.com\/de\/wp-json\/wp\/v2\/media\/69349"}],"wp:attachment":[{"href":"https:\/\/mueble4you.com\/de\/wp-json\/wp\/v2\/media?parent=69373"}],"wp:term":[{"taxonomy":"product_brand","embeddable":true,"href":"https:\/\/mueble4you.com\/de\/wp-json\/wp\/v2\/product_brand?post=69373"},{"taxonomy":"product_cat","embeddable":true,"href":"https:\/\/mueble4you.com\/de\/wp-json\/wp\/v2\/product_cat?post=69373"},{"taxonomy":"product_tag","embeddable":true,"href":"https:\/\/mueble4you.com\/de\/wp-json\/wp\/v2\/product_tag?post=69373"}],"curies":[{"name":"wp","href":"https:\/\/api.w.org\/{rel}","templated":true}]}}