{"id":68699,"date":"2024-01-16T14:29:25","date_gmt":"2024-01-16T14:29:25","guid":{"rendered":"https:\/\/mueble4you.com\/productos\/mesa-aron-200x95\/"},"modified":"2024-02-07T11:18:57","modified_gmt":"2024-02-07T11:18:57","slug":"mesa-aron-200x95","status":"publish","type":"product","link":"https:\/\/mueble4you.com\/de\/productos\/mesa-aron-200x95\/","title":{"rendered":"ARON-TISCH 200X95."},"content":{"rendered":"<ul>\n<li id=\"tw-target-text\" class=\"tw-data-text tw-text-large tw-ta\" dir=\"ltr\" data-placeholder=\"Traducci\u00f3n\" data-ved=\"2ahUKEwjZvpLm_piEAxUY_7sIHW1_B88Q3ewLegQIBRAU\"><span class=\"Y2IQFc\" lang=\"de\">Stahlbeine.<\/span><\/li>\n<li class=\"tw-data-text tw-text-large tw-ta\" dir=\"ltr\" data-placeholder=\"Traducci\u00f3n\" data-ved=\"2ahUKEwjZvpLm_piEAxUY_7sIHW1_B88Q3ewLegQIBRAU\"><span class=\"Y2IQFc\" lang=\"de\"> Akazienholzbrett mit unregelm\u00e4\u00dfigen Kanten (urspr\u00fcnglicher Stammabschnitt). <\/span><\/li>\n<li class=\"tw-data-text tw-text-large tw-ta\" dir=\"ltr\" data-placeholder=\"Traducci\u00f3n\" data-ved=\"2ahUKEwjZvpLm_piEAxUY_7sIHW1_B88Q3ewLegQIBRAU\"><span class=\"Y2IQFc\" lang=\"de\">Finish auf Polyurethanbasis. <\/span><\/li>\n<li class=\"tw-data-text tw-text-large tw-ta\" dir=\"ltr\" data-placeholder=\"Traducci\u00f3n\" data-ved=\"2ahUKEwjZvpLm_piEAxUY_7sIHW1_B88Q3ewLegQIBRAU\"><span class=\"Y2IQFc\" lang=\"de\">Da es sich um ein handgefertigtes Brett handelt, sind die Formen und Ma\u00dfe des Holzes Richtwerte. <\/span><\/li>\n<li class=\"tw-data-text tw-text-large tw-ta\" dir=\"ltr\" data-placeholder=\"Traducci\u00f3n\" data-ved=\"2ahUKEwjZvpLm_piEAxUY_7sIHW1_B88Q3ewLegQIBRAU\"><span class=\"Y2IQFc\" lang=\"de\">Jedes Produkt ist anders und einzigartig. 200a &#8211; 95b &#8211; 77h.<\/span><\/li>\n<\/ul>\n","protected":false},"excerpt":{"rendered":"<p>Stahlbeine. Akazienholzbrett mit unregelm\u00e4\u00dfigen Kanten (urspr\u00fcnglicher Stammabschnitt). Finish auf Polyurethanbasis. Da es sich um ein handgefertigtes Brett handelt, sind die Formen und Ma\u00dfe des Holzes Richtwerte. Jedes Produkt ist anders und einzigartig. 200a &#8211; 95b &#8211; 77h.<\/p>\n","protected":false},"featured_media":68675,"template":"","meta":[],"product_brand":[],"product_cat":[349,268],"product_tag":[],"class_list":{"0":"post-68699","1":"product","2":"type-product","3":"status-publish","4":"has-post-thumbnail","6":"product_cat-esstische","7":"product_cat-esszimmer","9":"first","10":"instock","11":"shipping-taxable","12":"product-type-simple"},"yoast_head":"<!-- This site is optimized with the Yoast SEO plugin v27.3 - https:\/\/yoast.com\/product\/yoast-seo-wordpress\/ -->\n<title>ARON-TISCH 200X95. | mueble4you<\/title>\n<meta name=\"robots\" content=\"index, follow, max-snippet:-1, max-image-preview:large, max-video-preview:-1\" \/>\n<link rel=\"canonical\" href=\"https:\/\/mueble4you.com\/de\/productos\/mesa-aron-200x95\/\" \/>\n<meta property=\"og:locale\" content=\"de_DE\" \/>\n<meta property=\"og:type\" content=\"article\" \/>\n<meta property=\"og:title\" content=\"ARON-TISCH 200X95. | mueble4you\" \/>\n<meta property=\"og:description\" content=\"Stahlbeine. Akazienholzbrett mit unregelm\u00e4\u00dfigen Kanten (urspr\u00fcnglicher Stammabschnitt). Finish auf Polyurethanbasis. Da es sich um ein handgefertigtes Brett handelt, sind die Formen und Ma\u00dfe des Holzes Richtwerte. Jedes Produkt ist anders und einzigartig. 200a &#8211; 95b &#8211; 77h.\" \/>\n<meta property=\"og:url\" content=\"https:\/\/mueble4you.com\/de\/productos\/mesa-aron-200x95\/\" \/>\n<meta property=\"og:site_name\" content=\"mueble4you\" \/>\n<meta property=\"article:modified_time\" content=\"2024-02-07T11:18:57+00:00\" \/>\n<meta property=\"og:image\" content=\"https:\/\/mueble4you.com\/wp-content\/uploads\/2024\/01\/0745492.1.jpg\" \/>\n\t<meta property=\"og:image:width\" content=\"1775\" \/>\n\t<meta property=\"og:image:height\" content=\"1250\" \/>\n\t<meta property=\"og:image:type\" content=\"image\/jpeg\" \/>\n<meta name=\"twitter:card\" content=\"summary_large_image\" \/>\n<script type=\"application\/ld+json\" class=\"yoast-schema-graph\">{\"@context\":\"https:\\\/\\\/schema.org\",\"@graph\":[{\"@type\":\"WebPage\",\"@id\":\"https:\\\/\\\/mueble4you.com\\\/de\\\/productos\\\/mesa-aron-200x95\\\/\",\"url\":\"https:\\\/\\\/mueble4you.com\\\/de\\\/productos\\\/mesa-aron-200x95\\\/\",\"name\":\"ARON-TISCH 200X95. | mueble4you\",\"isPartOf\":{\"@id\":\"https:\\\/\\\/mueble4you.com\\\/#website\"},\"primaryImageOfPage\":{\"@id\":\"https:\\\/\\\/mueble4you.com\\\/de\\\/productos\\\/mesa-aron-200x95\\\/#primaryimage\"},\"image\":{\"@id\":\"https:\\\/\\\/mueble4you.com\\\/de\\\/productos\\\/mesa-aron-200x95\\\/#primaryimage\"},\"thumbnailUrl\":\"https:\\\/\\\/mueble4you.com\\\/wp-content\\\/uploads\\\/2024\\\/01\\\/0745492.1.jpg\",\"datePublished\":\"2024-01-16T14:29:25+00:00\",\"dateModified\":\"2024-02-07T11:18:57+00:00\",\"breadcrumb\":{\"@id\":\"https:\\\/\\\/mueble4you.com\\\/de\\\/productos\\\/mesa-aron-200x95\\\/#breadcrumb\"},\"inLanguage\":\"de\",\"potentialAction\":[{\"@type\":\"ReadAction\",\"target\":[\"https:\\\/\\\/mueble4you.com\\\/de\\\/productos\\\/mesa-aron-200x95\\\/\"]}]},{\"@type\":\"ImageObject\",\"inLanguage\":\"de\",\"@id\":\"https:\\\/\\\/mueble4you.com\\\/de\\\/productos\\\/mesa-aron-200x95\\\/#primaryimage\",\"url\":\"https:\\\/\\\/mueble4you.com\\\/wp-content\\\/uploads\\\/2024\\\/01\\\/0745492.1.jpg\",\"contentUrl\":\"https:\\\/\\\/mueble4you.com\\\/wp-content\\\/uploads\\\/2024\\\/01\\\/0745492.1.jpg\",\"width\":1775,\"height\":1250},{\"@type\":\"BreadcrumbList\",\"@id\":\"https:\\\/\\\/mueble4you.com\\\/de\\\/productos\\\/mesa-aron-200x95\\\/#breadcrumb\",\"itemListElement\":[{\"@type\":\"ListItem\",\"position\":1,\"name\":\"Portada\",\"item\":\"https:\\\/\\\/mueble4you.com\\\/de\\\/\"},{\"@type\":\"ListItem\",\"position\":2,\"name\":\"Productos\",\"item\":\"https:\\\/\\\/mueble4you.com\\\/productos\\\/\"},{\"@type\":\"ListItem\",\"position\":3,\"name\":\"ARON-TISCH 200X95.\"}]},{\"@type\":\"WebSite\",\"@id\":\"https:\\\/\\\/mueble4you.com\\\/#website\",\"url\":\"https:\\\/\\\/mueble4you.com\\\/\",\"name\":\"mueble4you\",\"description\":\"M\u00f6bel in Teneriffa\",\"potentialAction\":[{\"@type\":\"SearchAction\",\"target\":{\"@type\":\"EntryPoint\",\"urlTemplate\":\"https:\\\/\\\/mueble4you.com\\\/?s={search_term_string}\"},\"query-input\":{\"@type\":\"PropertyValueSpecification\",\"valueRequired\":true,\"valueName\":\"search_term_string\"}}],\"inLanguage\":\"de\"}]}<\/script>\n<!-- \/ Yoast SEO plugin. -->","yoast_head_json":{"title":"ARON-TISCH 200X95. | mueble4you","robots":{"index":"index","follow":"follow","max-snippet":"max-snippet:-1","max-image-preview":"max-image-preview:large","max-video-preview":"max-video-preview:-1"},"canonical":"https:\/\/mueble4you.com\/de\/productos\/mesa-aron-200x95\/","og_locale":"de_DE","og_type":"article","og_title":"ARON-TISCH 200X95. | mueble4you","og_description":"Stahlbeine. Akazienholzbrett mit unregelm\u00e4\u00dfigen Kanten (urspr\u00fcnglicher Stammabschnitt). Finish auf Polyurethanbasis. Da es sich um ein handgefertigtes Brett handelt, sind die Formen und Ma\u00dfe des Holzes Richtwerte. Jedes Produkt ist anders und einzigartig. 200a &#8211; 95b &#8211; 77h.","og_url":"https:\/\/mueble4you.com\/de\/productos\/mesa-aron-200x95\/","og_site_name":"mueble4you","article_modified_time":"2024-02-07T11:18:57+00:00","og_image":[{"width":1775,"height":1250,"url":"https:\/\/mueble4you.com\/wp-content\/uploads\/2024\/01\/0745492.1.jpg","type":"image\/jpeg"}],"twitter_card":"summary_large_image","schema":{"@context":"https:\/\/schema.org","@graph":[{"@type":"WebPage","@id":"https:\/\/mueble4you.com\/de\/productos\/mesa-aron-200x95\/","url":"https:\/\/mueble4you.com\/de\/productos\/mesa-aron-200x95\/","name":"ARON-TISCH 200X95. | mueble4you","isPartOf":{"@id":"https:\/\/mueble4you.com\/#website"},"primaryImageOfPage":{"@id":"https:\/\/mueble4you.com\/de\/productos\/mesa-aron-200x95\/#primaryimage"},"image":{"@id":"https:\/\/mueble4you.com\/de\/productos\/mesa-aron-200x95\/#primaryimage"},"thumbnailUrl":"https:\/\/mueble4you.com\/wp-content\/uploads\/2024\/01\/0745492.1.jpg","datePublished":"2024-01-16T14:29:25+00:00","dateModified":"2024-02-07T11:18:57+00:00","breadcrumb":{"@id":"https:\/\/mueble4you.com\/de\/productos\/mesa-aron-200x95\/#breadcrumb"},"inLanguage":"de","potentialAction":[{"@type":"ReadAction","target":["https:\/\/mueble4you.com\/de\/productos\/mesa-aron-200x95\/"]}]},{"@type":"ImageObject","inLanguage":"de","@id":"https:\/\/mueble4you.com\/de\/productos\/mesa-aron-200x95\/#primaryimage","url":"https:\/\/mueble4you.com\/wp-content\/uploads\/2024\/01\/0745492.1.jpg","contentUrl":"https:\/\/mueble4you.com\/wp-content\/uploads\/2024\/01\/0745492.1.jpg","width":1775,"height":1250},{"@type":"BreadcrumbList","@id":"https:\/\/mueble4you.com\/de\/productos\/mesa-aron-200x95\/#breadcrumb","itemListElement":[{"@type":"ListItem","position":1,"name":"Portada","item":"https:\/\/mueble4you.com\/de\/"},{"@type":"ListItem","position":2,"name":"Productos","item":"https:\/\/mueble4you.com\/productos\/"},{"@type":"ListItem","position":3,"name":"ARON-TISCH 200X95."}]},{"@type":"WebSite","@id":"https:\/\/mueble4you.com\/#website","url":"https:\/\/mueble4you.com\/","name":"mueble4you","description":"M\u00f6bel in Teneriffa","potentialAction":[{"@type":"SearchAction","target":{"@type":"EntryPoint","urlTemplate":"https:\/\/mueble4you.com\/?s={search_term_string}"},"query-input":{"@type":"PropertyValueSpecification","valueRequired":true,"valueName":"search_term_string"}}],"inLanguage":"de"}]}},"_links":{"self":[{"href":"https:\/\/mueble4you.com\/de\/wp-json\/wp\/v2\/product\/68699","targetHints":{"allow":["GET"]}}],"collection":[{"href":"https:\/\/mueble4you.com\/de\/wp-json\/wp\/v2\/product"}],"about":[{"href":"https:\/\/mueble4you.com\/de\/wp-json\/wp\/v2\/types\/product"}],"wp:featuredmedia":[{"embeddable":true,"href":"https:\/\/mueble4you.com\/de\/wp-json\/wp\/v2\/media\/68675"}],"wp:attachment":[{"href":"https:\/\/mueble4you.com\/de\/wp-json\/wp\/v2\/media?parent=68699"}],"wp:term":[{"taxonomy":"product_brand","embeddable":true,"href":"https:\/\/mueble4you.com\/de\/wp-json\/wp\/v2\/product_brand?post=68699"},{"taxonomy":"product_cat","embeddable":true,"href":"https:\/\/mueble4you.com\/de\/wp-json\/wp\/v2\/product_cat?post=68699"},{"taxonomy":"product_tag","embeddable":true,"href":"https:\/\/mueble4you.com\/de\/wp-json\/wp\/v2\/product_tag?post=68699"}],"curies":[{"name":"wp","href":"https:\/\/api.w.org\/{rel}","templated":true}]}}