{"id":68254,"date":"2023-12-26T10:44:00","date_gmt":"2023-12-26T10:44:00","guid":{"rendered":"https:\/\/mueble4you.com\/productos\/mesa-de-centro-madera-metal-mumbai-125x65x45-cm\/"},"modified":"2023-12-27T10:55:06","modified_gmt":"2023-12-27T10:55:06","slug":"mesa-de-centro-madera-metal-mumbai-125x65x45-cm","status":"publish","type":"product","link":"https:\/\/mueble4you.com\/de\/productos\/mesa-de-centro-madera-metal-mumbai-125x65x45-cm\/","title":{"rendered":"MUMBAI-COUCHTISCH AUS HOLZMETALL 125x65x45 CM."},"content":{"rendered":"<ul>\n<li id=\"tw-target-text\" class=\"tw-data-text tw-text-large tw-ta\" dir=\"ltr\" data-placeholder=\"Traducci\u00f3n\" data-ved=\"2ahUKEwi756CmtK-DAxWWQEEAHbFPArsQ3ewLegQICBAQ\"><span class=\"Y2IQFc\" lang=\"de\">MATERIAL: MANGOHOLZ \/ METALL \/ GLAS.<\/span><\/li>\n<li class=\"tw-data-text tw-text-large tw-ta\" dir=\"ltr\" data-placeholder=\"Traducci\u00f3n\" data-ved=\"2ahUKEwi756CmtK-DAxWWQEEAHbFPArsQ3ewLegQICBAQ\"><span class=\"Y2IQFc\" lang=\"de\">FARBE: NAT\u00dcRLICH \/ GOLDEN.<\/span><\/li>\n<li class=\"tw-data-text tw-text-large tw-ta\" dir=\"ltr\" data-placeholder=\"Traducci\u00f3n\" data-ved=\"2ahUKEwi756CmtK-DAxWWQEEAHbFPArsQ3ewLegQICBAQ\"><span class=\"Y2IQFc\" lang=\"de\">BEOBACHTUNGEN: GLAS: 8MM; VOM BODEN BIS ZUM UNTEREN TEIL: 40 CM; OHNE BEINE: 5 CM; 2 BEINE: 41X26X43CM; ABSTAND ZWISCHEN DEN BEINEN: OBEN: 34 CM; UNTEN: 73CM; SEITE: 30 CM. <\/span><\/li>\n<li class=\"tw-data-text tw-text-large tw-ta\" dir=\"ltr\" data-placeholder=\"Traducci\u00f3n\" data-ved=\"2ahUKEwi756CmtK-DAxWWQEEAHbFPArsQ3ewLegQICBAQ\"><span class=\"Y2IQFc\" lang=\"de\">Dieser Couchtisch aus braunem Mangoholz und mit einer Glasoberfl\u00e4che ist ideal, um die Dekoration Ihres Wohnzimmers mit einem nat\u00fcrlichen und Designer-Stil zu vervollst\u00e4ndigen. Dar\u00fcber hinaus entsteht durch seine Oberfl\u00e4che in Kombination mit Goldmetall ein Mehrwert.<\/span><\/li>\n<\/ul>\n","protected":false},"excerpt":{"rendered":"<p>MATERIAL: MANGOHOLZ \/ METALL \/ GLAS. FARBE: NAT\u00dcRLICH \/ GOLDEN. BEOBACHTUNGEN: GLAS: 8MM; VOM BODEN BIS ZUM UNTEREN TEIL: 40 CM; OHNE BEINE: 5 CM; 2 BEINE: 41X26X43CM; ABSTAND ZWISCHEN DEN BEINEN: OBEN: 34 CM; UNTEN: 73CM; SEITE: 30 CM. Dieser Couchtisch aus braunem Mangoholz und mit einer Glasoberfl\u00e4che ist ideal, um die Dekoration Ihres [&#8230;]\n","protected":false},"featured_media":68240,"template":"","meta":[],"product_brand":[],"product_cat":[358,272],"product_tag":[],"class_list":{"0":"post-68254","1":"product","2":"type-product","3":"status-publish","4":"has-post-thumbnail","6":"product_cat-couchtisch","7":"product_cat-wohnzimmer","9":"first","10":"instock","11":"shipping-taxable","12":"product-type-simple"},"yoast_head":"<!-- This site is optimized with the Yoast SEO plugin v27.2 - https:\/\/yoast.com\/product\/yoast-seo-wordpress\/ -->\n<title>MUMBAI-COUCHTISCH AUS HOLZMETALL 125x65x45 CM. | mueble4you<\/title>\n<meta name=\"robots\" content=\"index, follow, max-snippet:-1, max-image-preview:large, max-video-preview:-1\" \/>\n<link rel=\"canonical\" href=\"https:\/\/mueble4you.com\/de\/productos\/mesa-de-centro-madera-metal-mumbai-125x65x45-cm\/\" \/>\n<meta property=\"og:locale\" content=\"de_DE\" \/>\n<meta property=\"og:type\" content=\"article\" \/>\n<meta property=\"og:title\" content=\"MUMBAI-COUCHTISCH AUS HOLZMETALL 125x65x45 CM. | mueble4you\" \/>\n<meta property=\"og:description\" content=\"MATERIAL: MANGOHOLZ \/ METALL \/ GLAS. FARBE: NAT\u00dcRLICH \/ GOLDEN. BEOBACHTUNGEN: GLAS: 8MM; VOM BODEN BIS ZUM UNTEREN TEIL: 40 CM; OHNE BEINE: 5 CM; 2 BEINE: 41X26X43CM; ABSTAND ZWISCHEN DEN BEINEN: OBEN: 34 CM; UNTEN: 73CM; SEITE: 30 CM. Dieser Couchtisch aus braunem Mangoholz und mit einer Glasoberfl\u00e4che ist ideal, um die Dekoration Ihres [...]\" \/>\n<meta property=\"og:url\" content=\"https:\/\/mueble4you.com\/de\/productos\/mesa-de-centro-madera-metal-mumbai-125x65x45-cm\/\" \/>\n<meta property=\"og:site_name\" content=\"mueble4you\" \/>\n<meta property=\"article:modified_time\" content=\"2023-12-27T10:55:06+00:00\" \/>\n<meta property=\"og:image\" content=\"https:\/\/mueble4you.com\/wp-content\/uploads\/2023\/12\/288070.jpg\" \/>\n\t<meta property=\"og:image:width\" content=\"1920\" \/>\n\t<meta property=\"og:image:height\" content=\"1280\" \/>\n\t<meta property=\"og:image:type\" content=\"image\/jpeg\" \/>\n<meta name=\"twitter:card\" content=\"summary_large_image\" \/>\n<script type=\"application\/ld+json\" class=\"yoast-schema-graph\">{\"@context\":\"https:\/\/schema.org\",\"@graph\":[{\"@type\":\"WebPage\",\"@id\":\"https:\/\/mueble4you.com\/de\/productos\/mesa-de-centro-madera-metal-mumbai-125x65x45-cm\/\",\"url\":\"https:\/\/mueble4you.com\/de\/productos\/mesa-de-centro-madera-metal-mumbai-125x65x45-cm\/\",\"name\":\"MUMBAI-COUCHTISCH AUS HOLZMETALL 125x65x45 CM. | mueble4you\",\"isPartOf\":{\"@id\":\"https:\/\/mueble4you.com\/#website\"},\"primaryImageOfPage\":{\"@id\":\"https:\/\/mueble4you.com\/de\/productos\/mesa-de-centro-madera-metal-mumbai-125x65x45-cm\/#primaryimage\"},\"image\":{\"@id\":\"https:\/\/mueble4you.com\/de\/productos\/mesa-de-centro-madera-metal-mumbai-125x65x45-cm\/#primaryimage\"},\"thumbnailUrl\":\"https:\/\/mueble4you.com\/wp-content\/uploads\/2023\/12\/288070.jpg\",\"datePublished\":\"2023-12-26T10:44:00+00:00\",\"dateModified\":\"2023-12-27T10:55:06+00:00\",\"breadcrumb\":{\"@id\":\"https:\/\/mueble4you.com\/de\/productos\/mesa-de-centro-madera-metal-mumbai-125x65x45-cm\/#breadcrumb\"},\"inLanguage\":\"de\",\"potentialAction\":[{\"@type\":\"ReadAction\",\"target\":[\"https:\/\/mueble4you.com\/de\/productos\/mesa-de-centro-madera-metal-mumbai-125x65x45-cm\/\"]}]},{\"@type\":\"ImageObject\",\"inLanguage\":\"de\",\"@id\":\"https:\/\/mueble4you.com\/de\/productos\/mesa-de-centro-madera-metal-mumbai-125x65x45-cm\/#primaryimage\",\"url\":\"https:\/\/mueble4you.com\/wp-content\/uploads\/2023\/12\/288070.jpg\",\"contentUrl\":\"https:\/\/mueble4you.com\/wp-content\/uploads\/2023\/12\/288070.jpg\",\"width\":1920,\"height\":1280},{\"@type\":\"BreadcrumbList\",\"@id\":\"https:\/\/mueble4you.com\/de\/productos\/mesa-de-centro-madera-metal-mumbai-125x65x45-cm\/#breadcrumb\",\"itemListElement\":[{\"@type\":\"ListItem\",\"position\":1,\"name\":\"Portada\",\"item\":\"https:\/\/mueble4you.com\/de\/\"},{\"@type\":\"ListItem\",\"position\":2,\"name\":\"Productos\",\"item\":\"https:\/\/mueble4you.com\/productos\/\"},{\"@type\":\"ListItem\",\"position\":3,\"name\":\"MUMBAI-COUCHTISCH AUS HOLZMETALL 125x65x45 CM.\"}]},{\"@type\":\"WebSite\",\"@id\":\"https:\/\/mueble4you.com\/#website\",\"url\":\"https:\/\/mueble4you.com\/\",\"name\":\"mueble4you\",\"description\":\"M\u00f6bel in Teneriffa\",\"potentialAction\":[{\"@type\":\"SearchAction\",\"target\":{\"@type\":\"EntryPoint\",\"urlTemplate\":\"https:\/\/mueble4you.com\/?s={search_term_string}\"},\"query-input\":{\"@type\":\"PropertyValueSpecification\",\"valueRequired\":true,\"valueName\":\"search_term_string\"}}],\"inLanguage\":\"de\"}]}<\/script>\n<!-- \/ Yoast SEO plugin. -->","yoast_head_json":{"title":"MUMBAI-COUCHTISCH AUS HOLZMETALL 125x65x45 CM. | mueble4you","robots":{"index":"index","follow":"follow","max-snippet":"max-snippet:-1","max-image-preview":"max-image-preview:large","max-video-preview":"max-video-preview:-1"},"canonical":"https:\/\/mueble4you.com\/de\/productos\/mesa-de-centro-madera-metal-mumbai-125x65x45-cm\/","og_locale":"de_DE","og_type":"article","og_title":"MUMBAI-COUCHTISCH AUS HOLZMETALL 125x65x45 CM. | mueble4you","og_description":"MATERIAL: MANGOHOLZ \/ METALL \/ GLAS. FARBE: NAT\u00dcRLICH \/ GOLDEN. BEOBACHTUNGEN: GLAS: 8MM; VOM BODEN BIS ZUM UNTEREN TEIL: 40 CM; OHNE BEINE: 5 CM; 2 BEINE: 41X26X43CM; ABSTAND ZWISCHEN DEN BEINEN: OBEN: 34 CM; UNTEN: 73CM; SEITE: 30 CM. Dieser Couchtisch aus braunem Mangoholz und mit einer Glasoberfl\u00e4che ist ideal, um die Dekoration Ihres [...]","og_url":"https:\/\/mueble4you.com\/de\/productos\/mesa-de-centro-madera-metal-mumbai-125x65x45-cm\/","og_site_name":"mueble4you","article_modified_time":"2023-12-27T10:55:06+00:00","og_image":[{"width":1920,"height":1280,"url":"https:\/\/mueble4you.com\/wp-content\/uploads\/2023\/12\/288070.jpg","type":"image\/jpeg"}],"twitter_card":"summary_large_image","schema":{"@context":"https:\/\/schema.org","@graph":[{"@type":"WebPage","@id":"https:\/\/mueble4you.com\/de\/productos\/mesa-de-centro-madera-metal-mumbai-125x65x45-cm\/","url":"https:\/\/mueble4you.com\/de\/productos\/mesa-de-centro-madera-metal-mumbai-125x65x45-cm\/","name":"MUMBAI-COUCHTISCH AUS HOLZMETALL 125x65x45 CM. | mueble4you","isPartOf":{"@id":"https:\/\/mueble4you.com\/#website"},"primaryImageOfPage":{"@id":"https:\/\/mueble4you.com\/de\/productos\/mesa-de-centro-madera-metal-mumbai-125x65x45-cm\/#primaryimage"},"image":{"@id":"https:\/\/mueble4you.com\/de\/productos\/mesa-de-centro-madera-metal-mumbai-125x65x45-cm\/#primaryimage"},"thumbnailUrl":"https:\/\/mueble4you.com\/wp-content\/uploads\/2023\/12\/288070.jpg","datePublished":"2023-12-26T10:44:00+00:00","dateModified":"2023-12-27T10:55:06+00:00","breadcrumb":{"@id":"https:\/\/mueble4you.com\/de\/productos\/mesa-de-centro-madera-metal-mumbai-125x65x45-cm\/#breadcrumb"},"inLanguage":"de","potentialAction":[{"@type":"ReadAction","target":["https:\/\/mueble4you.com\/de\/productos\/mesa-de-centro-madera-metal-mumbai-125x65x45-cm\/"]}]},{"@type":"ImageObject","inLanguage":"de","@id":"https:\/\/mueble4you.com\/de\/productos\/mesa-de-centro-madera-metal-mumbai-125x65x45-cm\/#primaryimage","url":"https:\/\/mueble4you.com\/wp-content\/uploads\/2023\/12\/288070.jpg","contentUrl":"https:\/\/mueble4you.com\/wp-content\/uploads\/2023\/12\/288070.jpg","width":1920,"height":1280},{"@type":"BreadcrumbList","@id":"https:\/\/mueble4you.com\/de\/productos\/mesa-de-centro-madera-metal-mumbai-125x65x45-cm\/#breadcrumb","itemListElement":[{"@type":"ListItem","position":1,"name":"Portada","item":"https:\/\/mueble4you.com\/de\/"},{"@type":"ListItem","position":2,"name":"Productos","item":"https:\/\/mueble4you.com\/productos\/"},{"@type":"ListItem","position":3,"name":"MUMBAI-COUCHTISCH AUS HOLZMETALL 125x65x45 CM."}]},{"@type":"WebSite","@id":"https:\/\/mueble4you.com\/#website","url":"https:\/\/mueble4you.com\/","name":"mueble4you","description":"M\u00f6bel in Teneriffa","potentialAction":[{"@type":"SearchAction","target":{"@type":"EntryPoint","urlTemplate":"https:\/\/mueble4you.com\/?s={search_term_string}"},"query-input":{"@type":"PropertyValueSpecification","valueRequired":true,"valueName":"search_term_string"}}],"inLanguage":"de"}]}},"_links":{"self":[{"href":"https:\/\/mueble4you.com\/de\/wp-json\/wp\/v2\/product\/68254","targetHints":{"allow":["GET"]}}],"collection":[{"href":"https:\/\/mueble4you.com\/de\/wp-json\/wp\/v2\/product"}],"about":[{"href":"https:\/\/mueble4you.com\/de\/wp-json\/wp\/v2\/types\/product"}],"wp:featuredmedia":[{"embeddable":true,"href":"https:\/\/mueble4you.com\/de\/wp-json\/wp\/v2\/media\/68240"}],"wp:attachment":[{"href":"https:\/\/mueble4you.com\/de\/wp-json\/wp\/v2\/media?parent=68254"}],"wp:term":[{"taxonomy":"product_brand","embeddable":true,"href":"https:\/\/mueble4you.com\/de\/wp-json\/wp\/v2\/product_brand?post=68254"},{"taxonomy":"product_cat","embeddable":true,"href":"https:\/\/mueble4you.com\/de\/wp-json\/wp\/v2\/product_cat?post=68254"},{"taxonomy":"product_tag","embeddable":true,"href":"https:\/\/mueble4you.com\/de\/wp-json\/wp\/v2\/product_tag?post=68254"}],"curies":[{"name":"wp","href":"https:\/\/api.w.org\/{rel}","templated":true}]}}