{"id":67634,"date":"2023-10-28T09:43:46","date_gmt":"2023-10-28T09:43:46","guid":{"rendered":"https:\/\/mueble4you.com\/productos\/vigo-sofa-cama-160x200-t-berlin-plata\/"},"modified":"2023-10-30T10:31:07","modified_gmt":"2023-10-30T10:31:07","slug":"vigo-sofa-bett-160x200-t-berlin-silber","status":"publish","type":"product","link":"https:\/\/mueble4you.com\/de\/productos\/vigo-sofa-bett-160x200-t-berlin-silber\/","title":{"rendered":"VIGO SOFA-BETT 160X200 T.BERLIN SILBER."},"content":{"rendered":"<ul>\n<li id=\"tw-target-text\" class=\"tw-data-text tw-text-large tw-ta\" dir=\"ltr\" data-placeholder=\"Traducci\u00f3n\" data-ved=\"2ahUKEwjA0N_bxp2CAxVmQ6QEHSGVA-cQ3ewLegQIBhAQ\"><span class=\"Y2IQFc\" lang=\"de\">Auf Anfrage auch in anderen Farben, Materialien und Abmessungen erh\u00e4ltlich. <\/span><\/li>\n<li class=\"tw-data-text tw-text-large tw-ta\" dir=\"ltr\" data-placeholder=\"Traducci\u00f3n\" data-ved=\"2ahUKEwjA0N_bxp2CAxVmQ6QEHSGVA-cQ3ewLegQIBhAQ\"><span class=\"Y2IQFc\" lang=\"de\">F\u00fcr 160x200cm Matratze. Verf\u00fcgbar in den Farben Stein und T\u00fcrkis.<\/span><\/li>\n<li dir=\"ltr\" data-placeholder=\"Traducci\u00f3n\" data-ved=\"2ahUKEwjA0N_bxp2CAxVmQ6QEHSGVA-cQ3ewLegQIBhAQ\">\n<pre id=\"tw-target-text\" class=\"tw-data-text tw-text-large tw-ta\" dir=\"ltr\" data-placeholder=\"Traducci\u00f3n\" data-ved=\"2ahUKEwjA0N_bxp2CAxVmQ6QEHSGVA-cQ3ewLegQIBhAQ\"><span class=\"Y2IQFc\" lang=\"de\">Vorr\u00e4tig in den Farben Stein, Silber und T\u00fcrkis, jedoch in geringerem Umfang, mit einer 140 x 200 cm gro\u00dfen Matratze<\/span><\/pre>\n<\/li>\n<\/ul>\n<p>&nbsp;<\/p>\n","protected":false},"excerpt":{"rendered":"<p>Auf Anfrage auch in anderen Farben, Materialien und Abmessungen erh\u00e4ltlich. F\u00fcr 160x200cm Matratze. Verf\u00fcgbar in den Farben Stein und T\u00fcrkis. Vorr\u00e4tig in den Farben Stein, Silber und T\u00fcrkis, jedoch in geringerem Umfang, mit einer 140 x 200 cm gro\u00dfen Matratze &nbsp;<\/p>\n","protected":false},"featured_media":67625,"template":"","meta":[],"product_brand":[],"product_cat":[549,273,272],"product_tag":[],"class_list":{"0":"post-67634","1":"product","2":"type-product","3":"status-publish","4":"has-post-thumbnail","6":"product_cat-schlafsofa","7":"product_cat-sofas-wohnzimmer","8":"product_cat-wohnzimmer","10":"first","11":"instock","12":"shipping-taxable","13":"product-type-simple"},"yoast_head":"<!-- This site is optimized with the Yoast SEO plugin v27.3 - https:\/\/yoast.com\/product\/yoast-seo-wordpress\/ -->\n<title>VIGO SOFA-BETT 160X200 T.BERLIN SILBER. | mueble4you<\/title>\n<meta name=\"robots\" content=\"index, follow, max-snippet:-1, max-image-preview:large, max-video-preview:-1\" \/>\n<link rel=\"canonical\" href=\"https:\/\/mueble4you.com\/de\/productos\/vigo-sofa-bett-160x200-t-berlin-silber\/\" \/>\n<meta property=\"og:locale\" content=\"de_DE\" \/>\n<meta property=\"og:type\" content=\"article\" \/>\n<meta property=\"og:title\" content=\"VIGO SOFA-BETT 160X200 T.BERLIN SILBER. | mueble4you\" \/>\n<meta property=\"og:description\" content=\"Auf Anfrage auch in anderen Farben, Materialien und Abmessungen erh\u00e4ltlich. F\u00fcr 160x200cm Matratze. Verf\u00fcgbar in den Farben Stein und T\u00fcrkis. Vorr\u00e4tig in den Farben Stein, Silber und T\u00fcrkis, jedoch in geringerem Umfang, mit einer 140 x 200 cm gro\u00dfen Matratze &nbsp;\" \/>\n<meta property=\"og:url\" content=\"https:\/\/mueble4you.com\/de\/productos\/vigo-sofa-bett-160x200-t-berlin-silber\/\" \/>\n<meta property=\"og:site_name\" content=\"mueble4you\" \/>\n<meta property=\"article:modified_time\" content=\"2023-10-30T10:31:07+00:00\" \/>\n<meta property=\"og:image\" content=\"https:\/\/mueble4you.com\/wp-content\/uploads\/2023\/10\/SOFA-VIGO-scaled.jpg\" \/>\n\t<meta property=\"og:image:width\" content=\"2560\" \/>\n\t<meta property=\"og:image:height\" content=\"1920\" \/>\n\t<meta property=\"og:image:type\" content=\"image\/jpeg\" \/>\n<meta name=\"twitter:card\" content=\"summary_large_image\" \/>\n<script type=\"application\/ld+json\" class=\"yoast-schema-graph\">{\"@context\":\"https:\\\/\\\/schema.org\",\"@graph\":[{\"@type\":\"WebPage\",\"@id\":\"https:\\\/\\\/mueble4you.com\\\/de\\\/productos\\\/vigo-sofa-bett-160x200-t-berlin-silber\\\/\",\"url\":\"https:\\\/\\\/mueble4you.com\\\/de\\\/productos\\\/vigo-sofa-bett-160x200-t-berlin-silber\\\/\",\"name\":\"VIGO SOFA-BETT 160X200 T.BERLIN SILBER. | mueble4you\",\"isPartOf\":{\"@id\":\"https:\\\/\\\/mueble4you.com\\\/#website\"},\"primaryImageOfPage\":{\"@id\":\"https:\\\/\\\/mueble4you.com\\\/de\\\/productos\\\/vigo-sofa-bett-160x200-t-berlin-silber\\\/#primaryimage\"},\"image\":{\"@id\":\"https:\\\/\\\/mueble4you.com\\\/de\\\/productos\\\/vigo-sofa-bett-160x200-t-berlin-silber\\\/#primaryimage\"},\"thumbnailUrl\":\"https:\\\/\\\/mueble4you.com\\\/wp-content\\\/uploads\\\/2023\\\/10\\\/SOFA-VIGO-scaled.jpg\",\"datePublished\":\"2023-10-28T09:43:46+00:00\",\"dateModified\":\"2023-10-30T10:31:07+00:00\",\"breadcrumb\":{\"@id\":\"https:\\\/\\\/mueble4you.com\\\/de\\\/productos\\\/vigo-sofa-bett-160x200-t-berlin-silber\\\/#breadcrumb\"},\"inLanguage\":\"de\",\"potentialAction\":[{\"@type\":\"ReadAction\",\"target\":[\"https:\\\/\\\/mueble4you.com\\\/de\\\/productos\\\/vigo-sofa-bett-160x200-t-berlin-silber\\\/\"]}]},{\"@type\":\"ImageObject\",\"inLanguage\":\"de\",\"@id\":\"https:\\\/\\\/mueble4you.com\\\/de\\\/productos\\\/vigo-sofa-bett-160x200-t-berlin-silber\\\/#primaryimage\",\"url\":\"https:\\\/\\\/mueble4you.com\\\/wp-content\\\/uploads\\\/2023\\\/10\\\/SOFA-VIGO-scaled.jpg\",\"contentUrl\":\"https:\\\/\\\/mueble4you.com\\\/wp-content\\\/uploads\\\/2023\\\/10\\\/SOFA-VIGO-scaled.jpg\",\"width\":2560,\"height\":1920},{\"@type\":\"BreadcrumbList\",\"@id\":\"https:\\\/\\\/mueble4you.com\\\/de\\\/productos\\\/vigo-sofa-bett-160x200-t-berlin-silber\\\/#breadcrumb\",\"itemListElement\":[{\"@type\":\"ListItem\",\"position\":1,\"name\":\"Portada\",\"item\":\"https:\\\/\\\/mueble4you.com\\\/de\\\/\"},{\"@type\":\"ListItem\",\"position\":2,\"name\":\"Productos\",\"item\":\"https:\\\/\\\/mueble4you.com\\\/productos\\\/\"},{\"@type\":\"ListItem\",\"position\":3,\"name\":\"VIGO SOFA-BETT 160X200 T.BERLIN SILBER.\"}]},{\"@type\":\"WebSite\",\"@id\":\"https:\\\/\\\/mueble4you.com\\\/#website\",\"url\":\"https:\\\/\\\/mueble4you.com\\\/\",\"name\":\"mueble4you\",\"description\":\"M\u00f6bel in Teneriffa\",\"potentialAction\":[{\"@type\":\"SearchAction\",\"target\":{\"@type\":\"EntryPoint\",\"urlTemplate\":\"https:\\\/\\\/mueble4you.com\\\/?s={search_term_string}\"},\"query-input\":{\"@type\":\"PropertyValueSpecification\",\"valueRequired\":true,\"valueName\":\"search_term_string\"}}],\"inLanguage\":\"de\"}]}<\/script>\n<!-- \/ Yoast SEO plugin. -->","yoast_head_json":{"title":"VIGO SOFA-BETT 160X200 T.BERLIN SILBER. | mueble4you","robots":{"index":"index","follow":"follow","max-snippet":"max-snippet:-1","max-image-preview":"max-image-preview:large","max-video-preview":"max-video-preview:-1"},"canonical":"https:\/\/mueble4you.com\/de\/productos\/vigo-sofa-bett-160x200-t-berlin-silber\/","og_locale":"de_DE","og_type":"article","og_title":"VIGO SOFA-BETT 160X200 T.BERLIN SILBER. | mueble4you","og_description":"Auf Anfrage auch in anderen Farben, Materialien und Abmessungen erh\u00e4ltlich. F\u00fcr 160x200cm Matratze. Verf\u00fcgbar in den Farben Stein und T\u00fcrkis. Vorr\u00e4tig in den Farben Stein, Silber und T\u00fcrkis, jedoch in geringerem Umfang, mit einer 140 x 200 cm gro\u00dfen Matratze &nbsp;","og_url":"https:\/\/mueble4you.com\/de\/productos\/vigo-sofa-bett-160x200-t-berlin-silber\/","og_site_name":"mueble4you","article_modified_time":"2023-10-30T10:31:07+00:00","og_image":[{"width":2560,"height":1920,"url":"https:\/\/mueble4you.com\/wp-content\/uploads\/2023\/10\/SOFA-VIGO-scaled.jpg","type":"image\/jpeg"}],"twitter_card":"summary_large_image","schema":{"@context":"https:\/\/schema.org","@graph":[{"@type":"WebPage","@id":"https:\/\/mueble4you.com\/de\/productos\/vigo-sofa-bett-160x200-t-berlin-silber\/","url":"https:\/\/mueble4you.com\/de\/productos\/vigo-sofa-bett-160x200-t-berlin-silber\/","name":"VIGO SOFA-BETT 160X200 T.BERLIN SILBER. | mueble4you","isPartOf":{"@id":"https:\/\/mueble4you.com\/#website"},"primaryImageOfPage":{"@id":"https:\/\/mueble4you.com\/de\/productos\/vigo-sofa-bett-160x200-t-berlin-silber\/#primaryimage"},"image":{"@id":"https:\/\/mueble4you.com\/de\/productos\/vigo-sofa-bett-160x200-t-berlin-silber\/#primaryimage"},"thumbnailUrl":"https:\/\/mueble4you.com\/wp-content\/uploads\/2023\/10\/SOFA-VIGO-scaled.jpg","datePublished":"2023-10-28T09:43:46+00:00","dateModified":"2023-10-30T10:31:07+00:00","breadcrumb":{"@id":"https:\/\/mueble4you.com\/de\/productos\/vigo-sofa-bett-160x200-t-berlin-silber\/#breadcrumb"},"inLanguage":"de","potentialAction":[{"@type":"ReadAction","target":["https:\/\/mueble4you.com\/de\/productos\/vigo-sofa-bett-160x200-t-berlin-silber\/"]}]},{"@type":"ImageObject","inLanguage":"de","@id":"https:\/\/mueble4you.com\/de\/productos\/vigo-sofa-bett-160x200-t-berlin-silber\/#primaryimage","url":"https:\/\/mueble4you.com\/wp-content\/uploads\/2023\/10\/SOFA-VIGO-scaled.jpg","contentUrl":"https:\/\/mueble4you.com\/wp-content\/uploads\/2023\/10\/SOFA-VIGO-scaled.jpg","width":2560,"height":1920},{"@type":"BreadcrumbList","@id":"https:\/\/mueble4you.com\/de\/productos\/vigo-sofa-bett-160x200-t-berlin-silber\/#breadcrumb","itemListElement":[{"@type":"ListItem","position":1,"name":"Portada","item":"https:\/\/mueble4you.com\/de\/"},{"@type":"ListItem","position":2,"name":"Productos","item":"https:\/\/mueble4you.com\/productos\/"},{"@type":"ListItem","position":3,"name":"VIGO SOFA-BETT 160X200 T.BERLIN SILBER."}]},{"@type":"WebSite","@id":"https:\/\/mueble4you.com\/#website","url":"https:\/\/mueble4you.com\/","name":"mueble4you","description":"M\u00f6bel in Teneriffa","potentialAction":[{"@type":"SearchAction","target":{"@type":"EntryPoint","urlTemplate":"https:\/\/mueble4you.com\/?s={search_term_string}"},"query-input":{"@type":"PropertyValueSpecification","valueRequired":true,"valueName":"search_term_string"}}],"inLanguage":"de"}]}},"_links":{"self":[{"href":"https:\/\/mueble4you.com\/de\/wp-json\/wp\/v2\/product\/67634","targetHints":{"allow":["GET"]}}],"collection":[{"href":"https:\/\/mueble4you.com\/de\/wp-json\/wp\/v2\/product"}],"about":[{"href":"https:\/\/mueble4you.com\/de\/wp-json\/wp\/v2\/types\/product"}],"wp:featuredmedia":[{"embeddable":true,"href":"https:\/\/mueble4you.com\/de\/wp-json\/wp\/v2\/media\/67625"}],"wp:attachment":[{"href":"https:\/\/mueble4you.com\/de\/wp-json\/wp\/v2\/media?parent=67634"}],"wp:term":[{"taxonomy":"product_brand","embeddable":true,"href":"https:\/\/mueble4you.com\/de\/wp-json\/wp\/v2\/product_brand?post=67634"},{"taxonomy":"product_cat","embeddable":true,"href":"https:\/\/mueble4you.com\/de\/wp-json\/wp\/v2\/product_cat?post=67634"},{"taxonomy":"product_tag","embeddable":true,"href":"https:\/\/mueble4you.com\/de\/wp-json\/wp\/v2\/product_tag?post=67634"}],"curies":[{"name":"wp","href":"https:\/\/api.w.org\/{rel}","templated":true}]}}