{"id":67461,"date":"2023-10-25T15:21:59","date_gmt":"2023-10-25T15:21:59","guid":{"rendered":"https:\/\/mueble4you.com\/productos\/cama-leonte\/"},"modified":"2023-10-26T12:31:42","modified_gmt":"2023-10-26T12:31:42","slug":"leonte-bett","status":"publish","type":"product","link":"https:\/\/mueble4you.com\/de\/productos\/leonte-bett\/","title":{"rendered":"Leonte-Bett."},"content":{"rendered":"<ul>\n<li id=\"tw-target-text\" class=\"tw-data-text tw-text-large tw-ta\" dir=\"ltr\" data-placeholder=\"Traducci\u00f3n\" data-ved=\"2ahUKEwja98_ez5OCAxVOVaQEHfySAoEQ3ewLegQIDRAQ\"><span class=\"Y2IQFc\" lang=\"de\">F\u00fcr 180x200cm Matratze. <\/span><\/li>\n<li class=\"tw-data-text tw-text-large tw-ta\" dir=\"ltr\" data-placeholder=\"Traducci\u00f3n\" data-ved=\"2ahUKEwja98_ez5OCAxVOVaQEHfySAoEQ3ewLegQIDRAQ\"><span class=\"Y2IQFc\" lang=\"de\">Fuchsia-Farbe. <\/span><\/li>\n<li class=\"tw-data-text tw-text-large tw-ta\" dir=\"ltr\" data-placeholder=\"Traducci\u00f3n\" data-ved=\"2ahUKEwja98_ez5OCAxVOVaQEHfySAoEQ3ewLegQIDRAQ\"><span class=\"Y2IQFc\" lang=\"de\">Auf Anfrage auch in anderen Farben, Ma\u00dfen und Materialien erh\u00e4ltlich. <\/span><\/li>\n<li class=\"tw-data-text tw-text-large tw-ta\" dir=\"ltr\" data-placeholder=\"Traducci\u00f3n\" data-ved=\"2ahUKEwja98_ez5OCAxVOVaQEHfySAoEQ3ewLegQIDRAQ\"><span class=\"Y2IQFc\" lang=\"de\">Inklusive seitlicher Schubladen.<\/span><\/li>\n<\/ul>\n","protected":false},"excerpt":{"rendered":"<p>F\u00fcr 180x200cm Matratze. Fuchsia-Farbe. Auf Anfrage auch in anderen Farben, Ma\u00dfen und Materialien erh\u00e4ltlich. Inklusive seitlicher Schubladen.<\/p>\n","protected":false},"featured_media":67447,"template":"","meta":[],"product_brand":[],"product_cat":[270,269],"product_tag":[],"class_list":{"0":"post-67461","1":"product","2":"type-product","3":"status-publish","4":"has-post-thumbnail","6":"product_cat-betten-und-zubehor","7":"product_cat-schlafzimmer","9":"first","10":"instock","11":"shipping-taxable","12":"product-type-simple"},"yoast_head":"<!-- This site is optimized with the Yoast SEO plugin v27.3 - https:\/\/yoast.com\/product\/yoast-seo-wordpress\/ -->\n<title>Leonte-Bett. | mueble4you<\/title>\n<meta name=\"robots\" content=\"index, follow, max-snippet:-1, max-image-preview:large, max-video-preview:-1\" \/>\n<link rel=\"canonical\" href=\"https:\/\/mueble4you.com\/de\/productos\/leonte-bett\/\" \/>\n<meta property=\"og:locale\" content=\"de_DE\" \/>\n<meta property=\"og:type\" content=\"article\" \/>\n<meta property=\"og:title\" content=\"Leonte-Bett. | mueble4you\" \/>\n<meta property=\"og:description\" content=\"F\u00fcr 180x200cm Matratze. Fuchsia-Farbe. Auf Anfrage auch in anderen Farben, Ma\u00dfen und Materialien erh\u00e4ltlich. Inklusive seitlicher Schubladen.\" \/>\n<meta property=\"og:url\" content=\"https:\/\/mueble4you.com\/de\/productos\/leonte-bett\/\" \/>\n<meta property=\"og:site_name\" content=\"mueble4you\" \/>\n<meta property=\"article:modified_time\" content=\"2023-10-26T12:31:42+00:00\" \/>\n<meta property=\"og:image\" content=\"https:\/\/mueble4you.com\/wp-content\/uploads\/2023\/10\/CAMA-ROSA-1.jpg\" \/>\n\t<meta property=\"og:image:width\" content=\"1759\" \/>\n\t<meta property=\"og:image:height\" content=\"2100\" \/>\n\t<meta property=\"og:image:type\" content=\"image\/jpeg\" \/>\n<meta name=\"twitter:card\" content=\"summary_large_image\" \/>\n<script type=\"application\/ld+json\" class=\"yoast-schema-graph\">{\"@context\":\"https:\\\/\\\/schema.org\",\"@graph\":[{\"@type\":\"WebPage\",\"@id\":\"https:\\\/\\\/mueble4you.com\\\/de\\\/productos\\\/leonte-bett\\\/\",\"url\":\"https:\\\/\\\/mueble4you.com\\\/de\\\/productos\\\/leonte-bett\\\/\",\"name\":\"Leonte-Bett. | mueble4you\",\"isPartOf\":{\"@id\":\"https:\\\/\\\/mueble4you.com\\\/#website\"},\"primaryImageOfPage\":{\"@id\":\"https:\\\/\\\/mueble4you.com\\\/de\\\/productos\\\/leonte-bett\\\/#primaryimage\"},\"image\":{\"@id\":\"https:\\\/\\\/mueble4you.com\\\/de\\\/productos\\\/leonte-bett\\\/#primaryimage\"},\"thumbnailUrl\":\"https:\\\/\\\/mueble4you.com\\\/wp-content\\\/uploads\\\/2023\\\/10\\\/CAMA-ROSA-1.jpg\",\"datePublished\":\"2023-10-25T15:21:59+00:00\",\"dateModified\":\"2023-10-26T12:31:42+00:00\",\"breadcrumb\":{\"@id\":\"https:\\\/\\\/mueble4you.com\\\/de\\\/productos\\\/leonte-bett\\\/#breadcrumb\"},\"inLanguage\":\"de\",\"potentialAction\":[{\"@type\":\"ReadAction\",\"target\":[\"https:\\\/\\\/mueble4you.com\\\/de\\\/productos\\\/leonte-bett\\\/\"]}]},{\"@type\":\"ImageObject\",\"inLanguage\":\"de\",\"@id\":\"https:\\\/\\\/mueble4you.com\\\/de\\\/productos\\\/leonte-bett\\\/#primaryimage\",\"url\":\"https:\\\/\\\/mueble4you.com\\\/wp-content\\\/uploads\\\/2023\\\/10\\\/CAMA-ROSA-1.jpg\",\"contentUrl\":\"https:\\\/\\\/mueble4you.com\\\/wp-content\\\/uploads\\\/2023\\\/10\\\/CAMA-ROSA-1.jpg\",\"width\":1759,\"height\":2100},{\"@type\":\"BreadcrumbList\",\"@id\":\"https:\\\/\\\/mueble4you.com\\\/de\\\/productos\\\/leonte-bett\\\/#breadcrumb\",\"itemListElement\":[{\"@type\":\"ListItem\",\"position\":1,\"name\":\"Portada\",\"item\":\"https:\\\/\\\/mueble4you.com\\\/de\\\/\"},{\"@type\":\"ListItem\",\"position\":2,\"name\":\"Productos\",\"item\":\"https:\\\/\\\/mueble4you.com\\\/productos\\\/\"},{\"@type\":\"ListItem\",\"position\":3,\"name\":\"Leonte-Bett.\"}]},{\"@type\":\"WebSite\",\"@id\":\"https:\\\/\\\/mueble4you.com\\\/#website\",\"url\":\"https:\\\/\\\/mueble4you.com\\\/\",\"name\":\"mueble4you\",\"description\":\"M\u00f6bel in Teneriffa\",\"potentialAction\":[{\"@type\":\"SearchAction\",\"target\":{\"@type\":\"EntryPoint\",\"urlTemplate\":\"https:\\\/\\\/mueble4you.com\\\/?s={search_term_string}\"},\"query-input\":{\"@type\":\"PropertyValueSpecification\",\"valueRequired\":true,\"valueName\":\"search_term_string\"}}],\"inLanguage\":\"de\"}]}<\/script>\n<!-- \/ Yoast SEO plugin. -->","yoast_head_json":{"title":"Leonte-Bett. | mueble4you","robots":{"index":"index","follow":"follow","max-snippet":"max-snippet:-1","max-image-preview":"max-image-preview:large","max-video-preview":"max-video-preview:-1"},"canonical":"https:\/\/mueble4you.com\/de\/productos\/leonte-bett\/","og_locale":"de_DE","og_type":"article","og_title":"Leonte-Bett. | mueble4you","og_description":"F\u00fcr 180x200cm Matratze. Fuchsia-Farbe. Auf Anfrage auch in anderen Farben, Ma\u00dfen und Materialien erh\u00e4ltlich. Inklusive seitlicher Schubladen.","og_url":"https:\/\/mueble4you.com\/de\/productos\/leonte-bett\/","og_site_name":"mueble4you","article_modified_time":"2023-10-26T12:31:42+00:00","og_image":[{"width":1759,"height":2100,"url":"https:\/\/mueble4you.com\/wp-content\/uploads\/2023\/10\/CAMA-ROSA-1.jpg","type":"image\/jpeg"}],"twitter_card":"summary_large_image","schema":{"@context":"https:\/\/schema.org","@graph":[{"@type":"WebPage","@id":"https:\/\/mueble4you.com\/de\/productos\/leonte-bett\/","url":"https:\/\/mueble4you.com\/de\/productos\/leonte-bett\/","name":"Leonte-Bett. | mueble4you","isPartOf":{"@id":"https:\/\/mueble4you.com\/#website"},"primaryImageOfPage":{"@id":"https:\/\/mueble4you.com\/de\/productos\/leonte-bett\/#primaryimage"},"image":{"@id":"https:\/\/mueble4you.com\/de\/productos\/leonte-bett\/#primaryimage"},"thumbnailUrl":"https:\/\/mueble4you.com\/wp-content\/uploads\/2023\/10\/CAMA-ROSA-1.jpg","datePublished":"2023-10-25T15:21:59+00:00","dateModified":"2023-10-26T12:31:42+00:00","breadcrumb":{"@id":"https:\/\/mueble4you.com\/de\/productos\/leonte-bett\/#breadcrumb"},"inLanguage":"de","potentialAction":[{"@type":"ReadAction","target":["https:\/\/mueble4you.com\/de\/productos\/leonte-bett\/"]}]},{"@type":"ImageObject","inLanguage":"de","@id":"https:\/\/mueble4you.com\/de\/productos\/leonte-bett\/#primaryimage","url":"https:\/\/mueble4you.com\/wp-content\/uploads\/2023\/10\/CAMA-ROSA-1.jpg","contentUrl":"https:\/\/mueble4you.com\/wp-content\/uploads\/2023\/10\/CAMA-ROSA-1.jpg","width":1759,"height":2100},{"@type":"BreadcrumbList","@id":"https:\/\/mueble4you.com\/de\/productos\/leonte-bett\/#breadcrumb","itemListElement":[{"@type":"ListItem","position":1,"name":"Portada","item":"https:\/\/mueble4you.com\/de\/"},{"@type":"ListItem","position":2,"name":"Productos","item":"https:\/\/mueble4you.com\/productos\/"},{"@type":"ListItem","position":3,"name":"Leonte-Bett."}]},{"@type":"WebSite","@id":"https:\/\/mueble4you.com\/#website","url":"https:\/\/mueble4you.com\/","name":"mueble4you","description":"M\u00f6bel in Teneriffa","potentialAction":[{"@type":"SearchAction","target":{"@type":"EntryPoint","urlTemplate":"https:\/\/mueble4you.com\/?s={search_term_string}"},"query-input":{"@type":"PropertyValueSpecification","valueRequired":true,"valueName":"search_term_string"}}],"inLanguage":"de"}]}},"_links":{"self":[{"href":"https:\/\/mueble4you.com\/de\/wp-json\/wp\/v2\/product\/67461","targetHints":{"allow":["GET"]}}],"collection":[{"href":"https:\/\/mueble4you.com\/de\/wp-json\/wp\/v2\/product"}],"about":[{"href":"https:\/\/mueble4you.com\/de\/wp-json\/wp\/v2\/types\/product"}],"wp:featuredmedia":[{"embeddable":true,"href":"https:\/\/mueble4you.com\/de\/wp-json\/wp\/v2\/media\/67447"}],"wp:attachment":[{"href":"https:\/\/mueble4you.com\/de\/wp-json\/wp\/v2\/media?parent=67461"}],"wp:term":[{"taxonomy":"product_brand","embeddable":true,"href":"https:\/\/mueble4you.com\/de\/wp-json\/wp\/v2\/product_brand?post=67461"},{"taxonomy":"product_cat","embeddable":true,"href":"https:\/\/mueble4you.com\/de\/wp-json\/wp\/v2\/product_cat?post=67461"},{"taxonomy":"product_tag","embeddable":true,"href":"https:\/\/mueble4you.com\/de\/wp-json\/wp\/v2\/product_tag?post=67461"}],"curies":[{"name":"wp","href":"https:\/\/api.w.org\/{rel}","templated":true}]}}