{"id":66729,"date":"2023-09-20T10:09:42","date_gmt":"2023-09-20T10:09:42","guid":{"rendered":"https:\/\/mueble4you.com\/productos\/zapatero-de-madera-con-3-compartimentos\/"},"modified":"2023-09-20T10:49:54","modified_gmt":"2023-09-20T10:49:54","slug":"schuhregal-aus-holz-mit-3-fachern","status":"publish","type":"product","link":"https:\/\/mueble4you.com\/de\/productos\/schuhregal-aus-holz-mit-3-fachern\/","title":{"rendered":"SCHUHREGAL AUS HOLZ MIT 3 F\u00c4CHERN."},"content":{"rendered":"<ul>\n<li id=\"tw-target-text\" class=\"tw-data-text tw-text-large tw-ta\" dir=\"ltr\" data-placeholder=\"Traducci\u00f3n\"><span class=\"Y2IQFc\" lang=\"de\">MATERIAL: TANNENHOLZ UND GLAS. <\/span><\/li>\n<li class=\"tw-data-text tw-text-large tw-ta\" dir=\"ltr\" data-placeholder=\"Traducci\u00f3n\"><span class=\"Y2IQFc\" lang=\"de\">EIGENSCHAFTEN: &#8211; GEALTERTES FINISH &#8211; T\u00dcREN MIT GLASFRONT &#8211; LEDERGRIFFE.<\/span><\/li>\n<li class=\"tw-data-text tw-text-large tw-ta\" dir=\"ltr\" data-placeholder=\"Traducci\u00f3n\"><span class=\"Y2IQFc\" lang=\"de\">ABMESSUNGEN (L\u00e4nge x Breite x H\u00f6he): 80X25X123<\/span><\/li>\n<\/ul>\n","protected":false},"excerpt":{"rendered":"<p>MATERIAL: TANNENHOLZ UND GLAS. EIGENSCHAFTEN: &#8211; GEALTERTES FINISH &#8211; T\u00dcREN MIT GLASFRONT &#8211; LEDERGRIFFE. ABMESSUNGEN (L\u00e4nge x Breite x H\u00f6he): 80X25X123<\/p>\n","protected":false},"featured_media":66715,"template":"","meta":[],"product_brand":[],"product_cat":[269,283],"product_tag":[],"class_list":{"0":"post-66729","1":"product","2":"type-product","3":"status-publish","4":"has-post-thumbnail","6":"product_cat-schlafzimmer","7":"product_cat-schlafzimmermobel","9":"first","10":"instock","11":"shipping-taxable","12":"product-type-simple"},"yoast_head":"<!-- This site is optimized with the Yoast SEO plugin v27.2 - https:\/\/yoast.com\/product\/yoast-seo-wordpress\/ -->\n<title>SCHUHREGAL AUS HOLZ MIT 3 F\u00c4CHERN. | mueble4you<\/title>\n<meta name=\"robots\" content=\"index, follow, max-snippet:-1, max-image-preview:large, max-video-preview:-1\" \/>\n<link rel=\"canonical\" href=\"https:\/\/mueble4you.com\/de\/productos\/schuhregal-aus-holz-mit-3-fachern\/\" \/>\n<meta property=\"og:locale\" content=\"de_DE\" \/>\n<meta property=\"og:type\" content=\"article\" \/>\n<meta property=\"og:title\" content=\"SCHUHREGAL AUS HOLZ MIT 3 F\u00c4CHERN. | mueble4you\" \/>\n<meta property=\"og:description\" content=\"MATERIAL: TANNENHOLZ UND GLAS. EIGENSCHAFTEN: &#8211; GEALTERTES FINISH &#8211; T\u00dcREN MIT GLASFRONT &#8211; LEDERGRIFFE. ABMESSUNGEN (L\u00e4nge x Breite x H\u00f6he): 80X25X123\" \/>\n<meta property=\"og:url\" content=\"https:\/\/mueble4you.com\/de\/productos\/schuhregal-aus-holz-mit-3-fachern\/\" \/>\n<meta property=\"og:site_name\" content=\"mueble4you\" \/>\n<meta property=\"article:modified_time\" content=\"2023-09-20T10:49:54+00:00\" \/>\n<meta property=\"og:image\" content=\"https:\/\/mueble4you.com\/wp-content\/uploads\/2023\/09\/10252.png\" \/>\n\t<meta property=\"og:image:width\" content=\"516\" \/>\n\t<meta property=\"og:image:height\" content=\"768\" \/>\n\t<meta property=\"og:image:type\" content=\"image\/png\" \/>\n<meta name=\"twitter:card\" content=\"summary_large_image\" \/>\n<script type=\"application\/ld+json\" class=\"yoast-schema-graph\">{\"@context\":\"https:\/\/schema.org\",\"@graph\":[{\"@type\":\"WebPage\",\"@id\":\"https:\/\/mueble4you.com\/de\/productos\/schuhregal-aus-holz-mit-3-fachern\/\",\"url\":\"https:\/\/mueble4you.com\/de\/productos\/schuhregal-aus-holz-mit-3-fachern\/\",\"name\":\"SCHUHREGAL AUS HOLZ MIT 3 F\u00c4CHERN. | mueble4you\",\"isPartOf\":{\"@id\":\"https:\/\/mueble4you.com\/#website\"},\"primaryImageOfPage\":{\"@id\":\"https:\/\/mueble4you.com\/de\/productos\/schuhregal-aus-holz-mit-3-fachern\/#primaryimage\"},\"image\":{\"@id\":\"https:\/\/mueble4you.com\/de\/productos\/schuhregal-aus-holz-mit-3-fachern\/#primaryimage\"},\"thumbnailUrl\":\"https:\/\/mueble4you.com\/wp-content\/uploads\/2023\/09\/10252.png\",\"datePublished\":\"2023-09-20T10:09:42+00:00\",\"dateModified\":\"2023-09-20T10:49:54+00:00\",\"breadcrumb\":{\"@id\":\"https:\/\/mueble4you.com\/de\/productos\/schuhregal-aus-holz-mit-3-fachern\/#breadcrumb\"},\"inLanguage\":\"de\",\"potentialAction\":[{\"@type\":\"ReadAction\",\"target\":[\"https:\/\/mueble4you.com\/de\/productos\/schuhregal-aus-holz-mit-3-fachern\/\"]}]},{\"@type\":\"ImageObject\",\"inLanguage\":\"de\",\"@id\":\"https:\/\/mueble4you.com\/de\/productos\/schuhregal-aus-holz-mit-3-fachern\/#primaryimage\",\"url\":\"https:\/\/mueble4you.com\/wp-content\/uploads\/2023\/09\/10252.png\",\"contentUrl\":\"https:\/\/mueble4you.com\/wp-content\/uploads\/2023\/09\/10252.png\",\"width\":516,\"height\":768},{\"@type\":\"BreadcrumbList\",\"@id\":\"https:\/\/mueble4you.com\/de\/productos\/schuhregal-aus-holz-mit-3-fachern\/#breadcrumb\",\"itemListElement\":[{\"@type\":\"ListItem\",\"position\":1,\"name\":\"Portada\",\"item\":\"https:\/\/mueble4you.com\/de\/\"},{\"@type\":\"ListItem\",\"position\":2,\"name\":\"Productos\",\"item\":\"https:\/\/mueble4you.com\/productos\/\"},{\"@type\":\"ListItem\",\"position\":3,\"name\":\"SCHUHREGAL AUS HOLZ MIT 3 F\u00c4CHERN.\"}]},{\"@type\":\"WebSite\",\"@id\":\"https:\/\/mueble4you.com\/#website\",\"url\":\"https:\/\/mueble4you.com\/\",\"name\":\"mueble4you\",\"description\":\"M\u00f6bel in Teneriffa\",\"potentialAction\":[{\"@type\":\"SearchAction\",\"target\":{\"@type\":\"EntryPoint\",\"urlTemplate\":\"https:\/\/mueble4you.com\/?s={search_term_string}\"},\"query-input\":{\"@type\":\"PropertyValueSpecification\",\"valueRequired\":true,\"valueName\":\"search_term_string\"}}],\"inLanguage\":\"de\"}]}<\/script>\n<!-- \/ Yoast SEO plugin. -->","yoast_head_json":{"title":"SCHUHREGAL AUS HOLZ MIT 3 F\u00c4CHERN. | mueble4you","robots":{"index":"index","follow":"follow","max-snippet":"max-snippet:-1","max-image-preview":"max-image-preview:large","max-video-preview":"max-video-preview:-1"},"canonical":"https:\/\/mueble4you.com\/de\/productos\/schuhregal-aus-holz-mit-3-fachern\/","og_locale":"de_DE","og_type":"article","og_title":"SCHUHREGAL AUS HOLZ MIT 3 F\u00c4CHERN. | mueble4you","og_description":"MATERIAL: TANNENHOLZ UND GLAS. EIGENSCHAFTEN: &#8211; GEALTERTES FINISH &#8211; T\u00dcREN MIT GLASFRONT &#8211; LEDERGRIFFE. ABMESSUNGEN (L\u00e4nge x Breite x H\u00f6he): 80X25X123","og_url":"https:\/\/mueble4you.com\/de\/productos\/schuhregal-aus-holz-mit-3-fachern\/","og_site_name":"mueble4you","article_modified_time":"2023-09-20T10:49:54+00:00","og_image":[{"width":516,"height":768,"url":"https:\/\/mueble4you.com\/wp-content\/uploads\/2023\/09\/10252.png","type":"image\/png"}],"twitter_card":"summary_large_image","schema":{"@context":"https:\/\/schema.org","@graph":[{"@type":"WebPage","@id":"https:\/\/mueble4you.com\/de\/productos\/schuhregal-aus-holz-mit-3-fachern\/","url":"https:\/\/mueble4you.com\/de\/productos\/schuhregal-aus-holz-mit-3-fachern\/","name":"SCHUHREGAL AUS HOLZ MIT 3 F\u00c4CHERN. | mueble4you","isPartOf":{"@id":"https:\/\/mueble4you.com\/#website"},"primaryImageOfPage":{"@id":"https:\/\/mueble4you.com\/de\/productos\/schuhregal-aus-holz-mit-3-fachern\/#primaryimage"},"image":{"@id":"https:\/\/mueble4you.com\/de\/productos\/schuhregal-aus-holz-mit-3-fachern\/#primaryimage"},"thumbnailUrl":"https:\/\/mueble4you.com\/wp-content\/uploads\/2023\/09\/10252.png","datePublished":"2023-09-20T10:09:42+00:00","dateModified":"2023-09-20T10:49:54+00:00","breadcrumb":{"@id":"https:\/\/mueble4you.com\/de\/productos\/schuhregal-aus-holz-mit-3-fachern\/#breadcrumb"},"inLanguage":"de","potentialAction":[{"@type":"ReadAction","target":["https:\/\/mueble4you.com\/de\/productos\/schuhregal-aus-holz-mit-3-fachern\/"]}]},{"@type":"ImageObject","inLanguage":"de","@id":"https:\/\/mueble4you.com\/de\/productos\/schuhregal-aus-holz-mit-3-fachern\/#primaryimage","url":"https:\/\/mueble4you.com\/wp-content\/uploads\/2023\/09\/10252.png","contentUrl":"https:\/\/mueble4you.com\/wp-content\/uploads\/2023\/09\/10252.png","width":516,"height":768},{"@type":"BreadcrumbList","@id":"https:\/\/mueble4you.com\/de\/productos\/schuhregal-aus-holz-mit-3-fachern\/#breadcrumb","itemListElement":[{"@type":"ListItem","position":1,"name":"Portada","item":"https:\/\/mueble4you.com\/de\/"},{"@type":"ListItem","position":2,"name":"Productos","item":"https:\/\/mueble4you.com\/productos\/"},{"@type":"ListItem","position":3,"name":"SCHUHREGAL AUS HOLZ MIT 3 F\u00c4CHERN."}]},{"@type":"WebSite","@id":"https:\/\/mueble4you.com\/#website","url":"https:\/\/mueble4you.com\/","name":"mueble4you","description":"M\u00f6bel in Teneriffa","potentialAction":[{"@type":"SearchAction","target":{"@type":"EntryPoint","urlTemplate":"https:\/\/mueble4you.com\/?s={search_term_string}"},"query-input":{"@type":"PropertyValueSpecification","valueRequired":true,"valueName":"search_term_string"}}],"inLanguage":"de"}]}},"_links":{"self":[{"href":"https:\/\/mueble4you.com\/de\/wp-json\/wp\/v2\/product\/66729","targetHints":{"allow":["GET"]}}],"collection":[{"href":"https:\/\/mueble4you.com\/de\/wp-json\/wp\/v2\/product"}],"about":[{"href":"https:\/\/mueble4you.com\/de\/wp-json\/wp\/v2\/types\/product"}],"wp:featuredmedia":[{"embeddable":true,"href":"https:\/\/mueble4you.com\/de\/wp-json\/wp\/v2\/media\/66715"}],"wp:attachment":[{"href":"https:\/\/mueble4you.com\/de\/wp-json\/wp\/v2\/media?parent=66729"}],"wp:term":[{"taxonomy":"product_brand","embeddable":true,"href":"https:\/\/mueble4you.com\/de\/wp-json\/wp\/v2\/product_brand?post=66729"},{"taxonomy":"product_cat","embeddable":true,"href":"https:\/\/mueble4you.com\/de\/wp-json\/wp\/v2\/product_cat?post=66729"},{"taxonomy":"product_tag","embeddable":true,"href":"https:\/\/mueble4you.com\/de\/wp-json\/wp\/v2\/product_tag?post=66729"}],"curies":[{"name":"wp","href":"https:\/\/api.w.org\/{rel}","templated":true}]}}