{"id":66704,"date":"2023-09-19T15:21:59","date_gmt":"2023-09-19T15:21:59","guid":{"rendered":"https:\/\/mueble4you.com\/productos\/espejo-madera-con-marco-similar-a-ceramica-azul\/"},"modified":"2023-09-19T15:34:53","modified_gmt":"2023-09-19T15:34:53","slug":"holzspiegel-mit-rahmen-der-blauer-keramik-ahnelt","status":"publish","type":"product","link":"https:\/\/mueble4you.com\/de\/productos\/holzspiegel-mit-rahmen-der-blauer-keramik-ahnelt\/","title":{"rendered":"HOLZSPIEGEL MIT RAHMEN, DER BLAUER KERAMIK \u00e4hnelt."},"content":{"rendered":"<ul>\n<li id=\"tw-target-text\" class=\"tw-data-text tw-text-large tw-ta\" dir=\"ltr\" data-placeholder=\"Traducci\u00f3n\"><span class=\"Y2IQFc\" lang=\"de\">FARBE BLAU. <\/span><\/li>\n<li class=\"tw-data-text tw-text-large tw-ta\" dir=\"ltr\" data-placeholder=\"Traducci\u00f3n\"><span class=\"Y2IQFc\" lang=\"de\">MATERIAL: DMF-PLATTEN. <\/span><\/li>\n<li class=\"tw-data-text tw-text-large tw-ta\" dir=\"ltr\" data-placeholder=\"Traducci\u00f3n\"><span class=\"Y2IQFc\" lang=\"de\">EIGENSCHAFTEN: &#8211; BLAU LACKIERTER RAHMEN IN KERAMIKIMIT\u00c4T. &#8211; VORBEREITET ZUM AUFH\u00c4NGEN IN VERTIKALER POSITION &#8211; DICKE: 3 CM.<\/span><\/li>\n<li class=\"tw-data-text tw-text-large tw-ta\" dir=\"ltr\" data-placeholder=\"Traducci\u00f3n\"><span class=\"Y2IQFc\" lang=\"de\">ABMESSUNGEN (L\u00e4nge x Breite x H\u00f6he): 80X4X110<\/span><\/li>\n<\/ul>\n","protected":false},"excerpt":{"rendered":"<p>FARBE BLAU. MATERIAL: DMF-PLATTEN. EIGENSCHAFTEN: &#8211; BLAU LACKIERTER RAHMEN IN KERAMIKIMIT\u00c4T. &#8211; VORBEREITET ZUM AUFH\u00c4NGEN IN VERTIKALER POSITION &#8211; DICKE: 3 CM. ABMESSUNGEN (L\u00e4nge x Breite x H\u00f6he): 80X4X110<\/p>\n","protected":false},"featured_media":66700,"template":"","meta":[],"product_brand":[],"product_cat":[337,261],"product_tag":[],"class_list":{"0":"post-66704","1":"product","2":"type-product","3":"status-publish","4":"has-post-thumbnail","6":"product_cat-spiegel","7":"product_cat-dekoration","9":"first","10":"instock","11":"shipping-taxable","12":"product-type-simple"},"yoast_head":"<!-- This site is optimized with the Yoast SEO plugin v27.3 - https:\/\/yoast.com\/product\/yoast-seo-wordpress\/ -->\n<title>HOLZSPIEGEL MIT RAHMEN, DER BLAUER KERAMIK \u00e4hnelt. | mueble4you<\/title>\n<meta name=\"robots\" content=\"index, follow, max-snippet:-1, max-image-preview:large, max-video-preview:-1\" \/>\n<link rel=\"canonical\" href=\"https:\/\/mueble4you.com\/de\/productos\/holzspiegel-mit-rahmen-der-blauer-keramik-ahnelt\/\" \/>\n<meta property=\"og:locale\" content=\"de_DE\" \/>\n<meta property=\"og:type\" content=\"article\" \/>\n<meta property=\"og:title\" content=\"HOLZSPIEGEL MIT RAHMEN, DER BLAUER KERAMIK \u00e4hnelt. | mueble4you\" \/>\n<meta property=\"og:description\" content=\"FARBE BLAU. MATERIAL: DMF-PLATTEN. EIGENSCHAFTEN: &#8211; BLAU LACKIERTER RAHMEN IN KERAMIKIMIT\u00c4T. &#8211; VORBEREITET ZUM AUFH\u00c4NGEN IN VERTIKALER POSITION &#8211; DICKE: 3 CM. ABMESSUNGEN (L\u00e4nge x Breite x H\u00f6he): 80X4X110\" \/>\n<meta property=\"og:url\" content=\"https:\/\/mueble4you.com\/de\/productos\/holzspiegel-mit-rahmen-der-blauer-keramik-ahnelt\/\" \/>\n<meta property=\"og:site_name\" content=\"mueble4you\" \/>\n<meta property=\"article:modified_time\" content=\"2023-09-19T15:34:53+00:00\" \/>\n<meta property=\"og:image\" content=\"https:\/\/mueble4you.com\/wp-content\/uploads\/2023\/09\/10017.png\" \/>\n\t<meta property=\"og:image:width\" content=\"577\" \/>\n\t<meta property=\"og:image:height\" content=\"661\" \/>\n\t<meta property=\"og:image:type\" content=\"image\/png\" \/>\n<meta name=\"twitter:card\" content=\"summary_large_image\" \/>\n<script type=\"application\/ld+json\" class=\"yoast-schema-graph\">{\"@context\":\"https:\\\/\\\/schema.org\",\"@graph\":[{\"@type\":\"WebPage\",\"@id\":\"https:\\\/\\\/mueble4you.com\\\/de\\\/productos\\\/holzspiegel-mit-rahmen-der-blauer-keramik-ahnelt\\\/\",\"url\":\"https:\\\/\\\/mueble4you.com\\\/de\\\/productos\\\/holzspiegel-mit-rahmen-der-blauer-keramik-ahnelt\\\/\",\"name\":\"HOLZSPIEGEL MIT RAHMEN, DER BLAUER KERAMIK \u00e4hnelt. | mueble4you\",\"isPartOf\":{\"@id\":\"https:\\\/\\\/mueble4you.com\\\/#website\"},\"primaryImageOfPage\":{\"@id\":\"https:\\\/\\\/mueble4you.com\\\/de\\\/productos\\\/holzspiegel-mit-rahmen-der-blauer-keramik-ahnelt\\\/#primaryimage\"},\"image\":{\"@id\":\"https:\\\/\\\/mueble4you.com\\\/de\\\/productos\\\/holzspiegel-mit-rahmen-der-blauer-keramik-ahnelt\\\/#primaryimage\"},\"thumbnailUrl\":\"https:\\\/\\\/mueble4you.com\\\/wp-content\\\/uploads\\\/2023\\\/09\\\/10017.png\",\"datePublished\":\"2023-09-19T15:21:59+00:00\",\"dateModified\":\"2023-09-19T15:34:53+00:00\",\"breadcrumb\":{\"@id\":\"https:\\\/\\\/mueble4you.com\\\/de\\\/productos\\\/holzspiegel-mit-rahmen-der-blauer-keramik-ahnelt\\\/#breadcrumb\"},\"inLanguage\":\"de\",\"potentialAction\":[{\"@type\":\"ReadAction\",\"target\":[\"https:\\\/\\\/mueble4you.com\\\/de\\\/productos\\\/holzspiegel-mit-rahmen-der-blauer-keramik-ahnelt\\\/\"]}]},{\"@type\":\"ImageObject\",\"inLanguage\":\"de\",\"@id\":\"https:\\\/\\\/mueble4you.com\\\/de\\\/productos\\\/holzspiegel-mit-rahmen-der-blauer-keramik-ahnelt\\\/#primaryimage\",\"url\":\"https:\\\/\\\/mueble4you.com\\\/wp-content\\\/uploads\\\/2023\\\/09\\\/10017.png\",\"contentUrl\":\"https:\\\/\\\/mueble4you.com\\\/wp-content\\\/uploads\\\/2023\\\/09\\\/10017.png\",\"width\":577,\"height\":661},{\"@type\":\"BreadcrumbList\",\"@id\":\"https:\\\/\\\/mueble4you.com\\\/de\\\/productos\\\/holzspiegel-mit-rahmen-der-blauer-keramik-ahnelt\\\/#breadcrumb\",\"itemListElement\":[{\"@type\":\"ListItem\",\"position\":1,\"name\":\"Portada\",\"item\":\"https:\\\/\\\/mueble4you.com\\\/de\\\/\"},{\"@type\":\"ListItem\",\"position\":2,\"name\":\"Productos\",\"item\":\"https:\\\/\\\/mueble4you.com\\\/productos\\\/\"},{\"@type\":\"ListItem\",\"position\":3,\"name\":\"HOLZSPIEGEL MIT RAHMEN, DER BLAUER KERAMIK \u00e4hnelt.\"}]},{\"@type\":\"WebSite\",\"@id\":\"https:\\\/\\\/mueble4you.com\\\/#website\",\"url\":\"https:\\\/\\\/mueble4you.com\\\/\",\"name\":\"mueble4you\",\"description\":\"M\u00f6bel in Teneriffa\",\"potentialAction\":[{\"@type\":\"SearchAction\",\"target\":{\"@type\":\"EntryPoint\",\"urlTemplate\":\"https:\\\/\\\/mueble4you.com\\\/?s={search_term_string}\"},\"query-input\":{\"@type\":\"PropertyValueSpecification\",\"valueRequired\":true,\"valueName\":\"search_term_string\"}}],\"inLanguage\":\"de\"}]}<\/script>\n<!-- \/ Yoast SEO plugin. -->","yoast_head_json":{"title":"HOLZSPIEGEL MIT RAHMEN, DER BLAUER KERAMIK \u00e4hnelt. | mueble4you","robots":{"index":"index","follow":"follow","max-snippet":"max-snippet:-1","max-image-preview":"max-image-preview:large","max-video-preview":"max-video-preview:-1"},"canonical":"https:\/\/mueble4you.com\/de\/productos\/holzspiegel-mit-rahmen-der-blauer-keramik-ahnelt\/","og_locale":"de_DE","og_type":"article","og_title":"HOLZSPIEGEL MIT RAHMEN, DER BLAUER KERAMIK \u00e4hnelt. | mueble4you","og_description":"FARBE BLAU. MATERIAL: DMF-PLATTEN. EIGENSCHAFTEN: &#8211; BLAU LACKIERTER RAHMEN IN KERAMIKIMIT\u00c4T. &#8211; VORBEREITET ZUM AUFH\u00c4NGEN IN VERTIKALER POSITION &#8211; DICKE: 3 CM. ABMESSUNGEN (L\u00e4nge x Breite x H\u00f6he): 80X4X110","og_url":"https:\/\/mueble4you.com\/de\/productos\/holzspiegel-mit-rahmen-der-blauer-keramik-ahnelt\/","og_site_name":"mueble4you","article_modified_time":"2023-09-19T15:34:53+00:00","og_image":[{"width":577,"height":661,"url":"https:\/\/mueble4you.com\/wp-content\/uploads\/2023\/09\/10017.png","type":"image\/png"}],"twitter_card":"summary_large_image","schema":{"@context":"https:\/\/schema.org","@graph":[{"@type":"WebPage","@id":"https:\/\/mueble4you.com\/de\/productos\/holzspiegel-mit-rahmen-der-blauer-keramik-ahnelt\/","url":"https:\/\/mueble4you.com\/de\/productos\/holzspiegel-mit-rahmen-der-blauer-keramik-ahnelt\/","name":"HOLZSPIEGEL MIT RAHMEN, DER BLAUER KERAMIK \u00e4hnelt. | mueble4you","isPartOf":{"@id":"https:\/\/mueble4you.com\/#website"},"primaryImageOfPage":{"@id":"https:\/\/mueble4you.com\/de\/productos\/holzspiegel-mit-rahmen-der-blauer-keramik-ahnelt\/#primaryimage"},"image":{"@id":"https:\/\/mueble4you.com\/de\/productos\/holzspiegel-mit-rahmen-der-blauer-keramik-ahnelt\/#primaryimage"},"thumbnailUrl":"https:\/\/mueble4you.com\/wp-content\/uploads\/2023\/09\/10017.png","datePublished":"2023-09-19T15:21:59+00:00","dateModified":"2023-09-19T15:34:53+00:00","breadcrumb":{"@id":"https:\/\/mueble4you.com\/de\/productos\/holzspiegel-mit-rahmen-der-blauer-keramik-ahnelt\/#breadcrumb"},"inLanguage":"de","potentialAction":[{"@type":"ReadAction","target":["https:\/\/mueble4you.com\/de\/productos\/holzspiegel-mit-rahmen-der-blauer-keramik-ahnelt\/"]}]},{"@type":"ImageObject","inLanguage":"de","@id":"https:\/\/mueble4you.com\/de\/productos\/holzspiegel-mit-rahmen-der-blauer-keramik-ahnelt\/#primaryimage","url":"https:\/\/mueble4you.com\/wp-content\/uploads\/2023\/09\/10017.png","contentUrl":"https:\/\/mueble4you.com\/wp-content\/uploads\/2023\/09\/10017.png","width":577,"height":661},{"@type":"BreadcrumbList","@id":"https:\/\/mueble4you.com\/de\/productos\/holzspiegel-mit-rahmen-der-blauer-keramik-ahnelt\/#breadcrumb","itemListElement":[{"@type":"ListItem","position":1,"name":"Portada","item":"https:\/\/mueble4you.com\/de\/"},{"@type":"ListItem","position":2,"name":"Productos","item":"https:\/\/mueble4you.com\/productos\/"},{"@type":"ListItem","position":3,"name":"HOLZSPIEGEL MIT RAHMEN, DER BLAUER KERAMIK \u00e4hnelt."}]},{"@type":"WebSite","@id":"https:\/\/mueble4you.com\/#website","url":"https:\/\/mueble4you.com\/","name":"mueble4you","description":"M\u00f6bel in Teneriffa","potentialAction":[{"@type":"SearchAction","target":{"@type":"EntryPoint","urlTemplate":"https:\/\/mueble4you.com\/?s={search_term_string}"},"query-input":{"@type":"PropertyValueSpecification","valueRequired":true,"valueName":"search_term_string"}}],"inLanguage":"de"}]}},"_links":{"self":[{"href":"https:\/\/mueble4you.com\/de\/wp-json\/wp\/v2\/product\/66704","targetHints":{"allow":["GET"]}}],"collection":[{"href":"https:\/\/mueble4you.com\/de\/wp-json\/wp\/v2\/product"}],"about":[{"href":"https:\/\/mueble4you.com\/de\/wp-json\/wp\/v2\/types\/product"}],"wp:featuredmedia":[{"embeddable":true,"href":"https:\/\/mueble4you.com\/de\/wp-json\/wp\/v2\/media\/66700"}],"wp:attachment":[{"href":"https:\/\/mueble4you.com\/de\/wp-json\/wp\/v2\/media?parent=66704"}],"wp:term":[{"taxonomy":"product_brand","embeddable":true,"href":"https:\/\/mueble4you.com\/de\/wp-json\/wp\/v2\/product_brand?post=66704"},{"taxonomy":"product_cat","embeddable":true,"href":"https:\/\/mueble4you.com\/de\/wp-json\/wp\/v2\/product_cat?post=66704"},{"taxonomy":"product_tag","embeddable":true,"href":"https:\/\/mueble4you.com\/de\/wp-json\/wp\/v2\/product_tag?post=66704"}],"curies":[{"name":"wp","href":"https:\/\/api.w.org\/{rel}","templated":true}]}}