{"id":66683,"date":"2023-09-19T12:41:37","date_gmt":"2023-09-19T12:41:37","guid":{"rendered":"https:\/\/mueble4you.com\/productos\/comoda-madera-bicolor-5-cajones-con-patas-metalicas\/"},"modified":"2023-09-19T12:51:44","modified_gmt":"2023-09-19T12:51:44","slug":"zweifarbige-kommode-aus-holz-mit-5-schubladen-und-metallbeinen","status":"publish","type":"product","link":"https:\/\/mueble4you.com\/de\/productos\/zweifarbige-kommode-aus-holz-mit-5-schubladen-und-metallbeinen\/","title":{"rendered":"ZWEIFARBIGE KOMMODE AUS HOLZ MIT 5 SCHUBLADEN UND METALLBEINEN."},"content":{"rendered":"<ul>\n<li id=\"tw-target-text\" class=\"tw-data-text tw-text-large tw-ta\" dir=\"ltr\" data-placeholder=\"Traducci\u00f3n\"><span class=\"Y2IQFc\" lang=\"de\">FARBE: DUNKELGRAU<\/span><\/li>\n<li class=\"tw-data-text tw-text-large tw-ta\" dir=\"ltr\" data-placeholder=\"Traducci\u00f3n\"><span class=\"Y2IQFc\" lang=\"de\">MATERIAL: DMF mit FIRNENHOLZVORDERSEITE und METALLBEINEN.<\/span><\/li>\n<li class=\"tw-data-text tw-text-large tw-ta\" dir=\"ltr\" data-placeholder=\"Traducci\u00f3n\"><span class=\"Y2IQFc\" lang=\"de\">EIGENSCHAFTEN: &#8211; FRONT DER SCHUBLADEN IN NATURFARBE. &#8211; METALLGRIFFE.<\/span><\/li>\n<li class=\"tw-data-text tw-text-large tw-ta\" dir=\"ltr\" data-placeholder=\"Traducci\u00f3n\"><span class=\"Y2IQFc\" lang=\"de\">&#8211; Rustikales Finish.<\/span><\/li>\n<li class=\"tw-data-text tw-text-large tw-ta\" dir=\"ltr\" data-placeholder=\"Traducci\u00f3n\"><span class=\"Y2IQFc\" lang=\"de\">Ma\u00dfe (L\u00e4nge x Breite x H\u00f6he): 78 x 41 x 82<\/span><\/li>\n<\/ul>\n","protected":false},"excerpt":{"rendered":"<p>FARBE: DUNKELGRAU MATERIAL: DMF mit FIRNENHOLZVORDERSEITE und METALLBEINEN. EIGENSCHAFTEN: &#8211; FRONT DER SCHUBLADEN IN NATURFARBE. &#8211; METALLGRIFFE. &#8211; Rustikales Finish. Ma\u00dfe (L\u00e4nge x Breite x H\u00f6he): 78 x 41 x 82<\/p>\n","protected":false},"featured_media":66679,"template":"","meta":[],"product_brand":[],"product_cat":[571,269],"product_tag":[],"class_list":{"0":"post-66683","1":"product","2":"type-product","3":"status-publish","4":"has-post-thumbnail","6":"product_cat-kommode","7":"product_cat-schlafzimmer","9":"first","10":"instock","11":"shipping-taxable","12":"product-type-simple"},"yoast_head":"<!-- This site is optimized with the Yoast SEO plugin v27.2 - https:\/\/yoast.com\/product\/yoast-seo-wordpress\/ -->\n<title>ZWEIFARBIGE KOMMODE AUS HOLZ MIT 5 SCHUBLADEN UND METALLBEINEN. | mueble4you<\/title>\n<meta name=\"robots\" content=\"index, follow, max-snippet:-1, max-image-preview:large, max-video-preview:-1\" \/>\n<link rel=\"canonical\" href=\"https:\/\/mueble4you.com\/de\/productos\/zweifarbige-kommode-aus-holz-mit-5-schubladen-und-metallbeinen\/\" \/>\n<meta property=\"og:locale\" content=\"de_DE\" \/>\n<meta property=\"og:type\" content=\"article\" \/>\n<meta property=\"og:title\" content=\"ZWEIFARBIGE KOMMODE AUS HOLZ MIT 5 SCHUBLADEN UND METALLBEINEN. | mueble4you\" \/>\n<meta property=\"og:description\" content=\"FARBE: DUNKELGRAU MATERIAL: DMF mit FIRNENHOLZVORDERSEITE und METALLBEINEN. EIGENSCHAFTEN: &#8211; FRONT DER SCHUBLADEN IN NATURFARBE. &#8211; METALLGRIFFE. &#8211; Rustikales Finish. Ma\u00dfe (L\u00e4nge x Breite x H\u00f6he): 78 x 41 x 82\" \/>\n<meta property=\"og:url\" content=\"https:\/\/mueble4you.com\/de\/productos\/zweifarbige-kommode-aus-holz-mit-5-schubladen-und-metallbeinen\/\" \/>\n<meta property=\"og:site_name\" content=\"mueble4you\" \/>\n<meta property=\"article:modified_time\" content=\"2023-09-19T12:51:44+00:00\" \/>\n<meta property=\"og:image\" content=\"https:\/\/mueble4you.com\/wp-content\/uploads\/2023\/09\/6485.png\" \/>\n\t<meta property=\"og:image:width\" content=\"718\" \/>\n\t<meta property=\"og:image:height\" content=\"781\" \/>\n\t<meta property=\"og:image:type\" content=\"image\/png\" \/>\n<meta name=\"twitter:card\" content=\"summary_large_image\" \/>\n<script type=\"application\/ld+json\" class=\"yoast-schema-graph\">{\"@context\":\"https:\/\/schema.org\",\"@graph\":[{\"@type\":\"WebPage\",\"@id\":\"https:\/\/mueble4you.com\/de\/productos\/zweifarbige-kommode-aus-holz-mit-5-schubladen-und-metallbeinen\/\",\"url\":\"https:\/\/mueble4you.com\/de\/productos\/zweifarbige-kommode-aus-holz-mit-5-schubladen-und-metallbeinen\/\",\"name\":\"ZWEIFARBIGE KOMMODE AUS HOLZ MIT 5 SCHUBLADEN UND METALLBEINEN. | mueble4you\",\"isPartOf\":{\"@id\":\"https:\/\/mueble4you.com\/#website\"},\"primaryImageOfPage\":{\"@id\":\"https:\/\/mueble4you.com\/de\/productos\/zweifarbige-kommode-aus-holz-mit-5-schubladen-und-metallbeinen\/#primaryimage\"},\"image\":{\"@id\":\"https:\/\/mueble4you.com\/de\/productos\/zweifarbige-kommode-aus-holz-mit-5-schubladen-und-metallbeinen\/#primaryimage\"},\"thumbnailUrl\":\"https:\/\/mueble4you.com\/wp-content\/uploads\/2023\/09\/6485.png\",\"datePublished\":\"2023-09-19T12:41:37+00:00\",\"dateModified\":\"2023-09-19T12:51:44+00:00\",\"breadcrumb\":{\"@id\":\"https:\/\/mueble4you.com\/de\/productos\/zweifarbige-kommode-aus-holz-mit-5-schubladen-und-metallbeinen\/#breadcrumb\"},\"inLanguage\":\"de\",\"potentialAction\":[{\"@type\":\"ReadAction\",\"target\":[\"https:\/\/mueble4you.com\/de\/productos\/zweifarbige-kommode-aus-holz-mit-5-schubladen-und-metallbeinen\/\"]}]},{\"@type\":\"ImageObject\",\"inLanguage\":\"de\",\"@id\":\"https:\/\/mueble4you.com\/de\/productos\/zweifarbige-kommode-aus-holz-mit-5-schubladen-und-metallbeinen\/#primaryimage\",\"url\":\"https:\/\/mueble4you.com\/wp-content\/uploads\/2023\/09\/6485.png\",\"contentUrl\":\"https:\/\/mueble4you.com\/wp-content\/uploads\/2023\/09\/6485.png\",\"width\":718,\"height\":781},{\"@type\":\"BreadcrumbList\",\"@id\":\"https:\/\/mueble4you.com\/de\/productos\/zweifarbige-kommode-aus-holz-mit-5-schubladen-und-metallbeinen\/#breadcrumb\",\"itemListElement\":[{\"@type\":\"ListItem\",\"position\":1,\"name\":\"Portada\",\"item\":\"https:\/\/mueble4you.com\/de\/\"},{\"@type\":\"ListItem\",\"position\":2,\"name\":\"Productos\",\"item\":\"https:\/\/mueble4you.com\/productos\/\"},{\"@type\":\"ListItem\",\"position\":3,\"name\":\"ZWEIFARBIGE KOMMODE AUS HOLZ MIT 5 SCHUBLADEN UND METALLBEINEN.\"}]},{\"@type\":\"WebSite\",\"@id\":\"https:\/\/mueble4you.com\/#website\",\"url\":\"https:\/\/mueble4you.com\/\",\"name\":\"mueble4you\",\"description\":\"M\u00f6bel in Teneriffa\",\"potentialAction\":[{\"@type\":\"SearchAction\",\"target\":{\"@type\":\"EntryPoint\",\"urlTemplate\":\"https:\/\/mueble4you.com\/?s={search_term_string}\"},\"query-input\":{\"@type\":\"PropertyValueSpecification\",\"valueRequired\":true,\"valueName\":\"search_term_string\"}}],\"inLanguage\":\"de\"}]}<\/script>\n<!-- \/ Yoast SEO plugin. -->","yoast_head_json":{"title":"ZWEIFARBIGE KOMMODE AUS HOLZ MIT 5 SCHUBLADEN UND METALLBEINEN. | mueble4you","robots":{"index":"index","follow":"follow","max-snippet":"max-snippet:-1","max-image-preview":"max-image-preview:large","max-video-preview":"max-video-preview:-1"},"canonical":"https:\/\/mueble4you.com\/de\/productos\/zweifarbige-kommode-aus-holz-mit-5-schubladen-und-metallbeinen\/","og_locale":"de_DE","og_type":"article","og_title":"ZWEIFARBIGE KOMMODE AUS HOLZ MIT 5 SCHUBLADEN UND METALLBEINEN. | mueble4you","og_description":"FARBE: DUNKELGRAU MATERIAL: DMF mit FIRNENHOLZVORDERSEITE und METALLBEINEN. EIGENSCHAFTEN: &#8211; FRONT DER SCHUBLADEN IN NATURFARBE. &#8211; METALLGRIFFE. &#8211; Rustikales Finish. Ma\u00dfe (L\u00e4nge x Breite x H\u00f6he): 78 x 41 x 82","og_url":"https:\/\/mueble4you.com\/de\/productos\/zweifarbige-kommode-aus-holz-mit-5-schubladen-und-metallbeinen\/","og_site_name":"mueble4you","article_modified_time":"2023-09-19T12:51:44+00:00","og_image":[{"width":718,"height":781,"url":"https:\/\/mueble4you.com\/wp-content\/uploads\/2023\/09\/6485.png","type":"image\/png"}],"twitter_card":"summary_large_image","schema":{"@context":"https:\/\/schema.org","@graph":[{"@type":"WebPage","@id":"https:\/\/mueble4you.com\/de\/productos\/zweifarbige-kommode-aus-holz-mit-5-schubladen-und-metallbeinen\/","url":"https:\/\/mueble4you.com\/de\/productos\/zweifarbige-kommode-aus-holz-mit-5-schubladen-und-metallbeinen\/","name":"ZWEIFARBIGE KOMMODE AUS HOLZ MIT 5 SCHUBLADEN UND METALLBEINEN. | mueble4you","isPartOf":{"@id":"https:\/\/mueble4you.com\/#website"},"primaryImageOfPage":{"@id":"https:\/\/mueble4you.com\/de\/productos\/zweifarbige-kommode-aus-holz-mit-5-schubladen-und-metallbeinen\/#primaryimage"},"image":{"@id":"https:\/\/mueble4you.com\/de\/productos\/zweifarbige-kommode-aus-holz-mit-5-schubladen-und-metallbeinen\/#primaryimage"},"thumbnailUrl":"https:\/\/mueble4you.com\/wp-content\/uploads\/2023\/09\/6485.png","datePublished":"2023-09-19T12:41:37+00:00","dateModified":"2023-09-19T12:51:44+00:00","breadcrumb":{"@id":"https:\/\/mueble4you.com\/de\/productos\/zweifarbige-kommode-aus-holz-mit-5-schubladen-und-metallbeinen\/#breadcrumb"},"inLanguage":"de","potentialAction":[{"@type":"ReadAction","target":["https:\/\/mueble4you.com\/de\/productos\/zweifarbige-kommode-aus-holz-mit-5-schubladen-und-metallbeinen\/"]}]},{"@type":"ImageObject","inLanguage":"de","@id":"https:\/\/mueble4you.com\/de\/productos\/zweifarbige-kommode-aus-holz-mit-5-schubladen-und-metallbeinen\/#primaryimage","url":"https:\/\/mueble4you.com\/wp-content\/uploads\/2023\/09\/6485.png","contentUrl":"https:\/\/mueble4you.com\/wp-content\/uploads\/2023\/09\/6485.png","width":718,"height":781},{"@type":"BreadcrumbList","@id":"https:\/\/mueble4you.com\/de\/productos\/zweifarbige-kommode-aus-holz-mit-5-schubladen-und-metallbeinen\/#breadcrumb","itemListElement":[{"@type":"ListItem","position":1,"name":"Portada","item":"https:\/\/mueble4you.com\/de\/"},{"@type":"ListItem","position":2,"name":"Productos","item":"https:\/\/mueble4you.com\/productos\/"},{"@type":"ListItem","position":3,"name":"ZWEIFARBIGE KOMMODE AUS HOLZ MIT 5 SCHUBLADEN UND METALLBEINEN."}]},{"@type":"WebSite","@id":"https:\/\/mueble4you.com\/#website","url":"https:\/\/mueble4you.com\/","name":"mueble4you","description":"M\u00f6bel in Teneriffa","potentialAction":[{"@type":"SearchAction","target":{"@type":"EntryPoint","urlTemplate":"https:\/\/mueble4you.com\/?s={search_term_string}"},"query-input":{"@type":"PropertyValueSpecification","valueRequired":true,"valueName":"search_term_string"}}],"inLanguage":"de"}]}},"_links":{"self":[{"href":"https:\/\/mueble4you.com\/de\/wp-json\/wp\/v2\/product\/66683","targetHints":{"allow":["GET"]}}],"collection":[{"href":"https:\/\/mueble4you.com\/de\/wp-json\/wp\/v2\/product"}],"about":[{"href":"https:\/\/mueble4you.com\/de\/wp-json\/wp\/v2\/types\/product"}],"wp:featuredmedia":[{"embeddable":true,"href":"https:\/\/mueble4you.com\/de\/wp-json\/wp\/v2\/media\/66679"}],"wp:attachment":[{"href":"https:\/\/mueble4you.com\/de\/wp-json\/wp\/v2\/media?parent=66683"}],"wp:term":[{"taxonomy":"product_brand","embeddable":true,"href":"https:\/\/mueble4you.com\/de\/wp-json\/wp\/v2\/product_brand?post=66683"},{"taxonomy":"product_cat","embeddable":true,"href":"https:\/\/mueble4you.com\/de\/wp-json\/wp\/v2\/product_cat?post=66683"},{"taxonomy":"product_tag","embeddable":true,"href":"https:\/\/mueble4you.com\/de\/wp-json\/wp\/v2\/product_tag?post=66683"}],"curies":[{"name":"wp","href":"https:\/\/api.w.org\/{rel}","templated":true}]}}