{"id":66613,"date":"2023-09-18T15:43:20","date_gmt":"2023-09-18T15:43:20","guid":{"rendered":"https:\/\/mueble4you.com\/productos\/mesa-color-cemento-con-pie-central-metalico-negro-100-diametro\/"},"modified":"2023-09-19T10:25:22","modified_gmt":"2023-09-19T10:25:22","slug":"zementfarbiger-tisch-mit-schwarzem-metall-zentralfuss-100-durchmesser","status":"publish","type":"product","link":"https:\/\/mueble4you.com\/de\/productos\/zementfarbiger-tisch-mit-schwarzem-metall-zentralfuss-100-durchmesser\/","title":{"rendered":"ZEMENTFARBIGER TISCH MIT SCHWARZEM METALL-ZENTRALFUSS, 100 DURCHMESSER."},"content":{"rendered":"<ul>\n<li id=\"tw-target-text\" class=\"tw-data-text tw-text-large tw-ta\" dir=\"ltr\" data-placeholder=\"Traducci\u00f3n\"><span class=\"Y2IQFc\" lang=\"de\">TYP: TABELLE.<\/span><\/li>\n<li class=\"tw-data-text tw-text-large tw-ta\" dir=\"ltr\" data-placeholder=\"Traducci\u00f3n\"><span class=\"Y2IQFc\" lang=\"de\">\u00a0 REFERENZ: 8398.<\/span><\/li>\n<li class=\"tw-data-text tw-text-large tw-ta\" dir=\"ltr\" data-placeholder=\"Traducci\u00f3n\"><span class=\"Y2IQFc\" lang=\"de\">\u00a0 Ma\u00dfe (L\u00e4nge x Breite x H\u00f6he): 100 x 100 x 76.<\/span><\/li>\n<li class=\"tw-data-text tw-text-large tw-ta\" dir=\"ltr\" data-placeholder=\"Traducci\u00f3n\"><span class=\"Y2IQFc\" lang=\"de\">\u00a0 FARBE: ZEMENT.<\/span><\/li>\n<li class=\"tw-data-text tw-text-large tw-ta\" dir=\"ltr\" data-placeholder=\"Traducci\u00f3n\"><span class=\"Y2IQFc\" lang=\"de\">MATERIAL: MELAMIN-PLATTEN UND STAHL-ZENTRALFUSS<\/span><\/li>\n<li class=\"tw-data-text tw-text-large tw-ta\" dir=\"ltr\" data-placeholder=\"Traducci\u00f3n\"><span class=\"Y2IQFc\" lang=\"de\">EIGENSCHAFTEN: &#8211; PLATZ F\u00dcR 4 PERSONEN<\/span><\/li>\n<\/ul>\n","protected":false},"excerpt":{"rendered":"<p>TYP: TABELLE. \u00a0 REFERENZ: 8398. \u00a0 Ma\u00dfe (L\u00e4nge x Breite x H\u00f6he): 100 x 100 x 76. \u00a0 FARBE: ZEMENT. MATERIAL: MELAMIN-PLATTEN UND STAHL-ZENTRALFUSS EIGENSCHAFTEN: &#8211; PLATZ F\u00dcR 4 PERSONEN<\/p>\n","protected":false},"featured_media":66609,"template":"","meta":[],"product_brand":[],"product_cat":[349,268],"product_tag":[],"class_list":{"0":"post-66613","1":"product","2":"type-product","3":"status-publish","4":"has-post-thumbnail","6":"product_cat-esstische","7":"product_cat-esszimmer","9":"first","10":"instock","11":"shipping-taxable","12":"product-type-simple"},"yoast_head":"<!-- This site is optimized with the Yoast SEO plugin v27.2 - https:\/\/yoast.com\/product\/yoast-seo-wordpress\/ -->\n<title>ZEMENTFARBIGER TISCH MIT SCHWARZEM METALL-ZENTRALFUSS, 100 DURCHMESSER. | mueble4you<\/title>\n<meta name=\"robots\" content=\"index, follow, max-snippet:-1, max-image-preview:large, max-video-preview:-1\" \/>\n<link rel=\"canonical\" href=\"https:\/\/mueble4you.com\/de\/productos\/zementfarbiger-tisch-mit-schwarzem-metall-zentralfuss-100-durchmesser\/\" \/>\n<meta property=\"og:locale\" content=\"de_DE\" \/>\n<meta property=\"og:type\" content=\"article\" \/>\n<meta property=\"og:title\" content=\"ZEMENTFARBIGER TISCH MIT SCHWARZEM METALL-ZENTRALFUSS, 100 DURCHMESSER. | mueble4you\" \/>\n<meta property=\"og:description\" content=\"TYP: TABELLE. \u00a0 REFERENZ: 8398. \u00a0 Ma\u00dfe (L\u00e4nge x Breite x H\u00f6he): 100 x 100 x 76. \u00a0 FARBE: ZEMENT. MATERIAL: MELAMIN-PLATTEN UND STAHL-ZENTRALFUSS EIGENSCHAFTEN: &#8211; PLATZ F\u00dcR 4 PERSONEN\" \/>\n<meta property=\"og:url\" content=\"https:\/\/mueble4you.com\/de\/productos\/zementfarbiger-tisch-mit-schwarzem-metall-zentralfuss-100-durchmesser\/\" \/>\n<meta property=\"og:site_name\" content=\"mueble4you\" \/>\n<meta property=\"article:modified_time\" content=\"2023-09-19T10:25:22+00:00\" \/>\n<meta property=\"og:image\" content=\"https:\/\/mueble4you.com\/wp-content\/uploads\/2023\/09\/8398.png\" \/>\n\t<meta property=\"og:image:width\" content=\"637\" \/>\n\t<meta property=\"og:image:height\" content=\"749\" \/>\n\t<meta property=\"og:image:type\" content=\"image\/png\" \/>\n<meta name=\"twitter:card\" content=\"summary_large_image\" \/>\n<script type=\"application\/ld+json\" class=\"yoast-schema-graph\">{\"@context\":\"https:\/\/schema.org\",\"@graph\":[{\"@type\":\"WebPage\",\"@id\":\"https:\/\/mueble4you.com\/de\/productos\/zementfarbiger-tisch-mit-schwarzem-metall-zentralfuss-100-durchmesser\/\",\"url\":\"https:\/\/mueble4you.com\/de\/productos\/zementfarbiger-tisch-mit-schwarzem-metall-zentralfuss-100-durchmesser\/\",\"name\":\"ZEMENTFARBIGER TISCH MIT SCHWARZEM METALL-ZENTRALFUSS, 100 DURCHMESSER. | mueble4you\",\"isPartOf\":{\"@id\":\"https:\/\/mueble4you.com\/#website\"},\"primaryImageOfPage\":{\"@id\":\"https:\/\/mueble4you.com\/de\/productos\/zementfarbiger-tisch-mit-schwarzem-metall-zentralfuss-100-durchmesser\/#primaryimage\"},\"image\":{\"@id\":\"https:\/\/mueble4you.com\/de\/productos\/zementfarbiger-tisch-mit-schwarzem-metall-zentralfuss-100-durchmesser\/#primaryimage\"},\"thumbnailUrl\":\"https:\/\/mueble4you.com\/wp-content\/uploads\/2023\/09\/8398.png\",\"datePublished\":\"2023-09-18T15:43:20+00:00\",\"dateModified\":\"2023-09-19T10:25:22+00:00\",\"breadcrumb\":{\"@id\":\"https:\/\/mueble4you.com\/de\/productos\/zementfarbiger-tisch-mit-schwarzem-metall-zentralfuss-100-durchmesser\/#breadcrumb\"},\"inLanguage\":\"de\",\"potentialAction\":[{\"@type\":\"ReadAction\",\"target\":[\"https:\/\/mueble4you.com\/de\/productos\/zementfarbiger-tisch-mit-schwarzem-metall-zentralfuss-100-durchmesser\/\"]}]},{\"@type\":\"ImageObject\",\"inLanguage\":\"de\",\"@id\":\"https:\/\/mueble4you.com\/de\/productos\/zementfarbiger-tisch-mit-schwarzem-metall-zentralfuss-100-durchmesser\/#primaryimage\",\"url\":\"https:\/\/mueble4you.com\/wp-content\/uploads\/2023\/09\/8398.png\",\"contentUrl\":\"https:\/\/mueble4you.com\/wp-content\/uploads\/2023\/09\/8398.png\",\"width\":637,\"height\":749},{\"@type\":\"BreadcrumbList\",\"@id\":\"https:\/\/mueble4you.com\/de\/productos\/zementfarbiger-tisch-mit-schwarzem-metall-zentralfuss-100-durchmesser\/#breadcrumb\",\"itemListElement\":[{\"@type\":\"ListItem\",\"position\":1,\"name\":\"Portada\",\"item\":\"https:\/\/mueble4you.com\/de\/\"},{\"@type\":\"ListItem\",\"position\":2,\"name\":\"Productos\",\"item\":\"https:\/\/mueble4you.com\/productos\/\"},{\"@type\":\"ListItem\",\"position\":3,\"name\":\"ZEMENTFARBIGER TISCH MIT SCHWARZEM METALL-ZENTRALFUSS, 100 DURCHMESSER.\"}]},{\"@type\":\"WebSite\",\"@id\":\"https:\/\/mueble4you.com\/#website\",\"url\":\"https:\/\/mueble4you.com\/\",\"name\":\"mueble4you\",\"description\":\"M\u00f6bel in Teneriffa\",\"potentialAction\":[{\"@type\":\"SearchAction\",\"target\":{\"@type\":\"EntryPoint\",\"urlTemplate\":\"https:\/\/mueble4you.com\/?s={search_term_string}\"},\"query-input\":{\"@type\":\"PropertyValueSpecification\",\"valueRequired\":true,\"valueName\":\"search_term_string\"}}],\"inLanguage\":\"de\"}]}<\/script>\n<!-- \/ Yoast SEO plugin. -->","yoast_head_json":{"title":"ZEMENTFARBIGER TISCH MIT SCHWARZEM METALL-ZENTRALFUSS, 100 DURCHMESSER. | mueble4you","robots":{"index":"index","follow":"follow","max-snippet":"max-snippet:-1","max-image-preview":"max-image-preview:large","max-video-preview":"max-video-preview:-1"},"canonical":"https:\/\/mueble4you.com\/de\/productos\/zementfarbiger-tisch-mit-schwarzem-metall-zentralfuss-100-durchmesser\/","og_locale":"de_DE","og_type":"article","og_title":"ZEMENTFARBIGER TISCH MIT SCHWARZEM METALL-ZENTRALFUSS, 100 DURCHMESSER. | mueble4you","og_description":"TYP: TABELLE. \u00a0 REFERENZ: 8398. \u00a0 Ma\u00dfe (L\u00e4nge x Breite x H\u00f6he): 100 x 100 x 76. \u00a0 FARBE: ZEMENT. MATERIAL: MELAMIN-PLATTEN UND STAHL-ZENTRALFUSS EIGENSCHAFTEN: &#8211; PLATZ F\u00dcR 4 PERSONEN","og_url":"https:\/\/mueble4you.com\/de\/productos\/zementfarbiger-tisch-mit-schwarzem-metall-zentralfuss-100-durchmesser\/","og_site_name":"mueble4you","article_modified_time":"2023-09-19T10:25:22+00:00","og_image":[{"width":637,"height":749,"url":"https:\/\/mueble4you.com\/wp-content\/uploads\/2023\/09\/8398.png","type":"image\/png"}],"twitter_card":"summary_large_image","schema":{"@context":"https:\/\/schema.org","@graph":[{"@type":"WebPage","@id":"https:\/\/mueble4you.com\/de\/productos\/zementfarbiger-tisch-mit-schwarzem-metall-zentralfuss-100-durchmesser\/","url":"https:\/\/mueble4you.com\/de\/productos\/zementfarbiger-tisch-mit-schwarzem-metall-zentralfuss-100-durchmesser\/","name":"ZEMENTFARBIGER TISCH MIT SCHWARZEM METALL-ZENTRALFUSS, 100 DURCHMESSER. | mueble4you","isPartOf":{"@id":"https:\/\/mueble4you.com\/#website"},"primaryImageOfPage":{"@id":"https:\/\/mueble4you.com\/de\/productos\/zementfarbiger-tisch-mit-schwarzem-metall-zentralfuss-100-durchmesser\/#primaryimage"},"image":{"@id":"https:\/\/mueble4you.com\/de\/productos\/zementfarbiger-tisch-mit-schwarzem-metall-zentralfuss-100-durchmesser\/#primaryimage"},"thumbnailUrl":"https:\/\/mueble4you.com\/wp-content\/uploads\/2023\/09\/8398.png","datePublished":"2023-09-18T15:43:20+00:00","dateModified":"2023-09-19T10:25:22+00:00","breadcrumb":{"@id":"https:\/\/mueble4you.com\/de\/productos\/zementfarbiger-tisch-mit-schwarzem-metall-zentralfuss-100-durchmesser\/#breadcrumb"},"inLanguage":"de","potentialAction":[{"@type":"ReadAction","target":["https:\/\/mueble4you.com\/de\/productos\/zementfarbiger-tisch-mit-schwarzem-metall-zentralfuss-100-durchmesser\/"]}]},{"@type":"ImageObject","inLanguage":"de","@id":"https:\/\/mueble4you.com\/de\/productos\/zementfarbiger-tisch-mit-schwarzem-metall-zentralfuss-100-durchmesser\/#primaryimage","url":"https:\/\/mueble4you.com\/wp-content\/uploads\/2023\/09\/8398.png","contentUrl":"https:\/\/mueble4you.com\/wp-content\/uploads\/2023\/09\/8398.png","width":637,"height":749},{"@type":"BreadcrumbList","@id":"https:\/\/mueble4you.com\/de\/productos\/zementfarbiger-tisch-mit-schwarzem-metall-zentralfuss-100-durchmesser\/#breadcrumb","itemListElement":[{"@type":"ListItem","position":1,"name":"Portada","item":"https:\/\/mueble4you.com\/de\/"},{"@type":"ListItem","position":2,"name":"Productos","item":"https:\/\/mueble4you.com\/productos\/"},{"@type":"ListItem","position":3,"name":"ZEMENTFARBIGER TISCH MIT SCHWARZEM METALL-ZENTRALFUSS, 100 DURCHMESSER."}]},{"@type":"WebSite","@id":"https:\/\/mueble4you.com\/#website","url":"https:\/\/mueble4you.com\/","name":"mueble4you","description":"M\u00f6bel in Teneriffa","potentialAction":[{"@type":"SearchAction","target":{"@type":"EntryPoint","urlTemplate":"https:\/\/mueble4you.com\/?s={search_term_string}"},"query-input":{"@type":"PropertyValueSpecification","valueRequired":true,"valueName":"search_term_string"}}],"inLanguage":"de"}]}},"_links":{"self":[{"href":"https:\/\/mueble4you.com\/de\/wp-json\/wp\/v2\/product\/66613","targetHints":{"allow":["GET"]}}],"collection":[{"href":"https:\/\/mueble4you.com\/de\/wp-json\/wp\/v2\/product"}],"about":[{"href":"https:\/\/mueble4you.com\/de\/wp-json\/wp\/v2\/types\/product"}],"wp:featuredmedia":[{"embeddable":true,"href":"https:\/\/mueble4you.com\/de\/wp-json\/wp\/v2\/media\/66609"}],"wp:attachment":[{"href":"https:\/\/mueble4you.com\/de\/wp-json\/wp\/v2\/media?parent=66613"}],"wp:term":[{"taxonomy":"product_brand","embeddable":true,"href":"https:\/\/mueble4you.com\/de\/wp-json\/wp\/v2\/product_brand?post=66613"},{"taxonomy":"product_cat","embeddable":true,"href":"https:\/\/mueble4you.com\/de\/wp-json\/wp\/v2\/product_cat?post=66613"},{"taxonomy":"product_tag","embeddable":true,"href":"https:\/\/mueble4you.com\/de\/wp-json\/wp\/v2\/product_tag?post=66613"}],"curies":[{"name":"wp","href":"https:\/\/api.w.org\/{rel}","templated":true}]}}