{"id":65933,"date":"2023-08-30T16:37:44","date_gmt":"2023-08-30T16:37:44","guid":{"rendered":"https:\/\/mueble4you.com\/productos\/lily-table-white-2408-chairs-lily-white\/"},"modified":"2023-08-30T18:09:58","modified_gmt":"2023-08-30T18:09:58","slug":"lily-tisch-weiss-2408-stuhle-lily-weiss","status":"publish","type":"product","link":"https:\/\/mueble4you.com\/de\/productos\/lily-tisch-weiss-2408-stuhle-lily-weiss\/","title":{"rendered":"LILY TISCH WEISS 240+8 ST\u00dcHLE LILY WEISS"},"content":{"rendered":"<ul>\n<li id=\"tw-target-text\" class=\"tw-data-text tw-text-large tw-ta\" dir=\"ltr\" data-placeholder=\"Traducci\u00f3n\"><span class=\"Y2IQFc\" lang=\"de\">Aluminiumstruktur. <\/span><\/li>\n<li class=\"tw-data-text tw-text-large tw-ta\" dir=\"ltr\" data-placeholder=\"Traducci\u00f3n\"><span class=\"Y2IQFc\" lang=\"de\">Ma\u00dfe: 240x110x76cm. <\/span><\/li>\n<li class=\"tw-data-text tw-text-large tw-ta\" dir=\"ltr\" data-placeholder=\"Traducci\u00f3n\"><span class=\"Y2IQFc\" lang=\"de\">Enth\u00e4lt 8 Lily-St\u00fchle. <\/span><\/li>\n<li class=\"tw-data-text tw-text-large tw-ta\" dir=\"ltr\" data-placeholder=\"Traducci\u00f3n\"><span class=\"Y2IQFc\" lang=\"de\">Wei\u00dfe Farbe. <\/span><\/li>\n<li class=\"tw-data-text tw-text-large tw-ta\" dir=\"ltr\" data-placeholder=\"Traducci\u00f3n\"><span class=\"Y2IQFc\" lang=\"de\">Erh\u00e4ltlich in Dunkelgrau.<\/span><\/li>\n<\/ul>\n","protected":false},"excerpt":{"rendered":"<p>Aluminiumstruktur. Ma\u00dfe: 240x110x76cm. Enth\u00e4lt 8 Lily-St\u00fchle. Wei\u00dfe Farbe. Erh\u00e4ltlich in Dunkelgrau.<\/p>\n","protected":false},"featured_media":65929,"template":"","meta":[],"product_brand":[],"product_cat":[305,309],"product_tag":[],"class_list":{"0":"post-65933","1":"product","2":"type-product","3":"status-publish","4":"has-post-thumbnail","6":"product_cat-gartenmobel","7":"product_cat-sitz-und-liegemobel","9":"first","10":"instock","11":"shipping-taxable","12":"product-type-simple"},"yoast_head":"<!-- This site is optimized with the Yoast SEO plugin v27.3 - https:\/\/yoast.com\/product\/yoast-seo-wordpress\/ -->\n<title>LILY TISCH WEISS 240+8 ST\u00dcHLE LILY WEISS | mueble4you<\/title>\n<meta name=\"robots\" content=\"index, follow, max-snippet:-1, max-image-preview:large, max-video-preview:-1\" \/>\n<link rel=\"canonical\" href=\"https:\/\/mueble4you.com\/de\/productos\/lily-tisch-weiss-2408-stuhle-lily-weiss\/\" \/>\n<meta property=\"og:locale\" content=\"de_DE\" \/>\n<meta property=\"og:type\" content=\"article\" \/>\n<meta property=\"og:title\" content=\"LILY TISCH WEISS 240+8 ST\u00dcHLE LILY WEISS | mueble4you\" \/>\n<meta property=\"og:description\" content=\"Aluminiumstruktur. Ma\u00dfe: 240x110x76cm. Enth\u00e4lt 8 Lily-St\u00fchle. Wei\u00dfe Farbe. Erh\u00e4ltlich in Dunkelgrau.\" \/>\n<meta property=\"og:url\" content=\"https:\/\/mueble4you.com\/de\/productos\/lily-tisch-weiss-2408-stuhle-lily-weiss\/\" \/>\n<meta property=\"og:site_name\" content=\"mueble4you\" \/>\n<meta property=\"article:modified_time\" content=\"2023-08-30T18:09:58+00:00\" \/>\n<meta property=\"og:image\" content=\"https:\/\/mueble4you.com\/wp-content\/uploads\/2023\/08\/MESA-LILY-scaled.jpg\" \/>\n\t<meta property=\"og:image:width\" content=\"1920\" \/>\n\t<meta property=\"og:image:height\" content=\"2560\" \/>\n\t<meta property=\"og:image:type\" content=\"image\/jpeg\" \/>\n<meta name=\"twitter:card\" content=\"summary_large_image\" \/>\n<script type=\"application\/ld+json\" class=\"yoast-schema-graph\">{\"@context\":\"https:\\\/\\\/schema.org\",\"@graph\":[{\"@type\":\"WebPage\",\"@id\":\"https:\\\/\\\/mueble4you.com\\\/de\\\/productos\\\/lily-tisch-weiss-2408-stuhle-lily-weiss\\\/\",\"url\":\"https:\\\/\\\/mueble4you.com\\\/de\\\/productos\\\/lily-tisch-weiss-2408-stuhle-lily-weiss\\\/\",\"name\":\"LILY TISCH WEISS 240+8 ST\u00dcHLE LILY WEISS | mueble4you\",\"isPartOf\":{\"@id\":\"https:\\\/\\\/mueble4you.com\\\/#website\"},\"primaryImageOfPage\":{\"@id\":\"https:\\\/\\\/mueble4you.com\\\/de\\\/productos\\\/lily-tisch-weiss-2408-stuhle-lily-weiss\\\/#primaryimage\"},\"image\":{\"@id\":\"https:\\\/\\\/mueble4you.com\\\/de\\\/productos\\\/lily-tisch-weiss-2408-stuhle-lily-weiss\\\/#primaryimage\"},\"thumbnailUrl\":\"https:\\\/\\\/mueble4you.com\\\/wp-content\\\/uploads\\\/2023\\\/08\\\/MESA-LILY-scaled.jpg\",\"datePublished\":\"2023-08-30T16:37:44+00:00\",\"dateModified\":\"2023-08-30T18:09:58+00:00\",\"breadcrumb\":{\"@id\":\"https:\\\/\\\/mueble4you.com\\\/de\\\/productos\\\/lily-tisch-weiss-2408-stuhle-lily-weiss\\\/#breadcrumb\"},\"inLanguage\":\"de\",\"potentialAction\":[{\"@type\":\"ReadAction\",\"target\":[\"https:\\\/\\\/mueble4you.com\\\/de\\\/productos\\\/lily-tisch-weiss-2408-stuhle-lily-weiss\\\/\"]}]},{\"@type\":\"ImageObject\",\"inLanguage\":\"de\",\"@id\":\"https:\\\/\\\/mueble4you.com\\\/de\\\/productos\\\/lily-tisch-weiss-2408-stuhle-lily-weiss\\\/#primaryimage\",\"url\":\"https:\\\/\\\/mueble4you.com\\\/wp-content\\\/uploads\\\/2023\\\/08\\\/MESA-LILY-scaled.jpg\",\"contentUrl\":\"https:\\\/\\\/mueble4you.com\\\/wp-content\\\/uploads\\\/2023\\\/08\\\/MESA-LILY-scaled.jpg\",\"width\":1920,\"height\":2560},{\"@type\":\"BreadcrumbList\",\"@id\":\"https:\\\/\\\/mueble4you.com\\\/de\\\/productos\\\/lily-tisch-weiss-2408-stuhle-lily-weiss\\\/#breadcrumb\",\"itemListElement\":[{\"@type\":\"ListItem\",\"position\":1,\"name\":\"Portada\",\"item\":\"https:\\\/\\\/mueble4you.com\\\/de\\\/\"},{\"@type\":\"ListItem\",\"position\":2,\"name\":\"Productos\",\"item\":\"https:\\\/\\\/mueble4you.com\\\/productos\\\/\"},{\"@type\":\"ListItem\",\"position\":3,\"name\":\"LILY TISCH WEISS 240+8 ST\u00dcHLE LILY WEISS\"}]},{\"@type\":\"WebSite\",\"@id\":\"https:\\\/\\\/mueble4you.com\\\/#website\",\"url\":\"https:\\\/\\\/mueble4you.com\\\/\",\"name\":\"mueble4you\",\"description\":\"M\u00f6bel in Teneriffa\",\"potentialAction\":[{\"@type\":\"SearchAction\",\"target\":{\"@type\":\"EntryPoint\",\"urlTemplate\":\"https:\\\/\\\/mueble4you.com\\\/?s={search_term_string}\"},\"query-input\":{\"@type\":\"PropertyValueSpecification\",\"valueRequired\":true,\"valueName\":\"search_term_string\"}}],\"inLanguage\":\"de\"}]}<\/script>\n<!-- \/ Yoast SEO plugin. -->","yoast_head_json":{"title":"LILY TISCH WEISS 240+8 ST\u00dcHLE LILY WEISS | mueble4you","robots":{"index":"index","follow":"follow","max-snippet":"max-snippet:-1","max-image-preview":"max-image-preview:large","max-video-preview":"max-video-preview:-1"},"canonical":"https:\/\/mueble4you.com\/de\/productos\/lily-tisch-weiss-2408-stuhle-lily-weiss\/","og_locale":"de_DE","og_type":"article","og_title":"LILY TISCH WEISS 240+8 ST\u00dcHLE LILY WEISS | mueble4you","og_description":"Aluminiumstruktur. Ma\u00dfe: 240x110x76cm. Enth\u00e4lt 8 Lily-St\u00fchle. Wei\u00dfe Farbe. Erh\u00e4ltlich in Dunkelgrau.","og_url":"https:\/\/mueble4you.com\/de\/productos\/lily-tisch-weiss-2408-stuhle-lily-weiss\/","og_site_name":"mueble4you","article_modified_time":"2023-08-30T18:09:58+00:00","og_image":[{"width":1920,"height":2560,"url":"https:\/\/mueble4you.com\/wp-content\/uploads\/2023\/08\/MESA-LILY-scaled.jpg","type":"image\/jpeg"}],"twitter_card":"summary_large_image","schema":{"@context":"https:\/\/schema.org","@graph":[{"@type":"WebPage","@id":"https:\/\/mueble4you.com\/de\/productos\/lily-tisch-weiss-2408-stuhle-lily-weiss\/","url":"https:\/\/mueble4you.com\/de\/productos\/lily-tisch-weiss-2408-stuhle-lily-weiss\/","name":"LILY TISCH WEISS 240+8 ST\u00dcHLE LILY WEISS | mueble4you","isPartOf":{"@id":"https:\/\/mueble4you.com\/#website"},"primaryImageOfPage":{"@id":"https:\/\/mueble4you.com\/de\/productos\/lily-tisch-weiss-2408-stuhle-lily-weiss\/#primaryimage"},"image":{"@id":"https:\/\/mueble4you.com\/de\/productos\/lily-tisch-weiss-2408-stuhle-lily-weiss\/#primaryimage"},"thumbnailUrl":"https:\/\/mueble4you.com\/wp-content\/uploads\/2023\/08\/MESA-LILY-scaled.jpg","datePublished":"2023-08-30T16:37:44+00:00","dateModified":"2023-08-30T18:09:58+00:00","breadcrumb":{"@id":"https:\/\/mueble4you.com\/de\/productos\/lily-tisch-weiss-2408-stuhle-lily-weiss\/#breadcrumb"},"inLanguage":"de","potentialAction":[{"@type":"ReadAction","target":["https:\/\/mueble4you.com\/de\/productos\/lily-tisch-weiss-2408-stuhle-lily-weiss\/"]}]},{"@type":"ImageObject","inLanguage":"de","@id":"https:\/\/mueble4you.com\/de\/productos\/lily-tisch-weiss-2408-stuhle-lily-weiss\/#primaryimage","url":"https:\/\/mueble4you.com\/wp-content\/uploads\/2023\/08\/MESA-LILY-scaled.jpg","contentUrl":"https:\/\/mueble4you.com\/wp-content\/uploads\/2023\/08\/MESA-LILY-scaled.jpg","width":1920,"height":2560},{"@type":"BreadcrumbList","@id":"https:\/\/mueble4you.com\/de\/productos\/lily-tisch-weiss-2408-stuhle-lily-weiss\/#breadcrumb","itemListElement":[{"@type":"ListItem","position":1,"name":"Portada","item":"https:\/\/mueble4you.com\/de\/"},{"@type":"ListItem","position":2,"name":"Productos","item":"https:\/\/mueble4you.com\/productos\/"},{"@type":"ListItem","position":3,"name":"LILY TISCH WEISS 240+8 ST\u00dcHLE LILY WEISS"}]},{"@type":"WebSite","@id":"https:\/\/mueble4you.com\/#website","url":"https:\/\/mueble4you.com\/","name":"mueble4you","description":"M\u00f6bel in Teneriffa","potentialAction":[{"@type":"SearchAction","target":{"@type":"EntryPoint","urlTemplate":"https:\/\/mueble4you.com\/?s={search_term_string}"},"query-input":{"@type":"PropertyValueSpecification","valueRequired":true,"valueName":"search_term_string"}}],"inLanguage":"de"}]}},"_links":{"self":[{"href":"https:\/\/mueble4you.com\/de\/wp-json\/wp\/v2\/product\/65933","targetHints":{"allow":["GET"]}}],"collection":[{"href":"https:\/\/mueble4you.com\/de\/wp-json\/wp\/v2\/product"}],"about":[{"href":"https:\/\/mueble4you.com\/de\/wp-json\/wp\/v2\/types\/product"}],"wp:featuredmedia":[{"embeddable":true,"href":"https:\/\/mueble4you.com\/de\/wp-json\/wp\/v2\/media\/65929"}],"wp:attachment":[{"href":"https:\/\/mueble4you.com\/de\/wp-json\/wp\/v2\/media?parent=65933"}],"wp:term":[{"taxonomy":"product_brand","embeddable":true,"href":"https:\/\/mueble4you.com\/de\/wp-json\/wp\/v2\/product_brand?post=65933"},{"taxonomy":"product_cat","embeddable":true,"href":"https:\/\/mueble4you.com\/de\/wp-json\/wp\/v2\/product_cat?post=65933"},{"taxonomy":"product_tag","embeddable":true,"href":"https:\/\/mueble4you.com\/de\/wp-json\/wp\/v2\/product_tag?post=65933"}],"curies":[{"name":"wp","href":"https:\/\/api.w.org\/{rel}","templated":true}]}}