{"id":65792,"date":"2023-08-23T12:07:27","date_gmt":"2023-08-23T12:07:27","guid":{"rendered":"https:\/\/mueble4you.com\/productos\/bahia-sofa-35-pl-t-eden-motas-240cm\/"},"modified":"2023-08-23T12:38:11","modified_gmt":"2023-08-23T12:38:11","slug":"bahia-sofa-35-pl-t-eden-motas-240cm","status":"publish","type":"product","link":"https:\/\/mueble4you.com\/de\/productos\/bahia-sofa-35-pl-t-eden-motas-240cm\/","title":{"rendered":"BAHIA SOFA 3,5 PL T.EDEN MOTAS 240CM."},"content":{"rendered":"<ul>\n<li id=\"tw-target-text\" class=\"tw-data-text tw-text-large tw-ta\" dir=\"ltr\" data-placeholder=\"Traducci\u00f3n\"><span class=\"Y2IQFc\" lang=\"de\">Modularer Komfort mit tausenden M\u00f6glichkeiten Abnehmbarer <\/span><\/li>\n<li class=\"tw-data-text tw-text-large tw-ta\" dir=\"ltr\" data-placeholder=\"Traducci\u00f3n\"><span class=\"Y2IQFc\" lang=\"de\">Bezug: Sitz und R\u00fcckenlehne<\/span><\/li>\n<li class=\"tw-data-text tw-text-large tw-ta\" dir=\"ltr\" data-placeholder=\"Traducci\u00f3n\"><span class=\"Y2IQFc\" lang=\"de\">Struktur: Galizisches Kiefernholz<\/span><\/li>\n<li class=\"tw-data-text tw-text-large tw-ta\" dir=\"ltr\" data-placeholder=\"Traducci\u00f3n\"><span class=\"Y2IQFc\" lang=\"de\">Beine: Wengeholz <\/span><\/li>\n<li class=\"tw-data-text tw-text-large tw-ta\" dir=\"ltr\" data-placeholder=\"Traducci\u00f3n\"><span class=\"Y2IQFc\" lang=\"de\">R\u00fcckenpolsterung: Silikonisierte Hohlfaser<\/span><\/li>\n<li class=\"tw-data-text tw-text-large tw-ta\" dir=\"ltr\" data-placeholder=\"Traducci\u00f3n\"><span class=\"Y2IQFc\" lang=\"de\">Sitzpolsterung: Kombinierter Gummi 35 kg und verdichtete Faser 400 g<\/span><\/li>\n<li class=\"tw-data-text tw-text-large tw-ta\" dir=\"ltr\" data-placeholder=\"Traducci\u00f3n\"><span class=\"Y2IQFc\" lang=\"de\">Varianten: Modul mit\/ohne Arm, Chaiselongue und Pouff <\/span><\/li>\n<li class=\"tw-data-text tw-text-large tw-ta\" dir=\"ltr\" data-placeholder=\"Traducci\u00f3n\"><span class=\"Y2IQFc\" lang=\"de\">Ma\u00dfe: 240 cm x 98 cm.<\/span><\/li>\n<li class=\"tw-data-text tw-text-large tw-ta\" dir=\"ltr\" data-placeholder=\"Traducci\u00f3n\"><span class=\"Y2IQFc\" lang=\"de\">Auf Anfrage auch in anderen Gr\u00f6\u00dfen und Materialien erh\u00e4ltlich.<\/span><\/li>\n<\/ul>\n","protected":false},"excerpt":{"rendered":"<p>Modularer Komfort mit tausenden M\u00f6glichkeiten Abnehmbarer Bezug: Sitz und R\u00fcckenlehne Struktur: Galizisches Kiefernholz Beine: Wengeholz R\u00fcckenpolsterung: Silikonisierte Hohlfaser Sitzpolsterung: Kombinierter Gummi 35 kg und verdichtete Faser 400 g Varianten: Modul mit\/ohne Arm, Chaiselongue und Pouff Ma\u00dfe: 240 cm x 98 cm. Auf Anfrage auch in anderen Gr\u00f6\u00dfen und Materialien erh\u00e4ltlich.<\/p>\n","protected":false},"featured_media":65783,"template":"","meta":[],"product_brand":[],"product_cat":[273,272],"product_tag":[],"class_list":{"0":"post-65792","1":"product","2":"type-product","3":"status-publish","4":"has-post-thumbnail","6":"product_cat-sofas-wohnzimmer","7":"product_cat-wohnzimmer","9":"first","10":"instock","11":"shipping-taxable","12":"product-type-simple"},"yoast_head":"<!-- This site is optimized with the Yoast SEO plugin v27.2 - https:\/\/yoast.com\/product\/yoast-seo-wordpress\/ -->\n<title>BAHIA SOFA 3,5 PL T.EDEN MOTAS 240CM. | mueble4you<\/title>\n<meta name=\"robots\" content=\"index, follow, max-snippet:-1, max-image-preview:large, max-video-preview:-1\" \/>\n<link rel=\"canonical\" href=\"https:\/\/mueble4you.com\/de\/productos\/bahia-sofa-35-pl-t-eden-motas-240cm\/\" \/>\n<meta property=\"og:locale\" content=\"de_DE\" \/>\n<meta property=\"og:type\" content=\"article\" \/>\n<meta property=\"og:title\" content=\"BAHIA SOFA 3,5 PL T.EDEN MOTAS 240CM. | mueble4you\" \/>\n<meta property=\"og:description\" content=\"Modularer Komfort mit tausenden M\u00f6glichkeiten Abnehmbarer Bezug: Sitz und R\u00fcckenlehne Struktur: Galizisches Kiefernholz Beine: Wengeholz R\u00fcckenpolsterung: Silikonisierte Hohlfaser Sitzpolsterung: Kombinierter Gummi 35 kg und verdichtete Faser 400 g Varianten: Modul mit\/ohne Arm, Chaiselongue und Pouff Ma\u00dfe: 240 cm x 98 cm. Auf Anfrage auch in anderen Gr\u00f6\u00dfen und Materialien erh\u00e4ltlich.\" \/>\n<meta property=\"og:url\" content=\"https:\/\/mueble4you.com\/de\/productos\/bahia-sofa-35-pl-t-eden-motas-240cm\/\" \/>\n<meta property=\"og:site_name\" content=\"mueble4you\" \/>\n<meta property=\"article:modified_time\" content=\"2023-08-23T12:38:11+00:00\" \/>\n<meta property=\"og:image\" content=\"https:\/\/mueble4you.com\/wp-content\/uploads\/2023\/08\/bahia-2-scaled.jpg\" \/>\n\t<meta property=\"og:image:width\" content=\"2560\" \/>\n\t<meta property=\"og:image:height\" content=\"1920\" \/>\n\t<meta property=\"og:image:type\" content=\"image\/jpeg\" \/>\n<meta name=\"twitter:card\" content=\"summary_large_image\" \/>\n<script type=\"application\/ld+json\" class=\"yoast-schema-graph\">{\"@context\":\"https:\/\/schema.org\",\"@graph\":[{\"@type\":\"WebPage\",\"@id\":\"https:\/\/mueble4you.com\/de\/productos\/bahia-sofa-35-pl-t-eden-motas-240cm\/\",\"url\":\"https:\/\/mueble4you.com\/de\/productos\/bahia-sofa-35-pl-t-eden-motas-240cm\/\",\"name\":\"BAHIA SOFA 3,5 PL T.EDEN MOTAS 240CM. | mueble4you\",\"isPartOf\":{\"@id\":\"https:\/\/mueble4you.com\/#website\"},\"primaryImageOfPage\":{\"@id\":\"https:\/\/mueble4you.com\/de\/productos\/bahia-sofa-35-pl-t-eden-motas-240cm\/#primaryimage\"},\"image\":{\"@id\":\"https:\/\/mueble4you.com\/de\/productos\/bahia-sofa-35-pl-t-eden-motas-240cm\/#primaryimage\"},\"thumbnailUrl\":\"https:\/\/mueble4you.com\/wp-content\/uploads\/2023\/08\/bahia-2-scaled.jpg\",\"datePublished\":\"2023-08-23T12:07:27+00:00\",\"dateModified\":\"2023-08-23T12:38:11+00:00\",\"breadcrumb\":{\"@id\":\"https:\/\/mueble4you.com\/de\/productos\/bahia-sofa-35-pl-t-eden-motas-240cm\/#breadcrumb\"},\"inLanguage\":\"de\",\"potentialAction\":[{\"@type\":\"ReadAction\",\"target\":[\"https:\/\/mueble4you.com\/de\/productos\/bahia-sofa-35-pl-t-eden-motas-240cm\/\"]}]},{\"@type\":\"ImageObject\",\"inLanguage\":\"de\",\"@id\":\"https:\/\/mueble4you.com\/de\/productos\/bahia-sofa-35-pl-t-eden-motas-240cm\/#primaryimage\",\"url\":\"https:\/\/mueble4you.com\/wp-content\/uploads\/2023\/08\/bahia-2-scaled.jpg\",\"contentUrl\":\"https:\/\/mueble4you.com\/wp-content\/uploads\/2023\/08\/bahia-2-scaled.jpg\",\"width\":2560,\"height\":1920},{\"@type\":\"BreadcrumbList\",\"@id\":\"https:\/\/mueble4you.com\/de\/productos\/bahia-sofa-35-pl-t-eden-motas-240cm\/#breadcrumb\",\"itemListElement\":[{\"@type\":\"ListItem\",\"position\":1,\"name\":\"Portada\",\"item\":\"https:\/\/mueble4you.com\/de\/\"},{\"@type\":\"ListItem\",\"position\":2,\"name\":\"Productos\",\"item\":\"https:\/\/mueble4you.com\/productos\/\"},{\"@type\":\"ListItem\",\"position\":3,\"name\":\"BAHIA SOFA 3,5 PL T.EDEN MOTAS 240CM.\"}]},{\"@type\":\"WebSite\",\"@id\":\"https:\/\/mueble4you.com\/#website\",\"url\":\"https:\/\/mueble4you.com\/\",\"name\":\"mueble4you\",\"description\":\"M\u00f6bel in Teneriffa\",\"potentialAction\":[{\"@type\":\"SearchAction\",\"target\":{\"@type\":\"EntryPoint\",\"urlTemplate\":\"https:\/\/mueble4you.com\/?s={search_term_string}\"},\"query-input\":{\"@type\":\"PropertyValueSpecification\",\"valueRequired\":true,\"valueName\":\"search_term_string\"}}],\"inLanguage\":\"de\"}]}<\/script>\n<!-- \/ Yoast SEO plugin. -->","yoast_head_json":{"title":"BAHIA SOFA 3,5 PL T.EDEN MOTAS 240CM. | mueble4you","robots":{"index":"index","follow":"follow","max-snippet":"max-snippet:-1","max-image-preview":"max-image-preview:large","max-video-preview":"max-video-preview:-1"},"canonical":"https:\/\/mueble4you.com\/de\/productos\/bahia-sofa-35-pl-t-eden-motas-240cm\/","og_locale":"de_DE","og_type":"article","og_title":"BAHIA SOFA 3,5 PL T.EDEN MOTAS 240CM. | mueble4you","og_description":"Modularer Komfort mit tausenden M\u00f6glichkeiten Abnehmbarer Bezug: Sitz und R\u00fcckenlehne Struktur: Galizisches Kiefernholz Beine: Wengeholz R\u00fcckenpolsterung: Silikonisierte Hohlfaser Sitzpolsterung: Kombinierter Gummi 35 kg und verdichtete Faser 400 g Varianten: Modul mit\/ohne Arm, Chaiselongue und Pouff Ma\u00dfe: 240 cm x 98 cm. Auf Anfrage auch in anderen Gr\u00f6\u00dfen und Materialien erh\u00e4ltlich.","og_url":"https:\/\/mueble4you.com\/de\/productos\/bahia-sofa-35-pl-t-eden-motas-240cm\/","og_site_name":"mueble4you","article_modified_time":"2023-08-23T12:38:11+00:00","og_image":[{"width":2560,"height":1920,"url":"https:\/\/mueble4you.com\/wp-content\/uploads\/2023\/08\/bahia-2-scaled.jpg","type":"image\/jpeg"}],"twitter_card":"summary_large_image","schema":{"@context":"https:\/\/schema.org","@graph":[{"@type":"WebPage","@id":"https:\/\/mueble4you.com\/de\/productos\/bahia-sofa-35-pl-t-eden-motas-240cm\/","url":"https:\/\/mueble4you.com\/de\/productos\/bahia-sofa-35-pl-t-eden-motas-240cm\/","name":"BAHIA SOFA 3,5 PL T.EDEN MOTAS 240CM. | mueble4you","isPartOf":{"@id":"https:\/\/mueble4you.com\/#website"},"primaryImageOfPage":{"@id":"https:\/\/mueble4you.com\/de\/productos\/bahia-sofa-35-pl-t-eden-motas-240cm\/#primaryimage"},"image":{"@id":"https:\/\/mueble4you.com\/de\/productos\/bahia-sofa-35-pl-t-eden-motas-240cm\/#primaryimage"},"thumbnailUrl":"https:\/\/mueble4you.com\/wp-content\/uploads\/2023\/08\/bahia-2-scaled.jpg","datePublished":"2023-08-23T12:07:27+00:00","dateModified":"2023-08-23T12:38:11+00:00","breadcrumb":{"@id":"https:\/\/mueble4you.com\/de\/productos\/bahia-sofa-35-pl-t-eden-motas-240cm\/#breadcrumb"},"inLanguage":"de","potentialAction":[{"@type":"ReadAction","target":["https:\/\/mueble4you.com\/de\/productos\/bahia-sofa-35-pl-t-eden-motas-240cm\/"]}]},{"@type":"ImageObject","inLanguage":"de","@id":"https:\/\/mueble4you.com\/de\/productos\/bahia-sofa-35-pl-t-eden-motas-240cm\/#primaryimage","url":"https:\/\/mueble4you.com\/wp-content\/uploads\/2023\/08\/bahia-2-scaled.jpg","contentUrl":"https:\/\/mueble4you.com\/wp-content\/uploads\/2023\/08\/bahia-2-scaled.jpg","width":2560,"height":1920},{"@type":"BreadcrumbList","@id":"https:\/\/mueble4you.com\/de\/productos\/bahia-sofa-35-pl-t-eden-motas-240cm\/#breadcrumb","itemListElement":[{"@type":"ListItem","position":1,"name":"Portada","item":"https:\/\/mueble4you.com\/de\/"},{"@type":"ListItem","position":2,"name":"Productos","item":"https:\/\/mueble4you.com\/productos\/"},{"@type":"ListItem","position":3,"name":"BAHIA SOFA 3,5 PL T.EDEN MOTAS 240CM."}]},{"@type":"WebSite","@id":"https:\/\/mueble4you.com\/#website","url":"https:\/\/mueble4you.com\/","name":"mueble4you","description":"M\u00f6bel in Teneriffa","potentialAction":[{"@type":"SearchAction","target":{"@type":"EntryPoint","urlTemplate":"https:\/\/mueble4you.com\/?s={search_term_string}"},"query-input":{"@type":"PropertyValueSpecification","valueRequired":true,"valueName":"search_term_string"}}],"inLanguage":"de"}]}},"_links":{"self":[{"href":"https:\/\/mueble4you.com\/de\/wp-json\/wp\/v2\/product\/65792","targetHints":{"allow":["GET"]}}],"collection":[{"href":"https:\/\/mueble4you.com\/de\/wp-json\/wp\/v2\/product"}],"about":[{"href":"https:\/\/mueble4you.com\/de\/wp-json\/wp\/v2\/types\/product"}],"wp:featuredmedia":[{"embeddable":true,"href":"https:\/\/mueble4you.com\/de\/wp-json\/wp\/v2\/media\/65783"}],"wp:attachment":[{"href":"https:\/\/mueble4you.com\/de\/wp-json\/wp\/v2\/media?parent=65792"}],"wp:term":[{"taxonomy":"product_brand","embeddable":true,"href":"https:\/\/mueble4you.com\/de\/wp-json\/wp\/v2\/product_brand?post=65792"},{"taxonomy":"product_cat","embeddable":true,"href":"https:\/\/mueble4you.com\/de\/wp-json\/wp\/v2\/product_cat?post=65792"},{"taxonomy":"product_tag","embeddable":true,"href":"https:\/\/mueble4you.com\/de\/wp-json\/wp\/v2\/product_tag?post=65792"}],"curies":[{"name":"wp","href":"https:\/\/api.w.org\/{rel}","templated":true}]}}