{"id":65630,"date":"2023-08-17T14:18:17","date_gmt":"2023-08-17T14:18:17","guid":{"rendered":"https:\/\/mueble4you.com\/productos\/espejo-metal-colado-dorado-120803-cm\/"},"modified":"2023-08-18T12:41:14","modified_gmt":"2023-08-18T12:41:14","slug":"goldgussmetallspiegel-120803-cm","status":"publish","type":"product","link":"https:\/\/mueble4you.com\/de\/productos\/goldgussmetallspiegel-120803-cm\/","title":{"rendered":"GOLDGUSSMETALLSPIEGEL 120*80*3 CM."},"content":{"rendered":"<ul>\n<li id=\"tw-target-text\" class=\"tw-data-text tw-text-large tw-ta\" dir=\"ltr\" data-placeholder=\"Traducci\u00f3n\"><span class=\"Y2IQFc\" lang=\"de\">MA\u00dfE: L\u00c4NGE: 80,0 CM; H\u00d6HE: 120,0 CM; TIEFE: 3,0 CM <\/span><\/li>\n<li class=\"tw-data-text tw-text-large tw-ta\" dir=\"ltr\" data-placeholder=\"Traducci\u00f3n\"><span class=\"Y2IQFc\" lang=\"de\">MATERIAL: METALL, SPIEGEL<\/span><\/li>\n<li class=\"tw-data-text tw-text-large tw-ta\" dir=\"ltr\" data-placeholder=\"Traducci\u00f3n\"><span class=\"Y2IQFc\" lang=\"de\">GOLDENE FARBE <\/span><\/li>\n<li class=\"tw-data-text tw-text-large tw-ta\" dir=\"ltr\" data-placeholder=\"Traducci\u00f3n\"><span class=\"Y2IQFc\" lang=\"de\">ZUS\u00c4TZLICHE INFORMATIONEN: ES KANN VERTIKAL\/HORIZONTAL AUFH\u00c4NGT WERDEN<\/span><\/li>\n<\/ul>\n","protected":false},"excerpt":{"rendered":"<p>MA\u00dfE: L\u00c4NGE: 80,0 CM; H\u00d6HE: 120,0 CM; TIEFE: 3,0 CM MATERIAL: METALL, SPIEGEL GOLDENE FARBE ZUS\u00c4TZLICHE INFORMATIONEN: ES KANN VERTIKAL\/HORIZONTAL AUFH\u00c4NGT WERDEN<\/p>\n","protected":false},"featured_media":65626,"template":"","meta":[],"product_brand":[],"product_cat":[337,261],"product_tag":[],"class_list":{"0":"post-65630","1":"product","2":"type-product","3":"status-publish","4":"has-post-thumbnail","6":"product_cat-spiegel","7":"product_cat-dekoration","9":"first","10":"instock","11":"shipping-taxable","12":"product-type-simple"},"yoast_head":"<!-- This site is optimized with the Yoast SEO plugin v27.2 - https:\/\/yoast.com\/product\/yoast-seo-wordpress\/ -->\n<title>GOLDGUSSMETALLSPIEGEL 120*80*3 CM. | mueble4you<\/title>\n<meta name=\"robots\" content=\"index, follow, max-snippet:-1, max-image-preview:large, max-video-preview:-1\" \/>\n<link rel=\"canonical\" href=\"https:\/\/mueble4you.com\/de\/productos\/goldgussmetallspiegel-120803-cm\/\" \/>\n<meta property=\"og:locale\" content=\"de_DE\" \/>\n<meta property=\"og:type\" content=\"article\" \/>\n<meta property=\"og:title\" content=\"GOLDGUSSMETALLSPIEGEL 120*80*3 CM. | mueble4you\" \/>\n<meta property=\"og:description\" content=\"MA\u00dfE: L\u00c4NGE: 80,0 CM; H\u00d6HE: 120,0 CM; TIEFE: 3,0 CM MATERIAL: METALL, SPIEGEL GOLDENE FARBE ZUS\u00c4TZLICHE INFORMATIONEN: ES KANN VERTIKAL\/HORIZONTAL AUFH\u00c4NGT WERDEN\" \/>\n<meta property=\"og:url\" content=\"https:\/\/mueble4you.com\/de\/productos\/goldgussmetallspiegel-120803-cm\/\" \/>\n<meta property=\"og:site_name\" content=\"mueble4you\" \/>\n<meta property=\"article:modified_time\" content=\"2023-08-18T12:41:14+00:00\" \/>\n<meta property=\"og:image\" content=\"https:\/\/mueble4you.com\/wp-content\/uploads\/2023\/08\/10845.jpg\" \/>\n\t<meta property=\"og:image:width\" content=\"1024\" \/>\n\t<meta property=\"og:image:height\" content=\"768\" \/>\n\t<meta property=\"og:image:type\" content=\"image\/jpeg\" \/>\n<meta name=\"twitter:card\" content=\"summary_large_image\" \/>\n<script type=\"application\/ld+json\" class=\"yoast-schema-graph\">{\"@context\":\"https:\/\/schema.org\",\"@graph\":[{\"@type\":\"WebPage\",\"@id\":\"https:\/\/mueble4you.com\/de\/productos\/goldgussmetallspiegel-120803-cm\/\",\"url\":\"https:\/\/mueble4you.com\/de\/productos\/goldgussmetallspiegel-120803-cm\/\",\"name\":\"GOLDGUSSMETALLSPIEGEL 120*80*3 CM. | mueble4you\",\"isPartOf\":{\"@id\":\"https:\/\/mueble4you.com\/#website\"},\"primaryImageOfPage\":{\"@id\":\"https:\/\/mueble4you.com\/de\/productos\/goldgussmetallspiegel-120803-cm\/#primaryimage\"},\"image\":{\"@id\":\"https:\/\/mueble4you.com\/de\/productos\/goldgussmetallspiegel-120803-cm\/#primaryimage\"},\"thumbnailUrl\":\"https:\/\/mueble4you.com\/wp-content\/uploads\/2023\/08\/10845.jpg\",\"datePublished\":\"2023-08-17T14:18:17+00:00\",\"dateModified\":\"2023-08-18T12:41:14+00:00\",\"breadcrumb\":{\"@id\":\"https:\/\/mueble4you.com\/de\/productos\/goldgussmetallspiegel-120803-cm\/#breadcrumb\"},\"inLanguage\":\"de\",\"potentialAction\":[{\"@type\":\"ReadAction\",\"target\":[\"https:\/\/mueble4you.com\/de\/productos\/goldgussmetallspiegel-120803-cm\/\"]}]},{\"@type\":\"ImageObject\",\"inLanguage\":\"de\",\"@id\":\"https:\/\/mueble4you.com\/de\/productos\/goldgussmetallspiegel-120803-cm\/#primaryimage\",\"url\":\"https:\/\/mueble4you.com\/wp-content\/uploads\/2023\/08\/10845.jpg\",\"contentUrl\":\"https:\/\/mueble4you.com\/wp-content\/uploads\/2023\/08\/10845.jpg\",\"width\":1024,\"height\":768},{\"@type\":\"BreadcrumbList\",\"@id\":\"https:\/\/mueble4you.com\/de\/productos\/goldgussmetallspiegel-120803-cm\/#breadcrumb\",\"itemListElement\":[{\"@type\":\"ListItem\",\"position\":1,\"name\":\"Portada\",\"item\":\"https:\/\/mueble4you.com\/de\/\"},{\"@type\":\"ListItem\",\"position\":2,\"name\":\"Productos\",\"item\":\"https:\/\/mueble4you.com\/productos\/\"},{\"@type\":\"ListItem\",\"position\":3,\"name\":\"GOLDGUSSMETALLSPIEGEL 120*80*3 CM.\"}]},{\"@type\":\"WebSite\",\"@id\":\"https:\/\/mueble4you.com\/#website\",\"url\":\"https:\/\/mueble4you.com\/\",\"name\":\"mueble4you\",\"description\":\"M\u00f6bel in Teneriffa\",\"potentialAction\":[{\"@type\":\"SearchAction\",\"target\":{\"@type\":\"EntryPoint\",\"urlTemplate\":\"https:\/\/mueble4you.com\/?s={search_term_string}\"},\"query-input\":{\"@type\":\"PropertyValueSpecification\",\"valueRequired\":true,\"valueName\":\"search_term_string\"}}],\"inLanguage\":\"de\"}]}<\/script>\n<!-- \/ Yoast SEO plugin. -->","yoast_head_json":{"title":"GOLDGUSSMETALLSPIEGEL 120*80*3 CM. | mueble4you","robots":{"index":"index","follow":"follow","max-snippet":"max-snippet:-1","max-image-preview":"max-image-preview:large","max-video-preview":"max-video-preview:-1"},"canonical":"https:\/\/mueble4you.com\/de\/productos\/goldgussmetallspiegel-120803-cm\/","og_locale":"de_DE","og_type":"article","og_title":"GOLDGUSSMETALLSPIEGEL 120*80*3 CM. | mueble4you","og_description":"MA\u00dfE: L\u00c4NGE: 80,0 CM; H\u00d6HE: 120,0 CM; TIEFE: 3,0 CM MATERIAL: METALL, SPIEGEL GOLDENE FARBE ZUS\u00c4TZLICHE INFORMATIONEN: ES KANN VERTIKAL\/HORIZONTAL AUFH\u00c4NGT WERDEN","og_url":"https:\/\/mueble4you.com\/de\/productos\/goldgussmetallspiegel-120803-cm\/","og_site_name":"mueble4you","article_modified_time":"2023-08-18T12:41:14+00:00","og_image":[{"width":1024,"height":768,"url":"https:\/\/mueble4you.com\/wp-content\/uploads\/2023\/08\/10845.jpg","type":"image\/jpeg"}],"twitter_card":"summary_large_image","schema":{"@context":"https:\/\/schema.org","@graph":[{"@type":"WebPage","@id":"https:\/\/mueble4you.com\/de\/productos\/goldgussmetallspiegel-120803-cm\/","url":"https:\/\/mueble4you.com\/de\/productos\/goldgussmetallspiegel-120803-cm\/","name":"GOLDGUSSMETALLSPIEGEL 120*80*3 CM. | mueble4you","isPartOf":{"@id":"https:\/\/mueble4you.com\/#website"},"primaryImageOfPage":{"@id":"https:\/\/mueble4you.com\/de\/productos\/goldgussmetallspiegel-120803-cm\/#primaryimage"},"image":{"@id":"https:\/\/mueble4you.com\/de\/productos\/goldgussmetallspiegel-120803-cm\/#primaryimage"},"thumbnailUrl":"https:\/\/mueble4you.com\/wp-content\/uploads\/2023\/08\/10845.jpg","datePublished":"2023-08-17T14:18:17+00:00","dateModified":"2023-08-18T12:41:14+00:00","breadcrumb":{"@id":"https:\/\/mueble4you.com\/de\/productos\/goldgussmetallspiegel-120803-cm\/#breadcrumb"},"inLanguage":"de","potentialAction":[{"@type":"ReadAction","target":["https:\/\/mueble4you.com\/de\/productos\/goldgussmetallspiegel-120803-cm\/"]}]},{"@type":"ImageObject","inLanguage":"de","@id":"https:\/\/mueble4you.com\/de\/productos\/goldgussmetallspiegel-120803-cm\/#primaryimage","url":"https:\/\/mueble4you.com\/wp-content\/uploads\/2023\/08\/10845.jpg","contentUrl":"https:\/\/mueble4you.com\/wp-content\/uploads\/2023\/08\/10845.jpg","width":1024,"height":768},{"@type":"BreadcrumbList","@id":"https:\/\/mueble4you.com\/de\/productos\/goldgussmetallspiegel-120803-cm\/#breadcrumb","itemListElement":[{"@type":"ListItem","position":1,"name":"Portada","item":"https:\/\/mueble4you.com\/de\/"},{"@type":"ListItem","position":2,"name":"Productos","item":"https:\/\/mueble4you.com\/productos\/"},{"@type":"ListItem","position":3,"name":"GOLDGUSSMETALLSPIEGEL 120*80*3 CM."}]},{"@type":"WebSite","@id":"https:\/\/mueble4you.com\/#website","url":"https:\/\/mueble4you.com\/","name":"mueble4you","description":"M\u00f6bel in Teneriffa","potentialAction":[{"@type":"SearchAction","target":{"@type":"EntryPoint","urlTemplate":"https:\/\/mueble4you.com\/?s={search_term_string}"},"query-input":{"@type":"PropertyValueSpecification","valueRequired":true,"valueName":"search_term_string"}}],"inLanguage":"de"}]}},"_links":{"self":[{"href":"https:\/\/mueble4you.com\/de\/wp-json\/wp\/v2\/product\/65630","targetHints":{"allow":["GET"]}}],"collection":[{"href":"https:\/\/mueble4you.com\/de\/wp-json\/wp\/v2\/product"}],"about":[{"href":"https:\/\/mueble4you.com\/de\/wp-json\/wp\/v2\/types\/product"}],"wp:featuredmedia":[{"embeddable":true,"href":"https:\/\/mueble4you.com\/de\/wp-json\/wp\/v2\/media\/65626"}],"wp:attachment":[{"href":"https:\/\/mueble4you.com\/de\/wp-json\/wp\/v2\/media?parent=65630"}],"wp:term":[{"taxonomy":"product_brand","embeddable":true,"href":"https:\/\/mueble4you.com\/de\/wp-json\/wp\/v2\/product_brand?post=65630"},{"taxonomy":"product_cat","embeddable":true,"href":"https:\/\/mueble4you.com\/de\/wp-json\/wp\/v2\/product_cat?post=65630"},{"taxonomy":"product_tag","embeddable":true,"href":"https:\/\/mueble4you.com\/de\/wp-json\/wp\/v2\/product_tag?post=65630"}],"curies":[{"name":"wp","href":"https:\/\/api.w.org\/{rel}","templated":true}]}}