{"id":65421,"date":"2023-08-10T09:22:23","date_gmt":"2023-08-10T09:22:23","guid":{"rendered":"https:\/\/mueble4you.com\/productos\/armario-gaeta\/"},"modified":"2023-08-10T09:49:36","modified_gmt":"2023-08-10T09:49:36","slug":"gaeta-garderobe","status":"publish","type":"product","link":"https:\/\/mueble4you.com\/de\/productos\/gaeta-garderobe\/","title":{"rendered":"GAETA GARDEROBE"},"content":{"rendered":"<h4 id=\"tw-target-text\" class=\"tw-data-text tw-text-large tw-ta\" dir=\"ltr\" data-placeholder=\"Traducci\u00f3n\"><span class=\"Y2IQFc\" lang=\"de\">GAETA-SCHRANK, IN SCHWARZ-WEI\u00dfER FARBE, ZEITGEN\u00d6SSISCHER STIL.<\/span><\/h4>\n<h4 class=\"tw-data-text tw-text-large tw-ta\" dir=\"ltr\" data-placeholder=\"Traducci\u00f3n\"><span class=\"Y2IQFc\" lang=\"de\">AUS MINDI-HOLZ, KOMBINIERT MIT DM.<\/span><\/h4>\n<ul>\n<li class=\"tw-data-text tw-text-large tw-ta\" dir=\"ltr\" data-placeholder=\"Traducci\u00f3n\"><span class=\"Y2IQFc\" lang=\"de\">Farbe: Schwarz\/Wei\u00df.<\/span><\/li>\n<li class=\"tw-data-text tw-text-large tw-ta\" dir=\"ltr\" data-placeholder=\"Traducci\u00f3n\"><span class=\"Y2IQFc\" lang=\"de\">Ma\u00dfe: L\u00e4nge: 110 cm. Breite: 50 cm. H\u00f6he: 220 cm. <\/span><\/li>\n<li class=\"tw-data-text tw-text-large tw-ta\" dir=\"ltr\" data-placeholder=\"Traducci\u00f3n\"><span class=\"Y2IQFc\" lang=\"de\">Material: Mindi-Holz, Dm-Holz. <\/span><\/li>\n<li class=\"tw-data-text tw-text-large tw-ta\" dir=\"ltr\" data-placeholder=\"Traducci\u00f3n\"><span class=\"Y2IQFc\" lang=\"de\">Anzahl der Regale: 4.<\/span><\/li>\n<li class=\"tw-data-text tw-text-large tw-ta\" dir=\"ltr\" data-placeholder=\"Traducci\u00f3n\"><span class=\"Y2IQFc\" lang=\"de\">H\u00f6he zwischen den Regalen: 108 x 44 x 38 cm. <\/span><\/li>\n<li class=\"tw-data-text tw-text-large tw-ta\" dir=\"ltr\" data-placeholder=\"Traducci\u00f3n\"><span class=\"Y2IQFc\" lang=\"de\">Ma\u00dfe der Beine: 9 x 9 x 45 cm.<\/span><\/li>\n<\/ul>\n","protected":false},"excerpt":{"rendered":"<p>GAETA-SCHRANK, IN SCHWARZ-WEI\u00dfER FARBE, ZEITGEN\u00d6SSISCHER STIL. AUS MINDI-HOLZ, KOMBINIERT MIT DM. Farbe: Schwarz\/Wei\u00df. Ma\u00dfe: L\u00e4nge: 110 cm. Breite: 50 cm. H\u00f6he: 220 cm. Material: Mindi-Holz, Dm-Holz. Anzahl der Regale: 4. H\u00f6he zwischen den Regalen: 108 x 44 x 38 cm. Ma\u00dfe der Beine: 9 x 9 x 45 cm.<\/p>\n","protected":false},"featured_media":65402,"template":"","meta":[],"product_brand":[],"product_cat":[269,283,500,272],"product_tag":[],"class_list":{"0":"post-65421","1":"product","2":"type-product","3":"status-publish","4":"has-post-thumbnail","6":"product_cat-schlafzimmer","7":"product_cat-schlafzimmermobel","8":"product_cat-sideboards-de","9":"product_cat-wohnzimmer","11":"first","12":"instock","13":"shipping-taxable","14":"product-type-simple"},"yoast_head":"<!-- This site is optimized with the Yoast SEO plugin v27.3 - https:\/\/yoast.com\/product\/yoast-seo-wordpress\/ -->\n<title>GAETA GARDEROBE | mueble4you<\/title>\n<meta name=\"robots\" content=\"index, follow, max-snippet:-1, max-image-preview:large, max-video-preview:-1\" \/>\n<link rel=\"canonical\" href=\"https:\/\/mueble4you.com\/de\/productos\/gaeta-garderobe\/\" \/>\n<meta property=\"og:locale\" content=\"de_DE\" \/>\n<meta property=\"og:type\" content=\"article\" \/>\n<meta property=\"og:title\" content=\"GAETA GARDEROBE | mueble4you\" \/>\n<meta property=\"og:description\" content=\"GAETA-SCHRANK, IN SCHWARZ-WEI\u00dfER FARBE, ZEITGEN\u00d6SSISCHER STIL. AUS MINDI-HOLZ, KOMBINIERT MIT DM. Farbe: Schwarz\/Wei\u00df. Ma\u00dfe: L\u00e4nge: 110 cm. Breite: 50 cm. H\u00f6he: 220 cm. Material: Mindi-Holz, Dm-Holz. Anzahl der Regale: 4. H\u00f6he zwischen den Regalen: 108 x 44 x 38 cm. Ma\u00dfe der Beine: 9 x 9 x 45 cm.\" \/>\n<meta property=\"og:url\" content=\"https:\/\/mueble4you.com\/de\/productos\/gaeta-garderobe\/\" \/>\n<meta property=\"og:site_name\" content=\"mueble4you\" \/>\n<meta property=\"article:modified_time\" content=\"2023-08-10T09:49:36+00:00\" \/>\n<meta property=\"og:image\" content=\"https:\/\/mueble4you.com\/wp-content\/uploads\/2023\/08\/GAETA-2.webp\" \/>\n\t<meta property=\"og:image:width\" content=\"1535\" \/>\n\t<meta property=\"og:image:height\" content=\"1535\" \/>\n\t<meta property=\"og:image:type\" content=\"image\/webp\" \/>\n<meta name=\"twitter:card\" content=\"summary_large_image\" \/>\n<script type=\"application\/ld+json\" class=\"yoast-schema-graph\">{\"@context\":\"https:\\\/\\\/schema.org\",\"@graph\":[{\"@type\":\"WebPage\",\"@id\":\"https:\\\/\\\/mueble4you.com\\\/de\\\/productos\\\/gaeta-garderobe\\\/\",\"url\":\"https:\\\/\\\/mueble4you.com\\\/de\\\/productos\\\/gaeta-garderobe\\\/\",\"name\":\"GAETA GARDEROBE | mueble4you\",\"isPartOf\":{\"@id\":\"https:\\\/\\\/mueble4you.com\\\/#website\"},\"primaryImageOfPage\":{\"@id\":\"https:\\\/\\\/mueble4you.com\\\/de\\\/productos\\\/gaeta-garderobe\\\/#primaryimage\"},\"image\":{\"@id\":\"https:\\\/\\\/mueble4you.com\\\/de\\\/productos\\\/gaeta-garderobe\\\/#primaryimage\"},\"thumbnailUrl\":\"https:\\\/\\\/mueble4you.com\\\/wp-content\\\/uploads\\\/2023\\\/08\\\/GAETA-2.webp\",\"datePublished\":\"2023-08-10T09:22:23+00:00\",\"dateModified\":\"2023-08-10T09:49:36+00:00\",\"breadcrumb\":{\"@id\":\"https:\\\/\\\/mueble4you.com\\\/de\\\/productos\\\/gaeta-garderobe\\\/#breadcrumb\"},\"inLanguage\":\"de\",\"potentialAction\":[{\"@type\":\"ReadAction\",\"target\":[\"https:\\\/\\\/mueble4you.com\\\/de\\\/productos\\\/gaeta-garderobe\\\/\"]}]},{\"@type\":\"ImageObject\",\"inLanguage\":\"de\",\"@id\":\"https:\\\/\\\/mueble4you.com\\\/de\\\/productos\\\/gaeta-garderobe\\\/#primaryimage\",\"url\":\"https:\\\/\\\/mueble4you.com\\\/wp-content\\\/uploads\\\/2023\\\/08\\\/GAETA-2.webp\",\"contentUrl\":\"https:\\\/\\\/mueble4you.com\\\/wp-content\\\/uploads\\\/2023\\\/08\\\/GAETA-2.webp\",\"width\":1535,\"height\":1535},{\"@type\":\"BreadcrumbList\",\"@id\":\"https:\\\/\\\/mueble4you.com\\\/de\\\/productos\\\/gaeta-garderobe\\\/#breadcrumb\",\"itemListElement\":[{\"@type\":\"ListItem\",\"position\":1,\"name\":\"Portada\",\"item\":\"https:\\\/\\\/mueble4you.com\\\/de\\\/\"},{\"@type\":\"ListItem\",\"position\":2,\"name\":\"Productos\",\"item\":\"https:\\\/\\\/mueble4you.com\\\/productos\\\/\"},{\"@type\":\"ListItem\",\"position\":3,\"name\":\"GAETA GARDEROBE\"}]},{\"@type\":\"WebSite\",\"@id\":\"https:\\\/\\\/mueble4you.com\\\/#website\",\"url\":\"https:\\\/\\\/mueble4you.com\\\/\",\"name\":\"mueble4you\",\"description\":\"M\u00f6bel in Teneriffa\",\"potentialAction\":[{\"@type\":\"SearchAction\",\"target\":{\"@type\":\"EntryPoint\",\"urlTemplate\":\"https:\\\/\\\/mueble4you.com\\\/?s={search_term_string}\"},\"query-input\":{\"@type\":\"PropertyValueSpecification\",\"valueRequired\":true,\"valueName\":\"search_term_string\"}}],\"inLanguage\":\"de\"}]}<\/script>\n<!-- \/ Yoast SEO plugin. -->","yoast_head_json":{"title":"GAETA GARDEROBE | mueble4you","robots":{"index":"index","follow":"follow","max-snippet":"max-snippet:-1","max-image-preview":"max-image-preview:large","max-video-preview":"max-video-preview:-1"},"canonical":"https:\/\/mueble4you.com\/de\/productos\/gaeta-garderobe\/","og_locale":"de_DE","og_type":"article","og_title":"GAETA GARDEROBE | mueble4you","og_description":"GAETA-SCHRANK, IN SCHWARZ-WEI\u00dfER FARBE, ZEITGEN\u00d6SSISCHER STIL. AUS MINDI-HOLZ, KOMBINIERT MIT DM. Farbe: Schwarz\/Wei\u00df. Ma\u00dfe: L\u00e4nge: 110 cm. Breite: 50 cm. H\u00f6he: 220 cm. Material: Mindi-Holz, Dm-Holz. Anzahl der Regale: 4. H\u00f6he zwischen den Regalen: 108 x 44 x 38 cm. Ma\u00dfe der Beine: 9 x 9 x 45 cm.","og_url":"https:\/\/mueble4you.com\/de\/productos\/gaeta-garderobe\/","og_site_name":"mueble4you","article_modified_time":"2023-08-10T09:49:36+00:00","og_image":[{"width":1535,"height":1535,"url":"https:\/\/mueble4you.com\/wp-content\/uploads\/2023\/08\/GAETA-2.webp","type":"image\/webp"}],"twitter_card":"summary_large_image","schema":{"@context":"https:\/\/schema.org","@graph":[{"@type":"WebPage","@id":"https:\/\/mueble4you.com\/de\/productos\/gaeta-garderobe\/","url":"https:\/\/mueble4you.com\/de\/productos\/gaeta-garderobe\/","name":"GAETA GARDEROBE | mueble4you","isPartOf":{"@id":"https:\/\/mueble4you.com\/#website"},"primaryImageOfPage":{"@id":"https:\/\/mueble4you.com\/de\/productos\/gaeta-garderobe\/#primaryimage"},"image":{"@id":"https:\/\/mueble4you.com\/de\/productos\/gaeta-garderobe\/#primaryimage"},"thumbnailUrl":"https:\/\/mueble4you.com\/wp-content\/uploads\/2023\/08\/GAETA-2.webp","datePublished":"2023-08-10T09:22:23+00:00","dateModified":"2023-08-10T09:49:36+00:00","breadcrumb":{"@id":"https:\/\/mueble4you.com\/de\/productos\/gaeta-garderobe\/#breadcrumb"},"inLanguage":"de","potentialAction":[{"@type":"ReadAction","target":["https:\/\/mueble4you.com\/de\/productos\/gaeta-garderobe\/"]}]},{"@type":"ImageObject","inLanguage":"de","@id":"https:\/\/mueble4you.com\/de\/productos\/gaeta-garderobe\/#primaryimage","url":"https:\/\/mueble4you.com\/wp-content\/uploads\/2023\/08\/GAETA-2.webp","contentUrl":"https:\/\/mueble4you.com\/wp-content\/uploads\/2023\/08\/GAETA-2.webp","width":1535,"height":1535},{"@type":"BreadcrumbList","@id":"https:\/\/mueble4you.com\/de\/productos\/gaeta-garderobe\/#breadcrumb","itemListElement":[{"@type":"ListItem","position":1,"name":"Portada","item":"https:\/\/mueble4you.com\/de\/"},{"@type":"ListItem","position":2,"name":"Productos","item":"https:\/\/mueble4you.com\/productos\/"},{"@type":"ListItem","position":3,"name":"GAETA GARDEROBE"}]},{"@type":"WebSite","@id":"https:\/\/mueble4you.com\/#website","url":"https:\/\/mueble4you.com\/","name":"mueble4you","description":"M\u00f6bel in Teneriffa","potentialAction":[{"@type":"SearchAction","target":{"@type":"EntryPoint","urlTemplate":"https:\/\/mueble4you.com\/?s={search_term_string}"},"query-input":{"@type":"PropertyValueSpecification","valueRequired":true,"valueName":"search_term_string"}}],"inLanguage":"de"}]}},"_links":{"self":[{"href":"https:\/\/mueble4you.com\/de\/wp-json\/wp\/v2\/product\/65421","targetHints":{"allow":["GET"]}}],"collection":[{"href":"https:\/\/mueble4you.com\/de\/wp-json\/wp\/v2\/product"}],"about":[{"href":"https:\/\/mueble4you.com\/de\/wp-json\/wp\/v2\/types\/product"}],"wp:featuredmedia":[{"embeddable":true,"href":"https:\/\/mueble4you.com\/de\/wp-json\/wp\/v2\/media\/65402"}],"wp:attachment":[{"href":"https:\/\/mueble4you.com\/de\/wp-json\/wp\/v2\/media?parent=65421"}],"wp:term":[{"taxonomy":"product_brand","embeddable":true,"href":"https:\/\/mueble4you.com\/de\/wp-json\/wp\/v2\/product_brand?post=65421"},{"taxonomy":"product_cat","embeddable":true,"href":"https:\/\/mueble4you.com\/de\/wp-json\/wp\/v2\/product_cat?post=65421"},{"taxonomy":"product_tag","embeddable":true,"href":"https:\/\/mueble4you.com\/de\/wp-json\/wp\/v2\/product_tag?post=65421"}],"curies":[{"name":"wp","href":"https:\/\/api.w.org\/{rel}","templated":true}]}}